{"id":31,"date":"2020-05-18T14:27:22","date_gmt":"2020-05-18T12:27:22","guid":{"rendered":"https:\/\/stage.wikimedia.de\/2019\/?page_id=31"},"modified":"2020-06-29T12:41:42","modified_gmt":"2020-06-29T10:41:42","slug":"finanzen-uebersicht","status":"publish","type":"page","link":"https:\/\/www.wikimedia.de\/2019\/finanzen-uebersicht\/","title":{"rendered":"Finanzen"},"content":{"rendered":"\n<div style=\"height:60px\" aria-hidden=\"true\" class=\"wp-block-spacer\"><\/div>\n\n\n\n<div class=\"wp-block-columns is-layout-flex wp-container-core-columns-is-layout-9d6595d7 wp-block-columns-is-layout-flex\">\n<div class=\"wp-block-column is-layout-flow wp-block-column-is-layout-flow\"><div class=\"block-success-number\">\n\t<div class=\"callout base-blue-bg\" style=\"transform: rotate(-20deg);\">\n\t  <div class=\"content hand-1\">\n\t  \t<!-- wp:heading {\"level\":3} -->\n<h3>3 Nationalbibliotheken<\/h3>\n<!-- \/wp:heading -->\n\n<!-- wp:paragraph -->\n<p>(Library of Congress, Bibliotheque Nationale de France, Deutsche Nationalbibliothek)<\/p>\n<!-- \/wp:paragraph -->\n\n<!-- wp:heading {\"level\":3} -->\n<h3>nutzen Wikibase.<\/h3>\n<!-- \/wp:heading -->\n\n<!-- wp:paragraph -->\n<p><\/p>\n<!-- \/wp:paragraph -->\t  <\/div>\n\t<\/div>\n<\/div>\n<\/div>\n\n\n\n<div class=\"wp-block-column is-layout-flow wp-block-column-is-layout-flow\"><div class=\"block-success-number\">\n\t<div class=\"callout base-red-bg\" style=\"transform: rotate(13deg);\">\n\t  <div class=\"content hand-3\">\n\t  \t<!-- wp:paragraph -->\n<p><strong>1 <\/strong>eigenen <strong>Artikel <\/strong>konnte Wikimedia Deutschland<br><strong>in die EU-Richtlinie <\/strong>zum Urheberrecht im Digitalen Binnenmarkt erfolgreich <strong>einbringen.<\/strong><\/p>\n<!-- \/wp:paragraph -->\t  <\/div>\n\t<\/div>\n<\/div>\n<\/div>\n<\/div>\n\n\n<div class=\"block-success-number\">\n\t<div class=\"callout base-yellow-bg\" style=\"transform: rotate(3deg);\">\n\t  <div class=\"content hand-1\">\n\t  \t<!-- wp:heading {\"level\":3} -->\n<h3>Rund 80.000 <strong>Mitglieder<\/strong><\/h3>\n<!-- \/wp:heading -->\n\n<!-- wp:paragraph -->\n<p>engagieren sich gemeinsam mit uns f\u00fcr Freies Wissen (Stand: M\u00e4rz 2020, Vergleich Vorjahr:  70.000).<\/p>\n<!-- \/wp:paragraph -->\t  <\/div>\n\t<\/div>\n<\/div>\n\n\n\n<div style=\"height:60px\" aria-hidden=\"true\" class=\"wp-block-spacer\"><\/div>\n\n\n\n<h2 class=\"wp-block-heading\"><strong>Ertr\u00e4ge<\/strong><\/h2>\n\n\n\n<p>Nach Rechnungslegung ist die H\u00f6he der Ertr\u00e4ge 2019 auf 9,6 Millionen Euro gestiegen (zum Vergleich: im Vorjahr waren es 8,9 Mio. Euro). Sp\u00fcrbar gesteigert haben sich die Ertr\u00e4ge aus Mitgliedsbeitr\u00e4gen auf 3,6 Mio. Euro (Vorjahr: 3,2 Mio. Euro), da die Zahl der Mitglieder mit Stand vom 31. Dezember auf 73.658 (Vorjahr: 65.439) stieg. Die Spendenertr\u00e4ge sind auf 3,2 Mio. Euro (Vorjahr 1,1 Mio. Euro) gestiegen. Die \u00fcbrigen Erl\u00f6se sind auf 2,6 Mio. Euro (Vorjahr 4,5 Mio. Euro) gesunken.<\/p>\n\n\n\n<h2 class=\"wp-block-heading\">Aufwendungen<\/h2>\n\n\n\n<p>Die H\u00f6he der Aufwendungen 2019 stieg auf 9,6 Mio. Euro (Vorjahr 8,9 Mio. Euro). Steigerungen gab es bei den Personalaufwendungen in H\u00f6he von 5,3 Mio. Euro (Vorjahr: 4,4 Mio. Euro), w\u00e4hrend bei den betrieblichen Aufwendungen ein R\u00fcckgang auf 4,1 Mio. Euro (Vorjahr 4,4 Mio. Euro) zu verzeichnen ist. Ohne die als Sonderfaktor zu betrachtenden Aufwendungen im Zusammenhang mit einer in 2018 erfolgswirksam verbuchten Erbschaft von 0,8 Mio. Euro im Vorjahr sind die betrieblichen Aufwendungen gestiegen.<\/p>\n\n\n\n<p>Aus der \u00dcbersicht \u201eMittelverwendung\u201c wird die inhaltliche Verwendung der Mittel genauer ersichtlich.<\/p>\n\n\n\n<div class=\"wp-block-buttons is-layout-flex wp-block-buttons-is-layout-flex\">\n<div class=\"wp-block-button\"><a class=\"wp-block-button__link\" href=\"https:\/\/www.wikimedia.de\/2019\/finanzen\/mittelvwerwendung\/\">zur Mittelverwendung<\/a><\/div>\n<\/div>\n\n\n<div class=\"block-success-number\">\n\t<div class=\"callout base-red-bg\" style=\"transform: rotate(10deg);\">\n\t  <div class=\"content hand-1\">\n\t  \t<!-- wp:paragraph -->\n<p>Rund <strong>1000 neue<\/strong>, frei verf\u00fcgbare <strong>Bilder der Parkanlage Sanssouci<\/strong> entstanden durch die KulTour in Potsdam\/Grunewald.<\/p>\n<!-- \/wp:paragraph -->\t  <\/div>\n\t<\/div>\n<\/div>\n\n\n\n<div style=\"height:100px\" aria-hidden=\"true\" class=\"wp-block-spacer\"><\/div>\n\n\n\n<h2 class=\"wp-block-heading\">Noch nicht verbrauchte Spendenmittel \/ R\u00fccklagen<\/h2>\n\n\n\n<p>Wikimedia Deutschland wendet als Rechnungslegungsstandard HFA 21 an. Eine Besonderheit dieses Standards ist, dass Ertr\u00e4ge aus Spenden erst zum Zeitpunkt der Verausgabung der Spenden erfolgswirksam verbucht werden. Daher ist die Position \u201enoch nicht verbrauchte Spendenmittel\u201c auf der Passivseite der Bilanz ein wichtiger Ma\u00dfstab zur Beurteilung der Finanzsituation von Wikimedia Deutschland. Dieser Betrag ist auf 7,8 Mio. Euro (Vorjahr: 7,3 Mio. Euro) gestiegen. Die Summe wird in voller H\u00f6he als steuerliche R\u00fccklage nach \u00a762 AO ausgewiesen.<\/p>\n\n\n\n<h2 class=\"wp-block-heading\">Gemeinn\u00fctzige Wikimedia<br>F\u00f6rdergesellschaft mbH (WMFG)<\/h2>\n\n\n\n<p>Der Verein hat eine 100%-ige Tochter, deren ausschlie\u00dflicher Zweck die Beschaffung von Spendengeldern zur Weiterleitung ist. Die Gemeinn\u00fctzige Wikimedia F\u00f6rdergesellschaft schlie\u00dft das Jahr 2019 wie folgt ab: Der Spendenertrag stieg leicht auf 11,0 Mio. Euro (Vorjahr: 10,9 Mio. Euro). Die Personal- und Sachaufwendungen stiegen auf 1,1 Mio. Euro (Vorjahr: 0,8 Mio. Euro). Damit konnten 7,8 Mio. Euro (Vorjahr: 8,5 Mio. Euro) an die Wikimedia Foundation in den USA und 2,4 Mio. Euro (Vorjahr: 2,4 Mio. Euro) an den Verein in Deutschland weitergeleitet werden. Noch nicht verbrauchte Spendenmittel in H\u00f6he von 0,7 Mio. Euro stehen der Gesellschaft im Folgejahr zur Verf\u00fcgung.<\/p>\n\n\n\n<div style=\"height:60px\" aria-hidden=\"true\" class=\"wp-block-spacer\"><\/div>\n\n\n<div class=\"block-success-number\">\n\t<div class=\"callout base-green-bg\" style=\"transform: rotate(10deg);\">\n\t  <div class=\"content hand-1\">\n\t  \t<!-- wp:heading {\"level\":3} -->\n<h3>1515 Menschen<\/h3>\n<!-- \/wp:heading -->\n\n<!-- wp:paragraph -->\n<p>haben 2019 an der Umfrage zu Technischen W\u00fcnschen teilgenommen.<\/p>\n<!-- \/wp:paragraph -->\t  <\/div>\n\t<\/div>\n<\/div>\n\n\n\n<div style=\"height:60px\" aria-hidden=\"true\" class=\"wp-block-spacer\"><\/div>\n\n\n\n<h2 class=\"wp-block-heading\">Mittelverwendung<\/h2>\n\n\n\n<p>Wikimedia Deutschland ist wie viele Spenden sammelnde Organisationen bem\u00fcht, dass m\u00f6glichst viel Geld der inhaltlichen Arbeit zugute kommt und m\u00f6glichst wenig Kosten f\u00fcr allgemeine \u00d6ffentlichkeitsarbeit, Werbung und Verwaltung anfallen. Gleichwohl sind letztere notwendig und sinnvoll, da sie die Mittelverwendung organisieren sowie Rechenschaft und damit Transparenz erm\u00f6glichen. Die Kosten f\u00fcr allgemeine \u00d6ffentlichkeitsarbeit und Werbung von Wikimedia Deutschland und Gemeinn\u00fctziger Wikimedia F\u00f6rdergesellschaft betrugen 2,0 Mio. Euro im Jahr 2019 (Vorjahr 1,6 Mio. Euro). Die Verwaltungskosten betrugen 1,9 Mio. Euro (Vorjahr 2,0 Mio. Euro unter Ber\u00fccksichtigung der als Sonderfaktor zu betrachtenden Aufwendungen f\u00fcr die bereits erw\u00e4hnte Erbschaft). Bei dieser Betrachtungsweise lag der Anteil von Verwaltungskosten und Kosten f\u00fcr Werbung und Allgemeine \u00d6ffentlichkeitsarbeit beider Gesellschaften 2019 bei 21,2 Prozent (Vorjahr 20,4 Prozent).<\/p>\n\n\n\n<h2 class=\"wp-block-heading\">Wirtschaftspr\u00fcfung<\/h2>\n\n\n\n<p>Wikimedia Deutschland l\u00e4sst interne Abl\u00e4ufe, die Spendenverteilung sowie die Verm\u00f6gens-, Ertrags-, und Finanzlage freiwillig pr\u00fcfen. Die Pr\u00fcfung des Wikimedia Deutschland &#8211; Gesellschaft zur F\u00f6rderung Freien Wissens e. V. und der Gemeinn\u00fctzigen Wikimedia F\u00f6rdergesellschaft mbH erfolgte durch die Curacon GmbH Wirtschaftspr\u00fcfungsgesellschaft und wurde im Dezember 2019 und M\u00e4rz\/April 2020 durchgef\u00fchrt. Es wurde ein uneingeschr\u00e4nkter Best\u00e4tigungsvermerk erteilt. Demnach wurde die Buchf\u00fchrung <a href=\"https:\/\/commons.wikimedia.org\/wiki\/File:Best%C3%A4tigungsvermerk_WMDE_2019.pdf\" target=\"_blank\" rel=\"noreferrer noopener\">des Vereins<\/a> und <a href=\"https:\/\/commons.wikimedia.org\/wiki\/File:Best%C3%A4tigungsvermerk_WMFG_2019.pdf\" target=\"_blank\" rel=\"noreferrer noopener\">der Gesellschaft<\/a> vollst\u00e4ndig und gewissenhaft vorgenommen und die Pr\u00fcfung hat insgesamt zu keinerlei Einw\u00e4nden gef\u00fchrt.<\/p>\n","protected":false},"excerpt":{"rendered":"<p>Ertr\u00e4ge Nach Rechnungslegung ist die H\u00f6he der Ertr\u00e4ge 2019 auf 9,6 Millionen Euro gestiegen (zum Vergleich: im Vorjahr waren es 8,9 Mio. Euro). Sp\u00fcrbar gesteigert haben sich die Ertr\u00e4ge aus Mitgliedsbeitr\u00e4gen auf 3,6 Mio. Euro (Vorjahr: 3,2 Mio. Euro), da die Zahl der Mitglieder mit Stand vom 31. Dezember auf 73.658 (Vorjahr: 65.439) stieg. Die [&hellip;]<\/p>\n","protected":false},"author":1,"featured_media":186,"parent":0,"menu_order":0,"comment_status":"closed","ping_status":"closed","template":"archive-finanzen.php","meta":{"_acf_changed":false,"footnotes":""},"class_list":["post-31","page","type-page","status-publish","has-post-thumbnail","hentry"],"acf":[],"lang":"de","translations":{"de":31,"en":398},"pll_sync_post":[],"_links":{"self":[{"href":"https:\/\/www.wikimedia.de\/2019\/wp-json\/wp\/v2\/pages\/31","targetHints":{"allow":["GET"]}}],"collection":[{"href":"https:\/\/www.wikimedia.de\/2019\/wp-json\/wp\/v2\/pages"}],"about":[{"href":"https:\/\/www.wikimedia.de\/2019\/wp-json\/wp\/v2\/types\/page"}],"author":[{"embeddable":true,"href":"https:\/\/www.wikimedia.de\/2019\/wp-json\/wp\/v2\/users\/1"}],"replies":[{"embeddable":true,"href":"https:\/\/www.wikimedia.de\/2019\/wp-json\/wp\/v2\/comments?post=31"}],"version-history":[{"count":40,"href":"https:\/\/www.wikimedia.de\/2019\/wp-json\/wp\/v2\/pages\/31\/revisions"}],"predecessor-version":[{"id":443,"href":"https:\/\/www.wikimedia.de\/2019\/wp-json\/wp\/v2\/pages\/31\/revisions\/443"}],"wp:featuredmedia":[{"embeddable":true,"href":"https:\/\/www.wikimedia.de\/2019\/wp-json\/wp\/v2\/media\/186"}],"wp:attachment":[{"href":"https:\/\/www.wikimedia.de\/2019\/wp-json\/wp\/v2\/media?parent=31"}],"curies":[{"name":"wp","href":"https:\/\/api.w.org\/{rel}","templated":true}]}}