{"id":398,"date":"2020-06-11T14:15:24","date_gmt":"2020-06-11T12:15:24","guid":{"rendered":"https:\/\/stage.wikimedia.de\/2019\/?page_id=398"},"modified":"2020-06-29T12:43:34","modified_gmt":"2020-06-29T10:43:34","slug":"finances","status":"publish","type":"page","link":"https:\/\/www.wikimedia.de\/2019\/en\/finances\/","title":{"rendered":"Finances"},"content":{"rendered":"\n<div style=\"height:60px\" aria-hidden=\"true\" class=\"wp-block-spacer\"><\/div>\n\n\n\n<div class=\"wp-block-columns is-layout-flex wp-container-core-columns-is-layout-9d6595d7 wp-block-columns-is-layout-flex\">\n<div class=\"wp-block-column is-layout-flow wp-block-column-is-layout-flow\"><div class=\"block-success-number\">\n\t<div class=\"callout base-blue-bg\" style=\"transform: rotate(-20deg);\">\n\t  <div class=\"content hand-1\">\n\t  \t<!-- wp:heading {\"level\":3} -->\n<h3>3 Nationalbibliotheken<\/h3>\n<!-- \/wp:heading -->\n\n<!-- wp:paragraph -->\n<p>(Library of Congress, Bibliotheque Nationale de France, Deutsche Nationalbibliothek)<\/p>\n<!-- \/wp:paragraph -->\n\n<!-- wp:heading {\"level\":3} -->\n<h3>nutzen Wikibase.<\/h3>\n<!-- \/wp:heading -->\n\n<!-- wp:paragraph -->\n<p><\/p>\n<!-- \/wp:paragraph -->\t  <\/div>\n\t<\/div>\n<\/div>\n<\/div>\n\n\n\n<div class=\"wp-block-column is-layout-flow wp-block-column-is-layout-flow\"><div class=\"block-success-number\">\n\t<div class=\"callout base-red-bg\" style=\"transform: rotate(13deg);\">\n\t  <div class=\"content hand-2\">\n\t  \t<!-- wp:paragraph -->\n<p><strong>1 <\/strong>eigenen <strong>Artikel <\/strong>konnte Wikimedia Deutschland<br><strong>in die EU-Richtlinie <\/strong>zum Urheberrecht im Digitalen Binnenmarkt erfolgreich <strong>einbringen.<\/strong><\/p>\n<!-- \/wp:paragraph -->\t  <\/div>\n\t<\/div>\n<\/div>\n<\/div>\n<\/div>\n\n\n<div class=\"block-success-number\">\n\t<div class=\"callout base-yellow-bg\" style=\"transform: rotate(3deg);\">\n\t  <div class=\"content hand-3\">\n\t  \t<!-- wp:heading {\"level\":3} -->\n<h3>Rund 80.000 <strong>Mitglieder<\/strong><\/h3>\n<!-- \/wp:heading -->\n\n<!-- wp:paragraph -->\n<p>engagieren sich gemeinsam mit uns f\u00fcr Freies Wissen (Stand: M\u00e4rz 2020, Vergleich Vorjahr:  70.000).<\/p>\n<!-- \/wp:paragraph -->\t  <\/div>\n\t<\/div>\n<\/div>\n\n\n\n<div style=\"height:60px\" aria-hidden=\"true\" class=\"wp-block-spacer\"><\/div>\n\n\n\n<h2 class=\"wp-block-heading\"><strong><strong>Revenues<\/strong><\/strong><\/h2>\n\n\n\n<p>According to accounting, revenues of 2019 increased to EUR 9.6 million (compared to EUR 8.9 million in the previous year). Revenues from membership fees increased significantly to EUR 3.6 million (previous year: EUR 3.2 million), as the number of members rose to 73,658 as of December 31 (previous year: 65,439). The total revenue of donations increased to EUR 3.2 million (previous year: EUR 1.1 million). Other revenues dropped to EUR 2.6 million (previous year: EUR 4.5 million).<\/p>\n\n\n\n<h2 class=\"wp-block-heading\"><strong>Expenditures<\/strong><\/h2>\n\n\n\n<p>In 2019, expenditures increased to EUR 9.6 million (previous year: EUR 8.9 million). Personnel expenditures increased to EUR 5.3 million (previous year: EUR 4.4 million), while operational expenditures dropped to EUR 4.1 million (previous year: EUR 4.4 million). Discounting the expenditures of EUR 0.8 million in the previous year (to be regarded as an extraordinary item) relating to an inheritance posted in 2018, operational expenditures increased.<\/p>\n\n\n\n<p>The summary \u201cUse of Funds\u201d of this report provides a more detailed account of the actual use of funds.<\/p>\n\n\n\n<div class=\"wp-block-buttons is-layout-flex wp-block-buttons-is-layout-flex\">\n<div class=\"wp-block-button\"><a class=\"wp-block-button__link\" href=\"https:\/\/www.wikimedia.de\/2019\/en\/finanzen\/use-of-funds\/\">use of funds<\/a><\/div>\n<\/div>\n\n\n<div class=\"block-success-number\">\n\t<div class=\"callout base-red-bg\" style=\"transform: rotate(10deg);\">\n\t  <div class=\"content hand-3\">\n\t  \t<!-- wp:paragraph -->\n<p>Rund <strong>1000 neue<\/strong>, frei verf\u00fcgbare <strong>Bilder der Parkanlage Sanssouci<\/strong> entstanden durch die KulTour in Potsdam\/Grunewald.<\/p>\n<!-- \/wp:paragraph -->\t  <\/div>\n\t<\/div>\n<\/div>\n\n\n\n<div style=\"height:100px\" aria-hidden=\"true\" class=\"wp-block-spacer\"><\/div>\n\n\n\n<h2 class=\"wp-block-heading\"><strong>Unused Donations \/ Reserves<\/strong><\/h2>\n\n\n\n<p>Wikimedia Deutschland applies the HFA 21 accounting standard. A unique feature of this standard is that revenue from donations is only posted at the time of the donation\u2019s disbursement. For this reason, the item \u201cUnused Donations\u201d posted under liabilites on the balance sheet is an important benchmark for assessing the financial situation of Wikimedia Deutschland. This amount increased to EUR 7.8 million (previous year: EUR 7.3 million). The total is shown in full as a tax reserve in accordance with \u00a762 AO of the German Fiscal Code.<\/p>\n\n\n\n<h2 class=\"wp-block-heading\">Gemeinn\u00fctzige Wikimedia<br>F\u00f6rdergesellschaft mbH (WMFG)<\/h2>\n\n\n\n<p>The organization has a wholly owned subsidiary with the sole purpose of generating donations as forwarding funds. The 2019 balance sheet of Gemeinn\u00fctzige Wikimedia F\u00f6rdergesellschaft mbH (WMFG) reads as follows: donation revenue increased slightly to EUR 11.0 million (previous year: EUR 10.9 million). Personnel expenditures and material expenditures increased to EUR 1.1 million (previous year: EUR 0.8 million). As a result, EUR 7.8 million (previous year: EUR 8.5 million) were forwarded to the Wikimedia Foundation in the USA and EUR 2.4 million (previous year: EUR 2.4 million) were forwarded to the organization in Germany. Unused donations amounted to EUR 0.7 million; this amount will available to the organization in the following year.<\/p>\n\n\n\n<div style=\"height:60px\" aria-hidden=\"true\" class=\"wp-block-spacer\"><\/div>\n\n\n<div class=\"block-success-number\">\n\t<div class=\"callout base-green-bg\" style=\"transform: rotate(10deg);\">\n\t  <div class=\"content hand-3\">\n\t  \t<!-- wp:heading {\"level\":3} -->\n<h3>1515 Menschen<\/h3>\n<!-- \/wp:heading -->\n\n<!-- wp:paragraph -->\n<p>haben 2019 an der Umfrage zu Technischen W\u00fcnschen teilgenommen.<\/p>\n<!-- \/wp:paragraph -->\t  <\/div>\n\t<\/div>\n<\/div>\n\n\n\n<div style=\"height:60px\" aria-hidden=\"true\" class=\"wp-block-spacer\"><\/div>\n\n\n\n<h2 class=\"wp-block-heading\"><strong>Use of Funds<\/strong><\/h2>\n\n\n\n<p>Wikimedia Deutschland, like many fundraising organizations, strives to ensure that funds are maximized to benefit substantive work and that costs for project-related expenses such as activities in the fields of public relations, advertising and administration are minimized. However, the latter are necessary and meaningful as they help organize the use of funds as well as provide accountability and transparency. The expenses for activities relating to public relations and advertising of Wikimedia Deutschland and Gemeinn\u00fctzige Wikimedia F\u00f6rdergesellschaft amounted to EUR 2.0 million in 2019 (previous year: EUR 1.6 million). The administrative expenses amounted to EUR 1.9 million (previous year: EUR 2.0 million after deducing the expenses for the aforementioned inheritance which are regarded as an extraordinary item). Taking this into account, the overall share of costs for activities relating to administration, advertising and public relations of both organizations amounted to 21.2% in 2019 (previous year: 20.4%).<\/p>\n\n\n\n<h2 class=\"wp-block-heading\"><strong>Auditing<\/strong><\/h2>\n\n\n\n<p>Wikimedia Deutschland voluntarily allows audits of internal processes, the allocation of donations as well as assets, earnings and overall financesW. The audit of Wikimedia Deutschland \u2013 Gesellschaft zur F\u00f6rderung Freien Wissens e. V. and Gemeinn\u00fctzige Wikimedia F\u00f6rdergesellschaft mbH was conducted in December 2019 and March\/April 2020 by Curacon GmbH Wirtschaftspr\u00fcfungsgesellschaft. An unqualified audit certificate was issued. According to the audit, the accounts of both <a rel=\"noreferrer noopener\" href=\"https:\/\/commons.wikimedia.org\/wiki\/File:Audit_WMDE_2019.pdf\" target=\"_blank\">the organization<\/a> and <a href=\"https:\/\/commons.wikimedia.org\/wiki\/File:Audit_WMFG_2019.pdf\" target=\"_blank\" rel=\"noreferrer noopener\">the F\u00f6rdergesellschaft <\/a>were kept properly and with due diligence; the audit did not lead to any objections.<\/p>\n","protected":false},"excerpt":{"rendered":"<p>Revenues According to accounting, revenues of 2019 increased to EUR 9.6 million (compared to EUR 8.9 million in the previous year). Revenues from membership fees increased significantly to EUR 3.6 million (previous year: EUR 3.2 million), as the number of members rose to 73,658 as of December 31 (previous year: 65,439). The total revenue of [&hellip;]<\/p>\n","protected":false},"author":2,"featured_media":399,"parent":0,"menu_order":0,"comment_status":"closed","ping_status":"closed","template":"archive-finanzen.php","meta":{"_acf_changed":false,"footnotes":""},"class_list":["post-398","page","type-page","status-publish","has-post-thumbnail","hentry"],"acf":[],"lang":"en","translations":{"en":398,"de":31},"pll_sync_post":[],"_links":{"self":[{"href":"https:\/\/www.wikimedia.de\/2019\/wp-json\/wp\/v2\/pages\/398","targetHints":{"allow":["GET"]}}],"collection":[{"href":"https:\/\/www.wikimedia.de\/2019\/wp-json\/wp\/v2\/pages"}],"about":[{"href":"https:\/\/www.wikimedia.de\/2019\/wp-json\/wp\/v2\/types\/page"}],"author":[{"embeddable":true,"href":"https:\/\/www.wikimedia.de\/2019\/wp-json\/wp\/v2\/users\/2"}],"replies":[{"embeddable":true,"href":"https:\/\/www.wikimedia.de\/2019\/wp-json\/wp\/v2\/comments?post=398"}],"version-history":[{"count":6,"href":"https:\/\/www.wikimedia.de\/2019\/wp-json\/wp\/v2\/pages\/398\/revisions"}],"predecessor-version":[{"id":444,"href":"https:\/\/www.wikimedia.de\/2019\/wp-json\/wp\/v2\/pages\/398\/revisions\/444"}],"wp:featuredmedia":[{"embeddable":true,"href":"https:\/\/www.wikimedia.de\/2019\/wp-json\/wp\/v2\/media\/399"}],"wp:attachment":[{"href":"https:\/\/www.wikimedia.de\/2019\/wp-json\/wp\/v2\/media?parent=398"}],"curies":[{"name":"wp","href":"https:\/\/api.w.org\/{rel}","templated":true}]}}