{"id":31,"date":"2020-05-18T14:27:22","date_gmt":"2020-05-18T12:27:22","guid":{"rendered":"https:\/\/stage.wikimedia.de\/2020\/?page_id=31"},"modified":"2021-06-18T14:21:40","modified_gmt":"2021-06-18T12:21:40","slug":"finanzen-uebersicht","status":"publish","type":"page","link":"https:\/\/www.wikimedia.de\/2020\/finanzen-uebersicht\/","title":{"rendered":"Finanzen"},"content":{"rendered":"\n<div style=\"height:60px\" aria-hidden=\"true\" class=\"wp-block-spacer\"><\/div>\n\n\n\n<div class=\"wp-block-columns is-layout-flex wp-container-core-columns-is-layout-9d6595d7 wp-block-columns-is-layout-flex\">\n<div class=\"wp-block-column is-layout-flow wp-block-column-is-layout-flow\"><div class=\"block-success-number\">\n    <div class=\"callout base-green-bg\" style=\"transform: rotate(-20deg);\">\n        <div class=\"content\">\n            <!-- wp:heading {\"level\":3} -->\n<h3>5 Projektteams wurden in der ersten Runde des Wikimedia Accelerator-Programms \u201cUnlock\u201d gef\u00f6rdert.<\/h3>\n<!-- \/wp:heading -->        <\/div>\n    <\/div>\n<\/div>\n<\/div>\n\n\n\n<div class=\"wp-block-column is-layout-flow wp-block-column-is-layout-flow\"><div class=\"block-success-number\">\n    <div class=\"callout base-violet-bg\" style=\"transform: rotate(13deg);\">\n        <div class=\"content\">\n            <!-- wp:heading {\"level\":3} -->\n<h3>5 Jahre lang hat Wikimedia Deutschland mit Partnern das Fellow-Programm Freies Wissen durchgef\u00fchrt und dabei 90 Nachwuchswissenschaftler*innen gef\u00f6rdert und offene Wissenschaft gest\u00e4rkt.<\/h3>\n<!-- \/wp:heading -->\n\n<!-- wp:paragraph -->\n<p><\/p>\n<!-- \/wp:paragraph -->        <\/div>\n    <\/div>\n<\/div>\n<\/div>\n<\/div>\n\n\n<div class=\"block-success-number\">\n    <div class=\"callout base-yellow-bg\" style=\"transform: rotate(3deg);\">\n        <div class=\"content\">\n            <!-- wp:heading {\"level\":3} -->\n<h3>Rund 90.000 <strong>Mitglieder<\/strong> engagieren sich gemeinsam mit uns f\u00fcr Freies Wissen (Stand: M\u00e4rz 2021, Vergleich Vorjahr: 80.000).<\/h3>\n<!-- \/wp:heading -->\n\n<!-- wp:paragraph -->\n<p><\/p>\n<!-- \/wp:paragraph -->        <\/div>\n    <\/div>\n<\/div>\n\n\n\n<div style=\"height:60px\" aria-hidden=\"true\" class=\"wp-block-spacer\"><\/div>\n\n\n\n<h2 class=\"wp-block-heading\"><strong>Ertr\u00e4ge<\/strong><\/h2>\n\n\n\n<p>Nach Rechnungslegung ist die H\u00f6he der Ertr\u00e4ge 2020 auf 10,6 Millionen Euro gestiegen (zum Vergleich: im Vorjahr waren es 9,6 Mio. Euro). Sp\u00fcrbar gesteigert haben sich die Ertr\u00e4ge aus Mitgliedsbeitr\u00e4gen auf 4,0 Mio. Euro (Vorjahr: 3,6 Mio. Euro), da die Zahl der Mitglieder mit Stand vom 31. Dezember auf 80.291 (Vorjahr: 73.658) stieg. Die Spendenertr\u00e4ge sind zwar nominal auf 3,0 Mio. Euro (Vorjahr: 3,2 Mio. Euro) zur\u00fcckgegangen. Allerdings werden auf Grund des Rechnungslegungsstandard HFA 21 nur Spenden als Ertrag gebucht, die verausgabt wurden. Die \u00fcbrigen Erl\u00f6se sind deutlich auf 3,4 Mio. Euro (Vorjahr: 2,6 Mio. Euro) gestiegen. Die wesentlichen Ursachen sind eine h\u00f6here F\u00f6rderung durch die Wikimedia Foundation sowie der Erhalt einer Erbschaft in H\u00f6he von 0,2 Mio. Euro.<\/p>\n\n\n\n<h2 class=\"wp-block-heading\">Aufwendungen<\/h2>\n\n\n\n<p>Die H\u00f6he der Aufwendungen 2020 stieg auf 10,6 Mio. Euro (Vorjahr: 9,6 Mio. Euro). Steigerungen gab es bei den Personalaufwendungen in H\u00f6he von 6,4 Mio. Euro (Vorjahr: 5,3 Mio. Euro), w\u00e4hrend bei den betrieblichen Aufwendungen ein R\u00fcckgang auf 4,0 Mio. Euro (Vorjahr: 4,1 Mio. Euro) zu verzeichnen ist. Der R\u00fcckgang liegt daran, dass der Wikimedia Summit 2020, der Tag des Freien Wissens und die WikiCon aufgrund der Coronapandemie nicht stattfinden konnten und die entsprechenden Aufwendungen ausblieben.<\/p>\n\n\n\n<p>Aus der \u00dcbersicht \u201eMittelverwendung\u201c wird die inhaltliche Verwendung der Mittel genauer ersichtlich.<\/p>\n\n\n\n<div class=\"wp-block-buttons is-layout-flex wp-block-buttons-is-layout-flex\">\n<div class=\"wp-block-button\"><a class=\"wp-block-button__link\" href=\"https:\/\/www.wikimedia.de\/2020\/finanzen\/mittelvwerwendung\/\">zur Mittelverwendung<\/a><\/div>\n<\/div>\n\n\n<div class=\"block-success-number\">\n    <div class=\"callout base-red-bg\" style=\"transform: rotate(10deg);\">\n        <div class=\"content\">\n            <!-- wp:heading {\"level\":3} -->\n<h3>340.000 Bilder haben Ehrenamtliche Fotograf*innen 2020 weltweit innerhalb der Fotowettbewerbe Wiki Loves Earth und Wiki Loves Monuments ins freie Medienarchiv Wikimedia Commons hochgeladen.<\/h3>\n<!-- \/wp:heading -->\n\n<!-- wp:paragraph -->\n<p><\/p>\n<!-- \/wp:paragraph -->        <\/div>\n    <\/div>\n<\/div>\n\n\n\n<div style=\"height:100px\" aria-hidden=\"true\" class=\"wp-block-spacer\"><\/div>\n\n\n\n<h2 class=\"wp-block-heading\">Noch nicht verbrauchte Spendenmittel \/ R\u00fccklagen<\/h2>\n\n\n\n<p>Wikimedia Deutschland wendet als Rechnungslegungsstandard HFA 21 an. Eine Besonderheit dieses Standards ist, dass Ertr\u00e4ge aus Spenden erst zum Zeitpunkt der Verausgabung der Spenden erfolgswirksam verbucht werden. Daher ist die Position \u201enoch nicht verbrauchte Spendenmittel\u201c auf der Passivseite der Bilanz ein wichtiger Ma\u00dfstab zur Beurteilung der Finanzsituation von Wikimedia Deutschland. Dieser Betrag ist auf 8,8 Mio. Euro (Vorjahr: 7,8 Mio. Euro) gestiegen. Die Summe wird in voller H\u00f6he als steuerliche R\u00fccklage nach \u00a762 AO ausgewiesen.<\/p>\n\n\n\n<h2 class=\"wp-block-heading\">Gemeinn\u00fctzige Wikimedia<br>F\u00f6rdergesellschaft mbH (WMFG)<\/h2>\n\n\n\n<p>Der Verein hat eine 100%-ige Tochter, deren ausschlie\u00dflicher Zweck die Beschaffung von Spendengeldern zur Weiterleitung ist. Die Gemeinn\u00fctzige Wikimedia F\u00f6rdergesellschaft schlie\u00dft das Jahr 2020 wie folgt ab: Der Spendenertrag stieg auf 11,9 Mio. Euro (Vorjahr: 11,0. Mio. Euro). Die Personal- und Sachaufwendungen stiegen auf 1,4 Mio. Euro (Vorjahr: 1,1 Mio. Euro). Damit konnten 8,7 Mio. Euro (Vorjahr: 7,8 Mio. Euro) an die Wikimedia Foundation in den USA und 1,8 Mio. Euro (Vorjahr: 2,4 Mio. Euro) an den Verein in Deutschland weitergeleitet werden. Noch nicht verbrauchte Spendenmittel in H\u00f6he von 0,8 Mio. Euro (Vorjahr: 0,7 Mio. Euro) stehen der Gesellschaft im Folgejahr zur Verf\u00fcgung.<\/p>\n\n\n\n<div style=\"height:60px\" aria-hidden=\"true\" class=\"wp-block-spacer\"><\/div>\n\n\n<div class=\"block-success-number\">\n    <div class=\"callout base-red-bg\" style=\"transform: rotate(10deg);\">\n        <div class=\"content\">\n            <!-- wp:heading {\"level\":3} -->\n<h3>Ein Bundesverdienstkreuz ging an den Wikipedia-Aktiven Bernd Schwabe.<\/h3>\n<!-- \/wp:heading -->\n\n<!-- wp:paragraph -->\n<p><\/p>\n<!-- \/wp:paragraph -->        <\/div>\n    <\/div>\n<\/div>\n\n\n\n<div style=\"height:60px\" aria-hidden=\"true\" class=\"wp-block-spacer\"><\/div>\n\n\n\n<h2 class=\"wp-block-heading\">Mittelverwendung<\/h2>\n\n\n\n<p>Wikimedia Deutschland ist wie viele Spenden sammelnde Organisationen bem\u00fcht, dass m\u00f6glichst viel Geld der inhaltlichen Arbeit zugute kommt und m\u00f6glichst wenig Kosten f\u00fcr allgemeine \u00d6ffentlichkeitsarbeit, Werbung und Verwaltung anfallen. Gleichwohl sind letztere notwendig und sinnvoll, da sie die Mittelverwendung organisieren sowie Rechenschaft und damit Transparenz erm\u00f6glichen. Die Kosten f\u00fcr allgemeine \u00d6ffentlichkeitsarbeit und Werbung von Wikimedia Deutschland und Gemeinn\u00fctziger Wikimedia F\u00f6rdergesellschaft betrugen 2,4 Mio. Euro im Jahr 2020 (Vorjahr: 2,0 Mio. Euro). Die Verwaltungskosten betrugen 2,4 Mio. Euro (Vorjahr: 1,9 Mio. Euro). Bei dieser Betrachtungsweise lag der Anteil von Verwaltungskosten und Kosten f\u00fcr Werbung und Allgemeine \u00d6ffentlichkeitsarbeit beider Gesellschaften 2020 bei 23,4 Prozent (Vorjahr: 21,2 Prozent). W\u00e4hrend die Aufwendungen von Verwaltungskosten und Kosten f\u00fcr Werbung und Allgemeine \u00d6ffentlichkeitsarbeit im Plan lagen, wuchsen aufgrund der Coronapandemie die programmatischen Aufwendungen nicht im geplanten Ma\u00dfstab, und damit zu Lasten der Quote f\u00fcr Verwaltungskosten und Kosten f\u00fcr Werbung und Allgemeine \u00d6ffentlichkeitsarbeit.<\/p>\n\n\n\n<h2 class=\"wp-block-heading\">Wirtschaftspr\u00fcfung<\/h2>\n\n\n\n<p>Wikimedia Deutschland l\u00e4sst die Verm\u00f6gens-, Ertrags-, und Finanzlage sowie interne Abl\u00e4ufe freiwillig pr\u00fcfen. Die Pr\u00fcfung des Wikimedia Deutschland &#8211; Gesellschaft zur F\u00f6rderung Freien Wissens e. V. und der Gemeinn\u00fctzigen Wikimedia F\u00f6rdergesellschaft mbH erfolgte durch die Curacon GmbH Wirtschaftspr\u00fcfungsgesellschaft und wurde im Dezember 2020 und M\u00e4rz 2021 durchgef\u00fchrt. Es wurde ein uneingeschr\u00e4nkter Best\u00e4tigungsvermerk erteilt. Demnach vermitteln die Jahresabschl\u00fcsse <a href=\"https:\/\/commons.wikimedia.org\/wiki\/File:Best%C3%A4tigungsvermerk_WMDE_2020.pdf\" target=\"_blank\" rel=\"noreferrer noopener\">des Vereins<\/a> und <a href=\"https:\/\/commons.wikimedia.org\/wiki\/File:Best%C3%A4tigungsvermerk_WMFG_2020.pdf\" target=\"_blank\" rel=\"noreferrer noopener\">der Gesellschaft <\/a>unter Beachtung der Grunds\u00e4tze ordnungsm\u00e4\u00dfiger Buchf\u00fchrung ein den tats\u00e4chlichen Verh\u00e4ltnissen entsprechendes Bild der Verm\u00f6gens-, Finanz- und Ertragslage. Einwendungen gegen die Ordnungsm\u00e4\u00dfigkeit der Jahresabschl\u00fcsse haben sich nicht ergeben.<\/p>\n","protected":false},"excerpt":{"rendered":"<p>Ertr\u00e4ge Nach Rechnungslegung ist die H\u00f6he der Ertr\u00e4ge 2020 auf 10,6 Millionen Euro gestiegen (zum Vergleich: im Vorjahr waren es 9,6 Mio. Euro). Sp\u00fcrbar gesteigert haben sich die Ertr\u00e4ge aus Mitgliedsbeitr\u00e4gen auf 4,0 Mio. Euro (Vorjahr: 3,6 Mio. Euro), da die Zahl der Mitglieder mit Stand vom 31. Dezember auf 80.291 (Vorjahr: 73.658) stieg. Die [&hellip;]<\/p>\n","protected":false},"author":1,"featured_media":778,"parent":0,"menu_order":0,"comment_status":"closed","ping_status":"closed","template":"archive-finanzen.php","meta":{"_acf_changed":false,"footnotes":""},"class_list":["post-31","page","type-page","status-publish","has-post-thumbnail","hentry"],"acf":[],"lang":"de","translations":{"de":31,"en":398},"pll_sync_post":[],"_links":{"self":[{"href":"https:\/\/www.wikimedia.de\/2020\/wp-json\/wp\/v2\/pages\/31","targetHints":{"allow":["GET"]}}],"collection":[{"href":"https:\/\/www.wikimedia.de\/2020\/wp-json\/wp\/v2\/pages"}],"about":[{"href":"https:\/\/www.wikimedia.de\/2020\/wp-json\/wp\/v2\/types\/page"}],"author":[{"embeddable":true,"href":"https:\/\/www.wikimedia.de\/2020\/wp-json\/wp\/v2\/users\/1"}],"replies":[{"embeddable":true,"href":"https:\/\/www.wikimedia.de\/2020\/wp-json\/wp\/v2\/comments?post=31"}],"version-history":[{"count":47,"href":"https:\/\/www.wikimedia.de\/2020\/wp-json\/wp\/v2\/pages\/31\/revisions"}],"predecessor-version":[{"id":599,"href":"https:\/\/www.wikimedia.de\/2020\/wp-json\/wp\/v2\/pages\/31\/revisions\/599"}],"wp:featuredmedia":[{"embeddable":true,"href":"https:\/\/www.wikimedia.de\/2020\/wp-json\/wp\/v2\/media\/778"}],"wp:attachment":[{"href":"https:\/\/www.wikimedia.de\/2020\/wp-json\/wp\/v2\/media?parent=31"}],"curies":[{"name":"wp","href":"https:\/\/api.w.org\/{rel}","templated":true}]}}