{"id":31,"date":"2020-05-18T14:27:22","date_gmt":"2020-05-18T12:27:22","guid":{"rendered":"https:\/\/stage.wikimedia.de\/2020\/?page_id=31"},"modified":"2022-04-22T13:39:15","modified_gmt":"2022-04-22T11:39:15","slug":"finanzen-uebersicht","status":"publish","type":"page","link":"https:\/\/www.wikimedia.de\/2021\/finanzen-uebersicht\/","title":{"rendered":"Finanzen"},"content":{"rendered":"\n<p class=\"has-medium-font-size\"><strong><strong><strong>\u00dcber eine halbe Million Menschen hat uns mit Spenden und Beitr\u00e4gen in H\u00f6he von 18,8 Mio. \u20ac erm\u00f6glicht einen<\/strong> wichtigen Beitrag zur F\u00f6rderung des Freien Wissens in Deutschland und weltweit zu leisten.<\/strong><\/strong><\/p>\n\n\n\n<h2 class=\"wp-block-heading\"><strong><strong>Ertr\u00e4ge des Vereins<\/strong><\/strong><\/h2>\n\n\n\n<p>Die H\u00f6he der Ertr\u00e4ge ist 2021 auf 10,8 Millionen Euro gestiegen (zum Vergleich: im Vorjahr waren es 10,6 Mio. Euro). Sp\u00fcrbar gesteigert haben sich die Ertr\u00e4ge aus Mitgliedsbeitr\u00e4gen auf 4,6 Mio. Euro (Vorjahr: 4,0 Mio. Euro), da die Zahl der Mitglieder mit Stand vom 31.&nbsp; Dezember auf 89.572 (Vorjahr: 80.291) stieg. Die Spendenertr\u00e4ge sind nominal auf 3,2 Mio.&nbsp; Euro gestiegen (Vorjahr: 3,0 Mio. Euro). Allerdings werden auf Grund des Rechnungslegungsstandard HFA 21 nur Spenden als Ertrag gebucht, die verausgabt wurden. Die \u00fcbrigen Erl\u00f6se sind auf 2,9 Mio. Euro gefallen (Vorjahr: 3,4 Mio. Euro) und haben damit wieder ungef\u00e4hr den Stand des Jahres 2019 erreicht (2,6 Mio. Euro).<\/p>\n\n\n\n<h2 class=\"wp-block-heading\"><strong>Aufwendungen des Vereins&nbsp;<\/strong><\/h2>\n\n\n\n<p>Die H\u00f6he der Aufwendungen 2021 stieg auf 10,8 Mio. Euro (Vorjahr: 10,6 Mio. Euro). Steigerungen gab es bei den Personalaufwendungen in H\u00f6he von 7,1 Mio. Euro (Vorjahr: 6,4 Mio. Euro), w\u00e4hrend bei den betrieblichen Aufwendungen ein R\u00fcckgang auf 3,5 Mio. Euro (Vorjahr: 4,0 Mio. Euro) zu verzeichnen ist. Wie im Vorjahr schon liegt dies an den weiter verringerten Ausgaben f\u00fcr Veranstaltungen angesichts der Pandemie.&nbsp;<\/p>\n\n\n\n<p>Aus der \u00dcbersicht \u201eMittelverwendung\u201c wird die inhaltliche Verwendung der Mittel genauer ersichtlich.<\/p>\n\n\n\n<div class=\"wp-block-buttons is-layout-flex wp-block-buttons-is-layout-flex\">\n<div class=\"wp-block-button\"><a class=\"wp-block-button__link\" href=\"https:\/\/www.wikimedia.de\/2021\/finanzen\/mittelvwerwendung\/\">zur Mittelverwendung<\/a><\/div>\n<\/div>\n\n\n\n<h2 class=\"wp-block-heading\">Noch nicht verbrauchte Spendenmittel \/ R\u00fccklagen<\/h2>\n\n\n\n<p>Wikimedia Deutschland wendet als Rechnungslegungsstandard HFA 21 an. Eine Besonderheit dieses Standards ist, dass Ertr\u00e4ge aus Spenden erst zum Zeitpunkt der Verausgabung der Spenden erfolgswirksam verbucht werden. Daher ist die Position \u201enoch nicht verbrauchte Spendenmittel\u201c auf der Passivseite der Bilanz ein wichtiger Ma\u00dfstab zur Beurteilung der Finanzsituation von Wikimedia Deutschland. Dieser Betrag ist auf 9,3 Mio. Euro (Vorjahr: 8,8 Mio. Euro) gestiegen. Die Summe wird in voller H\u00f6he als steuerliche R\u00fccklage nach \u00a762 AO ausgewiesen.<\/p>\n\n\n\n<h2 class=\"wp-block-heading\">Gemeinn\u00fctzige Wikimedia<br>F\u00f6rdergesellschaft mbH (WMFG)<\/h2>\n\n\n\n<p>Der Verein hat eine 100%-ige Tochter, deren ausschlie\u00dflicher Zweck das Einwerben von Spendengeldern zur Weiterleitung ist. Die Gemeinn\u00fctzige Wikimedia F\u00f6rdergesellschaft schlie\u00dft das Jahr wie folgt ab: Der Spendenertrag stieg auf 12,8 Mio. Euro (Vorjahr: 11,9. Euro). Die Personal- und Sachaufwendungen stiegen auf 1,5 Mio. Euro (Vorjahr: 1,4 Mio. Euro). Damit konnten 8,9 Mio. Euro (Vorjahr: 8,7 Mio. Euro) an die Wikimedia Foundation in den USA und 2,4 Mio. Euro (Vorjahr: 1,8 Mio. Euro) an den Verein in Deutschland weitergeleitet werden. Noch nicht verbrauchte Spendenmittel in H\u00f6he von 0,8 Mio. Euro stehen der Gesellschaft im Folgejahr zur Verf\u00fcgung.<\/p>\n\n\n\n<h2 class=\"wp-block-heading\"><strong>\u00dcbersicht: Ertr\u00e4ge und Mittelverwendung<\/strong><\/h2>\n\n\n\n<p>Der bei Weitem \u00fcberwiegende Teil der Finanzierung von Wikimedia Deutschland sind mit \u00fcber 85 Prozent der Einnahmen Spenden und Beitr\u00e4ge von 501.553 Einzelunterst\u00fctzer*innen. Diese 14,2 Mio. Euro Spenden und 4,6 Mio. Euro Beitr\u00e4ge erm\u00f6glichen uns finanzielle Sicherheit und Unabh\u00e4ngigkeit.<\/p>\n\n\n\n<p>Wikimedia Deutschland ist wie viele Spenden sammelnde Organisationen bem\u00fcht, dass m\u00f6glichst viel Geld der inhaltlichen Arbeit zugute kommt und m\u00f6glichst wenig Kosten f\u00fcr allgemeine \u00d6ffentlichkeitsarbeit, Werbung und Verwaltung anfallen. Gleichwohl sind letztere notwendig und sinnvoll, da sie die Mittelverwendung organisieren sowie Rechenschaft und damit Transparenz erm\u00f6glichen. Die Kosten f\u00fcr allgemeine \u00d6ffentlichkeitsarbeit und Werbung von Wikimedia Deutschland und Gemeinn\u00fctziger Wikimedia F\u00f6rdergesellschaft betrugen 2,4 Mio. Euro im Jahr 2021 Vorjahr: 2,4 Mio. Euro). Die Verwaltungskosten betrugen 2,0 Mio. Euro (Vorjahr: 2,4 Mio. Euro). Bei dieser Betrachtungsweise lag der Anteil von Verwaltungskosten und Kosten f\u00fcr Werbung und Allgemeine \u00d6ffentlichkeitsarbeit beider Gesellschaften 2021 bei 21,1 Prozent (Vorjahr: 23,4 Prozent).<\/p>\n\n\n\n<h2 class=\"wp-block-heading\">Wirtschaftspr\u00fcfung<\/h2>\n\n\n\n<p>Wikimedia Deutschland l\u00e4sst die Verm\u00f6gens-, Ertrags-, und Finanzlage sowie interne Abl\u00e4ufe freiwillig pr\u00fcfen. Die Pr\u00fcfung des Wikimedia Deutschland &#8211; Gesellschaft zur F\u00f6rderung Freien Wissens e. V. und der Gemeinn\u00fctzigen Wikimedia F\u00f6rdergesellschaft mbH erfolgte durch die Curacon GmbH Wirtschaftspr\u00fcfungsgesellschaft und wurde im Januar und M\u00e4rz 2022 durchgef\u00fchrt. Es wurde ein uneingeschr\u00e4nkter Best\u00e4tigungsvermerk erteilt. Demnach wurde die Buchf\u00fchrung <a href=\"https:\/\/commons.wikimedia.org\/wiki\/File:Best%C3%A4tigungsvermerk_WMDE_2021.pdf\" target=\"_blank\" rel=\"noreferrer noopener\">des Vereins<\/a> und <a href=\"https:\/\/commons.wikimedia.org\/wiki\/File:Best%C3%A4tigungsvermerk_WMFG_2021.pdf\" target=\"_blank\" rel=\"noreferrer noopener\">der Gesellschaft<\/a> vollst\u00e4ndig und gewissenhaft vorgenommen und die Pr\u00fcfung hat insgesamt zu keinerlei Einw\u00e4nden gef\u00fchrt.<\/p>\n","protected":false},"excerpt":{"rendered":"<p>\u00dcber eine halbe Million Menschen hat uns mit Spenden und Beitr\u00e4gen in H\u00f6he von 18,8 Mio. \u20ac erm\u00f6glicht einen wichtigen Beitrag zur F\u00f6rderung des Freien Wissens in Deutschland und weltweit zu leisten. Ertr\u00e4ge des Vereins Die H\u00f6he der Ertr\u00e4ge ist 2021 auf 10,8 Millionen Euro gestiegen (zum Vergleich: im Vorjahr waren es 10,6 Mio. Euro). [&hellip;]<\/p>\n","protected":false},"author":1,"featured_media":1031,"parent":0,"menu_order":0,"comment_status":"closed","ping_status":"closed","template":"archive-finanzen.php","meta":{"_acf_changed":false,"footnotes":""},"class_list":["post-31","page","type-page","status-publish","has-post-thumbnail","hentry"],"acf":[],"lang":"de","translations":{"de":31,"en":398},"pll_sync_post":[],"_links":{"self":[{"href":"https:\/\/www.wikimedia.de\/2021\/wp-json\/wp\/v2\/pages\/31","targetHints":{"allow":["GET"]}}],"collection":[{"href":"https:\/\/www.wikimedia.de\/2021\/wp-json\/wp\/v2\/pages"}],"about":[{"href":"https:\/\/www.wikimedia.de\/2021\/wp-json\/wp\/v2\/types\/page"}],"author":[{"embeddable":true,"href":"https:\/\/www.wikimedia.de\/2021\/wp-json\/wp\/v2\/users\/1"}],"replies":[{"embeddable":true,"href":"https:\/\/www.wikimedia.de\/2021\/wp-json\/wp\/v2\/comments?post=31"}],"version-history":[{"count":58,"href":"https:\/\/www.wikimedia.de\/2021\/wp-json\/wp\/v2\/pages\/31\/revisions"}],"predecessor-version":[{"id":1032,"href":"https:\/\/www.wikimedia.de\/2021\/wp-json\/wp\/v2\/pages\/31\/revisions\/1032"}],"wp:featuredmedia":[{"embeddable":true,"href":"https:\/\/www.wikimedia.de\/2021\/wp-json\/wp\/v2\/media\/1031"}],"wp:attachment":[{"href":"https:\/\/www.wikimedia.de\/2021\/wp-json\/wp\/v2\/media?parent=31"}],"curies":[{"name":"wp","href":"https:\/\/api.w.org\/{rel}","templated":true}]}}