{"id":33,"date":"2020-05-18T14:27:31","date_gmt":"2020-05-18T12:27:31","guid":{"rendered":"https:\/\/stage.wikimedia.de\/2020\/?page_id=33"},"modified":"2022-04-27T12:21:48","modified_gmt":"2022-04-27T10:21:48","slug":"impressum","status":"publish","type":"page","link":"https:\/\/www.wikimedia.de\/2021\/impressum\/","title":{"rendered":"Impressum"},"content":{"rendered":"\n<p><strong>Konzept: <\/strong>Tjane Hartenstein (WMDE)<\/p>\n\n\n\n<p><strong>Redaktion:<\/strong> Tjane Hartenstein (WMDE)<\/p>\n\n\n\n<p><strong>Texte: <\/strong>Patrick Wildermann<\/p>\n\n\n\n<p><strong>Inhaltlich verantwortlich:<\/strong> Dr. Christian Humborg (WMDE)<\/p>\n\n\n\n<p><strong>Design:<\/strong> Matthias W\u00f6rle (<a rel=\"noreferrer noopener\" href=\"https:\/\/mor-design.de\/\" target=\"_blank\">MOR Design<\/a>)<\/p>\n\n\n\n<p><strong>Webdesign und Entwicklung:<\/strong> Ingo Schmid, Lucas Garbe (<a rel=\"noreferrer noopener\" href=\"https:\/\/www.bananenbiegerei.de\" target=\"_blank\">Bananenbiegerei<\/a>)<\/p>\n\n\n\n<p>Die Texte, Grafiken und das Layout dieses Jahresberichts werden unter den<br>Bedingungen der Creative Commons Attribution-Lizenz (CC BY-SA) in der <a rel=\"noreferrer noopener\" href=\"https:\/\/creative-commons.org\/licenses\/ by-sa\/4.0\/legalcode\/\" target=\"_blank\">Version 4.0 <\/a>ver\u00f6ffentlicht.<br><br><strong>Diensteanbieter<\/strong><\/p>\n\n\n\n<p>Wikimedia Deutschland \u2013 Gesellschaft zur F\u00f6rderung Freien Wissens e. V.<\/p>\n\n\n\n<p>Tempelhofer Ufer 23\/24<\/p>\n\n\n\n<p>10963 Berlin<\/p>\n\n\n\n<p>E-Mail: info@wikimedia.de<\/p>\n\n\n\n<p>Telefon: +49 (0)30-577 11 62 &#8211; 0<\/p>\n\n\n\n<p>Fax: +49 (0)30-577 11 62 &#8211; 99<\/p>\n\n\n\n<p>Gesch\u00e4ftsf\u00fchrender Vorstand:  Dr. Christian Humborg<\/p>\n\n\n\n<p>Eingetragen im Vereinsregister des Amtsgerichts Charlottenburg, VR 23855.&nbsp;<\/p>\n\n\n\n<p>Umsatzsteuer-ID: DE263757776<\/p>\n\n\n\n<p>Inhaltlich Verantwortlicher gem\u00e4\u00df \u00a7 55 Abs. 2<\/p>\n\n\n\n<p>RStV: Christian Humborg (Anschrift wie oben).<\/p>\n\n\n\n<p><strong>B\u00fcro<\/strong><\/p>\n\n\n\n<p>Wikimedia Deutschland \u2013 Gesellschaft zur F\u00f6rderung Freien Wissens e. V.<br>Postfach 61 03 49<br>10925 Berlin<br>Verantwortlicher ist die nat\u00fcrliche oder juristische Person, die allein oder gemeinsam mit anderen \u00fcber die Zwecke und Mittel der Verarbeitung von personenbezogenen Daten (z. B. Namen, E-Mail-Adressen o. \u00c4.) entscheidet.<\/p>\n\n\n\n<p>Telefon: +49 (0)30- 577 11 62 &#8211; 0 <br>Fax: +49 (0)30- 577 11 62 &#8211; 99 <br>E-Mail: info@wikimedia.de<\/p>\n","protected":false},"excerpt":{"rendered":"<p>Konzept: Tjane Hartenstein (WMDE) Redaktion: Tjane Hartenstein (WMDE) Texte: Patrick Wildermann Inhaltlich verantwortlich: Dr. Christian Humborg (WMDE) Design: Matthias W\u00f6rle (MOR Design) Webdesign und Entwicklung: Ingo Schmid, Lucas Garbe (Bananenbiegerei) Die Texte, Grafiken und das Layout dieses Jahresberichts werden unter denBedingungen der Creative Commons Attribution-Lizenz (CC BY-SA) in der Version 4.0 ver\u00f6ffentlicht. Diensteanbieter Wikimedia Deutschland [&hellip;]<\/p>\n","protected":false},"author":1,"featured_media":0,"parent":0,"menu_order":0,"comment_status":"closed","ping_status":"closed","template":"","meta":{"_acf_changed":false,"footnotes":""},"class_list":["post-33","page","type-page","status-publish","hentry"],"acf":[],"lang":"de","translations":{"de":33,"en":325},"pll_sync_post":[],"_links":{"self":[{"href":"https:\/\/www.wikimedia.de\/2021\/wp-json\/wp\/v2\/pages\/33","targetHints":{"allow":["GET"]}}],"collection":[{"href":"https:\/\/www.wikimedia.de\/2021\/wp-json\/wp\/v2\/pages"}],"about":[{"href":"https:\/\/www.wikimedia.de\/2021\/wp-json\/wp\/v2\/types\/page"}],"author":[{"embeddable":true,"href":"https:\/\/www.wikimedia.de\/2021\/wp-json\/wp\/v2\/users\/1"}],"replies":[{"embeddable":true,"href":"https:\/\/www.wikimedia.de\/2021\/wp-json\/wp\/v2\/comments?post=33"}],"version-history":[{"count":19,"href":"https:\/\/www.wikimedia.de\/2021\/wp-json\/wp\/v2\/pages\/33\/revisions"}],"predecessor-version":[{"id":1113,"href":"https:\/\/www.wikimedia.de\/2021\/wp-json\/wp\/v2\/pages\/33\/revisions\/1113"}],"wp:attachment":[{"href":"https:\/\/www.wikimedia.de\/2021\/wp-json\/wp\/v2\/media?parent=33"}],"curies":[{"name":"wp","href":"https:\/\/api.w.org\/{rel}","templated":true}]}}