{"id":304,"date":"2024-05-13T14:03:45","date_gmt":"2024-05-13T12:03:45","guid":{"rendered":"https:\/\/www.wikimedia.de\/2023\/?page_id=304"},"modified":"2025-10-08T12:36:16","modified_gmt":"2025-10-08T10:36:16","slug":"finanzen","status":"publish","type":"page","link":"https:\/\/www.wikimedia.de\/2023\/finanzen\/","title":{"rendered":"Finanzen"},"content":{"rendered":"<div class='outer-container'><div class='default'><div class=\"bb-spacer-block h-10 lg:h-20 \">\n\t\n<\/div>\n\n<\/div><\/div>\n\n\n\n<div class='outer-container'><div class='default'>\n\n<div data-anchor-title=\"\" class=\"bb-headline-block relative\">\n\t<div class=\"anchor-offset absolute -top-32\" id=\"\"><\/div>\n\t\t\t<h2 class=\"default \">\n\t\t\t<span class=\"\">\n\t\t\t\t2023 war f\u00fcr Wikimedia Deutschland aus finanzieller Sicht ein gutes Jahr.\t\t\t<\/span>\n\t\t<\/h2>\n\t<\/div>\n<\/div><\/div>\n\n\n\n<div class='outer-container'><div class='default'><div class=\"bb-spacer-block h-2 lg:h-4 \">\n\t\n<\/div>\n\n<\/div><\/div>\n\n\n\n<div class='outer-container'><div class='default'><div class=\"bb-paragraph-block font-inherit  text-xl lg:text-2xl\">\n\t<p>\u00dcber eine halbe Million Menschen haben uns mit Spenden und Beitr\u00e4gen in H\u00f6he von 21,2 Mio. \u20ac erm\u00f6glicht, einen wichtigen Beitrag zur F\u00f6rderung des Freien Wissens in Deutschland und weltweit zu leisten.<\/p>\n<\/div>\n<\/div><\/div>\n\n\n\n<div class='outer-container'><div class='default'>\n<div class=\"bb-image-block my-4\">\n      <figure class=\"portrait flex justify-center max-h-screen relative overflow-hidden   no_caption\" role=\"group\">\n  <img loading=\"lazy\" decoding=\"async\" width=\"1080\" height=\"1080\" src=\"https:\/\/www.wikimedia.de\/2023\/wp-content\/uploads\/sites\/38\/2024\/05\/JB_2023_finanzen_mittelweitergabe-Kopie-1.svg\" class=\"h-full w-auto\" alt=\"Grafik zeigt, dass 551.683 Spender*innen und Mitglieder, 21.176.935 Euro an Spenden und Beitr\u00e4gen geleistet haben, dargestellt durch bunte, ballon\u00e4hnliche Formen und kleine Herzen.\" sizes=\"auto,  \" \/>    <\/figure>\n  <\/div><\/div><\/div>\n\n\n\n<div class='outer-container'><div class='default'><div class=\"bb-spacer-block h-10 lg:h-20 \">\n\t\n<\/div>\n\n<\/div><\/div>\n\n\n\n<div class='outer-container'><div class='default'>\n\n<div data-anchor-title=\"\" class=\"bb-headline-block relative\">\n\t<div class=\"anchor-offset absolute -top-32\" id=\"\"><\/div>\n\t\t\t<h3 class=\"default \">\n\t\t\t<span class=\"\">\n\t\t\t\tErtr\u00e4ge des Vereins\t\t\t<\/span>\n\t\t<\/h3>\n\t<\/div>\n<\/div><\/div>\n\n\n\n<div class='outer-container'><div class='default'>\n\n<div class=\"wp-block-columns is-layout-flex wp-container-core-columns-is-layout-9d6595d7 wp-block-columns-is-layout-flex\">\n\n<div class=\"wp-block-column is-layout-flow wp-block-column-is-layout-flow\" style=\"flex-basis:66.66%\"><div class=\"bb-spacer-block h-2 lg:h-4 \">\n\t\n<\/div>\n\n\n\n\n\n<div class=\"bb-paragraph-block font-inherit  text-base lg:text-xl\">\n\t<p>Die H\u00f6he der Ertr\u00e4ge ist 2023 auf 20,6 Millionen Euro gestiegen. Der erhebliche Anstieg\u00a0(im Vorjahr waren es 12,7 Mio. Euro) ist im Wesentlichen darauf zur\u00fcckzuf\u00fchren, dass der Gro\u00dfteil der Spendengelder nicht mehr wie bisher durch die Gemeinn\u00fctzige Wikimedia F\u00f6rdergesellschaft mbH, sondern vom\u00a0Verein eingeworben werden. Dementsprechend sind die Spendenertr\u00e4ge nominal auf\u00a09,9 Mio. Euro gestiegen (Vorjahr: 3,4 Mio. Euro). Die Ertr\u00e4ge aus Mitgliedsbeitr\u00e4gen haben sich auf 5,5 Mio. \u20ac (Vorjahr: 5,1 Mio. Euro) erh\u00f6ht; die Zahl der Mitglieder ist mit\u00a0Stand vom 31. M\u00e4rz 2024 auf 111.254 (Vorjahr: 107.342) gestiegen. Die \u00fcbrigen Ertr\u00e4ge\u00a0sind auf 5,2 Mio. Euro gestiegen (Vorjahr:\u00a04,1 Mio. Euro), da wir im Bereich Technologie mehr Projektf\u00f6rderung von der Wikimedia Foundation erhalten haben.<\/p>\n<\/div>\n<\/div>\n\n\n\n\n\n\n\n<div class=\"wp-block-column is-layout-flow wp-block-column-is-layout-flow\" style=\"flex-basis:33.33%\">\n<div class=\"bb-image-block my-4\">\n      <figure class=\"portrait flex justify-center max-h-screen relative overflow-hidden   no_caption\" role=\"group\">\n  <img loading=\"lazy\" decoding=\"async\" width=\"670\" height=\"831\" src=\"https:\/\/www.wikimedia.de\/2023\/wp-content\/uploads\/sites\/38\/2024\/05\/neu_JB_2023_finanzen_mitglieder.png\" class=\"h-full w-auto\" alt=\"Diagramm mit der Anzahl der Mitglieder: In 2022 waren es 107.342 und in 2023 111.254.\" sizes=\"auto,  \" srcset=\"https:\/\/www.wikimedia.de\/2023\/wp-content\/uploads\/sites\/38\/2024\/05\/neu_JB_2023_finanzen_mitglieder.png 670w, https:\/\/www.wikimedia.de\/2023\/wp-content\/uploads\/sites\/38\/2024\/05\/neu_JB_2023_finanzen_mitglieder-242x300.png 242w\" \/>    <\/figure>\n  <\/div>\n\n\n\n<div class=\"bb-paragraph-block font-inherit  text-base\">\n\t<p><strong>*Stand 31.03. des darauffolgenden Jahres<\/strong><\/p>\n<\/div>\n<\/div>\n\n<\/div>\n\n<\/div><\/div>\n\n\n\n<div class='outer-container'><div class='default'>\n\n<div data-anchor-title=\"\" class=\"bb-headline-block relative\">\n\t<div class=\"anchor-offset absolute -top-32\" id=\"\"><\/div>\n\t\t\t<h3 class=\"default \">\n\t\t\t<span class=\"\">\n\t\t\t\tAufwendungen des Vereins\t\t\t<\/span>\n\t\t<\/h3>\n\t<\/div>\n<\/div><\/div>\n\n\n\n<div class='outer-container'><div class='default'><div class=\"bb-spacer-block h-2 lg:h-4 \">\n\t\n<\/div>\n\n<\/div><\/div>\n\n\n\n<div class='outer-container'><div class='default'><div class=\"bb-paragraph-block font-inherit  text-base lg:text-xl\">\n\t<p>Die Aufwendungen stiegen 2023 auf 20,6 Mio. Euro (Vorjahr: 12,7 Mio. Euro). Davon entfallen 10,2 Mio. Euro auf Personalaufwendungen (Vorjahr: 8 Mio. Euro) und\u00a010,4 Mio. Euro auf die betrieblichen Aufwendungen (Vorjahr: 4,7 Mio. Euro). Die Gr\u00fcnde f\u00fcr die Kostensteigerung sind die ver\u00e4nderte Aufgabenverteilung zwischen Verein und F\u00f6rdergesellschaft und das Wachstum im\u00a0Handlungsfeld Technologie. Erstmals wurden im Zuge der ge\u00e4nderten Aufgabenverteilung zwischen Verein und F\u00f6rdergesellschaft 4,7 Mio. Euro vom Verein an die F\u00f6rdergesellschaft transferiert, zwecks F\u00f6rderung unserer Partner.<\/p>\n<p>Aus der \u00dcbersicht \u00bbMittelverwendung\u00ab dieses Berichts wird die inhaltliche Verwendung der Mittel genauer ersichtlich.<\/p>\n<\/div>\n<\/div><\/div>\n\n\n\n<div class='outer-container'><div class='default'>\n<div class=\"bb-image-block my-4\">\n      <figure class=\"flex flex-col relative  no_caption\" role=\"group\">\n  <img loading=\"lazy\" decoding=\"async\" width=\"1075\" height=\"774\" src=\"https:\/\/www.wikimedia.de\/2023\/wp-content\/uploads\/sites\/38\/2024\/05\/JB_2023_finanzen_mittelweitergabe-Kopie-3_neu.png\" class=\"w-full h-auto border-4 border-black \" alt=\"Balkendiagramm der Mittelweitergabe\" sizes=\"auto,  \" srcset=\"https:\/\/www.wikimedia.de\/2023\/wp-content\/uploads\/sites\/38\/2024\/05\/JB_2023_finanzen_mittelweitergabe-Kopie-3_neu.png 1075w, https:\/\/www.wikimedia.de\/2023\/wp-content\/uploads\/sites\/38\/2024\/05\/JB_2023_finanzen_mittelweitergabe-Kopie-3_neu-300x216.png 300w, https:\/\/www.wikimedia.de\/2023\/wp-content\/uploads\/sites\/38\/2024\/05\/JB_2023_finanzen_mittelweitergabe-Kopie-3_neu-1024x737.png 1024w, https:\/\/www.wikimedia.de\/2023\/wp-content\/uploads\/sites\/38\/2024\/05\/JB_2023_finanzen_mittelweitergabe-Kopie-3_neu-768x553.png 768w\" \/>    <\/figure>\n  <\/div><\/div><\/div>\n\n\n\n<div class='outer-container'><div class='default'><div class=\"bb-spacer-block h-10 lg:h-20 \">\n\t\n<\/div>\n\n<\/div><\/div>\n\n\n\n<div class='outer-container'><div class='default'>\n\n<div data-anchor-title=\"\" class=\"bb-headline-block relative\">\n\t<div class=\"anchor-offset absolute -top-32\" id=\"\"><\/div>\n\t\t\t<h3 class=\"default \">\n\t\t\t<span class=\"\">\n\t\t\t\tJahresverg\u00fctungen Vorstand und Bereichsleitungen\t\t\t<\/span>\n\t\t<\/h3>\n\t<\/div>\n<\/div><\/div>\n\n\n\n<div class='outer-container'><div class='default'><div class=\"bb-spacer-block h-2 lg:h-4 \">\n\t\n<\/div>\n\n<\/div><\/div>\n\n\n\n<div class='outer-container'><div class='default'><div class=\"bb-paragraph-block font-inherit  text-base lg:text-xl\">\n\t<p>Die beiden Vorst\u00e4nde haben jeweils 141.800,44 Euro und die f\u00fcnf Bereichsleitungen jeweils 97.989,20 Euro erhalten.<\/p>\n<p>Diese Zahlen f\u00fcr die jeweilige Funktion sind auf das Gesamtjahr und bei den Bereichsleitungen sofern Teilzeit auf 40 Wochenstunden hochgerechnet. Sie beinhalten Gehalt und alle weiteren geldwerten Vorteile wie betriebliche Altersvorsorge, BVG-Ticket, Home-Office-Zuschuss und Home-Office- Pauschale (einmalig).<\/p>\n<p>Alle Arbeitnehmenden in Deutschland haben einen Anspruch auf betriebliche Altersversorgung durch Entgeltumwandlung. Wikimedia Deutschland zahlt bis zu 20% hinzu, sofern Arbeitnehmende sich f\u00fcr betriebliche Altersvorsorge entscheiden. Die Vorst\u00e4nde erhalten keine Zusch\u00fcsse zur betrieblichen Altersvorsorge.<\/p>\n<\/div>\n<\/div><\/div>\n\n\n\n<div class='outer-container'><div class='default'><div class=\"bb-spacer-block h-5 lg:h-10 \">\n\t\n<\/div>\n\n<\/div><\/div>\n\n\n\n<div class='outer-container'><div class='default'>\n\n<div data-anchor-title=\"\" class=\"bb-headline-block relative\">\n\t<div class=\"anchor-offset absolute -top-32\" id=\"\"><\/div>\n\t\t\t<h3 class=\"default \">\n\t\t\t<span class=\"\">\n\t\t\t\tNoch nicht verbrauchte Spendenmittel\/R\u00fccklagen\t\t\t<\/span>\n\t\t<\/h3>\n\t<\/div>\n<\/div><\/div>\n\n\n\n<div class='outer-container'><div class='default'><div class=\"bb-spacer-block h-2 lg:h-4 \">\n\t\n<\/div>\n\n<\/div><\/div>\n\n\n\n<div class='outer-container'><div class='default'><div class=\"bb-paragraph-block font-inherit  text-base lg:text-xl\">\n\t<p>Wikimedia Deutschland wendet als Rechnungslegungsstandard HFA 21 an. Eine Besonderheit dieses Standards ist, dass Ertr\u00e4ge\u00a0aus Spenden erst zum Zeitpunkt der Verausgabung der Spenden erfolgswirksam verbucht werden. Daher ist die Position \u00bbNoch nicht verbrauchte Spendenmittel\u00ab auf der Passivseite der Bilanz ein wichtiger Ma\u00dfstab zur Beurteilung der Finanzsituation von Wikimedia Deutschland. Dieser Betrag ist auf 8,6 Mio. Euro (Vorjahr: 7,8 Mio. Euro) gestiegen. Die Summe wird in voller H\u00f6he als steuerliche R\u00fccklage nach \u00a7 62 AO ausgewiesen.<\/p>\n<\/div>\n<\/div><\/div>\n\n\n\n<div class='outer-container'><div class='default'>\n\n<div class=\"wp-block-columns is-layout-flex wp-container-core-columns-is-layout-9d6595d7 wp-block-columns-is-layout-flex\">\n\n<div class=\"wp-block-column is-layout-flow wp-block-column-is-layout-flow\"><div class=\"bb-spacer-block h-10 lg:h-20 \">\n\t\n<\/div>\n\n<\/div>\n\n\n\n\n\n\n\n<div class=\"wp-block-column is-layout-flow wp-block-column-is-layout-flow\"><\/div>\n\n<\/div>\n\n<\/div><\/div>\n\n\n\n<div class='outer-container'><div class='default'>\n\n<div class=\"wp-block-columns is-layout-flex wp-container-core-columns-is-layout-9d6595d7 wp-block-columns-is-layout-flex\">\n\n<div class=\"wp-block-column is-layout-flow wp-block-column-is-layout-flow\" style=\"flex-basis:66.66%\">\n\n<div data-anchor-title=\"\" class=\"bb-headline-block relative\">\n\t<div class=\"anchor-offset absolute -top-32\" id=\"\"><\/div>\n\t\t\t<h3 class=\"default \">\n\t\t\t<span class=\"\">\n\t\t\t\tGemeinn\u00fctzige Wikimedia F\u00f6rdergesellschaft mbH (WMFG)\t\t\t<\/span>\n\t\t<\/h3>\n\t<\/div>\n\n\n\n\n<div class=\"bb-spacer-block h-2 lg:h-4 \">\n\t\n<\/div>\n\n\n\n\n\n<div class=\"bb-paragraph-block font-inherit  text-base lg:text-xl\">\n\t<p>Die Gemeinn\u00fctzige Wikimedia F\u00f6rdergesellschaft mbH, eine 100%-ige Tochter des Vereins, leitet weiterhin Mittel an unsere Partner weiter, w\u00e4hrend das Einwerben von Spenden seit Juli 2023 nun \u00fcberwiegend dem Verein obliegt. Der Spendenertrag der\u00a0Gemeinn\u00fctzigen Wikimedia F\u00f6rdergesellschaft ist 2023 auf 9,8 Mio. Euro gesunken\u00a0(Vorjahr: 10,6. Euro). Die Personal- und Sachaufwendungen sind auf 0,6 Mio. Euro gesunken (Vorjahr: 1,5 Mio. Euro). 8,9 Mio. Euro (Vorjahr: 8,8 Mio. Euro) wurden an die\u00a0Wikimedia Foundation in den USA weitergeleitet. Noch nicht verbrauchte Spendenmittel\u00a0in H\u00f6he von 3,3 Mio. Euro stehen der Gesellschaft im Folgejahr zur Verf\u00fcgung (Vorjahr: 3,4 Mio. Euro).<\/p>\n<\/div>\n<\/div>\n\n\n\n\n\n\n\n<div class=\"wp-block-column is-layout-flow wp-block-column-is-layout-flow\" style=\"flex-basis:33.33%\">\n<div class=\"bb-image-block my-4\">\n      <figure class=\"portrait flex justify-center max-h-screen relative overflow-hidden   no_caption\" role=\"group\">\n  <img loading=\"lazy\" decoding=\"async\" width=\"597\" height=\"847\" src=\"https:\/\/www.wikimedia.de\/2023\/wp-content\/uploads\/sites\/38\/2024\/05\/neu_JB_2023_finanzen_mittelweitergabe.png\" class=\"h-full w-auto\" alt=\"Diagramm der Aufwendungen aus Mittelweitergabe. In 2022 waren es 9.159.061 \u20ac und in 2023 9.363.224 \u20ac.\" sizes=\"auto,  \" srcset=\"https:\/\/www.wikimedia.de\/2023\/wp-content\/uploads\/sites\/38\/2024\/05\/neu_JB_2023_finanzen_mittelweitergabe.png 597w, https:\/\/www.wikimedia.de\/2023\/wp-content\/uploads\/sites\/38\/2024\/05\/neu_JB_2023_finanzen_mittelweitergabe-211x300.png 211w\" \/>    <\/figure>\n  <\/div><\/div>\n\n<\/div>\n\n<\/div><\/div>\n\n\n\n<div class='outer-container'><div class='default'>\n\n<div data-anchor-title=\"\" class=\"bb-headline-block relative\">\n\t<div class=\"anchor-offset absolute -top-32\" id=\"\"><\/div>\n\t\t\t<h3 class=\"default \">\n\t\t\t<span class=\"\">\n\t\t\t\t\u00dcbersicht: Ertr\u00e4ge und Mittelverwendung\t\t\t<\/span>\n\t\t<\/h3>\n\t<\/div>\n<\/div><\/div>\n\n\n\n<div class='outer-container'><div class='default'><div class=\"bb-spacer-block h-2 lg:h-4 \">\n\t\n<\/div>\n\n<\/div><\/div>\n\n\n\n<div class='outer-container'><div class='default'><div class=\"bb-paragraph-block font-inherit  text-base lg:text-xl\">\n\t<p>Der bei Weitem \u00fcberwiegende Teil der Finanzierung von Wikimedia Deutschland sind Spenden und Beitr\u00e4ge von 551.683 Einzelunterst\u00fctzer*innen. Diese 15,6 Mio. Euro im Jahr 2023 erhaltenen Spenden und 5,5 Mio. Euro Beitr\u00e4ge erm\u00f6glichen uns finanzielle Sicherheit und Unabh\u00e4ngigkeit. Wikimedia Deutschland ist wie viele Spenden sammelnde Organisationen bem\u00fcht, dass m\u00f6glichst viel Geld der inhaltlichen Arbeit zugutekommt und m\u00f6glichst wenig Kosten\u00a0f\u00fcr allgemeine \u00d6ffentlichkeitsarbeit, Werbung und Verwaltung anfallen. Gleichwohl\u00a0sind Letztere notwendig und sinnvoll, da sie die Mittelverwendung organisieren, sowie Rechenschaft und damit Transparenz erm\u00f6glichen. Die Kosten f\u00fcr \u00d6ffentlichkeitsarbeit,\u00a0Werbung und Verwaltung von Wikimedia Deutschland und Gemeinn\u00fctziger Wikimedia F\u00f6rdergesellschaft betrugen 2023 6 Mio. Euro (Vorjahr: 5,1 Mio. Euro). Das entspricht 23,5 Prozent der Gesamtaufwendungen beider Organisationen (Vorjahr: 22,6 Prozent).<\/p>\n<\/div>\n<\/div><\/div>\n\n\n\n<div class='outer-container'><div class='default'>\n<div class=\"bb-image-block my-4\">\n      <figure class=\"flex flex-col relative  no_caption\" role=\"group\">\n  <img loading=\"lazy\" decoding=\"async\" width=\"1067\" height=\"756\" src=\"https:\/\/www.wikimedia.de\/2023\/wp-content\/uploads\/sites\/38\/2024\/05\/JB_2023_finanzen_mittelweitergabe-Kopie-2_neu.png\" class=\"w-full h-auto border-4 border-black \" alt=\"Balkendiagramm der Ertr\u00e4ge\" sizes=\"auto,  \" srcset=\"https:\/\/www.wikimedia.de\/2023\/wp-content\/uploads\/sites\/38\/2024\/05\/JB_2023_finanzen_mittelweitergabe-Kopie-2_neu.png 1067w, https:\/\/www.wikimedia.de\/2023\/wp-content\/uploads\/sites\/38\/2024\/05\/JB_2023_finanzen_mittelweitergabe-Kopie-2_neu-300x213.png 300w, https:\/\/www.wikimedia.de\/2023\/wp-content\/uploads\/sites\/38\/2024\/05\/JB_2023_finanzen_mittelweitergabe-Kopie-2_neu-1024x726.png 1024w, https:\/\/www.wikimedia.de\/2023\/wp-content\/uploads\/sites\/38\/2024\/05\/JB_2023_finanzen_mittelweitergabe-Kopie-2_neu-768x544.png 768w\" \/>    <\/figure>\n  <\/div><\/div><\/div>\n\n\n\n<div class='outer-container'><div class='default'><div class=\"bb-spacer-block h-10 lg:h-20 \">\n\t\n<\/div>\n\n<\/div><\/div>\n\n\n\n<div class='outer-container'><div class='default'>\n\n<div data-anchor-title=\"\" class=\"bb-headline-block relative\">\n\t<div class=\"anchor-offset absolute -top-32\" id=\"\"><\/div>\n\t\t\t<h3 class=\"default \">\n\t\t\t<span class=\"\">\n\t\t\t\tWirtschaftspr\u00fcfung\t\t\t<\/span>\n\t\t<\/h3>\n\t<\/div>\n<\/div><\/div>\n\n\n\n<div class='outer-container'><div class='default'><div class=\"bb-spacer-block h-2 lg:h-4 \">\n\t\n<\/div>\n\n<\/div><\/div>\n\n\n\n<div class='outer-container'><div class='default'><div class=\"bb-paragraph-block font-inherit  text-base lg:text-xl\">\n\t<p>Wikimedia Deutschland l\u00e4sst die Verm\u00f6gens-, Ertrags-, und Finanzlage sowie interne\u00a0Abl\u00e4ufe freiwillig pr\u00fcfen. Die Pr\u00fcfung des Wikimedia Deutschland Gesellschaft zur F\u00f6rderung Freien Wissens e. V. und der Gemeinn\u00fctzigen Wikimedia F\u00f6rdergesellschaft mbH erfolgte durch die Solidaris\u00a0Revisions-GmbH Wirtschaftspr\u00fcfungsgesellschaft und wurde im M\u00e4rz 2024 durchgef\u00fchrt. Es wurde ein uneingeschr\u00e4nkter Best\u00e4tigungsvermerk erteilt. Demnach wurde die Buchf\u00fchrung des <a href=\"https:\/\/commons.wikimedia.org\/wiki\/File:Best%C3%A4tigungsvermerk_WMDE_2023.pdf\" target=\"_blank\" rel=\"noopener\">Vereins<\/a> und\u00a0der <a href=\"https:\/\/commons.wikimedia.org\/wiki\/File:Best%C3%A4tigungsvermerk_WMFG_2023.pdf\" target=\"_blank\" rel=\"noopener\">Gesellschaft<\/a> vollst\u00e4ndig und gewissenhaft vorgenommen, und die Pr\u00fcfung hat insgesamt zu keinerlei Einw\u00e4nden gef\u00fchrt.<\/p>\n<\/div>\n<\/div><\/div>\n\n\n\n<div class='outer-container'><div class='default'><div class=\"bb-spacer-block h-5 lg:h-10 \">\n\t\n<\/div>\n\n<\/div><\/div>","protected":false},"excerpt":{"rendered":"<p>2023 war f\u00fcr Wikimedia Deutschland aus finanzieller Sicht ein gutes Jahr.<\/p>\n","protected":false},"author":3,"featured_media":512,"parent":0,"menu_order":0,"comment_status":"closed","ping_status":"closed","template":"","meta":{"_acf_changed":false,"footnotes":""},"categories":[],"class_list":["post-304","page","type-page","status-publish","has-post-thumbnail","hentry"],"acf":[],"lang":"de","translations":{"de":304,"en":870},"pll_sync_post":[],"_links":{"self":[{"href":"https:\/\/www.wikimedia.de\/2023\/wp-json\/wp\/v2\/pages\/304","targetHints":{"allow":["GET"]}}],"collection":[{"href":"https:\/\/www.wikimedia.de\/2023\/wp-json\/wp\/v2\/pages"}],"about":[{"href":"https:\/\/www.wikimedia.de\/2023\/wp-json\/wp\/v2\/types\/page"}],"author":[{"embeddable":true,"href":"https:\/\/www.wikimedia.de\/2023\/wp-json\/wp\/v2\/users\/3"}],"replies":[{"embeddable":true,"href":"https:\/\/www.wikimedia.de\/2023\/wp-json\/wp\/v2\/comments?post=304"}],"version-history":[{"count":4,"href":"https:\/\/www.wikimedia.de\/2023\/wp-json\/wp\/v2\/pages\/304\/revisions"}],"predecessor-version":[{"id":1234,"href":"https:\/\/www.wikimedia.de\/2023\/wp-json\/wp\/v2\/pages\/304\/revisions\/1234"}],"wp:featuredmedia":[{"embeddable":true,"href":"https:\/\/www.wikimedia.de\/2023\/wp-json\/wp\/v2\/media\/512"}],"wp:attachment":[{"href":"https:\/\/www.wikimedia.de\/2023\/wp-json\/wp\/v2\/media?parent=304"}],"wp:term":[{"taxonomy":"category","embeddable":true,"href":"https:\/\/www.wikimedia.de\/2023\/wp-json\/wp\/v2\/categories?post=304"}],"curies":[{"name":"wp","href":"https:\/\/api.w.org\/{rel}","templated":true}]}}