{"id":54,"date":"2024-05-13T14:03:44","date_gmt":"2024-05-13T12:03:44","guid":{"rendered":"https:\/\/www.wikimedia.de\/2023\/?page_id=54"},"modified":"2025-10-08T12:37:11","modified_gmt":"2025-10-08T10:37:11","slug":"editorial","status":"publish","type":"page","link":"https:\/\/www.wikimedia.de\/2023\/editorial\/","title":{"rendered":"Editorial"},"content":{"rendered":"<div class='outer-container'><div class='default'><div class=\"bb-paragraph-block font-inherit  text-base lg:text-xl\">\n\t<p><strong>Liebe Freund*innen von Wikimedia Deutschland!<\/strong><\/p>\n<p>2023 war f\u00fcr unseren Verein ein Jahr, in dem wir dem Freien Wissen auf vielen wichtigen Plattformen eine Stimme geben konnten.<\/p>\n<p>Ob beim Digitalgipfel, beim Global Digital Compact, beim Open Source Summit oder bei der re:publica. Das sind nur einige Beispiele f\u00fcr unsere Pr\u00e4senz auf Konferenzen und in Netzwerken, auf denen Wikimedia im vergangenen Jahr politische und technologische Entscheidungen mit vorangetrieben oder in Frage gestellt hat.<\/p>\n<p>Und das ist gerade in diesen Zeiten besonders wichtig, denn auch 2023 war ein Jahr mit drastischen Erfahrungen: Vieles ist ins Rutschen geraten, vertraute Gewissheiten stehen infrage, so manches verunsichert uns. Selbst unsere letzte Spendenkampagne hat ihr Ziel so knapp wie nie, aber doch erreicht \u2013 zu unserer gro\u00dfen Erleichterung. Gerade in diesen Zeiten, in denen Polarisierung, Desinformation und Manipulation die gesellschaftlichen Debatten zunehmend verzerren, sind die Wikimedia-Projekte mit ihrer Verpflichtung auf neutrales, gesichertes Wissen Leuchtt\u00fcrme f\u00fcr Vernunft, Aufkl\u00e4rung und Demokratie.<\/p>\n<p>Mit unseren Aktivit\u00e4ten, mit der F\u00f6rderung und der politischen Arbeit haben wir den ausschlie\u00dflich Freiwilligen, die hinter den Projekten stehen und denen unser gr\u00f6\u00dfter Dank gilt, im letzten Jahr gute Rahmenbedingungen f\u00fcr ihre Arbeit gegeben, damit sie sich auch nach 20 Jahren Vereinsgeschichte auf ihre Arbeit f\u00fcr Wikipedia, Wikidata und Wikibase konzentrieren k\u00f6nnen.<\/p>\n<\/div>\n<\/div><\/div>\n\n\n\n<div class='outer-container'><div class='default'>\n<div class=\"bb-text-image-float-block\" id=\"block_b0b3cfa152896f0e49bb4426cc2d2817\">\n\n  \n  <div class=\"clearfix\">\n    \n      <div class=\"md:float-right md:ml-5 mb-2 md:mb-0\">\n        \n            <div class=\"bb-image-block\">\n    <figure class=\"portrait flex justify-center max-h-screen relative overflow-hidden rounded-2xl  no_caption\" role=\"group\">\n        <img loading=\"lazy\" decoding=\"async\" width=\"1080\" height=\"1080\" src=\"https:\/\/www.wikimedia.de\/2023\/wp-content\/uploads\/sites\/38\/2024\/05\/JB_2023_editorial_20jahre.svg\" class=\"md:mt-1 rounded-2xl \" alt=\"Grafik einer Geburtstagstorte mit einer 20 und dem Wikimedia Deutschland Logo\" style=\"width: 300px;\" sizes=\"auto,  \" \/>            <\/figure>\n<\/div>\n            \n      <\/div>\n\n          <div class=\"hyphens-auto \">\n      <p>Ja, seit 20 Jahren gibt es Wikimedia Deutschland, den gemeinn\u00fctzigen Verein. Diesen Sommer begehen wir unseren 20. Geburtstag! Es gibt viel zu feiern, weil wir gemeinsam so viel erreicht haben: Was mit einer kleinen Gruppe von Aktiven der deutschen Wikipedia-Community begann, ist heute die gr\u00f6\u00dfte zivilgesellschaftliche Organisation zur F\u00f6rderung Freien Wissens in Deutschland, die inzwischen von weit \u00fcber 100.000 Mitgliedern unterst\u00fctzt wird.<\/p>\n<p>Zu den Schwerpunkten unserer Arbeit z\u00e4hlen die Unterst\u00fctzung der Freiwilligen, die Weiterentwicklung der freien Wissensdatenbank Wikidata sowie der Einsatz f\u00fcr bessere politische Rahmenbedingungen. So machen wir uns in Deutschland und Europa f\u00fcr die freie Weiternutzung von Inhalten stark. Das ist ein z\u00e4hes Ringen, doch durch diesen Einsatz werden zum Beispiel Inhalte des \u00f6ffentlich-rechtlichen Rundfunks zunehmend unter eine freie Lizenz gestellt und so f\u00fcr Wikipedia &amp; Co. nutzbar.<\/p>\n<p>Auch unsere jahrelange, intensive Zusammenarbeit mit Museen, Archiven und wissenschaftlichen Einrichtungen zeigt Wirkung: Mehr und mehr Sch\u00e4tze solcher Institutionen werden f\u00fcr die Allgemeinheit frei zug\u00e4nglich, vornehmlich als Fotos und Videos.<\/p>\n<p>Aber lesen Sie selbst in diesem Bericht \u00fcber unsere wichtigsten Ereignisse, Erfolge und Herausforderungen und bleiben Sie uns wohlgesinnt!<\/p>\n<p><strong>Ihre Alice Wiegand<\/strong><\/p>\n    <\/div>\n  <\/div>\n  <\/div>\n<\/div><\/div>","protected":false},"excerpt":{"rendered":"<p>2023 war f\u00fcr unseren Verein ein Jahr, in dem wir dem Freien Wissen auf vielen wichtigen Plattformen eine Stimme geben konnten. Ob beim Digitalgipfel, beim Global Digital Compact, beim Open Source Summit oder bei der re:publica. Das sind nur einige Beispiele f\u00fcr unsere Pr\u00e4senz auf Konferenzen und in Netzwerken, auf denen Wikimedia im vergangenen Jahr politische und technologische Entscheidungen mit vorangetrieben oder in Frage gestellt hat.<\/p>\n","protected":false},"author":4523,"featured_media":842,"parent":0,"menu_order":0,"comment_status":"closed","ping_status":"closed","template":"","meta":{"_acf_changed":false,"footnotes":""},"categories":[],"class_list":["post-54","page","type-page","status-publish","has-post-thumbnail","hentry"],"acf":[],"lang":"de","translations":{"de":54,"en":858},"pll_sync_post":[],"_links":{"self":[{"href":"https:\/\/www.wikimedia.de\/2023\/wp-json\/wp\/v2\/pages\/54","targetHints":{"allow":["GET"]}}],"collection":[{"href":"https:\/\/www.wikimedia.de\/2023\/wp-json\/wp\/v2\/pages"}],"about":[{"href":"https:\/\/www.wikimedia.de\/2023\/wp-json\/wp\/v2\/types\/page"}],"author":[{"embeddable":true,"href":"https:\/\/www.wikimedia.de\/2023\/wp-json\/wp\/v2\/users\/4523"}],"replies":[{"embeddable":true,"href":"https:\/\/www.wikimedia.de\/2023\/wp-json\/wp\/v2\/comments?post=54"}],"version-history":[{"count":4,"href":"https:\/\/www.wikimedia.de\/2023\/wp-json\/wp\/v2\/pages\/54\/revisions"}],"predecessor-version":[{"id":1235,"href":"https:\/\/www.wikimedia.de\/2023\/wp-json\/wp\/v2\/pages\/54\/revisions\/1235"}],"wp:featuredmedia":[{"embeddable":true,"href":"https:\/\/www.wikimedia.de\/2023\/wp-json\/wp\/v2\/media\/842"}],"wp:attachment":[{"href":"https:\/\/www.wikimedia.de\/2023\/wp-json\/wp\/v2\/media?parent=54"}],"wp:term":[{"taxonomy":"category","embeddable":true,"href":"https:\/\/www.wikimedia.de\/2023\/wp-json\/wp\/v2\/categories?post=54"}],"curies":[{"name":"wp","href":"https:\/\/api.w.org\/{rel}","templated":true}]}}