{"id":11,"date":"2025-04-17T10:24:15","date_gmt":"2025-04-17T08:24:15","guid":{"rendered":"https:\/\/www.wikimedia.de\/2024\/?page_id=11"},"modified":"2025-07-24T15:36:45","modified_gmt":"2025-07-24T13:36:45","slug":"fotogalerie","status":"publish","type":"page","link":"https:\/\/www.wikimedia.de\/2024\/fotogalerie\/","title":{"rendered":"Fotogalerie"},"content":{"rendered":"<div class='outer-container'><div class='default'><div class=\"bb-paragraph-block font-inherit  text-xl lg:text-2xl\">\n    <p>Im Einsatz f\u00fcr Freies Wissen war Wikimedia Deutschland auch 2024 auf zahlreichen Konferenzen, Events und Podiumsveranstaltungen unterwegs. Hier eine Auswahl.<\/p>\n<\/div>\n<\/div><\/div>\n\n\n\n<div class='outer-container'><div class='default'><div class=\"bb-spacer-block h-5 lg:h-10 \">\n\t\n<\/div>\n\n<\/div><\/div>\n\n\n\n<div class='outer-container'><div class='col-span-12'><div id=\"masonry-grid-block_a618a993641dd1ca6a491b4cb1fb75c2\" class=\"block-masonry-grid\">\n      <ul class=\"grid sm:grid-cols-2 lg:grid-cols-3 gap-10 items-start\" x-data x-masonry>\n              \n                  <div class=\"border-4 border-black\">\n                          <div class=\"relative group\">\n                <img loading=\"lazy\" decoding=\"async\" width=\"1024\" height=\"768\" src=\"https:\/\/www.wikimedia.de\/2024\/wp-content\/uploads\/sites\/40\/2025\/05\/IGF-1024x768.jpeg\" class=\"\" alt=\"Vier Personen stehen vor einem Schild mit der Aufschrift \u201eIGF\u201c\" srcset=\"https:\/\/www.wikimedia.de\/2024\/wp-content\/uploads\/sites\/40\/2025\/05\/IGF-1024x768.jpeg 1024w, https:\/\/www.wikimedia.de\/2024\/wp-content\/uploads\/sites\/40\/2025\/05\/IGF-300x225.jpeg 300w, https:\/\/www.wikimedia.de\/2024\/wp-content\/uploads\/sites\/40\/2025\/05\/IGF-768x576.jpeg 768w, https:\/\/www.wikimedia.de\/2024\/wp-content\/uploads\/sites\/40\/2025\/05\/IGF-1536x1152.jpeg 1536w, https:\/\/www.wikimedia.de\/2024\/wp-content\/uploads\/sites\/40\/2025\/05\/IGF.jpeg 1600w\" sizes=\"auto, (max-width: 1024px) 100vw, 1024px\" \/>                                  <div class=\" group-hover:opacity-100 transition duration-300 opacity-0 absolute bottom-0 left-0 w-full bg-black p-2 text-white\">WMDE beim IGF, CC BY-SA 4.0<\/div>\n                              <\/div>\n                                      <div class=\"p-2 bg-24-grass text-black\">Beim IGF-D 2024 diskutierten Vertreter*innen aus\nPolitik, Zivilgesellschaft und Wissenschaft \u00fcber den Global Digital Compact und die Zukunft der internationalen Digitalpolitik \u2013 mit dabei: Wikimedia-Expertin Dr. Friederike von Franqu\u00e9 (links).<\/div>\n                      <\/div>\n                      \n                  <div class=\"border-4 border-black\">\n                          <div class=\"relative group\">\n                <img loading=\"lazy\" decoding=\"async\" width=\"960\" height=\"640\" src=\"https:\/\/www.wikimedia.de\/2024\/wp-content\/uploads\/sites\/40\/2025\/05\/Markus_Richter_at_WMDE_DSC0053.jpg\" class=\"\" alt=\"Markus Richter bet\u00e4tigt eine Pumpe. Statt Wasser ist dort ein Bildschirm, welcher Daten anzeigt.\" srcset=\"https:\/\/www.wikimedia.de\/2024\/wp-content\/uploads\/sites\/40\/2025\/05\/Markus_Richter_at_WMDE_DSC0053.jpg 960w, https:\/\/www.wikimedia.de\/2024\/wp-content\/uploads\/sites\/40\/2025\/05\/Markus_Richter_at_WMDE_DSC0053-300x200.jpg 300w, https:\/\/www.wikimedia.de\/2024\/wp-content\/uploads\/sites\/40\/2025\/05\/Markus_Richter_at_WMDE_DSC0053-768x512.jpg 768w\" sizes=\"auto, (max-width: 960px) 100vw, 960px\" \/>                                  <div class=\" group-hover:opacity-100 transition duration-300 opacity-0 absolute bottom-0 left-0 w-full bg-black p-2 text-white\"><a href=\"https:\/\/commons.wikimedia.org\/wiki\/User:Stefan_Kaufmann_(WMDE)\" target=\"_blank\" rel=\"noopener\">Stefan Kaufmann (WMDE)<\/a>, <a href=\"https:\/\/commons.wikimedia.org\/wiki\/File:Markus_Richter_at_WMDE_DSC0053.jpg\" target=\"_blank\" rel=\"noopener\">Markus Richter at WMDE DSC0053<\/a>, <a href=\"https:\/\/creativecommons.org\/licenses\/by-sa\/4.0\/legalcode\" rel=\"license noopener\" target=\"_blank\">CC BY-SA 4.0<\/a><\/div>\n                              <\/div>\n                                      <div class=\"p-2 bg-24-blue text-black\">Markus Richter (rechts), Staatssekret\u00e4r im Bundesinnenministerium, lies bei einem Besuch der Wikimedia-Gesch\u00e4ftsstelle an der Datenpumpe symbolisch Daten statt Wasser flie\u00dfen. In den Gespr\u00e4chen ging es u. a. um die Vorz\u00fcge von offenen Daten und um bessere Rahmenbedingungen f\u00fcr die Zivilgesellschaft.<\/div>\n                      <\/div>\n                      \n                  <div class=\"border-4 border-black\">\n                          <div class=\"relative group\">\n                <img loading=\"lazy\" decoding=\"async\" width=\"1024\" height=\"768\" src=\"https:\/\/www.wikimedia.de\/2024\/wp-content\/uploads\/sites\/40\/2025\/05\/Wikidata-und-Datastax-1024x768.jpg\" class=\"\" alt=\"Lydia Pintscher und Philippe Saad\u00e9 stehen vor einem Poster mit dem Datastax-Logo. Vor ihnen steht eine Nashorn-Figur mit Fl\u00fcgeln.\" srcset=\"https:\/\/www.wikimedia.de\/2024\/wp-content\/uploads\/sites\/40\/2025\/05\/Wikidata-und-Datastax-1024x768.jpg 1024w, https:\/\/www.wikimedia.de\/2024\/wp-content\/uploads\/sites\/40\/2025\/05\/Wikidata-und-Datastax-300x225.jpg 300w, https:\/\/www.wikimedia.de\/2024\/wp-content\/uploads\/sites\/40\/2025\/05\/Wikidata-und-Datastax-768x576.jpg 768w, https:\/\/www.wikimedia.de\/2024\/wp-content\/uploads\/sites\/40\/2025\/05\/Wikidata-und-Datastax-1536x1152.jpg 1536w, https:\/\/www.wikimedia.de\/2024\/wp-content\/uploads\/sites\/40\/2025\/05\/Wikidata-und-Datastax-2048x1536.jpg 2048w\" sizes=\"auto, (max-width: 1024px) 100vw, 1024px\" \/>                                  <div class=\" group-hover:opacity-100 transition duration-300 opacity-0 absolute bottom-0 left-0 w-full bg-black p-2 text-white\">Carter Rabasa, CC BY-SA 4.0<\/div>\n                              <\/div>\n                                      <div class=\"p-2 bg-24-darkblue text-24-egg\">Philippe Saad\u00e9 und Lydia Pintscher von Wikimedia Deutschland stellten auf der AWS re:Invent in Las Vegas ein neues KI-Projekt vor: Gemeinsam mit DataStax arbeiten wir daran, die freien Wissensdaten aus Wikidata so aufzubereiten, dass sie leichter f\u00fcr KI-Anwendungen genutzt werden k\u00f6nnen.<\/div>\n                      <\/div>\n                      \n                  <div class=\"border-4 border-black\">\n                          <div class=\"relative group\">\n                <img loading=\"lazy\" decoding=\"async\" width=\"720\" height=\"540\" src=\"https:\/\/www.wikimedia.de\/2024\/wp-content\/uploads\/sites\/40\/2025\/05\/960px-Gruppenbild_Buendnis_F5_republica_2024-720x540-1.jpeg\" class=\"\" alt=\"Ein Gruppenfoto im Sitzen\" srcset=\"https:\/\/www.wikimedia.de\/2024\/wp-content\/uploads\/sites\/40\/2025\/05\/960px-Gruppenbild_Buendnis_F5_republica_2024-720x540-1.jpeg 720w, https:\/\/www.wikimedia.de\/2024\/wp-content\/uploads\/sites\/40\/2025\/05\/960px-Gruppenbild_Buendnis_F5_republica_2024-720x540-1-300x225.jpeg 300w\" sizes=\"auto, (max-width: 720px) 100vw, 720px\" \/>                                  <div class=\" group-hover:opacity-100 transition duration-300 opacity-0 absolute bottom-0 left-0 w-full bg-black p-2 text-white\">Lilli Iliev (WMDE), Gruppenbild B\u00fcndnis F5, republica 2024, CC0 1.0<\/div>\n                              <\/div>\n                                      <div class=\"p-2 bg-24-secondary text-black\">Auch 2024 durfte das Freie Wissen auf der re:publica in Berlin nicht fehlen. Am Stand von Wikimedia Deutschland und dem B\u00fcndnis F5 wurden aktuelle digitalpolitische Fragen disktuiert. Zahlreiche Politiker*innen kamen vorbei, u. a. Saskia Esken, Steffi Lemke und Sabine Leutheusser-Schnarrenberger.<\/div>\n                      <\/div>\n                      \n                  <div class=\"border-4 border-black\">\n                          <div class=\"relative group\">\n                <img loading=\"lazy\" decoding=\"async\" width=\"932\" height=\"1024\" src=\"https:\/\/www.wikimedia.de\/2024\/wp-content\/uploads\/sites\/40\/2025\/05\/F5-Forderungen-an-Digitalministerkonferenz_1-932x1024.jpeg\" class=\"\" alt=\"Vier Personen schauen in die Kamera und halten ein Plakat mit der Aufschrift \u201eForderungen des B\u00fcndnis F5\u201c hoch.\" srcset=\"https:\/\/www.wikimedia.de\/2024\/wp-content\/uploads\/sites\/40\/2025\/05\/F5-Forderungen-an-Digitalministerkonferenz_1-932x1024.jpeg 932w, https:\/\/www.wikimedia.de\/2024\/wp-content\/uploads\/sites\/40\/2025\/05\/F5-Forderungen-an-Digitalministerkonferenz_1-273x300.jpeg 273w, https:\/\/www.wikimedia.de\/2024\/wp-content\/uploads\/sites\/40\/2025\/05\/F5-Forderungen-an-Digitalministerkonferenz_1-768x844.jpeg 768w, https:\/\/www.wikimedia.de\/2024\/wp-content\/uploads\/sites\/40\/2025\/05\/F5-Forderungen-an-Digitalministerkonferenz_1-1398x1536.jpeg 1398w, https:\/\/www.wikimedia.de\/2024\/wp-content\/uploads\/sites\/40\/2025\/05\/F5-Forderungen-an-Digitalministerkonferenz_1-1864x2048.jpeg 1864w\" sizes=\"auto, (max-width: 932px) 100vw, 932px\" \/>                                  <div class=\" group-hover:opacity-100 transition duration-300 opacity-0 absolute bottom-0 left-0 w-full bg-black p-2 text-white\">Wikimedia Deutschland, CC BY-SA 4.0<\/div>\n                              <\/div>\n                                      <div class=\"p-2 bg-24-primary text-black\">Im Rahmen der ersten Digitalministerkonferenz in Potsdam \u00fcberreichten wir im B\u00fcndnis F5 unsere Forderungen f\u00fcr eine gemeinwohlorientierte Digitalpolitik. Im Bild (v. r. n. l.): Martina Klement (Chief Digital Officer Berlin), Christian Humborg und Lilli Iliev (Wikimedia Deutschland), Kai Dittmann (Gesellschaft f\u00fcr Freiheitsrechte).<\/div>\n                      <\/div>\n                      \n                  <div class=\"border-4 border-black\">\n                          <div class=\"relative group\">\n                <img loading=\"lazy\" decoding=\"async\" width=\"960\" height=\"720\" src=\"https:\/\/www.wikimedia.de\/2024\/wp-content\/uploads\/sites\/40\/2025\/05\/Deutsches_Technikmuseum_Berlin_mit_Rosinenbomber_Luftaufnahme-0035-1.jpg\" class=\"\" alt=\"Eine Luftaufnahme von oben vom Rosinenbomber\" srcset=\"https:\/\/www.wikimedia.de\/2024\/wp-content\/uploads\/sites\/40\/2025\/05\/Deutsches_Technikmuseum_Berlin_mit_Rosinenbomber_Luftaufnahme-0035-1.jpg 960w, https:\/\/www.wikimedia.de\/2024\/wp-content\/uploads\/sites\/40\/2025\/05\/Deutsches_Technikmuseum_Berlin_mit_Rosinenbomber_Luftaufnahme-0035-1-300x225.jpg 300w, https:\/\/www.wikimedia.de\/2024\/wp-content\/uploads\/sites\/40\/2025\/05\/Deutsches_Technikmuseum_Berlin_mit_Rosinenbomber_Luftaufnahme-0035-1-768x576.jpg 768w\" sizes=\"auto, (max-width: 960px) 100vw, 960px\" \/>                                  <div class=\" group-hover:opacity-100 transition duration-300 opacity-0 absolute bottom-0 left-0 w-full bg-black p-2 text-white\">\u00a9 Raimond Spekking \/ CC BY-SA 4.0 (via Wikimedia Commons), <a href=\"https:\/\/commons.wikimedia.org\/wiki\/File:Deutsches_Technikmuseum_Berlin_mit_Rosinenbomber,_Luftaufnahme-0035.jpg\" target=\"_blank\" rel=\"noopener\">Deutsches Technikmuseum Berlin mit Rosinenbomber, Luftaufnahme-0035<\/a>, <a href=\"https:\/\/creativecommons.org\/licenses\/by-sa\/4.0\/legalcode\" rel=\"license noopener\" target=\"_blank\">CC BY-SA 4.0<\/a><\/div>\n                              <\/div>\n                                      <div class=\"p-2 bg-24-grass text-black\">Mit Unterst\u00fctzung von Wikimedia Deutschland durften Wikipedia-Aktive eine Drohne im und \u00fcber dem Deutschen Technikmuseum in Berlin aufsteigen lassen. Entstanden sind beeindruckende Bilder unter freier Lizenz, u. a. vom \u201eRosinenbomber\u201c.<\/div>\n                      <\/div>\n                      \n                  <div class=\"border-4 border-black\">\n                          <div class=\"relative group\">\n                <img loading=\"lazy\" decoding=\"async\" width=\"768\" height=\"1024\" src=\"https:\/\/www.wikimedia.de\/2024\/wp-content\/uploads\/sites\/40\/2025\/05\/Verbot-geometrischer-Gesichtserkennung-768x1024.jpeg\" class=\"\" alt=\"Eine Frau steckt einen gro\u00dfen Umschlag in einen Briefkasten.\" srcset=\"https:\/\/www.wikimedia.de\/2024\/wp-content\/uploads\/sites\/40\/2025\/05\/Verbot-geometrischer-Gesichtserkennung-768x1024.jpeg 768w, https:\/\/www.wikimedia.de\/2024\/wp-content\/uploads\/sites\/40\/2025\/05\/Verbot-geometrischer-Gesichtserkennung-225x300.jpeg 225w, https:\/\/www.wikimedia.de\/2024\/wp-content\/uploads\/sites\/40\/2025\/05\/Verbot-geometrischer-Gesichtserkennung.jpeg 800w\" sizes=\"auto, (max-width: 768px) 100vw, 768px\" \/>                                  <div class=\" group-hover:opacity-100 transition duration-300 opacity-0 absolute bottom-0 left-0 w-full bg-black p-2 text-white\">Lilli Iliev (WMDE), CC BY-SA 4.0<\/div>\n                              <\/div>\n                                      <div class=\"p-2 bg-24-primary text-black\">Gemeinsam mit vielen Organisationen haben wir Abgeordnete des Deutschen Bundestages aufgefordert, sich gegen jede Form der biometischen Fernidentifizierung im \u00f6ffentlichen Raum einzusetzen \u2013 f\u00fcr den Schutz unserer Grundrechte und das Recht auf Anonymit\u00e4t.<\/div>\n                      <\/div>\n                      \n                  <div class=\"border-4 border-black\">\n                          <div class=\"relative group\">\n                <img loading=\"lazy\" decoding=\"async\" width=\"1024\" height=\"768\" src=\"https:\/\/www.wikimedia.de\/2024\/wp-content\/uploads\/sites\/40\/2025\/05\/UN_Gipfel_2-1024x768.jpg\" class=\"\" alt=\"Ein gro\u00dfer Sitzungssaal. An den W\u00e4nden steht \u201eSummit of the Future\u201c.\" srcset=\"https:\/\/www.wikimedia.de\/2024\/wp-content\/uploads\/sites\/40\/2025\/05\/UN_Gipfel_2-1024x768.jpg 1024w, https:\/\/www.wikimedia.de\/2024\/wp-content\/uploads\/sites\/40\/2025\/05\/UN_Gipfel_2-300x225.jpg 300w, https:\/\/www.wikimedia.de\/2024\/wp-content\/uploads\/sites\/40\/2025\/05\/UN_Gipfel_2-768x576.jpg 768w, https:\/\/www.wikimedia.de\/2024\/wp-content\/uploads\/sites\/40\/2025\/05\/UN_Gipfel_2-1536x1152.jpg 1536w, https:\/\/www.wikimedia.de\/2024\/wp-content\/uploads\/sites\/40\/2025\/05\/UN_Gipfel_2-2048x1536.jpg 2048w\" sizes=\"auto, (max-width: 1024px) 100vw, 1024px\" \/>                                  <div class=\" group-hover:opacity-100 transition duration-300 opacity-0 absolute bottom-0 left-0 w-full bg-black p-2 text-white\">Franziska Heine, Summit of the Future 1, CC BY-SA 4.0<\/div>\n                              <\/div>\n                                      <div class=\"p-2 bg-24-darkblue text-24-egg\">Im beeindruckenden Sitzungssaal der UN-Generalversammlung in New York fand im August 2024 der Summit of the Future \u2013 der UN-Zukunftsgipfel \u2013 statt. Mit dabei Wikimedia-Mitarbeitende aus aller Welt. Sie machten sich f\u00fcr digitale Gemeing\u00fcter wie Wikipedia stark \u2013 als wichtige Bausteine f\u00fcr Bildung, Klimaschutz und soziale Gerechtigkeit. Mit Erfolg: Diese finden Ber\u00fccksichtigung im Global Digital Compact.<\/div>\n                      <\/div>\n                      \n                  <div class=\"border-4 border-black\">\n                          <div class=\"relative group\">\n                <img loading=\"lazy\" decoding=\"async\" width=\"1024\" height=\"768\" src=\"https:\/\/www.wikimedia.de\/2024\/wp-content\/uploads\/sites\/40\/2025\/05\/UN_Gipfel_1-1024x768.jpg\" class=\"\" alt=\"Gruppenfoto beim UN-Zukunftsgipfel\" srcset=\"https:\/\/www.wikimedia.de\/2024\/wp-content\/uploads\/sites\/40\/2025\/05\/UN_Gipfel_1-1024x768.jpg 1024w, https:\/\/www.wikimedia.de\/2024\/wp-content\/uploads\/sites\/40\/2025\/05\/UN_Gipfel_1-300x225.jpg 300w, https:\/\/www.wikimedia.de\/2024\/wp-content\/uploads\/sites\/40\/2025\/05\/UN_Gipfel_1-768x576.jpg 768w, https:\/\/www.wikimedia.de\/2024\/wp-content\/uploads\/sites\/40\/2025\/05\/UN_Gipfel_1-1536x1152.jpg 1536w, https:\/\/www.wikimedia.de\/2024\/wp-content\/uploads\/sites\/40\/2025\/05\/UN_Gipfel_1.jpg 2000w\" sizes=\"auto, (max-width: 1024px) 100vw, 1024px\" \/>                                  <div class=\" group-hover:opacity-100 transition duration-300 opacity-0 absolute bottom-0 left-0 w-full bg-black p-2 text-white\">Franziska Heine, Summit of the Future 2, CC BY-SA 4.0<\/div>\n                              <\/div>\n                                      <div class=\"p-2 bg-24-grass text-black\">Mit beim UN-Zukunftsgipfel: Vertreter*innen der weltweiten Wikimedia-Bewegung, darunter Wikipedia-Gr\u00fcnder Jimmy Wales und Franziska Heine, Vorst\u00e4ndin von Wikimedia Deutschland.<\/div>\n                      <\/div>\n                      \n                  <div class=\"border-4 border-black\">\n                          <div class=\"relative group\">\n                <img loading=\"lazy\" decoding=\"async\" width=\"1024\" height=\"683\" src=\"https:\/\/www.wikimedia.de\/2024\/wp-content\/uploads\/sites\/40\/2025\/05\/UNESCO-OER-Weltkongress-1024x683.jpg\" class=\"\" alt=\"Gruppenfoto beim OER Weltkongress\" srcset=\"https:\/\/www.wikimedia.de\/2024\/wp-content\/uploads\/sites\/40\/2025\/05\/UNESCO-OER-Weltkongress-1024x683.jpg 1024w, https:\/\/www.wikimedia.de\/2024\/wp-content\/uploads\/sites\/40\/2025\/05\/UNESCO-OER-Weltkongress-300x200.jpg 300w, https:\/\/www.wikimedia.de\/2024\/wp-content\/uploads\/sites\/40\/2025\/05\/UNESCO-OER-Weltkongress-768x512.jpg 768w, https:\/\/www.wikimedia.de\/2024\/wp-content\/uploads\/sites\/40\/2025\/05\/UNESCO-OER-Weltkongress-1536x1024.jpg 1536w, https:\/\/www.wikimedia.de\/2024\/wp-content\/uploads\/sites\/40\/2025\/05\/UNESCO-OER-Weltkongress-2048x1365.jpg 2048w\" sizes=\"auto, (max-width: 1024px) 100vw, 1024px\" \/>                                  <div class=\" group-hover:opacity-100 transition duration-300 opacity-0 absolute bottom-0 left-0 w-full bg-black p-2 text-white\">UNESCO, OER Weltkongress, Dubai<\/div>\n                              <\/div>\n                                      <div class=\"p-2 bg-24-blue text-black\">Weltweit engagieren sich Menschen f\u00fcr offene Bildung. Viele von ihnen kamen beim 3. UNESCO-Weltkongress in Dubai zusammen. Heike Gleibs (rechts) von Wikimedia Deutschland sprach dort \u00fcber Themen wie Open Education, KI und die Zukunft einer vernetzten Offenheitsbewegung.<\/div>\n                      <\/div>\n                  <\/ul>\n  <\/div>\n<\/div><\/div>","protected":false},"excerpt":{"rendered":"","protected":false},"author":5233,"featured_media":0,"parent":0,"menu_order":0,"comment_status":"closed","ping_status":"closed","template":"","meta":{"_acf_changed":false,"footnotes":""},"categories":[],"class_list":["post-11","page","type-page","status-publish","hentry"],"acf":[],"lang":"de","translations":{"de":11,"en":351},"pll_sync_post":[],"_links":{"self":[{"href":"https:\/\/www.wikimedia.de\/2024\/wp-json\/wp\/v2\/pages\/11","targetHints":{"allow":["GET"]}}],"collection":[{"href":"https:\/\/www.wikimedia.de\/2024\/wp-json\/wp\/v2\/pages"}],"about":[{"href":"https:\/\/www.wikimedia.de\/2024\/wp-json\/wp\/v2\/types\/page"}],"author":[{"embeddable":true,"href":"https:\/\/www.wikimedia.de\/2024\/wp-json\/wp\/v2\/users\/5233"}],"replies":[{"embeddable":true,"href":"https:\/\/www.wikimedia.de\/2024\/wp-json\/wp\/v2\/comments?post=11"}],"version-history":[{"count":5,"href":"https:\/\/www.wikimedia.de\/2024\/wp-json\/wp\/v2\/pages\/11\/revisions"}],"predecessor-version":[{"id":798,"href":"https:\/\/www.wikimedia.de\/2024\/wp-json\/wp\/v2\/pages\/11\/revisions\/798"}],"wp:attachment":[{"href":"https:\/\/www.wikimedia.de\/2024\/wp-json\/wp\/v2\/media?parent=11"}],"wp:term":[{"taxonomy":"category","embeddable":true,"href":"https:\/\/www.wikimedia.de\/2024\/wp-json\/wp\/v2\/categories?post=11"}],"curies":[{"name":"wp","href":"https:\/\/api.w.org\/{rel}","templated":true}]}}