{"id":13,"date":"2025-04-17T10:24:33","date_gmt":"2025-04-17T08:24:33","guid":{"rendered":"https:\/\/www.wikimedia.de\/2024\/?page_id=13"},"modified":"2025-07-24T14:33:20","modified_gmt":"2025-07-24T12:33:20","slug":"jahresbericht-2024","status":"publish","type":"page","link":"https:\/\/www.wikimedia.de\/2024\/","title":{"rendered":"Jahresbericht 2024"},"content":{"rendered":"<div class='outer-container'><div class='col-span-12'><div class=\"@container\">\n    <a href=\"https:\/\/www.wikimedia.de\/2024\/editorial\/\"\n        class=\"acf-teaser my-10 block p-4 transition @xl:flex gap-5 items-center bg-24-grass hover:bg-grass-200 border-black border-4\">\n        <div class=\"@xl:basis-2\/3 @3xl:basis-2\/3\n    order-2    \">\n                        <h2 class=\"text-2xl @3xl:text-4xl\">Editorial<\/h2>\n                            <p class=\"mt-6 lg:mt-10 hidden @3xl:block text-2xl\">2024 hat so deutlich wie nie zuvor gezeigt, wie wichtig der freie Zugang zu verl\u00e4sslichem und gepr\u00fcftem Wissen ist. Weltweit werden die Menschen immer st\u00e4rker durch gezielt gestreute Desinformationen im Internet manipuliert \u2013 sei es im Vorfeld von Wahlen oder im Zusammenhang mit aktuellen Krisen und Kriegen. Gleichzeitig geben gro\u00dfe Social-Media-Plattformen ihre Verantwortung f\u00fcr verl\u00e4ssliche Inhalte auf. Dadurch entsteht ein gef\u00e4hrliches Vakuum, in dem sich Falschinformationen ungehindert verbreiten k\u00f6nnen.<\/p>\n                    <\/div>\n\n                    <div class=\"@xl:basis-1\/3 @3xl:basis-1\/3 order-1\">\n                <div class=\"aspect-w-1 aspect-h-1 bg-24-grass hover:bg-grass-200 border-black border-4 border-none\">\n                    <img loading=\"lazy\" decoding=\"async\" width=\"1185\" height=\"984\" src=\"https:\/\/www.wikimedia.de\/2024\/wp-content\/uploads\/sites\/40\/2025\/05\/Editorial@2x-1.png\" class=\"object-contain w-full h-full p-2 wp-post-image\" alt=\"Foto von Alice Wiegand und Franziska Heine mit Grafik\" srcset=\"https:\/\/www.wikimedia.de\/2024\/wp-content\/uploads\/sites\/40\/2025\/05\/Editorial@2x-1.png 1185w, https:\/\/www.wikimedia.de\/2024\/wp-content\/uploads\/sites\/40\/2025\/05\/Editorial@2x-1-300x249.png 300w, https:\/\/www.wikimedia.de\/2024\/wp-content\/uploads\/sites\/40\/2025\/05\/Editorial@2x-1-1024x850.png 1024w, https:\/\/www.wikimedia.de\/2024\/wp-content\/uploads\/sites\/40\/2025\/05\/Editorial@2x-1-768x638.png 768w\" sizes=\"auto, (max-width: 1185px) 100vw, 1185px\" \/>                <\/div>\n            <\/div>\n            <\/a>\n<\/div>\n<\/div><\/div>\n\n\n\n<div class='outer-container'><div class='col-span-12'><div class=\"@container\">\n    <a href=\"https:\/\/www.wikimedia.de\/2024\/themen\/wikimedia\/\"\n        class=\"acf-teaser my-10 block p-4 transition @xl:flex gap-5 items-center hover:bg-gray\">\n        <div class=\"@xl:basis-2\/3 @3xl:basis-2\/3\n        \">\n                            <h3 class=\"h6\">Wikimedia<\/h3>\n                        <h2 class=\"text-2xl @3xl:text-4xl\">Unser Einsatz f\u00fcr Freies Wissen \u2013 so entscheidend wie nie zuvor<\/h2>\n                            <p class=\"mt-6 lg:mt-10 hidden @3xl:block \">Nie war unser Einsatz f\u00fcr verl\u00e4ssliche Informationen im Netz wichtiger als heute. Mit Fake News werden Wahlk\u00e4mpfe beeinflusst, K\u00fcnstliche Intelligenz erm\u00f6glicht t\u00e4uschend echte F\u00e4lschungen, und Fakten verkommen immer mehr zur Ansichtssache. Jetzt gilt es umso mehr, freie Wissensprojekte wie die Wikipedia als Gegengewicht zu st\u00e4rken! 2024 konnte Wikimedia Deutschland wichtige Weichen stellen \u2013 vom ersten Wikipedia-Zukunftskongress \u00fcber eine neue Strategie f\u00fcr den Verein bis hin zur St\u00e4rkung von digitalen Gemeing\u00fctern auf internationaler Ebene. Was uns besonders freut: Immer mehr Menschen unterst\u00fctzen uns in unserem Engagement f\u00fcr Freies Wissen.<\/p>\n                    <\/div>\n\n                    <div class=\"@xl:basis-1\/3 @3xl:basis-1\/3 \">\n                <div class=\"aspect-w-1 aspect-h-1 bg-24-primary hover:bg-primary-200 border-4 border-black\">\n                    <img loading=\"lazy\" decoding=\"async\" width=\"1281\" height=\"901\" src=\"https:\/\/www.wikimedia.de\/2024\/wp-content\/uploads\/sites\/40\/2025\/05\/Einsatz-fuer-Freies-Wissen_1.png\" class=\"object-contain w-full h-full p-2 wp-post-image\" alt=\"Grafik einer Waage. Auf der rechten, schwereren Seite liegt ein Wikipedia-Ball und ein Schl\u00fcssel. Auf der linken Seite liegt ein unge\u00f6ffnetes Schloss.\" srcset=\"https:\/\/www.wikimedia.de\/2024\/wp-content\/uploads\/sites\/40\/2025\/05\/Einsatz-fuer-Freies-Wissen_1.png 1281w, https:\/\/www.wikimedia.de\/2024\/wp-content\/uploads\/sites\/40\/2025\/05\/Einsatz-fuer-Freies-Wissen_1-300x211.png 300w, https:\/\/www.wikimedia.de\/2024\/wp-content\/uploads\/sites\/40\/2025\/05\/Einsatz-fuer-Freies-Wissen_1-1024x720.png 1024w, https:\/\/www.wikimedia.de\/2024\/wp-content\/uploads\/sites\/40\/2025\/05\/Einsatz-fuer-Freies-Wissen_1-768x540.png 768w\" sizes=\"auto, (max-width: 1281px) 100vw, 1281px\" \/>                <\/div>\n            <\/div>\n            <\/a>\n<\/div>\n<\/div><\/div>\n\n\n\n<div class='outer-container'><div class='col-span-12'><div class=\"@container\">\n    <a href=\"https:\/\/www.wikimedia.de\/2024\/themen\/freiwillige\/\"\n        class=\"acf-teaser my-10 block p-4 transition @xl:flex gap-5 items-center hover:bg-gray\">\n        <div class=\"@xl:basis-2\/3 @3xl:basis-2\/3\n    order-2    \">\n                            <h3 class=\"h6\">Freiwillige<\/h3>\n                        <h2 class=\"text-2xl @3xl:text-4xl\">Gemeinsam sind wir stark \u2013 wie Wikimedia Deutschland die ehrenamtlichen Communitys st\u00e4rkt<\/h2>\n                            <p class=\"mt-6 lg:mt-10 hidden @3xl:block \">In der deutschsprachigen Wikipedia finden t\u00e4glich Millionen Menschen verl\u00e4ssliche Informationen aus gesicherten Quellen: Fakten statt Falschinformationen! Zu verdanken ist das einer starken Community aus Ehrenamtlichen, die ihr Wissen teilen und Wikipedia wachsen lassen \u2013 mit bis zu 400 neuen Artikeln pro Tag. Das alles geht nicht ohne Unterst\u00fctzung. Seit \u00fcber 20 Jahren f\u00f6rdert Wikimedia Deutschland die Arbeit der Ehrenamtlichen und setzt sich daf\u00fcr ein, dass die Community stark ist \u2013 auch 2024 mit Erfolg!<\/p>\n                    <\/div>\n\n                    <div class=\"@xl:basis-1\/3 @3xl:basis-1\/3 order-1\">\n                <div class=\"aspect-w-1 aspect-h-1 bg-24-darkblue hover:bg-darkblue-200 border-4 border-black\">\n                    <img loading=\"lazy\" decoding=\"async\" width=\"1281\" height=\"901\" src=\"https:\/\/www.wikimedia.de\/2024\/wp-content\/uploads\/sites\/40\/2025\/05\/Communities.png\" class=\"object-contain w-full h-full p-2 wp-post-image\" alt=\"Eine Grafik von zwei H\u00e4nden mit erhobenem Zeigefinger. Rechts daneben sind vier bunte Umschl\u00e4ge zu sehen.\" srcset=\"https:\/\/www.wikimedia.de\/2024\/wp-content\/uploads\/sites\/40\/2025\/05\/Communities.png 1281w, https:\/\/www.wikimedia.de\/2024\/wp-content\/uploads\/sites\/40\/2025\/05\/Communities-300x211.png 300w, https:\/\/www.wikimedia.de\/2024\/wp-content\/uploads\/sites\/40\/2025\/05\/Communities-1024x720.png 1024w, https:\/\/www.wikimedia.de\/2024\/wp-content\/uploads\/sites\/40\/2025\/05\/Communities-768x540.png 768w\" sizes=\"auto, (max-width: 1281px) 100vw, 1281px\" \/>                <\/div>\n            <\/div>\n            <\/a>\n<\/div>\n<\/div><\/div>\n\n\n\n<div class='outer-container'><div class='col-span-12'><div class=\"@container\">\n    <a href=\"https:\/\/www.wikimedia.de\/2024\/themen\/rahmenbedingungen\/\"\n        class=\"acf-teaser my-10 block p-4 transition @xl:flex gap-5 items-center hover:bg-gray\">\n        <div class=\"@xl:basis-2\/3 @3xl:basis-2\/3\n        \">\n                            <h3 class=\"h6\">Rahmenbedingungen<\/h3>\n                        <h2 class=\"text-2xl @3xl:text-4xl\">Starke B\u00fcndnisse f\u00fcr Freies Wissen \u2013 unsere Stimme in der Politik<\/h2>\n                            <p class=\"mt-6 lg:mt-10 hidden @3xl:block \">Wie frei Wissen zug\u00e4nglich ist, h\u00e4ngt von politischen Entscheidungen und von rechtlichen Rahmenbedingungen ab. Deswegen k\u00e4mpft Wikimedia Deutschland daf\u00fcr, dass die Politik bessere Rahmenbedingungen f\u00fcr Freies Wissen schafft \u2013 nicht nur in Deutschland, auch auf internationaler Ebene. Auch 2024 haben wir uns bei Entscheidungstr\u00e4ger*innen in Politik, Bildung und Kultur Geh\u00f6r verschafft.<\/p>\n                    <\/div>\n\n                    <div class=\"@xl:basis-1\/3 @3xl:basis-1\/3 \">\n                <div class=\"aspect-w-1 aspect-h-1 bg-24-blue hover:bg-blue-200 border-4 border-black\">\n                    <img loading=\"lazy\" decoding=\"async\" width=\"1281\" height=\"901\" src=\"https:\/\/www.wikimedia.de\/2024\/wp-content\/uploads\/sites\/40\/2025\/05\/Starke-Buendnisse.png\" class=\"object-contain w-full h-full p-2 wp-post-image\" alt=\"Grafik von Plakaten mit Ausrufezeichen und einer geballten Faust.\" srcset=\"https:\/\/www.wikimedia.de\/2024\/wp-content\/uploads\/sites\/40\/2025\/05\/Starke-Buendnisse.png 1281w, https:\/\/www.wikimedia.de\/2024\/wp-content\/uploads\/sites\/40\/2025\/05\/Starke-Buendnisse-300x211.png 300w, https:\/\/www.wikimedia.de\/2024\/wp-content\/uploads\/sites\/40\/2025\/05\/Starke-Buendnisse-1024x720.png 1024w, https:\/\/www.wikimedia.de\/2024\/wp-content\/uploads\/sites\/40\/2025\/05\/Starke-Buendnisse-768x540.png 768w\" sizes=\"auto, (max-width: 1281px) 100vw, 1281px\" \/>                <\/div>\n            <\/div>\n            <\/a>\n<\/div>\n<\/div><\/div>\n\n\n\n<div class='outer-container'><div class='col-span-12'><div class=\"@container\">\n    <a href=\"https:\/\/www.wikimedia.de\/2024\/themen\/software\/\"\n        class=\"acf-teaser my-10 block p-4 transition @xl:flex gap-5 items-center hover:bg-gray\">\n        <div class=\"@xl:basis-2\/3 @3xl:basis-2\/3\n    order-2    \">\n                            <h3 class=\"h6\">Software<\/h3>\n                        <h2 class=\"text-2xl @3xl:text-4xl\">Bit by Bit zu Freiem Wissen \u2013 wie Wikimedia Deutschland die digitale Zukunft mitgestaltet<\/h2>\n                            <p class=\"mt-6 lg:mt-10 hidden @3xl:block \">Freies Wissen braucht freie Software \u2013 denn nur wenn die Werkzeuge, mit denen Wissen gesammelt, strukturiert und geteilt wird, f\u00fcr alle offen zug\u00e4nglich sind, k\u00f6nnen wirklich alle daran teilhaben. Wikimedia Deutschland setzt sich deshalb nicht nur f\u00fcr offene Inhalte ein, sondern entwickelt auch die technischen Grundlagen, die Wissen weltweit verf\u00fcgbar machen. Egal ob offene Schnittstellen, transparente Entwicklung oder kollaborative Zusammenarbeit, auch 2024 hat die Software-Abteilung bei Wikimedia Deutschland mit voller Kraft daran gearbeitet, Freies Wissen als Gemeingut zu st\u00e4rken.<\/p>\n                    <\/div>\n\n                    <div class=\"@xl:basis-1\/3 @3xl:basis-1\/3 order-1\">\n                <div class=\"aspect-w-1 aspect-h-1 bg-24-secondary hover:bg-secondary-200 border-4 border-black\">\n                    <img loading=\"lazy\" decoding=\"async\" width=\"1281\" height=\"901\" src=\"https:\/\/www.wikimedia.de\/2024\/wp-content\/uploads\/sites\/40\/2025\/05\/Bit-by-Bit_1.png\" class=\"object-contain w-full h-full p-2 wp-post-image\" alt=\"Grafik von mehreren, bunten Quadraten.\" srcset=\"https:\/\/www.wikimedia.de\/2024\/wp-content\/uploads\/sites\/40\/2025\/05\/Bit-by-Bit_1.png 1281w, https:\/\/www.wikimedia.de\/2024\/wp-content\/uploads\/sites\/40\/2025\/05\/Bit-by-Bit_1-300x211.png 300w, https:\/\/www.wikimedia.de\/2024\/wp-content\/uploads\/sites\/40\/2025\/05\/Bit-by-Bit_1-1024x720.png 1024w, https:\/\/www.wikimedia.de\/2024\/wp-content\/uploads\/sites\/40\/2025\/05\/Bit-by-Bit_1-768x540.png 768w\" sizes=\"auto, (max-width: 1281px) 100vw, 1281px\" \/>                <\/div>\n            <\/div>\n            <\/a>\n<\/div>\n<\/div><\/div>\n\n\n\n<div class='outer-container'><div class='default'><div class=\"bb-spacer-block h-20 lg:h-40 \">\n\t\n<\/div>\n\n<\/div><\/div>\n\n\n\n<div class='outer-container'><div class='col-span-12'><div id=\"masonry-grid-block_0bab1d73290e62e2a88988975db7fc4b\" class=\"block-masonry-grid\">\n        <\/div>\n<\/div><\/div>\n\n\n\n<div class='outer-container'><div class='default'>\n\n<div data-anchor-title=\"\" class=\"relative bb-headline-block \">\n    <div class=\"anchor-offset\" id=\"\"><\/div>\n        <h2 class=\"default \">\n        <span class=\"\">\n            Events, Podien, Diskussionsrunden 2024        <\/span>\n    <\/h2>\n    <\/div>\n<\/div><\/div>\n\n\n\n<div class='outer-container'><div class='default'><div class=\"bb-paragraph-block font-inherit  text-xl lg:text-2xl\">\n    <p>Im Einsatz f\u00fcr Freies Wissen war Wikimedia Deutschland auch 2024 auf zahlreichen Konferenzen, Events und Podiumsveranstaltungen unterwegs. Einen \u00dcberblick bietet unsere <a href=\"https:\/\/www.wikimedia.de\/2024\/fotogalerie\/\">Fotogalerie<\/a>.<\/p>\n<\/div>\n<\/div><\/div>\n\n\n\n<div class='outer-container'><div class='default'><div class=\"bb-spacer-block h-5 lg:h-10 \">\n\t\n<\/div>\n\n<\/div><\/div>\n\n\n\n<div class='outer-container'><div class='col-span-12'><div id=\"masonry-grid-block_b289020a8fe768bd0b271a3752f1f2d1\" class=\"block-masonry-grid\">\n      <ul class=\"grid sm:grid-cols-2 lg:grid-cols-3 gap-10 items-start\" x-data x-masonry>\n              \n                  <div class=\"border-4 border-black\">\n                          <div class=\"relative group\">\n                <img loading=\"lazy\" decoding=\"async\" width=\"1024\" height=\"768\" src=\"https:\/\/www.wikimedia.de\/2024\/wp-content\/uploads\/sites\/40\/2025\/05\/UN_Gipfel_2-1024x768.jpg\" class=\"\" alt=\"Ein gro\u00dfer Sitzungssaal. An den W\u00e4nden steht \u201eSummit of the Future\u201c.\" srcset=\"https:\/\/www.wikimedia.de\/2024\/wp-content\/uploads\/sites\/40\/2025\/05\/UN_Gipfel_2-1024x768.jpg 1024w, https:\/\/www.wikimedia.de\/2024\/wp-content\/uploads\/sites\/40\/2025\/05\/UN_Gipfel_2-300x225.jpg 300w, https:\/\/www.wikimedia.de\/2024\/wp-content\/uploads\/sites\/40\/2025\/05\/UN_Gipfel_2-768x576.jpg 768w, https:\/\/www.wikimedia.de\/2024\/wp-content\/uploads\/sites\/40\/2025\/05\/UN_Gipfel_2-1536x1152.jpg 1536w, https:\/\/www.wikimedia.de\/2024\/wp-content\/uploads\/sites\/40\/2025\/05\/UN_Gipfel_2-2048x1536.jpg 2048w\" sizes=\"auto, (max-width: 1024px) 100vw, 1024px\" \/>                                  <div class=\" group-hover:opacity-100 transition duration-300 opacity-0 absolute bottom-0 left-0 w-full bg-black p-2 text-white\">Franziska Heine, Summit of the Future 1, CC BY-SA 4.0<\/div>\n                              <\/div>\n                                      <div class=\"p-2 bg-24-blue text-black\">Im beeindruckenden Sitzungssaal der UN-Generalversammlung in New York fand im August 2024 der Summit of the Future \u2013 der UN-Zukunftsgipfel \u2013 statt. Mit dabei Wikimedia-Mitarbeitende aus aller Welt. Sie machten sich f\u00fcr digitale Gemeing\u00fcter wie Wikipedia stark \u2013 als wichtige Bausteine f\u00fcr Bildung, Klimaschutz und soziale Gerechtigkeit. Mit Erfolg: Diese finden Ber\u00fccksichtigung im Global Digital Compact.<\/div>\n                      <\/div>\n                      \n                  <div class=\"border-4 border-black\">\n                          <div class=\"relative group\">\n                <img loading=\"lazy\" decoding=\"async\" width=\"1024\" height=\"768\" src=\"https:\/\/www.wikimedia.de\/2024\/wp-content\/uploads\/sites\/40\/2025\/05\/IGF-1024x768.jpeg\" class=\"\" alt=\"Vier Personen stehen vor einem Schild mit der Aufschrift \u201eIGF\u201c\" srcset=\"https:\/\/www.wikimedia.de\/2024\/wp-content\/uploads\/sites\/40\/2025\/05\/IGF-1024x768.jpeg 1024w, https:\/\/www.wikimedia.de\/2024\/wp-content\/uploads\/sites\/40\/2025\/05\/IGF-300x225.jpeg 300w, https:\/\/www.wikimedia.de\/2024\/wp-content\/uploads\/sites\/40\/2025\/05\/IGF-768x576.jpeg 768w, https:\/\/www.wikimedia.de\/2024\/wp-content\/uploads\/sites\/40\/2025\/05\/IGF-1536x1152.jpeg 1536w, https:\/\/www.wikimedia.de\/2024\/wp-content\/uploads\/sites\/40\/2025\/05\/IGF.jpeg 1600w\" sizes=\"auto, (max-width: 1024px) 100vw, 1024px\" \/>                                  <div class=\" group-hover:opacity-100 transition duration-300 opacity-0 absolute bottom-0 left-0 w-full bg-black p-2 text-white\">WMDE beim IGF, CC BY-SA 4.0<\/div>\n                              <\/div>\n                                      <div class=\"p-2 bg-24-grass text-black\">Beim IGF-D 2024 diskutierten Vertreter*innen aus\nPolitik, Zivilgesellschaft und Wissenschaft \u00fcber den Global Digital Compact und die Zukunft der internationalen Digitalpolitik \u2013 mit dabei: Wikimedia-Expertin Dr. Friederike von Franqu\u00e9 (links).<\/div>\n                      <\/div>\n                      \n                  <div class=\"border-4 border-black\">\n                          <div class=\"relative group\">\n                <img loading=\"lazy\" decoding=\"async\" width=\"1024\" height=\"768\" src=\"https:\/\/www.wikimedia.de\/2024\/wp-content\/uploads\/sites\/40\/2025\/05\/Wikidata-und-Datastax-1024x768.jpg\" class=\"\" alt=\"Lydia Pintscher und Philippe Saad\u00e9 stehen vor einem Poster mit dem Datastax-Logo. Vor ihnen steht eine Nashorn-Figur mit Fl\u00fcgeln.\" srcset=\"https:\/\/www.wikimedia.de\/2024\/wp-content\/uploads\/sites\/40\/2025\/05\/Wikidata-und-Datastax-1024x768.jpg 1024w, https:\/\/www.wikimedia.de\/2024\/wp-content\/uploads\/sites\/40\/2025\/05\/Wikidata-und-Datastax-300x225.jpg 300w, https:\/\/www.wikimedia.de\/2024\/wp-content\/uploads\/sites\/40\/2025\/05\/Wikidata-und-Datastax-768x576.jpg 768w, https:\/\/www.wikimedia.de\/2024\/wp-content\/uploads\/sites\/40\/2025\/05\/Wikidata-und-Datastax-1536x1152.jpg 1536w, https:\/\/www.wikimedia.de\/2024\/wp-content\/uploads\/sites\/40\/2025\/05\/Wikidata-und-Datastax-2048x1536.jpg 2048w\" sizes=\"auto, (max-width: 1024px) 100vw, 1024px\" \/>                                  <div class=\" group-hover:opacity-100 transition duration-300 opacity-0 absolute bottom-0 left-0 w-full bg-black p-2 text-white\">Carter Rabasa, CC BY-SA 4.0<\/div>\n                              <\/div>\n                                      <div class=\"p-2 bg-24-darkblue text-24-egg\">Philippe Saad\u00e9 und Lydia Pintscher von Wikimedia Deutschland stellten auf der AWS re:Invent in Las Vegas ein neues KI-Projekt vor: Gemeinsam mit DataStax arbeiten wir daran, die freien Wissensdaten aus Wikidata so aufzubereiten, dass sie leichter f\u00fcr KI-Anwendungen genutzt werden k\u00f6nnen.<\/div>\n                      <\/div>\n                  <\/ul>\n  <\/div>\n<\/div><\/div>\n\n\n\n<div class='outer-container'><div class='default'><div class=\"bb-spacer-block h-5 lg:h-10 \">\n\t\n<\/div>\n\n<\/div><\/div>","protected":false},"excerpt":{"rendered":"","protected":false},"author":5233,"featured_media":742,"parent":0,"menu_order":0,"comment_status":"closed","ping_status":"closed","template":"","meta":{"_acf_changed":false,"footnotes":""},"categories":[],"class_list":["post-13","page","type-page","status-publish","has-post-thumbnail","hentry"],"acf":[],"lang":"de","translations":{"de":13,"en":62},"pll_sync_post":[],"_links":{"self":[{"href":"https:\/\/www.wikimedia.de\/2024\/wp-json\/wp\/v2\/pages\/13","targetHints":{"allow":["GET"]}}],"collection":[{"href":"https:\/\/www.wikimedia.de\/2024\/wp-json\/wp\/v2\/pages"}],"about":[{"href":"https:\/\/www.wikimedia.de\/2024\/wp-json\/wp\/v2\/types\/page"}],"author":[{"embeddable":true,"href":"https:\/\/www.wikimedia.de\/2024\/wp-json\/wp\/v2\/users\/5233"}],"replies":[{"embeddable":true,"href":"https:\/\/www.wikimedia.de\/2024\/wp-json\/wp\/v2\/comments?post=13"}],"version-history":[{"count":6,"href":"https:\/\/www.wikimedia.de\/2024\/wp-json\/wp\/v2\/pages\/13\/revisions"}],"predecessor-version":[{"id":802,"href":"https:\/\/www.wikimedia.de\/2024\/wp-json\/wp\/v2\/pages\/13\/revisions\/802"}],"wp:featuredmedia":[{"embeddable":true,"href":"https:\/\/www.wikimedia.de\/2024\/wp-json\/wp\/v2\/media\/742"}],"wp:attachment":[{"href":"https:\/\/www.wikimedia.de\/2024\/wp-json\/wp\/v2\/media?parent=13"}],"wp:term":[{"taxonomy":"category","embeddable":true,"href":"https:\/\/www.wikimedia.de\/2024\/wp-json\/wp\/v2\/categories?post=13"}],"curies":[{"name":"wp","href":"https:\/\/api.w.org\/{rel}","templated":true}]}}