{"id":195,"date":"2025-05-22T10:32:46","date_gmt":"2025-05-22T08:32:46","guid":{"rendered":"https:\/\/www.wikimedia.de\/2024\/?page_id=195"},"modified":"2025-07-24T15:19:11","modified_gmt":"2025-07-24T13:19:11","slug":"mittelverwendung","status":"publish","type":"page","link":"https:\/\/www.wikimedia.de\/2024\/finanzen\/mittelverwendung\/","title":{"rendered":"Mittelverwendung"},"content":{"rendered":"<div class='outer-container'><div class='default'>\n\n<figure class=\"wp-block-table\"><table><thead><tr><th><\/th><th>Wikimedia<br>Deutschland<br>e. V.<\/th><th>Gemeinn\u00fctzige<br>Wikimedia<br>F\u00f6rdergesellschaft<br>mbH<\/th><th>Anpassungen<\/th><th>Konsolidiert<\/th><\/tr><\/thead><tbody><tr><td>Erhaltene Spenden<\/td><td>14.705.261 \u20ac<\/td><td>8.791.107 \u20ac<\/td><td>-6.549.916 \u20ac<\/td><td>16.946.452 \u20ac<\/td><\/tr><tr><td>Zuf\u00fchrung Spenden in nicht<br>verbrauchte Spenden<\/td><td>-3.014.137 \u20ac<\/td><td>3.080.909 \u20ac<\/td><td><\/td><td>66.772 \u20ac<\/td><\/tr><tr><td><strong>Spenden (aufwandswirksam)<\/strong><\/td><td><strong>11.691.125 \u20ac<\/strong><\/td><td><strong>11.872.016 \u20ac<\/strong><\/td><td><strong>-6.549.916 \u20ac<\/strong><\/td><td><strong>17.013.224 \u20ac<\/strong><\/td><\/tr><tr><td>Mitgliedsbeitr\u00e4ge<\/td><td>6.159.313 \u20ac<\/td><td><\/td><td><\/td><td>6.159.313 \u20ac<\/td><\/tr><tr><td>Projektf\u00f6rderung Wikimedia Foundation<\/td><td>5.403.213 \u20ac<\/td><td><\/td><td><\/td><td>5.403.213 \u20ac<\/td><\/tr><tr><td>Projektf\u00f6rderung Dritte<\/td><td>1.012.128 \u20ac<\/td><td>438.252 \u20ac<\/td><td><\/td><td>1.450.380 \u20ac<\/td><\/tr><tr><td>Sonstiges<\/td><td>285.199 \u20ac<\/td><td>15.281 \u20ac<\/td><td><\/td><td>300.480 \u20ac<\/td><\/tr><tr><td>Erbschaften<\/td><td>2.343 \u20ac<\/td><td><\/td><td><\/td><td>2.343 \u20ac<\/td><\/tr><tr><td><strong>Ertr\u00e4ge<\/strong><\/td><td><strong>24.553.321 \u20ac<\/strong><\/td><td><strong>12.325.549 \u20ac <\/strong><\/td><td><strong>-6.549.916 \u20ac<\/strong><\/td><td><strong>30.328.954 \u20ac<\/strong><\/td><\/tr><\/tbody><\/table><\/figure>\n\n<\/div><\/div>\n\n\n\n<div class='outer-container'><div class='default'>\n\n<figure class=\"wp-block-table\"><table><thead><tr><th><\/th><th>Wikimedia<br>Deutschland<br>e. V.<\/th><th>Gemeinn\u00fctzige<br>Wikimedia<br>F\u00f6rdergesellschaft<br>mbH<\/th><th>Anpassungen<\/th><th>Konsolidiert<\/th><\/tr><\/thead><tbody><tr><td>Starke Infrastruktur des Freien Wissens<\/td><td>4.495.411 \u20ac<\/td><td><\/td><td><\/td><td>4.495.411 \u20ac<\/td><\/tr><tr><td>Lebendige &amp; best\u00e4ndige Communitys<\/td><td>3.564.068 \u20ac<\/td><td><\/td><td><\/td><td>3.564.068 \u20ac<\/td><\/tr><tr><td>Gr\u00f6\u00dfere Diversit\u00e4t und gleichberechtigte<br>Beteiligung<\/td><td>1.247.774 \u20ac<\/td><td><\/td><td><\/td><td>1.247.774 \u20ac<\/td><\/tr><tr><td>Mehr Nutzung, leichterer Zugang<\/td><td>1.438.167 \u20ac<\/td><td><\/td><td><\/td><td>1.438.167 \u20ac<\/td><\/tr><tr><td>Breite politische &amp; gesellschaftliche<br>Unterst\u00fctzung<\/td><td>984.298 \u20ac<\/td><td><\/td><td><\/td><td>984.298 \u20ac<\/td><\/tr><tr><td>\u00d6ffentlichkeitsarbeit und Werbung<\/td><td>2.876.721 \u20ac<\/td><td>133.822 \u20ac<\/td><td><\/td><td>3.010.542 \u20ac<\/td><\/tr><tr><td>Verwaltungskosten<\/td><td>3.396.966 \u20ac<\/td><td>21.834 \u20ac<\/td><td><\/td><td>3.418.800 \u20ac<\/td><\/tr><tr><td>Mittelweiterleitung<br>Wikimedia Foundation<\/td><td><\/td><td>9.652.264 \u20ac<\/td><td><\/td><td>9.652.264 \u20ac<\/td><\/tr><tr><td>Mittelweiterleitung<br>Wikimedia F\u00f6rdergesellschaft mbH<\/td><td>4.749.916 \u20ac<\/td><td><\/td><td>-4.749.916 \u20ac<\/td><td>0 \u20ac<\/td><\/tr><tr><td>Mittelweiterleitung<br>Wikimedia Deutschland<\/td><td><\/td><td>1.800.000 \u20ac<\/td><td>-1.800.000 \u20ac<\/td><td>0 \u20ac<\/td><\/tr><tr><td>F\u00f6rderung Wikimedia weltweit<\/td><td><\/td><td>717.630 \u20ac<\/td><td><\/td><td>717.630 \u20ac<\/td><\/tr><tr><td><strong>Aufwendungen<\/strong><\/td><td><strong>22.753.321 \u20ac<\/strong><\/td><td><strong>12.325.549 \u20ac<\/strong><\/td><td><strong>-6.549.916 \u20ac<\/strong><\/td><td><strong>28.528.954 \u20ac<\/strong><\/td><\/tr><tr><td>Jahres\u00fcberschuss \/ Einstellung Gewinnr\u00fcck-<br>lage zur langfristigen Verm\u00f6gensst\u00e4rkung<\/td><td>1.800.000 \u20ac<\/td><td>0 \u20ac<\/td><td><\/td><td>1.800.000 \u20ac<\/td><\/tr><\/tbody><\/table><\/figure>\n\n<\/div><\/div>","protected":false},"excerpt":{"rendered":"<p>WikimediaDeutschlande. V. Gemeinn\u00fctzigeWikimediaF\u00f6rdergesellschaftmbH Anpassungen Konsolidiert Erhaltene Spenden 14.705.261 \u20ac 8.791.107 \u20ac -6.549.916 \u20ac 16.946.452 \u20ac Zuf\u00fchrung Spenden in nichtverbrauchte Spenden<a class=\"link\" href=\"https:\/\/www.wikimedia.de\/2024\/finanzen\/mittelverwendung\/\">\u2026<\/a><\/p>\n","protected":false},"author":5289,"featured_media":0,"parent":7,"menu_order":0,"comment_status":"closed","ping_status":"closed","template":"template-finanzen.php","meta":{"_acf_changed":false,"footnotes":""},"categories":[],"class_list":["post-195","page","type-page","status-publish","hentry"],"acf":[],"lang":"de","translations":{"de":195,"en":407},"pll_sync_post":[],"_links":{"self":[{"href":"https:\/\/www.wikimedia.de\/2024\/wp-json\/wp\/v2\/pages\/195","targetHints":{"allow":["GET"]}}],"collection":[{"href":"https:\/\/www.wikimedia.de\/2024\/wp-json\/wp\/v2\/pages"}],"about":[{"href":"https:\/\/www.wikimedia.de\/2024\/wp-json\/wp\/v2\/types\/page"}],"author":[{"embeddable":true,"href":"https:\/\/www.wikimedia.de\/2024\/wp-json\/wp\/v2\/users\/5289"}],"replies":[{"embeddable":true,"href":"https:\/\/www.wikimedia.de\/2024\/wp-json\/wp\/v2\/comments?post=195"}],"version-history":[{"count":5,"href":"https:\/\/www.wikimedia.de\/2024\/wp-json\/wp\/v2\/pages\/195\/revisions"}],"predecessor-version":[{"id":794,"href":"https:\/\/www.wikimedia.de\/2024\/wp-json\/wp\/v2\/pages\/195\/revisions\/794"}],"up":[{"embeddable":true,"href":"https:\/\/www.wikimedia.de\/2024\/wp-json\/wp\/v2\/pages\/7"}],"wp:attachment":[{"href":"https:\/\/www.wikimedia.de\/2024\/wp-json\/wp\/v2\/media?parent=195"}],"wp:term":[{"taxonomy":"category","embeddable":true,"href":"https:\/\/www.wikimedia.de\/2024\/wp-json\/wp\/v2\/categories?post=195"}],"curies":[{"name":"wp","href":"https:\/\/api.w.org\/{rel}","templated":true}]}}