{"id":197,"date":"2025-05-22T10:36:32","date_gmt":"2025-05-22T08:36:32","guid":{"rendered":"https:\/\/www.wikimedia.de\/2024\/?page_id=197"},"modified":"2025-07-24T15:15:22","modified_gmt":"2025-07-24T13:15:22","slug":"finances","status":"publish","type":"page","link":"https:\/\/www.wikimedia.de\/2024\/en\/finances\/","title":{"rendered":"Finances"},"content":{"rendered":"<div class='outer-container'><div class='default'><div class=\"bb-spacer-block h-10 lg:h-20 \">\n\t\n<\/div>\n\n<\/div><\/div>\n\n\n\n<div class='outer-container'><div class='default'>\n\n<div data-anchor-title=\"\" class=\"relative bb-headline-block \">\n    <div class=\"anchor-offset\" id=\"\"><\/div>\n        <h2 class=\"default \">\n        <span class=\"\">\n            Looking back, 2024 was a solid financial year for Wikimedia Deutschland.        <\/span>\n    <\/h2>\n    <\/div>\n<\/div><\/div>\n\n\n\n<div class='outer-container'><div class='default'><div class=\"bb-spacer-block h-2 lg:h-4 \">\n\t\n<\/div>\n\n<\/div><\/div>\n\n\n\n<div class='outer-container'><div class='default'><div class=\"bb-paragraph-block font-inherit  text-xl lg:text-2xl\">\n    <p>Over half a million people made important contributions to the promotion of free knowledge in Germany and across the world, with donations and contributions totaling \u20ac23.1 million.<\/p>\n<\/div>\n<\/div><\/div>\n\n\n\n<div class='outer-container'><div class='default'>\n<div class=\"bb-image-block\">\n            <figure class=\"portrait flex flex-col justify-center relative overflow-hidden rounded-lg md:rounded-2xl no_caption\" role=\"group\">\n        <img decoding=\"async\" width=\"1081\" height=\"1081\" src=\"https:\/\/www.wikimedia.de\/2024\/wp-content\/uploads\/sites\/40\/2025\/05\/Spendenbeitraege-80.jpg\" class=\"h-full w-auto\" alt=\"Infografik mit dem Ergebnis der Spendenkampagne: Spender*innen und Mitglieder: 23.100.000 Euro an Spenden und Beitr\u00e4gen Anzahl der Spender*innen und Mitglieder: 585.654\" sizes=\"auto,  \" loading=\"lazy\" srcset=\"https:\/\/www.wikimedia.de\/2024\/wp-content\/uploads\/sites\/40\/2025\/05\/Spendenbeitraege-80.jpg 1081w, https:\/\/www.wikimedia.de\/2024\/wp-content\/uploads\/sites\/40\/2025\/05\/Spendenbeitraege-80-300x300.jpg 300w, https:\/\/www.wikimedia.de\/2024\/wp-content\/uploads\/sites\/40\/2025\/05\/Spendenbeitraege-80-1024x1024.jpg 1024w, https:\/\/www.wikimedia.de\/2024\/wp-content\/uploads\/sites\/40\/2025\/05\/Spendenbeitraege-80-150x150.jpg 150w, https:\/\/www.wikimedia.de\/2024\/wp-content\/uploads\/sites\/40\/2025\/05\/Spendenbeitraege-80-768x768.jpg 768w\" \/>            <\/figure>\n        <\/div>\n<\/div><\/div>\n\n\n\n<div class='outer-container'><div class='default'><div class=\"bb-spacer-block h-10 lg:h-20 \">\n\t\n<\/div>\n\n<\/div><\/div>\n\n\n\n<div class='outer-container'><div class='default'>\n\n<div data-anchor-title=\"\" class=\"relative bb-headline-block \">\n    <div class=\"anchor-offset\" id=\"\"><\/div>\n        <h3 class=\"default \">\n        <span class=\"\">\n            Revenues        <\/span>\n    <\/h3>\n    <\/div>\n<\/div><\/div>\n\n\n\n<div class='outer-container'><div class='default'>\n\n<div class=\"wp-block-columns is-layout-flex wp-container-core-columns-is-layout-9d6595d7 wp-block-columns-is-layout-flex\">\n\n<div class=\"wp-block-column is-layout-flow wp-block-column-is-layout-flow\" style=\"flex-basis:66.66%\"><div class=\"bb-spacer-block h-2 lg:h-4 \">\n\t\n<\/div>\n\n\n\n\n\n<div class=\"bb-paragraph-block font-inherit  text-xl\">\n    <p>In 2024, revenues rose to EUR 24.6 million (EUR 20.6 million in the previous year). This increase was larger than expected thanks to a greater willingness to donate, which we see in the context of a transformed political situation across the board and, as a result, increased importance of taking positive action for Free Knowledge and open access to information. Thus in nominal terms we took in EUR 11.7 million in the form of donations (previous year: EUR 9.9 million). Income from membership fees rose to EUR 6.2 million (previous year: EUR 5.5); as of March 31, 2025, the number of members had risen\u00a0 to 113,340 (previous year: 111,254). The amount of other revenues increased to EUR 6.7 million (previous year: EUR 5.2 million).<\/p>\n<\/div>\n<\/div>\n\n\n\n\n\n\n\n<div class=\"wp-block-column is-layout-flow wp-block-column-is-layout-flow\" style=\"flex-basis:33.33%\">\n<div class=\"bb-image-block\">\n            <figure class=\"portrait flex flex-col justify-center relative overflow-hidden rounded-lg md:rounded-2xl no_caption\" role=\"group\">\n        <img decoding=\"async\" width=\"801\" height=\"801\" src=\"https:\/\/www.wikimedia.de\/2024\/wp-content\/uploads\/sites\/40\/2025\/05\/v-Kopie-5.png\" class=\"h-full w-auto\" alt=\"Die Infografik stellt die Mitgliederzahlen aus den Jahren 2023 mit 111.254 und 2024 mit 113.340 gegen\u00fcber.\" sizes=\"auto,  \" loading=\"lazy\" srcset=\"https:\/\/www.wikimedia.de\/2024\/wp-content\/uploads\/sites\/40\/2025\/05\/v-Kopie-5.png 801w, https:\/\/www.wikimedia.de\/2024\/wp-content\/uploads\/sites\/40\/2025\/05\/v-Kopie-5-300x300.png 300w, https:\/\/www.wikimedia.de\/2024\/wp-content\/uploads\/sites\/40\/2025\/05\/v-Kopie-5-150x150.png 150w, https:\/\/www.wikimedia.de\/2024\/wp-content\/uploads\/sites\/40\/2025\/05\/v-Kopie-5-768x768.png 768w\" \/>            <\/figure>\n        <\/div>\n\n\n\n\n<div class=\"bb-paragraph-block font-inherit  text-base\">\n    <p><strong>*Stand 31.03. des darauffolgenden Jahres<\/strong><\/p>\n<\/div>\n<\/div>\n\n<\/div>\n\n<\/div><\/div>\n\n\n\n<div class='outer-container'><div class='default'>\n\n<div data-anchor-title=\"\" class=\"relative bb-headline-block \">\n    <div class=\"anchor-offset\" id=\"\"><\/div>\n        <h3 class=\"default \">\n        <span class=\"\">\n            Use of Funds        <\/span>\n    <\/h3>\n    <\/div>\n<\/div><\/div>\n\n\n\n<div class='outer-container'><div class='default'><div class=\"bb-spacer-block h-2 lg:h-4 \">\n\t\n<\/div>\n\n<\/div><\/div>\n\n\n\n<div class='outer-container'><div class='default'><div class=\"bb-paragraph-block font-inherit  text-xl\">\n    <p>Expenses rose to EUR 22.8 million in 2024 (previous year: EUR 20.6 million). Of this, EUR 11.7 million is attributable to personnel expenses (previous year: EUR 10.2 million) and EUR 11.1 million to operating expenses (previous year: EUR 10.4 million). In support of our partners EUR 4.3 million was transferred from the organization to the F\u00f6rdergesellschaft.<\/p>\n<p>The summary &#8220;Use of Funds&#8221; in this report provides a more detailed breakdown of the actual use of funds.<\/p>\n<\/div>\n<\/div><\/div>\n\n\n\n<div class='outer-container'><div class='default'>\n<div class=\"bb-image-block\">\n            <figure class=\"flex flex-col relative  no_caption\" role=\"group\">\n        <img decoding=\"async\" width=\"1921\" height=\"1081\" src=\"https:\/\/www.wikimedia.de\/2024\/wp-content\/uploads\/sites\/40\/2025\/05\/Aufwendungen-80.jpg\" class=\"w-full h-auto rounded-lg md:rounded-2xl\" alt=\"Infografik mit den Aufwendungen des Vereins: Am meisten, etwas mehr als 12 Mio. Euro, wurden als \u201eMittelweiterleitung an WMF und weitere\u201c aufgewendet. Es folgen in dieser Reihenfolge: Starke Infrastruktur des Freien Wissens, Lebendige &amp; best\u00e4ndige Communitys, Verwaltungskosten, \u00d6ffentlichkeitsarbeit und Werbung, Mehr Nutzung &amp; leichterer Zugang, Gr\u00f6\u00dfere Diversit\u00e4t und gleichberechtigte Beteiligung, Breite politische &amp; gesellschaftliche Unterst\u00fctzung.\" sizes=\"auto,  \" loading=\"lazy\" srcset=\"https:\/\/www.wikimedia.de\/2024\/wp-content\/uploads\/sites\/40\/2025\/05\/Aufwendungen-80.jpg 1921w, https:\/\/www.wikimedia.de\/2024\/wp-content\/uploads\/sites\/40\/2025\/05\/Aufwendungen-80-300x169.jpg 300w, https:\/\/www.wikimedia.de\/2024\/wp-content\/uploads\/sites\/40\/2025\/05\/Aufwendungen-80-1024x576.jpg 1024w, https:\/\/www.wikimedia.de\/2024\/wp-content\/uploads\/sites\/40\/2025\/05\/Aufwendungen-80-768x432.jpg 768w, https:\/\/www.wikimedia.de\/2024\/wp-content\/uploads\/sites\/40\/2025\/05\/Aufwendungen-80-1536x864.jpg 1536w\" \/>            <\/figure>\n        <\/div>\n<\/div><\/div>\n\n\n\n<div class='outer-container'><div class='default'><div class=\"bb-spacer-block h-10 lg:h-20 \">\n\t\n<\/div>\n\n<\/div><\/div>\n\n\n\n<div class='outer-container'><div class='default'>\n\n<div data-anchor-title=\"\" class=\"relative bb-headline-block \">\n    <div class=\"anchor-offset\" id=\"\"><\/div>\n        <h3 class=\"default \">\n        <span class=\"\">\n            Annual remuneration of the Executive Board and divisional management        <\/span>\n    <\/h3>\n    <\/div>\n<\/div><\/div>\n\n\n\n<div class='outer-container'><div class='default'><div class=\"bb-spacer-block h-2 lg:h-4 \">\n\t\n<\/div>\n\n<\/div><\/div>\n\n\n\n<div class='outer-container'><div class='default'><div class=\"bb-paragraph-block font-inherit  text-xl\">\n    <p>Each of the executive directors received EUR 141,358.60, and each of the five department heads received 101,058.60.<\/p>\n<p>The amounts for each of these positions are prorated based on a calendar year and for the department heads, in cases of part-time employment, on a 40-hour work week. These amounts represent salary (&#8220;AN-Brutto&#8221;, gross employee wages) as well as all further benefits of monetary value such as retirement plan, BVG ticket, home-office stipend and one-time home-office compensation.<\/p>\n<p>All workers in Germany are eligible for a retirement plan in the form of deferred compensation. Should employees opt into a retirement plan, Wikimedia Deutschland will contribute up to 20% thereof. The executive directors receive no contributions toward a retirement plan.<\/p>\n<\/div>\n<\/div><\/div>\n\n\n\n<div class='outer-container'><div class='default'><div class=\"bb-spacer-block h-5 lg:h-10 \">\n\t\n<\/div>\n\n<\/div><\/div>\n\n\n\n<div class='outer-container'><div class='default'>\n\n<div data-anchor-title=\"\" class=\"relative bb-headline-block \">\n    <div class=\"anchor-offset\" id=\"\"><\/div>\n        <h3 class=\"default \">\n        <span class=\"\">\n            Unused Donations\/Reserves        <\/span>\n    <\/h3>\n    <\/div>\n<\/div><\/div>\n\n\n\n<div class='outer-container'><div class='default'><div class=\"bb-spacer-block h-2 lg:h-4 \">\n\t\n<\/div>\n\n<\/div><\/div>\n\n\n\n<div class='outer-container'><div class='default'><div class=\"bb-paragraph-block font-inherit  text-xl\">\n    <p>Wikimedia Deutschland employs the HFA 21 accounting standard. A unique feature of this standard is that revenue from donations is only posted at the time of the donation\u2019s disbursement. For this reason, the item \u201cUnused Donations\u201d posted under liabilities on the balance sheet is an important benchmark for assessing Wikimedia Deutschland&#8217;s financial situation. This amount increased to EUR 11.6 million (previous year: EUR 8.6 million). The total is shown in full as a tax reserve in accordance with \u00a762 AO of the German Fiscal Code.<\/p>\n<\/div>\n<\/div><\/div>\n\n\n\n<div class='outer-container'><div class='default'>\n\n<div class=\"wp-block-columns is-layout-flex wp-container-core-columns-is-layout-9d6595d7 wp-block-columns-is-layout-flex\">\n\n<div class=\"wp-block-column is-layout-flow wp-block-column-is-layout-flow\"><div class=\"bb-spacer-block h-10 lg:h-20 \">\n\t\n<\/div>\n\n<\/div>\n\n\n\n\n\n\n\n<div class=\"wp-block-column is-layout-flow wp-block-column-is-layout-flow\"><\/div>\n\n<\/div>\n\n<\/div><\/div>\n\n\n\n<div class='outer-container'><div class='default'>\n\n<div class=\"wp-block-columns is-layout-flex wp-container-core-columns-is-layout-9d6595d7 wp-block-columns-is-layout-flex\">\n\n<div class=\"wp-block-column is-layout-flow wp-block-column-is-layout-flow\" style=\"flex-basis:66.66%\">\n\n<div data-anchor-title=\"\" class=\"relative bb-headline-block \">\n    <div class=\"anchor-offset\" id=\"\"><\/div>\n        <h3 class=\"default \">\n        <span class=\"\">\n            Gemeinn\u00fctzige Wikimedia F\u00f6rdergesellschaft mbH (WMFG)        <\/span>\n    <\/h3>\n    <\/div>\n\n\n\n\n<div class=\"bb-spacer-block h-2 lg:h-4 \">\n\t\n<\/div>\n\n\n\n\n\n<div class=\"bb-paragraph-block font-inherit  text-xl\">\n    <p>Although since 2023 the task of raising donation funds has fallen to the organization itself, the Gemeinn\u00fctzige Wikimedia F\u00f6rdergesellschaft mbH, a 100% subsidiary of the organization, forwards funds to our partners. Personnel and material expenses fell to EUR 0.2 million (previous year: EUR 0.6 million). EUR 9.7 million (previous year: EUR 8.9 million) was forwarded to the Wikimedia Foundation in the USA, and EUR 0.7 million to our other partners. The F\u00f6rdergesellschaft&#8217;s unused donations fell to EUR 0.2 million (previous year: EUR 3.3 million).<\/p>\n<\/div>\n<\/div>\n\n\n\n\n\n\n\n<div class=\"wp-block-column is-layout-flow wp-block-column-is-layout-flow\" style=\"flex-basis:33.33%\">\n<div class=\"bb-image-block\">\n            <figure class=\"portrait flex flex-col justify-center relative overflow-hidden rounded-lg md:rounded-2xl no_caption\" role=\"group\">\n        <img decoding=\"async\" width=\"801\" height=\"801\" src=\"https:\/\/www.wikimedia.de\/2024\/wp-content\/uploads\/sites\/40\/2025\/05\/v-Kopie-6.png\" class=\"h-full w-auto\" alt=\"Grafik von zwei Balken. Der rechte Balken ist ein weniger h\u00f6her und beschriftet mit 10.369.894\u20ac und 2024. Der linke Balken ist beschriftet mit 9.363.224\u20ac und 2023.\" sizes=\"auto,  \" loading=\"lazy\" srcset=\"https:\/\/www.wikimedia.de\/2024\/wp-content\/uploads\/sites\/40\/2025\/05\/v-Kopie-6.png 801w, https:\/\/www.wikimedia.de\/2024\/wp-content\/uploads\/sites\/40\/2025\/05\/v-Kopie-6-300x300.png 300w, https:\/\/www.wikimedia.de\/2024\/wp-content\/uploads\/sites\/40\/2025\/05\/v-Kopie-6-150x150.png 150w, https:\/\/www.wikimedia.de\/2024\/wp-content\/uploads\/sites\/40\/2025\/05\/v-Kopie-6-768x768.png 768w\" \/>            <\/figure>\n        <\/div>\n<\/div>\n\n<\/div>\n\n<\/div><\/div>\n\n\n\n<div class='outer-container'><div class='default'>\n\n<div data-anchor-title=\"\" class=\"relative bb-headline-block \">\n    <div class=\"anchor-offset\" id=\"\"><\/div>\n        <h3 class=\"default \">\n        <span class=\"\">\n            Overview: Revenue and Use of Funds        <\/span>\n    <\/h3>\n    <\/div>\n<\/div><\/div>\n\n\n\n<div class='outer-container'><div class='default'><div class=\"bb-spacer-block h-2 lg:h-4 \">\n\t\n<\/div>\n\n<\/div><\/div>\n\n\n\n<div class='outer-container'><div class='default'><div class=\"bb-paragraph-block font-inherit  text-xl\">\n    <p>The vast majority of Wikimedia Deutschland&#8217;s funding comes from donations and contributions from 585,654 individual supporters. These EUR 17 million in donations received in 2024 and EUR 6.2 million in contributions grant us financial security and independence.<\/p>\n<p>Like many other fundraising organizations, Wikimedia Deutschland strives to maximize funds used for substantive work while minimizing the costs of activities related to public relations, advertising and administration. Nevertheless, the latter activities are necessary and meaningful as they help organize the use of funds as well as providing accountability and transparency. The expenses for public relations, advertising and administration of Wikimedia Deutschland and the Gemeinn\u00fctzige Wikimedia F\u00f6rdergesellschaft amounted to EUR 6.4 million in 2024 (previous year: EUR 6.0 million). This constitutes 21.2 percent of the total expenses of both organizations (previous year: 23.5 percent).<\/p>\n<\/div>\n<\/div><\/div>\n\n\n\n<div class='outer-container'><div class='default'>\n<div class=\"bb-image-block\">\n            <figure class=\"flex flex-col relative  no_caption\" role=\"group\">\n        <img decoding=\"async\" width=\"1921\" height=\"1081\" src=\"https:\/\/www.wikimedia.de\/2024\/wp-content\/uploads\/sites\/40\/2025\/05\/Ertaege-80.jpg\" class=\"w-full h-auto rounded-lg md:rounded-2xl\" alt=\"Infografik der Ertr\u00e4ge und Mittelverwendung.\" sizes=\"auto,  \" loading=\"lazy\" srcset=\"https:\/\/www.wikimedia.de\/2024\/wp-content\/uploads\/sites\/40\/2025\/05\/Ertaege-80.jpg 1921w, https:\/\/www.wikimedia.de\/2024\/wp-content\/uploads\/sites\/40\/2025\/05\/Ertaege-80-300x169.jpg 300w, https:\/\/www.wikimedia.de\/2024\/wp-content\/uploads\/sites\/40\/2025\/05\/Ertaege-80-1024x576.jpg 1024w, https:\/\/www.wikimedia.de\/2024\/wp-content\/uploads\/sites\/40\/2025\/05\/Ertaege-80-768x432.jpg 768w, https:\/\/www.wikimedia.de\/2024\/wp-content\/uploads\/sites\/40\/2025\/05\/Ertaege-80-1536x864.jpg 1536w\" \/>            <\/figure>\n        <\/div>\n<\/div><\/div>\n\n\n\n<div class='outer-container'><div class='default'><div class=\"bb-spacer-block h-10 lg:h-20 \">\n\t\n<\/div>\n\n<\/div><\/div>\n\n\n\n<div class='outer-container'><div class='default'>\n\n<div data-anchor-title=\"\" class=\"relative bb-headline-block \">\n    <div class=\"anchor-offset\" id=\"\"><\/div>\n        <h3 class=\"default \">\n        <span class=\"\">\n            Auditing        <\/span>\n    <\/h3>\n    <\/div>\n<\/div><\/div>\n\n\n\n<div class='outer-container'><div class='default'><div class=\"bb-spacer-block h-2 lg:h-4 \">\n\t\n<\/div>\n\n<\/div><\/div>\n\n\n\n<div class='outer-container'><div class='default'><div class=\"bb-paragraph-block font-inherit  text-xl\">\n    <p>Wikimedia Deutschland voluntarily allows audits of its financial position, financial performance and cash flow as well as its internal processes. The audit of Wikimedia Deutschland Gesellschaft zur F\u00f6rderung Freien Wissens e. V. and Gemeinn\u00fctzige Wikimedia F\u00f6rdergesellschaft mbH was conducted by Solidaris Revisions-GmbH Wirtschaftspr\u00fcfungsgesellschaft and was completed in March 2025. The auditor\u2019s report concludes with an unqualified opinion. According to the auditor\u2019s report, the financial statements of both organizations, <a href=\"https:\/\/commons.wikimedia.org\/wiki\/File:Best%C3%A4tigungsvermerk_WMDE_2024.pdf\" target=\"_blank\" rel=\"noopener\">Wikimedia Deutschland<\/a> and <a href=\"https:\/\/commons.wikimedia.org\/wiki\/File:Best%C3%A4tigungsvermerk_WMFG_2024.pdf\" target=\"_blank\" rel=\"noopener\">Wikimedia F\u00f6rdergesellschaft<\/a>, were presented in a complete and conscientious manner, and the audit concluded fully without objection.<\/p>\n<\/div>\n<\/div><\/div>\n\n\n\n<div class='outer-container'><div class='default'><div class=\"bb-spacer-block h-5 lg:h-10 \">\n\t\n<\/div>\n\n<\/div><\/div>","protected":false},"excerpt":{"rendered":"","protected":false},"author":5289,"featured_media":737,"parent":0,"menu_order":0,"comment_status":"closed","ping_status":"closed","template":"","meta":{"_acf_changed":false,"footnotes":""},"categories":[],"class_list":["post-197","page","type-page","status-publish","has-post-thumbnail","hentry"],"acf":[],"lang":"en","translations":{"en":197,"de":7},"pll_sync_post":[],"_links":{"self":[{"href":"https:\/\/www.wikimedia.de\/2024\/wp-json\/wp\/v2\/pages\/197","targetHints":{"allow":["GET"]}}],"collection":[{"href":"https:\/\/www.wikimedia.de\/2024\/wp-json\/wp\/v2\/pages"}],"about":[{"href":"https:\/\/www.wikimedia.de\/2024\/wp-json\/wp\/v2\/types\/page"}],"author":[{"embeddable":true,"href":"https:\/\/www.wikimedia.de\/2024\/wp-json\/wp\/v2\/users\/5289"}],"replies":[{"embeddable":true,"href":"https:\/\/www.wikimedia.de\/2024\/wp-json\/wp\/v2\/comments?post=197"}],"version-history":[{"count":6,"href":"https:\/\/www.wikimedia.de\/2024\/wp-json\/wp\/v2\/pages\/197\/revisions"}],"predecessor-version":[{"id":789,"href":"https:\/\/www.wikimedia.de\/2024\/wp-json\/wp\/v2\/pages\/197\/revisions\/789"}],"wp:featuredmedia":[{"embeddable":true,"href":"https:\/\/www.wikimedia.de\/2024\/wp-json\/wp\/v2\/media\/737"}],"wp:attachment":[{"href":"https:\/\/www.wikimedia.de\/2024\/wp-json\/wp\/v2\/media?parent=197"}],"wp:term":[{"taxonomy":"category","embeddable":true,"href":"https:\/\/www.wikimedia.de\/2024\/wp-json\/wp\/v2\/categories?post=197"}],"curies":[{"name":"wp","href":"https:\/\/api.w.org\/{rel}","templated":true}]}}