{"id":335,"date":"2025-05-22T17:39:03","date_gmt":"2025-05-22T15:39:03","guid":{"rendered":"https:\/\/www.wikimedia.de\/2024\/?page_id=335"},"modified":"2025-07-24T16:21:09","modified_gmt":"2025-07-24T14:21:09","slug":"wikimedia-deutschland-e-v","status":"publish","type":"page","link":"https:\/\/www.wikimedia.de\/2024\/finanzen\/wikimedia-deutschland-e-v\/","title":{"rendered":"Wikimedia Deutschland e. V."},"content":{"rendered":"<div class='outer-container'><div class='default'>\n\n<div data-anchor-title=\"\" class=\"relative bb-headline-block \">\n    <div class=\"anchor-offset\" id=\"\"><\/div>\n        <h3 class=\"default \">\n        <span class=\"\">\n            Bilanz        <\/span>\n    <\/h3>\n    <\/div>\n<\/div><\/div>\n\n\n\n<div class='outer-container'><div class='default'>\n\n<div data-anchor-title=\"\" class=\"relative bb-headline-block \">\n    <div class=\"anchor-offset\" id=\"\"><\/div>\n        <h4 class=\"default \">\n        <span class=\"\">\n            Aktiva        <\/span>\n    <\/h4>\n    <\/div>\n<\/div><\/div>\n\n\n\n<div class='outer-container'><div class='default'>\n\n<figure class=\"wp-block-table finance-table\"><table><thead><tr><th><\/th><th class=\"has-text-align-right\" data-align=\"right\">31.12.2024<\/th><th class=\"has-text-align-right\" data-align=\"right\">31.12.2023<\/th><th class=\"has-text-align-right\" data-align=\"right\"><strong>31.12.20<\/strong>22<\/th><\/tr><\/thead><tbody><tr><td><strong>Anlageverm\u00f6gen<\/strong><\/td><td class=\"has-text-align-right\" data-align=\"right\"><\/td><td class=\"has-text-align-right\" data-align=\"right\"><\/td><td class=\"has-text-align-right\" data-align=\"right\"><\/td><\/tr><tr><td>Immaterielle Verm\u00f6gensgegenst\u00e4nde<\/td><td class=\"has-text-align-right\" data-align=\"right\">2.574 \u20ac<\/td><td class=\"has-text-align-right\" data-align=\"right\">2.574 \u20ac<\/td><td class=\"has-text-align-right\" data-align=\"right\">1.662 \u20ac<\/td><\/tr><tr><td>Sachanlagen<\/td><td class=\"has-text-align-right\" data-align=\"right\">462.207 \u20ac<\/td><td class=\"has-text-align-right\" data-align=\"right\">198.049 \u20ac<\/td><td class=\"has-text-align-right\" data-align=\"right\">320.912 \u20ac<\/td><\/tr><tr><td>Finanzanlagen<\/td><td class=\"has-text-align-right\" data-align=\"right\">25.655 \u20ac<\/td><td class=\"has-text-align-right\" data-align=\"right\">25.655 \u20ac<\/td><td class=\"has-text-align-right\" data-align=\"right\">25.665 \u20ac<\/td><\/tr><\/tbody><\/table><\/figure>\n\n<\/div><\/div>\n\n\n\n<div class='outer-container'><div class='default'>\n\n<figure class=\"wp-block-table finance-table\"><table><tbody><tr><td><strong>Umlaufverm\u00f6gen<\/strong><\/td><td class=\"has-text-align-right\" data-align=\"right\"><\/td><td class=\"has-text-align-right\" data-align=\"right\"><\/td><td class=\"has-text-align-right\" data-align=\"right\"><\/td><\/tr><tr><td>Forderungen aus<br>Mittelweitergabe\u00adverpflichtungen<\/td><td class=\"has-text-align-right\" data-align=\"right\">0 \u20ac<\/td><td class=\"has-text-align-right\" data-align=\"right\">0 \u20ac<\/td><td class=\"has-text-align-right\" data-align=\"right\">235.339 \u20ac<\/td><\/tr><tr><td>Forderungen aus Lieferungen<br>und Leistungen<\/td><td class=\"has-text-align-right\" data-align=\"right\">1.662 \u20ac<\/td><td class=\"has-text-align-right\" data-align=\"right\">28.838 \u20ac<\/td><td class=\"has-text-align-right\" data-align=\"right\">39.734 \u20ac<\/td><\/tr><tr><td>Sonstige<br>Verm\u00f6gensgegenst\u00e4nde<\/td><td class=\"has-text-align-right\" data-align=\"right\">510.115\u20ac5  \u20ac<\/td><td class=\"has-text-align-right\" data-align=\"right\">335.678 \u20ac<\/td><td class=\"has-text-align-right\" data-align=\"right\">265.652 \u20ac<\/td><\/tr><tr><td>Wertpapiere<\/td><td class=\"has-text-align-right\" data-align=\"right\">5.001.723 \u20ac<\/td><td class=\"has-text-align-right\" data-align=\"right\">1.241.625 \u20ac<\/td><td class=\"has-text-align-right\" data-align=\"right\">0 \u20ac<\/td><\/tr><tr><td>Kassenbestand<br>und Bankguthaben<\/td><td class=\"has-text-align-right\" data-align=\"right\">11.064.537 \u20ac<\/td><td class=\"has-text-align-right\" data-align=\"right\">10.801.374 \u20ac<\/td><td class=\"has-text-align-right\" data-align=\"right\">9.656.716 \u20ac<\/td><\/tr><\/tbody><\/table><\/figure>\n\n<\/div><\/div>\n\n\n\n<div class='outer-container'><div class='default'>\n\n<figure class=\"wp-block-table finance-table\"><table><tbody><tr><td><strong>Rechnungsabgrenzungsposten<\/strong><\/td><td class=\"has-text-align-right\" data-align=\"right\">38.499 \u20ac<\/td><td class=\"has-text-align-right\" data-align=\"right\">46.170 \u20ac<\/td><td class=\"has-text-align-right\" data-align=\"right\">46.189 \u20ac<\/td><\/tr><\/tbody><\/table><\/figure>\n\n<\/div><\/div>\n\n\n\n<div class='outer-container'><div class='default'>\n\n<figure class=\"wp-block-table finance-table\"><table><tbody><tr><td><strong>Bilanzsumme<\/strong><\/td><td class=\"has-text-align-right\" data-align=\"right\"><strong>17.106.973 \u20ac<\/strong><\/td><td class=\"has-text-align-right\" data-align=\"right\"><strong>12.679.963 \u20ac<\/strong><\/td><td class=\"has-text-align-right\" data-align=\"right\"><strong>10.591.859 \u20ac<\/strong><\/td><\/tr><\/tbody><\/table><\/figure>\n\n<\/div><\/div>\n\n\n\n<div class='outer-container'><div class='default'><div class=\"bb-spacer-block h-5 lg:h-10 \">\n\t\n<\/div>\n\n<\/div><\/div>\n\n\n\n<div class='outer-container'><div class='default'>\n\n<div data-anchor-title=\"\" class=\"relative bb-headline-block \">\n    <div class=\"anchor-offset\" id=\"\"><\/div>\n        <h4 class=\"default \">\n        <span class=\"\">\n            Passiva        <\/span>\n    <\/h4>\n    <\/div>\n<\/div><\/div>\n\n\n\n<div class='outer-container'><div class='default'>\n\n<figure class=\"wp-block-table finance-table\"><table><thead><tr><th><\/th><th class=\"has-text-align-right\" data-align=\"right\">31.12.2024<\/th><th class=\"has-text-align-right\" data-align=\"right\">31.12.2023<\/th><th class=\"has-text-align-right\" data-align=\"right\"><strong>31.12.20<\/strong>22<\/th><\/tr><\/thead><tbody><tr><td><strong>Eigenkapital<\/strong><\/td><td class=\"has-text-align-right\" data-align=\"right\"><\/td><td class=\"has-text-align-right\" data-align=\"right\"><\/td><td class=\"has-text-align-right\" data-align=\"right\"><\/td><\/tr><tr><td>Andere Gewinnr\u00fccklagen<\/td><td class=\"has-text-align-right\" data-align=\"right\">1.800.000 \u20ac<\/td><td class=\"has-text-align-right\" data-align=\"right\">0 \u20ac<\/td><td class=\"has-text-align-right\" data-align=\"right\">0 \u20ac<\/td><\/tr><tr><td><strong>Noch nicht verbrauchte<br>Spendenmittel<\/strong><\/td><td class=\"has-text-align-right\" data-align=\"right\">11.598.291 \u20ac<\/td><td class=\"has-text-align-right\" data-align=\"right\">8.584.155 \u20ac<\/td><td class=\"has-text-align-right\" data-align=\"right\">37.767.460 \u20ac<\/td><\/tr><tr><td><em>davon steuerliche R\u00fccklagen nach \u00a762 AO<\/em><\/td><td class=\"has-text-align-right\" data-align=\"right\"><em>11.598.291 \u20ac<\/em><\/td><td class=\"has-text-align-right\" data-align=\"right\"><em>8.584.155 \u20ac<\/em><\/td><td class=\"has-text-align-right\" data-align=\"right\"><em>7.767.460 \u20ac<\/em><\/td><\/tr><\/tbody><\/table><\/figure>\n\n<\/div><\/div>\n\n\n\n<div class='outer-container'><div class='default'>\n\n<figure class=\"wp-block-table finance-table\"><table><tbody><tr><td><strong>R\u00fcckstellungen<\/strong><\/td><td class=\"has-text-align-right\" data-align=\"right\"><\/td><td class=\"has-text-align-right\" data-align=\"right\"><\/td><td class=\"has-text-align-right\" data-align=\"right\"><\/td><\/tr><tr><td>Steuerr\u00fcckstellungen<\/td><td class=\"has-text-align-right\" data-align=\"right\">76 \u20ac<\/td><td class=\"has-text-align-right\" data-align=\"right\">777 \u20ac<\/td><td class=\"has-text-align-right\" data-align=\"right\">38 \u20ac<\/td><\/tr><tr><td>Sonstige R\u00fcckstellungen<\/td><td class=\"has-text-align-right\" data-align=\"right\">987.233 \u20ac<\/td><td class=\"has-text-align-right\" data-align=\"right\">893.456 \u20ac<\/td><td class=\"has-text-align-right\" data-align=\"right\">583.260 \u20ac<\/td><\/tr><\/tbody><\/table><\/figure>\n\n<\/div><\/div>\n\n\n\n<div class='outer-container'><div class='default'>\n\n<figure class=\"wp-block-table finance-table\"><table><tbody><tr><td><strong>Verbindlichkeiten<\/strong><\/td><td class=\"has-text-align-right\" data-align=\"right\"><\/td><td class=\"has-text-align-right\" data-align=\"right\"><\/td><td class=\"has-text-align-right\" data-align=\"right\"><\/td><\/tr><tr><td>Verbindlichkeiten gegen\u00fcber<br>Kreditinstituten<\/td><td class=\"has-text-align-right\" data-align=\"right\">17.388 \u20ac<\/td><td class=\"has-text-align-right\" data-align=\"right\">0 \u20ac<\/td><td class=\"has-text-align-right\" data-align=\"right\">0 \u20ac<\/td><\/tr><tr><td>Erhaltene Anzahlungen<\/td><td class=\"has-text-align-right\" data-align=\"right\">1.952.252 \u20ac<\/td><td class=\"has-text-align-right\" data-align=\"right\">1.720.184 \u20ac<\/td><td class=\"has-text-align-right\" data-align=\"right\">1.459.025 \u20ac<\/td><\/tr><tr><td>Aus Lieferungen und Leistungen<\/td><td class=\"has-text-align-right\" data-align=\"right\">332.183 \u20ac<\/td><td class=\"has-text-align-right\" data-align=\"right\">275.296 \u20ac<\/td><td class=\"has-text-align-right\" data-align=\"right\">203.084 \u20ac<\/td><\/tr><tr><td>Verbindlichkeiten gegen\u00fcber<br>Unternehmen, mit denen ein<br>Beteiligungsverh\u00e4ltnis besteht<\/td><td class=\"has-text-align-right\" data-align=\"right\">0 \u20ac<\/td><td class=\"has-text-align-right\" data-align=\"right\">120.530 \u20ac<\/td><td class=\"has-text-align-right\" data-align=\"right\">0 \u20ac<\/td><\/tr><tr><td>Sonstige Verbindlichkeiten<\/td><td class=\"has-text-align-right\" data-align=\"right\">419.550 \u20ac<\/td><td class=\"has-text-align-right\" data-align=\"right\">1.085.565 \u20ac<\/td><td class=\"has-text-align-right\" data-align=\"right\">578.992 \u20ac<\/td><\/tr><\/tbody><\/table><\/figure>\n\n<\/div><\/div>\n\n\n\n<div class='outer-container'><div class='default'>\n\n<figure class=\"wp-block-table finance-table\"><table><tbody><tr><td><strong>Rechnungsabgrenzungsposten<\/strong><\/td><td class=\"has-text-align-right\" data-align=\"right\">0 \u20ac<\/td><td class=\"has-text-align-right\" data-align=\"right\">0 \u20ac<\/td><td class=\"has-text-align-right\" data-align=\"right\">0 \u20ac<\/td><\/tr><\/tbody><\/table><\/figure>\n\n<\/div><\/div>\n\n\n\n<div class='outer-container'><div class='default'>\n\n<figure class=\"wp-block-table finance-table\"><table><tbody><tr><td><strong>Bilanzsumme<\/strong><\/td><td class=\"has-text-align-right\" data-align=\"right\"><strong>17.106.973 \u20ac<\/strong><\/td><td class=\"has-text-align-right\" data-align=\"right\"><strong>12.679.963 \u20ac<\/strong><\/td><td class=\"has-text-align-right\" data-align=\"right\"><strong>10.591.859 \u20ac<\/strong><\/td><\/tr><\/tbody><\/table><\/figure>\n\n<\/div><\/div>\n\n\n\n<div class='outer-container'><div class='default'><div class=\"bb-spacer-block h-5 lg:h-10 \">\n\t\n<\/div>\n\n<\/div><\/div>\n\n\n\n<div class='outer-container'><div class='default'>\n\n<div data-anchor-title=\"\" class=\"relative bb-headline-block \">\n    <div class=\"anchor-offset\" id=\"\"><\/div>\n        <h4 class=\"default \">\n        <span class=\"\">\n            Gewinn- und Verlustrechnung        <\/span>\n    <\/h4>\n    <\/div>\n<\/div><\/div>\n\n\n\n<div class='outer-container'><div class='default'>\n\n<figure class=\"wp-block-table finance-table\"><table><thead><tr><th><\/th><th class=\"has-text-align-right\" data-align=\"right\">31.12.2024<\/th><th class=\"has-text-align-right\" data-align=\"right\">31.12.2023<\/th><th class=\"has-text-align-right\" data-align=\"right\"><strong>31.12.20<\/strong>22<\/th><\/tr><\/thead><tbody><tr><td>Spendenertr\u00e4ge<\/td><td class=\"has-text-align-right\" data-align=\"right\">11.693.468 \u20ac<\/td><td class=\"has-text-align-right\" data-align=\"right\">9.911.780 \u20ac<\/td><td class=\"has-text-align-right\" data-align=\"right\">3.444.931 \u20ac<\/td><\/tr><tr><td>Mitgliedsbeitr\u00e4ge<\/td><td class=\"has-text-align-right\" data-align=\"right\">6.159.313 \u20ac<\/td><td class=\"has-text-align-right\" data-align=\"right\">5.536.268 \u20ac<\/td><td class=\"has-text-align-right\" data-align=\"right\">5.112.661 \u20ac<\/td><\/tr><tr><td>\u00dcbrige Erl\u00f6se<\/td><td class=\"has-text-align-right\" data-align=\"right\">6.415.341 \u20ac<\/td><td class=\"has-text-align-right\" data-align=\"right\">4.998.265 \u20ac<\/td><td class=\"has-text-align-right\" data-align=\"right\">3.953.209 \u20ac<\/td><\/tr><tr><td>Sonstige betriebliche Ertr\u00e4ge<\/td><td class=\"has-text-align-right\" data-align=\"right\">202.987 \u20ac<\/td><td class=\"has-text-align-right\" data-align=\"right\">171.329 \u20ac<\/td><td class=\"has-text-align-right\" data-align=\"right\">184.155 \u20ac<\/td><\/tr><tr><td>Ertr\u00e4ge aus anderen Wertpapieren<br>und sonstige Zinsen<\/td><td class=\"has-text-align-right\" data-align=\"right\">81.475 \u20ac<\/td><td class=\"has-text-align-right\" data-align=\"right\">26.911 \u20ac<\/td><td class=\"has-text-align-right\" data-align=\"right\">3.040 \u20ac<\/td><\/tr><tr><td><strong>Summe Ertr\u00e4ge<\/strong><\/td><td class=\"has-text-align-right\" data-align=\"right\"><strong>24.552.584 \u20ac<\/strong><\/td><td class=\"has-text-align-right\" data-align=\"right\"><strong>20.644.554 \u20ac<\/strong><\/td><td class=\"has-text-align-right\" data-align=\"right\"><strong>12.697.996 \u20ac<\/strong><\/td><\/tr><\/tbody><\/table><\/figure>\n\n<\/div><\/div>\n\n\n\n<div class='outer-container'><div class='default'>\n\n<figure class=\"wp-block-table finance-table\"><table><tbody><tr><td>Aufwendungen aus Mittelweitergabe<\/td><td class=\"has-text-align-right\" data-align=\"right\">-4.885.766 \u20ac<\/td><td class=\"has-text-align-right\" data-align=\"right\">-4.881.256 \u20ac<\/td><td class=\"has-text-align-right\" data-align=\"right\">-420.212 \u20ac<\/td><\/tr><tr><td>Personalaufwendungen<\/td><td class=\"has-text-align-right\" data-align=\"right\">-11.681.546 \u20ac<\/td><td class=\"has-text-align-right\" data-align=\"right\">-10.212.428 \u20ac<\/td><td class=\"has-text-align-right\" data-align=\"right\">-7.989.290 \u20ac<\/td><\/tr><tr><td>Abschreibungen<\/td><td class=\"has-text-align-right\" data-align=\"right\">-268.730 \u20ac<\/td><td class=\"has-text-align-right\" data-align=\"right\">-218.224 \u20ac<\/td><td class=\"has-text-align-right\" data-align=\"right\">-230.110 \u20ac<\/td><\/tr><tr><td>Sonstige betriebliche Aufwendungen<\/td><td class=\"has-text-align-right\" data-align=\"right\">-5.914.412 \u20ac<\/td><td class=\"has-text-align-right\" data-align=\"right\">-5.318.185 \u20ac<\/td><td class=\"has-text-align-right\" data-align=\"right\">-4.056.172 \u20ac<\/td><\/tr><tr><td><strong>Summe Aufwendungen aus<br>gew\u00f6hnlicher Gesch\u00e4ftst\u00e4tigkeit<\/strong><\/td><td class=\"has-text-align-right\" data-align=\"right\"><strong>-22.750.454 \u20ac<\/strong><\/td><td class=\"has-text-align-right\" data-align=\"right\"><strong>-20.630.094 <\/strong>\u20ac<\/td><td class=\"has-text-align-right\" data-align=\"right\"><strong>-12.695.785 \u20ac<\/strong><\/td><\/tr><\/tbody><\/table><\/figure>\n\n<\/div><\/div>\n\n\n\n<div class='outer-container'><div class='default'>\n\n<figure class=\"wp-block-table finance-table\"><table><tbody><tr><td>Abschreibungen auf Finanzanlagen und<br>auf Wertpapiere des Umlaufverm\u00f6gens<\/td><td class=\"has-text-align-right\" data-align=\"right\">-2.700 \u20ac<\/td><td class=\"has-text-align-right\" data-align=\"right\">-8.375 \u20ac<\/td><td class=\"has-text-align-right\" data-align=\"right\">0 \u20ac<\/td><\/tr><tr><td>Zinsen und \u00e4hnliche Aufwendungen<\/td><td class=\"has-text-align-right\" data-align=\"right\">-167 \u20ac<\/td><td class=\"has-text-align-right\" data-align=\"right\">-4.688 \u20ac<\/td><td class=\"has-text-align-right\" data-align=\"right\">-3.726 \u20ac<\/td><\/tr><tr><td>Steuern vom Einkommen und Ertrag<\/td><td class=\"has-text-align-right\" data-align=\"right\">737 \u20ac<\/td><td class=\"has-text-align-right\" data-align=\"right\">-1.396 \u20ac<\/td><td class=\"has-text-align-right\" data-align=\"right\">1.515 \u20ac<\/td><\/tr><\/tbody><\/table><\/figure>\n\n<\/div><\/div>\n\n\n\n<div class='outer-container'><div class='default'>\n\n<figure class=\"wp-block-table finance-table\"><table><tbody><tr><td><strong>Jahres\u00fcberschuss<\/strong><\/td><td class=\"has-text-align-right\" data-align=\"right\"><strong>1.800.000 <\/strong>\u20ac<\/td><td class=\"has-text-align-right\" data-align=\"right\"><strong>0 \u20ac<\/strong><\/td><td class=\"has-text-align-right\" data-align=\"right\"><strong>0 \u20ac<\/strong><\/td><\/tr><tr><td>Einstellungen in<br>satzungsm\u00e4\u00dfige R\u00fccklagen<\/td><td class=\"has-text-align-right\" data-align=\"right\">-1.800.000 \u20ac<\/td><td class=\"has-text-align-right\" data-align=\"right\">0 \u20ac<\/td><td class=\"has-text-align-right\" data-align=\"right\">0 \u20ac<\/td><\/tr><\/tbody><\/table><\/figure>\n\n<\/div><\/div>","protected":false},"excerpt":{"rendered":"<p>31.12.2024 31.12.2023 31.12.2022 Anlageverm\u00f6gen Immaterielle Verm\u00f6gensgegenst\u00e4nde 2.574 \u20ac 2.574 \u20ac 1.662 \u20ac Sachanlagen 462.207 \u20ac 198.049 \u20ac 320.912 \u20ac Finanzanlagen<a class=\"link\" href=\"https:\/\/www.wikimedia.de\/2024\/finanzen\/wikimedia-deutschland-e-v\/\">\u2026<\/a><\/p>\n","protected":false},"author":5233,"featured_media":0,"parent":7,"menu_order":0,"comment_status":"closed","ping_status":"closed","template":"template-finanzen.php","meta":{"_acf_changed":false,"footnotes":""},"categories":[],"class_list":["post-335","page","type-page","status-publish","hentry"],"acf":[],"lang":"de","translations":{"de":335,"en":426},"pll_sync_post":[],"_links":{"self":[{"href":"https:\/\/www.wikimedia.de\/2024\/wp-json\/wp\/v2\/pages\/335","targetHints":{"allow":["GET"]}}],"collection":[{"href":"https:\/\/www.wikimedia.de\/2024\/wp-json\/wp\/v2\/pages"}],"about":[{"href":"https:\/\/www.wikimedia.de\/2024\/wp-json\/wp\/v2\/types\/page"}],"author":[{"embeddable":true,"href":"https:\/\/www.wikimedia.de\/2024\/wp-json\/wp\/v2\/users\/5233"}],"replies":[{"embeddable":true,"href":"https:\/\/www.wikimedia.de\/2024\/wp-json\/wp\/v2\/comments?post=335"}],"version-history":[{"count":6,"href":"https:\/\/www.wikimedia.de\/2024\/wp-json\/wp\/v2\/pages\/335\/revisions"}],"predecessor-version":[{"id":795,"href":"https:\/\/www.wikimedia.de\/2024\/wp-json\/wp\/v2\/pages\/335\/revisions\/795"}],"up":[{"embeddable":true,"href":"https:\/\/www.wikimedia.de\/2024\/wp-json\/wp\/v2\/pages\/7"}],"wp:attachment":[{"href":"https:\/\/www.wikimedia.de\/2024\/wp-json\/wp\/v2\/media?parent=335"}],"wp:term":[{"taxonomy":"category","embeddable":true,"href":"https:\/\/www.wikimedia.de\/2024\/wp-json\/wp\/v2\/categories?post=335"}],"curies":[{"name":"wp","href":"https:\/\/api.w.org\/{rel}","templated":true}]}}