{"id":337,"date":"2025-05-22T17:39:28","date_gmt":"2025-05-22T15:39:28","guid":{"rendered":"https:\/\/www.wikimedia.de\/2024\/?page_id=337"},"modified":"2025-07-24T15:32:07","modified_gmt":"2025-07-24T13:32:07","slug":"wikimedia-foerdergesellschaft","status":"publish","type":"page","link":"https:\/\/www.wikimedia.de\/2024\/finanzen\/wikimedia-foerdergesellschaft\/","title":{"rendered":"Wikimedia F\u00f6rdergesellschaft"},"content":{"rendered":"<div class='outer-container'><div class='default'>\n\n<div data-anchor-title=\"\" class=\"relative bb-headline-block \">\n    <div class=\"anchor-offset\" id=\"\"><\/div>\n        <h3 class=\"default \">\n        <span class=\"\">\n            Bilanz        <\/span>\n    <\/h3>\n    <\/div>\n<\/div><\/div>\n\n\n\n<div class='outer-container'><div class='default'>\n\n<div data-anchor-title=\"\" class=\"relative bb-headline-block \">\n    <div class=\"anchor-offset\" id=\"\"><\/div>\n        <h4 class=\"default \">\n        <span class=\"\">\n            Aktiva        <\/span>\n    <\/h4>\n    <\/div>\n<\/div><\/div>\n\n\n\n<div class='outer-container'><div class='default'>\n\n<figure class=\"wp-block-table finance-table\"><table><thead><tr><th><\/th><th class=\"has-text-align-right\" data-align=\"right\">31.12.2024<\/th><th class=\"has-text-align-right\" data-align=\"right\">31.12.2023<\/th><th class=\"has-text-align-right\" data-align=\"right\"><strong>31.12.20<\/strong>22<\/th><\/tr><\/thead><tbody><tr><td><strong>Anlageverm\u00f6gen<\/strong><\/td><td class=\"has-text-align-right\" data-align=\"right\"><\/td><td class=\"has-text-align-right\" data-align=\"right\"><\/td><td class=\"has-text-align-right\" data-align=\"right\"><\/td><\/tr><tr><td>Immaterielle Verm\u00f6gensgegenst\u00e4nde<\/td><td class=\"has-text-align-right\" data-align=\"right\">0 \u20ac<\/td><td class=\"has-text-align-right\" data-align=\"right\">0 \u20ac<\/td><td class=\"has-text-align-right\" data-align=\"right\">0 \u20ac<\/td><\/tr><tr><td>Sachanlagen<\/td><td class=\"has-text-align-right\" data-align=\"right\">0 \u20ac<\/td><td class=\"has-text-align-right\" data-align=\"right\">0 \u20ac<\/td><td class=\"has-text-align-right\" data-align=\"right\">0 \u20ac<\/td><\/tr><\/tbody><\/table><\/figure>\n\n<\/div><\/div>\n\n\n\n<div class='outer-container'><div class='default'>\n\n<figure class=\"wp-block-table finance-table\"><table><tbody><tr><td><strong>Umlaufverm\u00f6gen<\/strong><\/td><td class=\"has-text-align-right\" data-align=\"right\"><\/td><td class=\"has-text-align-right\" data-align=\"right\"><\/td><td class=\"has-text-align-right\" data-align=\"right\"><\/td><\/tr><tr><td>Forderungen und sonstige<br>Verm\u00f6gensgegenst\u00e4nde<\/td><td class=\"has-text-align-right\" data-align=\"right\">10.329 \u20ac<\/td><td class=\"has-text-align-right\" data-align=\"right\">128.075 \u20ac<\/td><td class=\"has-text-align-right\" data-align=\"right\">83.640 \u20ac<\/td><\/tr><tr><td>Bankguthaben<\/td><td class=\"has-text-align-right\" data-align=\"right\">598.725 \u20ac<\/td><td class=\"has-text-align-right\" data-align=\"right\">3.573.065 \u20ac<\/td><td class=\"has-text-align-right\" data-align=\"right\">11.268.204 \u20ac<\/td><\/tr><\/tbody><\/table><\/figure>\n\n<\/div><\/div>\n\n\n\n<div class='outer-container'><div class='default'>\n\n<figure class=\"wp-block-table finance-table\"><table><tbody><tr><td><strong>Rechnungsabgrenzungsposten<\/strong><\/td><td class=\"has-text-align-right\" data-align=\"right\">0 \u20ac<\/td><td class=\"has-text-align-right\" data-align=\"right\">0 \u20ac<\/td><td class=\"has-text-align-right\" data-align=\"right\">1.266 \u20ac<\/td><\/tr><\/tbody><\/table><\/figure>\n\n<\/div><\/div>\n\n\n\n<div class='outer-container'><div class='default'>\n\n<figure class=\"wp-block-table finance-table\"><table><tbody><tr><td><strong>Bilanzsumme<\/strong><\/td><td class=\"has-text-align-right\" data-align=\"right\"><strong>609.053 \u20ac<\/strong><\/td><td class=\"has-text-align-right\" data-align=\"right\"><strong>3.701.140 \u20ac<\/strong><\/td><td class=\"has-text-align-right\" data-align=\"right\"><strong>11.353.110 \u20ac<\/strong><\/td><\/tr><\/tbody><\/table><\/figure>\n\n<\/div><\/div>\n\n\n\n<div class='outer-container'><div class='default'><div class=\"bb-spacer-block h-5 lg:h-10 \">\n\t\n<\/div>\n\n<\/div><\/div>\n\n\n\n<div class='outer-container'><div class='default'>\n\n<div data-anchor-title=\"\" class=\"relative bb-headline-block \">\n    <div class=\"anchor-offset\" id=\"\"><\/div>\n        <h4 class=\"default \">\n        <span class=\"\">\n            Passiva        <\/span>\n    <\/h4>\n    <\/div>\n<\/div><\/div>\n\n\n\n<div class='outer-container'><div class='default'>\n\n<figure class=\"wp-block-table finance-table\"><table><thead><tr><th><\/th><th class=\"has-text-align-right\" data-align=\"right\">31.12.2024<\/th><th class=\"has-text-align-right\" data-align=\"right\">31.12.2023<\/th><th class=\"has-text-align-right\" data-align=\"right\"><strong>31.12.20<\/strong>22<\/th><\/tr><\/thead><tbody><tr><td><strong>Eigenkapital<\/strong><\/td><td class=\"has-text-align-right\" data-align=\"right\"><\/td><td class=\"has-text-align-right\" data-align=\"right\"><\/td><td class=\"has-text-align-right\" data-align=\"right\"><\/td><\/tr><tr><td>Gezeichnetes Kapital<\/td><td class=\"has-text-align-right\" data-align=\"right\">25.000 \u20ac<\/td><td class=\"has-text-align-right\" data-align=\"right\">25.000 \u20ac<\/td><td class=\"has-text-align-right\" data-align=\"right\">25.000 \u20ac<\/td><\/tr><tr><td>Gewinnr\u00fccklagen<\/td><td class=\"has-text-align-right\" data-align=\"right\">310.881 \u20ac<\/td><td class=\"has-text-align-right\" data-align=\"right\">310.881 \u20ac<\/td><td class=\"has-text-align-right\" data-align=\"right\">310.881 \u20ac<\/td><\/tr><\/tbody><\/table><\/figure>\n\n<\/div><\/div>\n\n\n\n<div class='outer-container'><div class='default'>\n\n<figure class=\"wp-block-table finance-table\"><table><tbody><tr><td>Noch nicht verbrauchte Spendenmittel<\/td><td class=\"has-text-align-right\" data-align=\"right\">188.267 \u20ac<\/td><td class=\"has-text-align-right\" data-align=\"right\">3.269.175 \u20ac<\/td><td class=\"has-text-align-right\" data-align=\"right\">3.383.326 \u20ac<\/td><\/tr><\/tbody><\/table><\/figure>\n\n<\/div><\/div>\n\n\n\n<div class='outer-container'><div class='default'>\n\n<figure class=\"wp-block-table finance-table\"><table><tbody><tr><td><strong>R\u00fcckstellungen<\/strong><\/td><td class=\"has-text-align-right\" data-align=\"right\"><strong>76.820 \u20ac<\/strong><\/td><td class=\"has-text-align-right\" data-align=\"right\"><strong>87.665 \u20ac<\/strong><\/td><td class=\"has-text-align-right\" data-align=\"right\"><strong>364.241 \u20ac<\/strong><\/td><\/tr><\/tbody><\/table><\/figure>\n\n<\/div><\/div>\n\n\n\n<div class='outer-container'><div class='default'>\n\n<figure class=\"wp-block-table finance-table\"><table><tbody><tr><td><strong>Verbindlichkeiten<\/strong><\/td><td class=\"has-text-align-right\" data-align=\"right\"><\/td><td class=\"has-text-align-right\" data-align=\"right\"><\/td><td class=\"has-text-align-right\" data-align=\"right\"><\/td><\/tr><tr><td>Aus Mittelweitergabe\u00adverpflichtungen<\/td><td class=\"has-text-align-right\" data-align=\"right\">0 \u20ac<\/td><td class=\"has-text-align-right\" data-align=\"right\">0 \u20ac<\/td><td class=\"has-text-align-right\" data-align=\"right\">7.251.015 \u20ac<\/td><\/tr><tr><td>Aus Lieferungen und Leistungen<\/td><td class=\"has-text-align-right\" data-align=\"right\">2.903 \u20ac<\/td><td class=\"has-text-align-right\" data-align=\"right\">5.232 \u20ac<\/td><td class=\"has-text-align-right\" data-align=\"right\">10.275 \u20ac<\/td><\/tr><tr><td>Sonstige Verbindlichkeiten<\/td><td class=\"has-text-align-right\" data-align=\"right\">5.182 \u20ac<\/td><td class=\"has-text-align-right\" data-align=\"right\">3.186 \u20ac<\/td><td class=\"has-text-align-right\" data-align=\"right\">8.372 \u20ac<\/td><\/tr><\/tbody><\/table><\/figure>\n\n<\/div><\/div>\n\n\n\n<div class='outer-container'><div class='default'>\n\n<figure class=\"wp-block-table finance-table\"><table><tbody><tr><td><strong>Bilanzsumme<\/strong><\/td><td class=\"has-text-align-right\" data-align=\"right\"><strong>609.053 \u20ac<\/strong><\/td><td class=\"has-text-align-right\" data-align=\"right\"><strong>3.701.140 \u20ac<\/strong><\/td><td class=\"has-text-align-right\" data-align=\"right\"><strong>11.353.110 \u20ac<\/strong><\/td><\/tr><\/tbody><\/table><\/figure>\n\n<\/div><\/div>\n\n\n\n<div class='outer-container'><div class='default'><div class=\"bb-spacer-block h-5 lg:h-10 \">\n\t\n<\/div>\n\n<\/div><\/div>\n\n\n\n<div class='outer-container'><div class='default'>\n\n<div data-anchor-title=\"\" class=\"relative bb-headline-block \">\n    <div class=\"anchor-offset\" id=\"\"><\/div>\n        <h4 class=\"default \">\n        <span class=\"\">\n            Gewinn- und Verlustrechnung        <\/span>\n    <\/h4>\n    <\/div>\n<\/div><\/div>\n\n\n\n<div class='outer-container'><div class='default'>\n\n<figure class=\"wp-block-table finance-table\"><table><thead><tr><th><\/th><th class=\"has-text-align-right\" data-align=\"right\">31.12.2024<\/th><th class=\"has-text-align-right\" data-align=\"right\">31.12.2023<\/th><th class=\"has-text-align-right\" data-align=\"right\"><strong>31.12.20<\/strong>22<\/th><\/tr><\/thead><tbody><tr><td>Spendenertr\u00e4ge<\/td><td class=\"has-text-align-right\" data-align=\"right\">12.310.268 \u20ac<\/td><td class=\"has-text-align-right\" data-align=\"right\">9.814.426 \u20ac<\/td><td class=\"has-text-align-right\" data-align=\"right\">10.601.779 \u20ac<\/td><\/tr><tr><td>Sonstige betriebliche Ertr\u00e4ge<\/td><td class=\"has-text-align-right\" data-align=\"right\">6.211 \u20ac<\/td><td class=\"has-text-align-right\" data-align=\"right\">137.324 \u20ac<\/td><td class=\"has-text-align-right\" data-align=\"right\">12.539 \u20ac<\/td><\/tr><tr><td>Sonstige Zinsen und \u00e4hnliche Ertr\u00e4ge<\/td><td class=\"has-text-align-right\" data-align=\"right\">9.071 \u20ac<\/td><td class=\"has-text-align-right\" data-align=\"right\">12.003 \u20ac<\/td><td class=\"has-text-align-right\" data-align=\"right\">0 \u20ac<\/td><\/tr><\/tbody><\/table><\/figure>\n\n<\/div><\/div>\n\n\n\n<div class='outer-container'><div class='default'>\n\n<figure class=\"wp-block-table finance-table\"><table><tbody><tr><td>Aufwendungen aus Mittelweitergabe<\/td><td class=\"has-text-align-right\" data-align=\"right\">-12.161.894 \u20ac<\/td><td class=\"has-text-align-right\" data-align=\"right\">-9.363.224 \u20ac<\/td><td class=\"has-text-align-right\" data-align=\"right\">-9.159.061 \u20ac<\/td><\/tr><tr><td>Personalaufwendungen<\/td><td class=\"has-text-align-right\" data-align=\"right\">-12.388 \u20ac<\/td><td class=\"has-text-align-right\" data-align=\"right\">-295.634 \u20ac<\/td><td class=\"has-text-align-right\" data-align=\"right\">-575.556 \u20ac<\/td><\/tr><tr><td>Sonstige betriebliche Aufwendungen<\/td><td class=\"has-text-align-right\" data-align=\"right\">-151.268 \u20ac<\/td><td class=\"has-text-align-right\" data-align=\"right\">&#8211;304.894 \u20ac<\/td><td class=\"has-text-align-right\" data-align=\"right\">-879.700 \u20ac<\/td><\/tr><\/tbody><\/table><\/figure>\n\n<\/div><\/div>\n\n\n\n<div class='outer-container'><div class='default'>\n\n<figure class=\"wp-block-table finance-table\"><table><tbody><tr><td><strong>Jahres\u00fcberschuss<\/strong><\/td><td class=\"has-text-align-right\" data-align=\"right\"><strong>0 <\/strong>\u20ac<\/td><td class=\"has-text-align-right\" data-align=\"right\"><strong>0<\/strong> \u20ac<\/td><td class=\"has-text-align-right\" data-align=\"right\"><strong>0 \u20ac<\/strong><\/td><\/tr><tr><td>Einstellungen in<br>Gewinnr\u00fccklagen<\/td><td class=\"has-text-align-right\" data-align=\"right\">0 \u20ac<\/td><td class=\"has-text-align-right\" data-align=\"right\">0 \u20ac<\/td><td class=\"has-text-align-right\" data-align=\"right\">0 \u20ac<\/td><\/tr><\/tbody><\/table><\/figure>\n\n<\/div><\/div>","protected":false},"excerpt":{"rendered":"<p>31.12.2024 31.12.2023 31.12.2022 Anlageverm\u00f6gen Immaterielle Verm\u00f6gensgegenst\u00e4nde 0 \u20ac 0 \u20ac 0 \u20ac Sachanlagen 0 \u20ac 0 \u20ac 0 \u20ac Umlaufverm\u00f6gen<a class=\"link\" href=\"https:\/\/www.wikimedia.de\/2024\/finanzen\/wikimedia-foerdergesellschaft\/\">\u2026<\/a><\/p>\n","protected":false},"author":5233,"featured_media":0,"parent":7,"menu_order":0,"comment_status":"closed","ping_status":"closed","template":"template-finanzen.php","meta":{"_acf_changed":false,"footnotes":""},"categories":[],"class_list":["post-337","page","type-page","status-publish","hentry"],"acf":[],"lang":"de","translations":{"de":337,"en":430},"pll_sync_post":[],"_links":{"self":[{"href":"https:\/\/www.wikimedia.de\/2024\/wp-json\/wp\/v2\/pages\/337","targetHints":{"allow":["GET"]}}],"collection":[{"href":"https:\/\/www.wikimedia.de\/2024\/wp-json\/wp\/v2\/pages"}],"about":[{"href":"https:\/\/www.wikimedia.de\/2024\/wp-json\/wp\/v2\/types\/page"}],"author":[{"embeddable":true,"href":"https:\/\/www.wikimedia.de\/2024\/wp-json\/wp\/v2\/users\/5233"}],"replies":[{"embeddable":true,"href":"https:\/\/www.wikimedia.de\/2024\/wp-json\/wp\/v2\/comments?post=337"}],"version-history":[{"count":4,"href":"https:\/\/www.wikimedia.de\/2024\/wp-json\/wp\/v2\/pages\/337\/revisions"}],"predecessor-version":[{"id":797,"href":"https:\/\/www.wikimedia.de\/2024\/wp-json\/wp\/v2\/pages\/337\/revisions\/797"}],"up":[{"embeddable":true,"href":"https:\/\/www.wikimedia.de\/2024\/wp-json\/wp\/v2\/pages\/7"}],"wp:attachment":[{"href":"https:\/\/www.wikimedia.de\/2024\/wp-json\/wp\/v2\/media?parent=337"}],"wp:term":[{"taxonomy":"category","embeddable":true,"href":"https:\/\/www.wikimedia.de\/2024\/wp-json\/wp\/v2\/categories?post=337"}],"curies":[{"name":"wp","href":"https:\/\/api.w.org\/{rel}","templated":true}]}}