{"id":7,"date":"2025-04-17T10:23:40","date_gmt":"2025-04-17T08:23:40","guid":{"rendered":"https:\/\/www.wikimedia.de\/2024\/?page_id=7"},"modified":"2025-07-24T15:15:33","modified_gmt":"2025-07-24T13:15:33","slug":"finanzen","status":"publish","type":"page","link":"https:\/\/www.wikimedia.de\/2024\/finanzen\/","title":{"rendered":"Finanzen"},"content":{"rendered":"<div class='outer-container'><div class='default'><div class=\"bb-spacer-block h-10 lg:h-20 \">\n\t\n<\/div>\n\n<\/div><\/div>\n\n\n\n<div class='outer-container'><div class='default'>\n\n<div data-anchor-title=\"\" class=\"relative bb-headline-block \">\n    <div class=\"anchor-offset\" id=\"\"><\/div>\n        <h2 class=\"default \">\n        <span class=\"\">\n            Wikimedia Deutschland blickt auf ein solides Finanzjahr 2024 zur\u00fcck.        <\/span>\n    <\/h2>\n    <\/div>\n<\/div><\/div>\n\n\n\n<div class='outer-container'><div class='default'><div class=\"bb-spacer-block h-2 lg:h-4 \">\n\t\n<\/div>\n\n<\/div><\/div>\n\n\n\n<div class='outer-container'><div class='default'><div class=\"bb-paragraph-block font-inherit  text-xl lg:text-2xl\">\n    <p>\u00dcber eine halbe Million Menschen haben uns mit Spenden und Beitr\u00e4gen in H\u00f6he von 23,1 Mio. Euro erm\u00f6glicht, einen wichtigen Beitrag zur F\u00f6rderung des Freien Wissens in Deutschland und weltweit zu leisten.<\/p>\n<\/div>\n<\/div><\/div>\n\n\n\n<div class='outer-container'><div class='default'>\n<div class=\"bb-image-block\">\n            <figure class=\"portrait flex flex-col justify-center relative overflow-hidden rounded-lg md:rounded-2xl no_caption\" role=\"group\">\n        <img decoding=\"async\" width=\"1081\" height=\"1081\" src=\"https:\/\/www.wikimedia.de\/2024\/wp-content\/uploads\/sites\/40\/2025\/05\/Spendenbeitraege-80.jpg\" class=\"h-full w-auto\" alt=\"Infografik mit dem Ergebnis der Spendenkampagne: Spender*innen und Mitglieder: 23.100.000 Euro an Spenden und Beitr\u00e4gen Anzahl der Spender*innen und Mitglieder: 585.654\" sizes=\"auto,  \" loading=\"lazy\" srcset=\"https:\/\/www.wikimedia.de\/2024\/wp-content\/uploads\/sites\/40\/2025\/05\/Spendenbeitraege-80.jpg 1081w, https:\/\/www.wikimedia.de\/2024\/wp-content\/uploads\/sites\/40\/2025\/05\/Spendenbeitraege-80-300x300.jpg 300w, https:\/\/www.wikimedia.de\/2024\/wp-content\/uploads\/sites\/40\/2025\/05\/Spendenbeitraege-80-1024x1024.jpg 1024w, https:\/\/www.wikimedia.de\/2024\/wp-content\/uploads\/sites\/40\/2025\/05\/Spendenbeitraege-80-150x150.jpg 150w, https:\/\/www.wikimedia.de\/2024\/wp-content\/uploads\/sites\/40\/2025\/05\/Spendenbeitraege-80-768x768.jpg 768w\" \/>            <\/figure>\n        <\/div>\n<\/div><\/div>\n\n\n\n<div class='outer-container'><div class='default'><div class=\"bb-spacer-block h-10 lg:h-20 \">\n\t\n<\/div>\n\n<\/div><\/div>\n\n\n\n<div class='outer-container'><div class='default'>\n\n<div data-anchor-title=\"\" class=\"relative bb-headline-block \">\n    <div class=\"anchor-offset\" id=\"\"><\/div>\n        <h3 class=\"default \">\n        <span class=\"\">\n            Ertr\u00e4ge des Vereins        <\/span>\n    <\/h3>\n    <\/div>\n<\/div><\/div>\n\n\n\n<div class='outer-container'><div class='default'>\n\n<div class=\"wp-block-columns is-layout-flex wp-container-core-columns-is-layout-9d6595d7 wp-block-columns-is-layout-flex\">\n\n<div class=\"wp-block-column is-layout-flow wp-block-column-is-layout-flow\" style=\"flex-basis:66.66%\"><div class=\"bb-spacer-block h-2 lg:h-4 \">\n\t\n<\/div>\n\n\n\n\n\n<div class=\"bb-paragraph-block font-inherit  text-xl\">\n    <p>Die H\u00f6he der Ertr\u00e4ge ist 2024 auf 24,6 Millionen Euro gestiegen (im Vorjahr waren es 20,6 Mio. Euro). Dass dieser Anstieg gr\u00f6\u00dfer ausfiel als erwartet, ist einer erh\u00f6hten Spendenbereitschaft zu verdanken, die wir im Zusammenhang mit einer ver\u00e4nderten politischen Gesamtsituation und einem daraus resultierenden Bedeutungszuwachs f\u00fcr den Einsatz f\u00fcr Freies Wissen und den freien Zugang zu Informationen sehen. So haben wir nominal 11,7 Mio. Euro an Spenden eingenommen (Vorjahr: 9,9 Mio. Euro). Die Ertr\u00e4ge aus Mitgliedsbeitr\u00e4gen haben sich auf 6,2 Mio. Euro (Vorjahr: 5,5 Mio. Euro) erh\u00f6ht; die Zahl der Mitglieder ist mit Stand vom 31. M\u00e4rz 2025 auf 113.340 (Vorjahr: 111.254) gestiegen. Die \u00fcbrigen Ertr\u00e4ge sind auf 6,7 Mio. Euro gestiegen (Vorjahr: 5,2 Mio. Euro).<\/p>\n<\/div>\n<\/div>\n\n\n\n\n\n\n\n<div class=\"wp-block-column is-layout-flow wp-block-column-is-layout-flow\" style=\"flex-basis:33.33%\">\n<div class=\"bb-image-block\">\n            <figure class=\"portrait flex flex-col justify-center relative overflow-hidden rounded-lg md:rounded-2xl no_caption\" role=\"group\">\n        <img decoding=\"async\" width=\"801\" height=\"801\" src=\"https:\/\/www.wikimedia.de\/2024\/wp-content\/uploads\/sites\/40\/2025\/05\/v-Kopie-5.png\" class=\"h-full w-auto\" alt=\"Die Infografik stellt die Mitgliederzahlen aus den Jahren 2023 mit 111.254 und 2024 mit 113.340 gegen\u00fcber.\" sizes=\"auto,  \" loading=\"lazy\" srcset=\"https:\/\/www.wikimedia.de\/2024\/wp-content\/uploads\/sites\/40\/2025\/05\/v-Kopie-5.png 801w, https:\/\/www.wikimedia.de\/2024\/wp-content\/uploads\/sites\/40\/2025\/05\/v-Kopie-5-300x300.png 300w, https:\/\/www.wikimedia.de\/2024\/wp-content\/uploads\/sites\/40\/2025\/05\/v-Kopie-5-150x150.png 150w, https:\/\/www.wikimedia.de\/2024\/wp-content\/uploads\/sites\/40\/2025\/05\/v-Kopie-5-768x768.png 768w\" \/>            <\/figure>\n        <\/div>\n\n\n\n\n<div class=\"bb-paragraph-block font-inherit  text-base\">\n    <p><strong>*Stand 31.03. des darauffolgenden Jahres<\/strong><\/p>\n<\/div>\n<\/div>\n\n<\/div>\n\n<\/div><\/div>\n\n\n\n<div class='outer-container'><div class='default'>\n\n<div data-anchor-title=\"\" class=\"relative bb-headline-block \">\n    <div class=\"anchor-offset\" id=\"\"><\/div>\n        <h3 class=\"default \">\n        <span class=\"\">\n            Aufwendungen des Vereins        <\/span>\n    <\/h3>\n    <\/div>\n<\/div><\/div>\n\n\n\n<div class='outer-container'><div class='default'><div class=\"bb-spacer-block h-2 lg:h-4 \">\n\t\n<\/div>\n\n<\/div><\/div>\n\n\n\n<div class='outer-container'><div class='default'><div class=\"bb-paragraph-block font-inherit  text-xl\">\n    <p>Die Aufwendungen stiegen 2024 auf 22,8 Mio. Euro (Vorjahr: 20,6 Mio. Euro). Davon entfallen 11,7 Mio. Euro auf Personalaufwendungen (Vorjahr: 10,2 Mio. Euro) und 11,1 Mio. Euro auf die betrieblichen Aufwendungen (Vorjahr: 10,4 Mio. Euro). Zur F\u00f6rderung unserer Partner wurden 4,3 Mio. Euro vom Verein an die F\u00f6rdergesellschaft transferiert.<\/p>\n<p>Aus der \u00dcbersicht \u201eMittelverwendung\u201c dieses Berichts wird die inhaltliche Verwendung der Mittel genauer ersichtlich.<\/p>\n<\/div>\n<\/div><\/div>\n\n\n\n<div class='outer-container'><div class='default'>\n<div class=\"bb-image-block\">\n            <figure class=\"flex flex-col relative  no_caption\" role=\"group\">\n        <img decoding=\"async\" width=\"1921\" height=\"1081\" src=\"https:\/\/www.wikimedia.de\/2024\/wp-content\/uploads\/sites\/40\/2025\/05\/Aufwendungen-80.jpg\" class=\"w-full h-auto rounded-lg md:rounded-2xl\" alt=\"Infografik mit den Aufwendungen des Vereins: Am meisten, etwas mehr als 12 Mio. Euro, wurden als \u201eMittelweiterleitung an WMF und weitere\u201c aufgewendet. Es folgen in dieser Reihenfolge: Starke Infrastruktur des Freien Wissens, Lebendige &amp; best\u00e4ndige Communitys, Verwaltungskosten, \u00d6ffentlichkeitsarbeit und Werbung, Mehr Nutzung &amp; leichterer Zugang, Gr\u00f6\u00dfere Diversit\u00e4t und gleichberechtigte Beteiligung, Breite politische &amp; gesellschaftliche Unterst\u00fctzung.\" sizes=\"auto,  \" loading=\"lazy\" srcset=\"https:\/\/www.wikimedia.de\/2024\/wp-content\/uploads\/sites\/40\/2025\/05\/Aufwendungen-80.jpg 1921w, https:\/\/www.wikimedia.de\/2024\/wp-content\/uploads\/sites\/40\/2025\/05\/Aufwendungen-80-300x169.jpg 300w, https:\/\/www.wikimedia.de\/2024\/wp-content\/uploads\/sites\/40\/2025\/05\/Aufwendungen-80-1024x576.jpg 1024w, https:\/\/www.wikimedia.de\/2024\/wp-content\/uploads\/sites\/40\/2025\/05\/Aufwendungen-80-768x432.jpg 768w, https:\/\/www.wikimedia.de\/2024\/wp-content\/uploads\/sites\/40\/2025\/05\/Aufwendungen-80-1536x864.jpg 1536w\" \/>            <\/figure>\n        <\/div>\n<\/div><\/div>\n\n\n\n<div class='outer-container'><div class='default'><div class=\"bb-spacer-block h-10 lg:h-20 \">\n\t\n<\/div>\n\n<\/div><\/div>\n\n\n\n<div class='outer-container'><div class='default'>\n\n<div data-anchor-title=\"\" class=\"relative bb-headline-block \">\n    <div class=\"anchor-offset\" id=\"\"><\/div>\n        <h3 class=\"default \">\n        <span class=\"\">\n            Jahresverg\u00fctungen Vorstand und Bereichsleitungen        <\/span>\n    <\/h3>\n    <\/div>\n<\/div><\/div>\n\n\n\n<div class='outer-container'><div class='default'><div class=\"bb-spacer-block h-2 lg:h-4 \">\n\t\n<\/div>\n\n<\/div><\/div>\n\n\n\n<div class='outer-container'><div class='default'><div class=\"bb-paragraph-block font-inherit  text-xl\">\n    <p>Die beiden Vorst\u00e4nde haben jeweils 141.358,60 Euro und die f\u00fcnf Bereichsleitungen jeweils 101.058,60 Euro erhalten.<\/p>\n<p>Diese Zahlen f\u00fcr die jeweilige Funktion sind auf das Gesamtjahr und bei den Bereichsleitungen sofern Teilzeit auf 40 Wochenstunden hochgerechnet. Sie beinhalten Gehalt (AN-Brutto) und alle weiteren geldwerten Vorteile wie betriebliche Altersvorsorge, BVG-Ticket, Home-Office-Zuschuss und Home-Office- Pauschale (einmalig).<\/p>\n<p>Alle Arbeitnehmenden in Deutschland haben einen Anspruch auf betriebliche Altersversorgung durch Entgeltumwandlung. Wikimedia Deutschland zahlt bis zu 20% hinzu, sofern Arbeitnehmende sich f\u00fcr betriebliche Altersvorsorge entscheiden. Die Vorst\u00e4nde erhalten keine Zusch\u00fcsse zur betrieblichen Altersvorsorge.<\/p>\n<\/div>\n<\/div><\/div>\n\n\n\n<div class='outer-container'><div class='default'><div class=\"bb-spacer-block h-5 lg:h-10 \">\n\t\n<\/div>\n\n<\/div><\/div>\n\n\n\n<div class='outer-container'><div class='default'>\n\n<div data-anchor-title=\"\" class=\"relative bb-headline-block \">\n    <div class=\"anchor-offset\" id=\"\"><\/div>\n        <h3 class=\"default \">\n        <span class=\"\">\n            Noch nicht verbrauchte Spendenmittel\/R\u00fccklagen        <\/span>\n    <\/h3>\n    <\/div>\n<\/div><\/div>\n\n\n\n<div class='outer-container'><div class='default'><div class=\"bb-spacer-block h-2 lg:h-4 \">\n\t\n<\/div>\n\n<\/div><\/div>\n\n\n\n<div class='outer-container'><div class='default'><div class=\"bb-paragraph-block font-inherit  text-xl\">\n    <p>Wikimedia Deutschland wendet als Rechnungslegungsstandard HFA 21 an. Eine Besonderheit dieses Standards ist, dass Ertr\u00e4ge aus Spenden erst zum Zeitpunkt der Verausgabung der Spenden erfolgswirksam verbucht werden. Daher ist die Position \u201eNoch nicht verbrauchte Spendenmittel\u201c auf der Passivseite der Bilanz ein wichtiger Ma\u00dfstab zur Beurteilung der Finanzsituation von Wikimedia Deutschland. Dieser Betrag ist auf 11,6 Mio. Euro (Vorjahr: 8,6 Mio. Euro) gestiegen. Die Summe wird in voller H\u00f6he als steuerliche R\u00fccklage nach \u00a7 62 AO ausgewiesen.<\/p>\n<\/div>\n<\/div><\/div>\n\n\n\n<div class='outer-container'><div class='default'>\n\n<div class=\"wp-block-columns is-layout-flex wp-container-core-columns-is-layout-9d6595d7 wp-block-columns-is-layout-flex\">\n\n<div class=\"wp-block-column is-layout-flow wp-block-column-is-layout-flow\"><div class=\"bb-spacer-block h-10 lg:h-20 \">\n\t\n<\/div>\n\n<\/div>\n\n\n\n\n\n\n\n<div class=\"wp-block-column is-layout-flow wp-block-column-is-layout-flow\"><\/div>\n\n<\/div>\n\n<\/div><\/div>\n\n\n\n<div class='outer-container'><div class='default'>\n\n<div class=\"wp-block-columns is-layout-flex wp-container-core-columns-is-layout-9d6595d7 wp-block-columns-is-layout-flex\">\n\n<div class=\"wp-block-column is-layout-flow wp-block-column-is-layout-flow\" style=\"flex-basis:66.66%\">\n\n<div data-anchor-title=\"\" class=\"relative bb-headline-block \">\n    <div class=\"anchor-offset\" id=\"\"><\/div>\n        <h3 class=\"default \">\n        <span class=\"\">\n            Gemeinn\u00fctzige Wikimedia F\u00f6rdergesellschaft mbH (WMFG)        <\/span>\n    <\/h3>\n    <\/div>\n\n\n\n\n<div class=\"bb-spacer-block h-2 lg:h-4 \">\n\t\n<\/div>\n\n\n\n\n\n<div class=\"bb-paragraph-block font-inherit  text-xl\">\n    <p>W\u00e4hrend das Einwerben von Spenden seit 2023 \u00fcberwiegend dem Verein obliegt, leitet die Gemeinn\u00fctzige Wikimedia F\u00f6rdergesellschaft mbH, eine 100%-ige Tochter des Vereins, Mittel an unsere Partner weiter. Die Personal- und Sachaufwendungen der Gemeinn\u00fctzigen Wikimedia F\u00f6rdergesellschaft sind 2024 auf 0,2 Mio. Euro gesunken (Vorjahr: 0,6 Mio. Euro). 9,7 Mio. Euro (Vorjahr: 8,9 Mio. Euro) wurden an die Wikimedia Foundation in den USA weitergeleitet, 0,7 Mio. Euro an unsere weiteren Partner. Die noch nicht verbrauchten Spendenmittel der Gesellschaft sind auf 0,2 Mio. Euro (Vorjahr: 3,3 Mio. Euro) gesunken.<\/p>\n<\/div>\n<\/div>\n\n\n\n\n\n\n\n<div class=\"wp-block-column is-layout-flow wp-block-column-is-layout-flow\" style=\"flex-basis:33.33%\">\n<div class=\"bb-image-block\">\n            <figure class=\"portrait flex flex-col justify-center relative overflow-hidden rounded-lg md:rounded-2xl no_caption\" role=\"group\">\n        <img decoding=\"async\" width=\"801\" height=\"801\" src=\"https:\/\/www.wikimedia.de\/2024\/wp-content\/uploads\/sites\/40\/2025\/05\/v-Kopie-6.png\" class=\"h-full w-auto\" alt=\"Grafik von zwei Balken. Der rechte Balken ist ein weniger h\u00f6her und beschriftet mit 10.369.894\u20ac und 2024. Der linke Balken ist beschriftet mit 9.363.224\u20ac und 2023.\" sizes=\"auto,  \" loading=\"lazy\" srcset=\"https:\/\/www.wikimedia.de\/2024\/wp-content\/uploads\/sites\/40\/2025\/05\/v-Kopie-6.png 801w, https:\/\/www.wikimedia.de\/2024\/wp-content\/uploads\/sites\/40\/2025\/05\/v-Kopie-6-300x300.png 300w, https:\/\/www.wikimedia.de\/2024\/wp-content\/uploads\/sites\/40\/2025\/05\/v-Kopie-6-150x150.png 150w, https:\/\/www.wikimedia.de\/2024\/wp-content\/uploads\/sites\/40\/2025\/05\/v-Kopie-6-768x768.png 768w\" \/>            <\/figure>\n        <\/div>\n<\/div>\n\n<\/div>\n\n<\/div><\/div>\n\n\n\n<div class='outer-container'><div class='default'>\n\n<div data-anchor-title=\"\" class=\"relative bb-headline-block \">\n    <div class=\"anchor-offset\" id=\"\"><\/div>\n        <h3 class=\"default \">\n        <span class=\"\">\n            \u00dcbersicht: Ertr\u00e4ge und Mittelverwendung        <\/span>\n    <\/h3>\n    <\/div>\n<\/div><\/div>\n\n\n\n<div class='outer-container'><div class='default'><div class=\"bb-spacer-block h-2 lg:h-4 \">\n\t\n<\/div>\n\n<\/div><\/div>\n\n\n\n<div class='outer-container'><div class='default'><div class=\"bb-paragraph-block font-inherit  text-xl\">\n    <p>Der bei Weitem \u00fcberwiegende Teil der Finanzierung von Wikimedia Deutschland sind Spenden und Beitr\u00e4ge von 585.654 Einzelunterst\u00fctzer*innen. Diese 17 Mio. Euro im Jahr 2024 erhaltenen Spenden und 6,2 Mio. Euro Beitr\u00e4ge erm\u00f6glichen uns finanzielle Sicherheit und Unabh\u00e4ngigkeit.<\/p>\n<p>Wikimedia Deutschland ist wie viele Spenden sammelnde Organisationen bem\u00fcht, dass m\u00f6glichst viel Geld der inhaltlichen Arbeit zugutekommt und m\u00f6glichst wenig Kosten f\u00fcr allgemeine \u00d6ffentlichkeitsarbeit, Werbung und Verwaltung anfallen. Gleichwohl sind Letztere notwendig und sinnvoll, da sie die Mittelverwendung organisieren, sowie Rechenschaft und damit Transparenz erm\u00f6glichen. Die Kosten f\u00fcr \u00d6ffentlichkeitsarbeit, Werbung und Verwaltung von Wikimedia Deutschland und Gemeinn\u00fctziger Wikimedia F\u00f6rdergesellschaft betrugen 2024 6,4 Mio. Euro (Vorjahr: 6,0 Mio. Euro). Das entspricht 21,2 Prozent der Gesamtaufwendungen beider Organisationen (Vorjahr: 23,5 Prozent).<\/p>\n<\/div>\n<\/div><\/div>\n\n\n\n<div class='outer-container'><div class='default'>\n<div class=\"bb-image-block\">\n            <figure class=\"flex flex-col relative  no_caption\" role=\"group\">\n        <img decoding=\"async\" width=\"1921\" height=\"1081\" src=\"https:\/\/www.wikimedia.de\/2024\/wp-content\/uploads\/sites\/40\/2025\/05\/Ertaege-80.jpg\" class=\"w-full h-auto rounded-lg md:rounded-2xl\" alt=\"Infografik der Ertr\u00e4ge und Mittelverwendung.\" sizes=\"auto,  \" loading=\"lazy\" srcset=\"https:\/\/www.wikimedia.de\/2024\/wp-content\/uploads\/sites\/40\/2025\/05\/Ertaege-80.jpg 1921w, https:\/\/www.wikimedia.de\/2024\/wp-content\/uploads\/sites\/40\/2025\/05\/Ertaege-80-300x169.jpg 300w, https:\/\/www.wikimedia.de\/2024\/wp-content\/uploads\/sites\/40\/2025\/05\/Ertaege-80-1024x576.jpg 1024w, https:\/\/www.wikimedia.de\/2024\/wp-content\/uploads\/sites\/40\/2025\/05\/Ertaege-80-768x432.jpg 768w, https:\/\/www.wikimedia.de\/2024\/wp-content\/uploads\/sites\/40\/2025\/05\/Ertaege-80-1536x864.jpg 1536w\" \/>            <\/figure>\n        <\/div>\n<\/div><\/div>\n\n\n\n<div class='outer-container'><div class='default'><div class=\"bb-spacer-block h-10 lg:h-20 \">\n\t\n<\/div>\n\n<\/div><\/div>\n\n\n\n<div class='outer-container'><div class='default'>\n\n<div data-anchor-title=\"\" class=\"relative bb-headline-block \">\n    <div class=\"anchor-offset\" id=\"\"><\/div>\n        <h3 class=\"default \">\n        <span class=\"\">\n            Wirtschaftspr\u00fcfung        <\/span>\n    <\/h3>\n    <\/div>\n<\/div><\/div>\n\n\n\n<div class='outer-container'><div class='default'><div class=\"bb-spacer-block h-2 lg:h-4 \">\n\t\n<\/div>\n\n<\/div><\/div>\n\n\n\n<div class='outer-container'><div class='default'><div class=\"bb-paragraph-block font-inherit  text-xl\">\n    <p>Wikimedia Deutschland l\u00e4sst die Verm\u00f6gens-, Ertrags-, und Finanzlage sowie interne Abl\u00e4ufe freiwillig pr\u00fcfen. Die Pr\u00fcfung des Wikimedia Deutschland Gesellschaft zur F\u00f6rderung Freien Wissens e. V. und der Gemeinn\u00fctzigen Wikimedia F\u00f6rdergesellschaft mbH erfolgte durch die Solidaris Revisions-GmbH Wirtschaftspr\u00fcfungsgesellschaft und wurde im M\u00e4rz 2025 durchgef\u00fchrt. Es wurde ein uneingeschr\u00e4nkter Best\u00e4tigungsvermerk erteilt. Demnach wurde die Buchf\u00fchrung des <a href=\"https:\/\/commons.wikimedia.org\/wiki\/File:Best%C3%A4tigungsvermerk_WMDE_2024.pdf\" target=\"_blank\" rel=\"noopener\">Vereins<\/a> und der <a href=\"https:\/\/commons.wikimedia.org\/wiki\/File:Best%C3%A4tigungsvermerk_WMFG_2024.pdf\" target=\"_blank\" rel=\"noopener\">Gesellschaft<\/a> vollst\u00e4ndig und gewissenhaft vorgenommen und die Pr\u00fcfung hat insgesamt zu keinerlei Einw\u00e4nden gef\u00fchrt.<\/p>\n<\/div>\n<\/div><\/div>\n\n\n\n<div class='outer-container'><div class='default'><div class=\"bb-spacer-block h-5 lg:h-10 \">\n\t\n<\/div>\n\n<\/div><\/div>","protected":false},"excerpt":{"rendered":"","protected":false},"author":5233,"featured_media":737,"parent":0,"menu_order":0,"comment_status":"closed","ping_status":"closed","template":"","meta":{"_acf_changed":false,"footnotes":""},"categories":[],"class_list":["post-7","page","type-page","status-publish","has-post-thumbnail","hentry"],"acf":[],"lang":"de","translations":{"de":7,"en":197},"pll_sync_post":[],"_links":{"self":[{"href":"https:\/\/www.wikimedia.de\/2024\/wp-json\/wp\/v2\/pages\/7","targetHints":{"allow":["GET"]}}],"collection":[{"href":"https:\/\/www.wikimedia.de\/2024\/wp-json\/wp\/v2\/pages"}],"about":[{"href":"https:\/\/www.wikimedia.de\/2024\/wp-json\/wp\/v2\/types\/page"}],"author":[{"embeddable":true,"href":"https:\/\/www.wikimedia.de\/2024\/wp-json\/wp\/v2\/users\/5233"}],"replies":[{"embeddable":true,"href":"https:\/\/www.wikimedia.de\/2024\/wp-json\/wp\/v2\/comments?post=7"}],"version-history":[{"count":6,"href":"https:\/\/www.wikimedia.de\/2024\/wp-json\/wp\/v2\/pages\/7\/revisions"}],"predecessor-version":[{"id":793,"href":"https:\/\/www.wikimedia.de\/2024\/wp-json\/wp\/v2\/pages\/7\/revisions\/793"}],"wp:featuredmedia":[{"embeddable":true,"href":"https:\/\/www.wikimedia.de\/2024\/wp-json\/wp\/v2\/media\/737"}],"wp:attachment":[{"href":"https:\/\/www.wikimedia.de\/2024\/wp-json\/wp\/v2\/media?parent=7"}],"wp:term":[{"taxonomy":"category","embeddable":true,"href":"https:\/\/www.wikimedia.de\/2024\/wp-json\/wp\/v2\/categories?post=7"}],"curies":[{"name":"wp","href":"https:\/\/api.w.org\/{rel}","templated":true}]}}