{"id":9,"date":"2025-04-17T10:23:55","date_gmt":"2025-04-17T08:23:55","guid":{"rendered":"https:\/\/www.wikimedia.de\/2024\/?page_id=9"},"modified":"2025-07-24T14:41:07","modified_gmt":"2025-07-24T12:41:07","slug":"editorial","status":"publish","type":"page","link":"https:\/\/www.wikimedia.de\/2024\/editorial\/","title":{"rendered":"Editorial"},"content":{"rendered":"<div class='outer-container'><div class='default'><div class=\"bb-paragraph-block font-inherit  text-xl\">\n    <p><strong>Liebe Freund*innen von Wikimedia Deutschland!<\/strong><\/p>\n<p>2024 hat so deutlich wie nie zuvor gezeigt, wie wichtig der freie Zugang zu verl\u00e4sslichem und gepr\u00fcftem Wissen ist. Weltweit werden die Menschen immer st\u00e4rker durch gezielt gestreute Desinformationen im Internet manipuliert \u2013 sei es im Vorfeld von Wahlen oder im Zusammenhang mit aktuellen Krisen und Kriegen. Gleichzeitig geben gro\u00dfe Social-Media-Plattformen ihre Verantwortung f\u00fcr verl\u00e4ssliche Inhalte auf. Dadurch entsteht ein gef\u00e4hrliches Vakuum, in dem sich Falschinformationen ungehindert verbreiten k\u00f6nnen.<\/p>\n<\/div>\n<\/div><\/div>\n\n\n\n<div class='outer-container'><div class='default'>\n<div class=\"bb-text-image-float-block\" id=\"block_c683cedc105de57e8644ba3ccd51c0d3\">\n\n  \n  <div class=\"clearfix\">\n    \n      <div class=\"xl:float-right xl:ml-5 mb-2 xl:mb-0\">\n        \n            <div style=\"transform: translateY(0.25rem); max-width: 300px\" >\n            \n<div class=\"bb-image-block\">\n            <figure class=\"flex flex-col relative  no_caption\" role=\"group\">\n        <img decoding=\"async\" width=\"1281\" height=\"901\" src=\"https:\/\/www.wikimedia.de\/2024\/wp-content\/uploads\/sites\/40\/2025\/05\/Wikimedia-Ball.png\" class=\"w-full h-auto rounded-lg md:rounded-2xl\" alt=\"Grafik eines bunten Wikipedia Puzzle-Balls\" sizes=\"auto,  \" loading=\"lazy\" srcset=\"https:\/\/www.wikimedia.de\/2024\/wp-content\/uploads\/sites\/40\/2025\/05\/Wikimedia-Ball.png 1281w, https:\/\/www.wikimedia.de\/2024\/wp-content\/uploads\/sites\/40\/2025\/05\/Wikimedia-Ball-300x211.png 300w, https:\/\/www.wikimedia.de\/2024\/wp-content\/uploads\/sites\/40\/2025\/05\/Wikimedia-Ball-1024x720.png 1024w, https:\/\/www.wikimedia.de\/2024\/wp-content\/uploads\/sites\/40\/2025\/05\/Wikimedia-Ball-768x540.png 768w\" \/>            <\/figure>\n        <\/div>\n            <\/div>\n\n            \n      <\/div>\n\n      \n    <p>Angesichts dieser Entwicklung wird die Wikipedia als freie und unabh\u00e4ngige Wissensquelle immer wichtiger. Schon jetzt ist sie einer der letzten Orte im Internet, an denen wir auf faktenbasiertes und von einer gro\u00dfen Community gepr\u00fcftes Wissen zugreifen k\u00f6nnen. Wikimedia Deutschland setzt sich seit \u00fcber 20 Jahren daf\u00fcr ein, die Unabh\u00e4ngigkeit der Wikipedia und anderer Projekte f\u00fcr Freies Wissen zu sch\u00fctzen und die dahinterstehenden Communitys zu st\u00e4rken.<\/p>\n<p>2024 war ein wichtiges Jahr, in dem wir uns den gro\u00dfen Ver\u00e4nderungen in der digitalen Welt gestellt haben. Allen voran der Frage, wie sich die Wikipedia weiterentwickeln kann und sollte, damit sie in Zeiten einer sich ver\u00e4ndernden Mediennutzung und den Herausforderungen durch K\u00fcnstliche Intelligenz relevant bleibt? Auf dem ersten Wikipedia-Zukunftskongress brachten die Mitwirkenden zahlreiche Ideen und Ans\u00e4tze auf den Weg. Gleichzeitig haben wir eine neue Strategie f\u00fcr Wikimedia Deutschland entwickelt, die unsere Arbeit in den n\u00e4chsten Jahren leiten wird.<\/p>\n  <\/div>\n  <\/div>\n<\/div><\/div>\n\n\n\n<div class='outer-container'><div class='default'><div class=\"bb-paragraph-block font-inherit  text-xl\">\n    <p>Gerade angesichts der rasant wachsenden Bedeutung von K\u00fcnstlicher Intelligenz konnten wir 2024 ein richtungsweisendes Projekt starten. Die Entwicklung von KI-Anwendungen wird noch immer von gro\u00dfen Unternehmen dominiert, gemeinn\u00fctzigen Projekten fehlen oft die n\u00f6tigen Ressourcen. Deshalb werden wir den Zugang zu den offenen Daten in der freien Wissensdatenbank Wikidata so erleichtern, dass sie nicht nur von Tech-Giganten, sondern von allen und vor allem einfacher genutzt werden k\u00f6nnen.<\/p>\n<p>Aber lesen Sie selbst: Dieser Jahresbericht fasst die wichtigsten Erfolge und Herausforderungen 2024 zusammen und zeigt, was wir gemeinsam mit den Ehrenamtlichen, unseren Partner*innen und dank der wachsenden Unterst\u00fctzung unserer Mitglieder und Spendenden f\u00fcr Freies Wissen bewirken konnten.<\/p>\n<p>Wir freuen uns, dass Sie mit dabei sind!<\/p>\n<p>Ihre<br \/>\n<strong>Alice Wiegand<\/strong><br \/>\nVorsitzende des Pr\u00e4sidiums<\/p>\n<p><strong>Franziska Heine<\/strong><br \/>\nGesch\u00e4ftsf\u00fchrende Vorst\u00e4ndin<\/p>\n<\/div>\n<\/div><\/div>","protected":false},"excerpt":{"rendered":"<p>2024 hat so deutlich wie nie zuvor gezeigt, wie wichtig der freie Zugang zu verl\u00e4sslichem und gepr\u00fcftem Wissen ist. Weltweit werden die Menschen immer st\u00e4rker durch gezielt gestreute Desinformationen im Internet manipuliert \u2013 sei es im Vorfeld von Wahlen oder im Zusammenhang mit aktuellen Krisen und Kriegen. Gleichzeitig geben gro\u00dfe Social-Media-Plattformen ihre Verantwortung f\u00fcr verl\u00e4ssliche Inhalte auf. Dadurch entsteht ein gef\u00e4hrliches Vakuum, in dem sich Falschinformationen ungehindert verbreiten k\u00f6nnen.<\/p>\n","protected":false},"author":5233,"featured_media":226,"parent":0,"menu_order":0,"comment_status":"closed","ping_status":"closed","template":"","meta":{"_acf_changed":false,"footnotes":""},"categories":[],"class_list":["post-9","page","type-page","status-publish","has-post-thumbnail","hentry"],"acf":[],"lang":"de","translations":{"de":9,"en":59},"pll_sync_post":[],"_links":{"self":[{"href":"https:\/\/www.wikimedia.de\/2024\/wp-json\/wp\/v2\/pages\/9","targetHints":{"allow":["GET"]}}],"collection":[{"href":"https:\/\/www.wikimedia.de\/2024\/wp-json\/wp\/v2\/pages"}],"about":[{"href":"https:\/\/www.wikimedia.de\/2024\/wp-json\/wp\/v2\/types\/page"}],"author":[{"embeddable":true,"href":"https:\/\/www.wikimedia.de\/2024\/wp-json\/wp\/v2\/users\/5233"}],"replies":[{"embeddable":true,"href":"https:\/\/www.wikimedia.de\/2024\/wp-json\/wp\/v2\/comments?post=9"}],"version-history":[{"count":5,"href":"https:\/\/www.wikimedia.de\/2024\/wp-json\/wp\/v2\/pages\/9\/revisions"}],"predecessor-version":[{"id":787,"href":"https:\/\/www.wikimedia.de\/2024\/wp-json\/wp\/v2\/pages\/9\/revisions\/787"}],"wp:featuredmedia":[{"embeddable":true,"href":"https:\/\/www.wikimedia.de\/2024\/wp-json\/wp\/v2\/media\/226"}],"wp:attachment":[{"href":"https:\/\/www.wikimedia.de\/2024\/wp-json\/wp\/v2\/media?parent=9"}],"wp:term":[{"taxonomy":"category","embeddable":true,"href":"https:\/\/www.wikimedia.de\/2024\/wp-json\/wp\/v2\/categories?post=9"}],"curies":[{"name":"wp","href":"https:\/\/api.w.org\/{rel}","templated":true}]}}