{"id":140,"date":"2024-02-20T15:28:51","date_gmt":"2024-02-20T14:28:51","guid":{"rendered":"https:\/\/www.wikimedia.de\/bildungsraum\/?page_id=140"},"modified":"2024-11-13T10:50:58","modified_gmt":"2024-11-13T09:50:58","slug":"hintergrund","status":"publish","type":"page","link":"https:\/\/www.wikimedia.de\/bildungsraum\/hintergrund\/","title":{"rendered":"Hintergrund"},"content":{"rendered":"<div class='outer-container'><div class='default'><div class=\"bb-paragraph-block font-inherit  text-base lg:text-xl\">\n\t<p>Auf dieser Seite sind Hintergrundinformationen zusammengestellt, die die Ver\u00e4nderungen in <em>Mein Bildungsraum<\/em> im Zeitverlauf skizzieren, die Auswirkungen, die dies auf die durchgef\u00fchrte Analyse hatte und zu allen Aktivit\u00e4ten, die Wikimedia Deutschland e. V. durchgef\u00fchrt hat.<\/p>\n<\/div>\n<\/div><\/div>\n\n\n\n<div class='outer-container'><div class='default'><div class=\"bb-accordion-block mb-10\">\n\t<ul>\n\t\t\t\t\t\t<li>\n\t\t\t<details>\n\t\t\t\t<summary class=\" lg:text-xl py-6 cursor-pointer border-b border-neutral-200 pr-10\">\n\t\t\t\t\tWas ist Mein Bildungsraum?\t\t\t\t<\/summary>\n\t\t\t\t<div class=\"my-5 accordion-content\">\n\t\t\t\t\t<hr \/>\n<p><a href=\"https:\/\/www.meinbildungsraum.de\/\" target=\"_blank\" rel=\"noopener\"><i>Mein Bildungsraum<\/i><\/a> ist ein Vorhaben des Bundesministeriums f\u00fcr Bildung und Forschung (BMBF) und eines der 18 sogenannten Leuchtturmprojekte der<a href=\"http:\/\/www.digitalstrategie-deutschland.de\/\" target=\"_blank\" rel=\"noopener\"> Digitalstrategie der Bundesregierung<\/a>. Mit dem Projekt sollte eine Vernetzungsinfrastruktur f\u00fcr \u201eeine nahtlos digitale, lebenslange Lernreise\u201d (<a href=\"https:\/\/www.meinbildungsraum.de\/produkt\/produktentwicklung\" target=\"_blank\" rel=\"noopener\">VDI\/VDE Innovation + Technik <abbr title=\"Gesellschaft mit beschr\u00e4nkter Haftung\">GmbH<\/abbr><\/a>) entstehen. Dazu sollten \u201ebestehende digitale Bildungsangebote und Verwaltungsabl\u00e4ufe aus dem Bildungssektor miteinander\u201d vernetzt werden (<a href=\"https:\/\/www.meinbildungsraum.de\/produkt\/produktentwicklung\" target=\"_blank\" rel=\"noopener\">VDI\/VDE Innovation + Technik <abbr title=\"Gesellschaft mit beschr\u00e4nkter Haftung\">GmbH<\/abbr><\/a>).<\/p>\n<p><i>Mein Bildungsraum<\/i> wird im Rahmen des Deutschen Aufbau- und Resilienzplans (DARP) der Europ\u00e4ischen Union bis Ende 2025 mit 630 Mio. Euro gef\u00f6rdert, wobei voraussichtlich nicht alle Gelder wie urspr\u00fcnglich geplant ausgegeben werden. <i>Mein Bildungsraum<\/i> ist nicht zu verwechseln mit <a href=\"https:\/\/www.daad.de\/de\/der-daad\/was-wir-tun\/digitalisierung\/bird\/\" target=\"_blank\" rel=\"noopener\">BIRD | Bildungsraum Digital<\/a>, welches als Forschungs- und Entwicklungsprojekt einen Prototypen f\u00fcr <i>Mein Bildungsraum<\/i> entwickelt. Im Rahmen einer F\u00f6rderlinie f\u00f6rdert das BMBF bis sp\u00e4testens M\u00e4rz 2025 etwa 40 Forschungs- und Entwicklungsprojekte mit dem urspr\u00fcnglichen Ziel, diese an <i>Mein Bildungsraum <\/i>anzuschlie\u00dfen.<\/p>\n<p>&nbsp;<\/p>\n\t\t\t\t<\/div>\n\t\t\t<\/details>\n\t\t<\/li>\n\t\t\t\t\t\t<li>\n\t\t\t<details>\n\t\t\t\t<summary class=\" lg:text-xl py-6 cursor-pointer border-b border-neutral-200 pr-10\">\n\t\t\t\t\tWer ist bei Mein Bildungsraum involviert?\t\t\t\t<\/summary>\n\t\t\t\t<div class=\"my-5 accordion-content\">\n\t\t\t\t\t<p>Vorhabentr\u00e4ger: Bundesministerium f\u00fcr Forschung und Entwicklung.<\/p>\n<p>Projektentwickler f\u00fcr das BMBF: VDI\/VDE Innovation + Technik GmbH gemeinsam mit Capgemini Deutschland GmbH (bis Juli 2024), Agentur f\u00fcr Sprunginnovation (SPRIN-D) (ab Juli 2024)<\/p>\n\t\t\t\t<\/div>\n\t\t\t<\/details>\n\t\t<\/li>\n\t\t\t\t\t\t<li>\n\t\t\t<details>\n\t\t\t\t<summary class=\" lg:text-xl py-6 cursor-pointer border-b border-neutral-200 pr-10\">\n\t\t\t\t\tWelche Entwicklung hat Mein Bildungsraum genommen?\t\t\t\t<\/summary>\n\t\t\t\t<div class=\"my-5 accordion-content\">\n\t\t\t\t\t<p>Den Startpunkt von <i>Mein Bildungsraum<\/i> markiert die Ver\u00f6ffentlichung der Ausschreibung im April 2021. Seitdem hat das Vorhaben verschiedene Namen \u2013 von <i>Nationale Bildungsplattform<\/i> \u00fcber <i>digitale Vernetzungsinfrastruktur Bildung<\/i> bis hin zu<i> Mein Bildungsraum<\/i> \u2013 innegehabt. Sie zeigen auch, dass sich das Verst\u00e4ndnis des Vorhabens im Laufe der Zeit ver\u00e4ndert hat. W\u00e4hrend der Name <i>Nationale Bildungsplattform <\/i>bei vielen Menschen Assoziationen mit bestehenden Lernplattformen weckte und aufgrund dessen f\u00fcr Missverst\u00e4ndnisse sorgte, beschrieb der Name <i>digitale Vernetzungsinfrastruktur Bildung <\/i>zwar konkreter das Ziel des Vorhabens, wurde aber als zu abstrakt empfunden. Seit Ende 2023 hei\u00dft es nun <i>Mein Bildungsraum<\/i> \u2013 sprachlich passend zum nationalen Onlineportal f\u00fcr berufliche Weiterbildung <i>Mein Now<\/i>.<\/p>\n<p>Zwischen Oktober 2023 und Juni 2024 fand im Zuge der Produktentwicklung die Closed Beta-Phase statt, in der in verschiedenen Etappen zun\u00e4chst Beteiligte der gef\u00f6rderten Forschungs- und Umsetzungsprojekte und sp\u00e4ter auch weitere Interessierte die bis dahin programmierten Komponenten testen und Feedback geben konnten.<\/p>\n<ul>\n<li><a href=\"https:\/\/www.meinbildungsraum.de\/informationen-und-materialien\/neuigkeiten\/detail\/eine-tour-durch-unsere-demolandschaft\" target=\"_blank\" rel=\"noopener\">Zu den Funktionalit\u00e4ten, die Nutzende im Rahmen der Closed Beta-Testphase ausprobieren konnten<\/a><\/li>\n<li><a href=\"https:\/\/www.meinbildungsraum.de\/informationen-und-materialien\/neuigkeiten\/detail\/ergebnisse-zur-closed-beta-testphase-von-mein-bildungsraum\" target=\"_blank\" rel=\"noopener\">Zur Auswertung der Closed Beta-Phase<\/a><\/li>\n<\/ul>\n<p>Im Mai 2024 wurde erstmals verk\u00fcndet, dass das BMBF eine Kooperation mit der Agentur f\u00fcr Sprunginnovationen (SPRIN-D) plane. Zum 1. Juli 2024 wurden dann drei der f\u00fcnf entwickelten Komponenten der Basisversion an die SPRIN-D \u00fcbergeben \u201eund diese mit der Weiterentwicklung und Erweiterung dieser beauftragt\u201d (<a href=\"https:\/\/www.meinbildungsraum.de\/informationen-und-materialien\/neuigkeiten\/detail\/gemeinsam-mit-der-sprind-in-die-zukunft\" target=\"_blank\" rel=\"noopener\">VDI\/VDE Innovation + Technik <abbr title=\"Gesellschaft mit beschr\u00e4nkter Haftung\">GmbH<\/abbr>, <span class=\"news-list-date\">19.07.2024<\/span><\/a>). Diese \u00dcbergabe hat die bisherige inhaltliche und Zeitplanung des Projekts erheblich verschoben. Die zun\u00e4chst angek\u00fcndigte Open Beta-Phase ab Herbst 2024 wird es daher nicht geben.<\/p>\n\t\t\t\t<\/div>\n\t\t\t<\/details>\n\t\t<\/li>\n\t\t\t\t\t\t<li>\n\t\t\t<details>\n\t\t\t\t<summary class=\" lg:text-xl py-6 cursor-pointer border-b border-neutral-200 pr-10\">\n\t\t\t\t\tAus welchen Komponenten setzt sich Mein Bildungsraum zusammen?\t\t\t\t<\/summary>\n\t\t\t\t<div class=\"my-5 accordion-content\">\n\t\t\t\t\t<p>Der letzte Prototyp, der vor der \u00dcbergabe des Vorhabens an die SPRIN-D an das BMBF \u00fcbergeben wurde, umfasste f\u00fcnf Komponenten:<\/p>\n<ul>\n<li>Digitale Identit\u00e4ten: eindeutige Identifizierung und Authentifizierung von Nutzenden<\/li>\n<li>Ablage: Speicherort f\u00fcr digitale Lernmaterialien, Kursinhalte und andere Bildungsressourcen<\/li>\n<li>Digitale Nachweise: Verwaltung und Bereitstellung von Bildungsnachweisen wie Zeugnissen, Zertifikaten und Kompetenznachweisen<\/li>\n<li>Schaufenster: Darstellungsfl\u00e4che f\u00fcr Bildungsangebote und -veranstaltungen<\/li>\n<li>Datenraum: zentraler Speicherort f\u00fcr Bildungsdaten<\/li>\n<\/ul>\n<p><a href=\"https:\/\/www.meinbildungsraum.de\/produkt\/technische-komponenten\" target=\"_blank\" rel=\"noopener\">Details zu den genannten Komponenten<\/a><\/p>\n\t\t\t\t<\/div>\n\t\t\t<\/details>\n\t\t<\/li>\n\t\t\t\t\t\t<li>\n\t\t\t<details>\n\t\t\t\t<summary class=\" lg:text-xl py-6 cursor-pointer border-b border-neutral-200 pr-10\">\n\t\t\t\t\tWie geht es mit Mein Bildungsraum weiter?\t\t\t\t<\/summary>\n\t\t\t\t<div class=\"my-5 accordion-content\">\n\t\t\t\t\t<p>Die SPRIN-D \u00fcbernimmt die drei Komponenten <i>Ablage<\/i>, <i>Digitale Identit\u00e4t<\/i> und <i>Digitale Nachweise.<\/i> Sie wird ihre weitere Entwicklung verfolgen. Das Ziel: Die \u00dcberf\u00fchrung in den operativen Betrieb. Dabei wird man sich auf \u201eVerwaltungsprozesse konzentrieren\u201d und \u201eeng mit dem SPRIN-D-Projekt \u201eEUdi Wallet\u201d zusammenarbeiten\u201d (<a href=\"https:\/\/www.sprind.org\/de\/artikel\/interview-adlunas-mein-bildungsraum\/\" target=\"_blank\" rel=\"noopener\">SPRIND GmbH<\/a>).<\/p>\n<p>Die Komponente <i>Datenraum<\/i> verbleibt im BMBF und soll weiter erforscht und entwickelt werden. Wie dies aussehen und welche Rolle das Projekt BIRD hierbei spielen k\u00f6nnte, ist aktuell nicht bekannt. Auch zur weiteren Entwicklung der Komponente <i>Schaufenster<\/i> gibt es aktuell keine aussagekr\u00e4ftigen Anhaltspunkte.<\/p>\n<p>Die Komponenten, die in <i>Mein Bildungsraum<\/i> das p\u00e4dagogische Element in der \u201elebenslangen Lernreise\u201d ausgemacht h\u00e4tten, stehen aktuell also nicht im Fokus der Verantwortlichen. Sie werden vorerst nicht f\u00fcr die breite \u00d6ffentlichkeit nutzbar sein. Es bleibt abzuwarten, welche Weiterentwicklungen in <i>Mein Bildungsraum<\/i> nach der \u00dcberf\u00fchrung in den operativen Betrieb vorgenommen werden.<\/p>\n\t\t\t\t<\/div>\n\t\t\t<\/details>\n\t\t<\/li>\n\t\t\t\t\t\t<li>\n\t\t\t<details>\n\t\t\t\t<summary class=\" lg:text-xl py-6 cursor-pointer border-b border-neutral-200 pr-10\">\n\t\t\t\t\tAuf welcher Basis fand die Gemeinwohl-Analyse statt? \t\t\t\t<\/summary>\n\t\t\t\t<div class=\"my-5 accordion-content\">\n\t\t\t\t\t<p>Die Analyse der <a href=\"https:\/\/www.wikimedia.de\/bildungsraum\/experten_expertinnen\/\">Expert*innen<\/a> fand im Zeitraum vom Juni bis Juli 2024 statt. Die Bewertungsgrundlage bildete zum einen die Closed Beta-Version von <i>Mein Bildungsraum<\/i> sowie die Informationen, die auf der offiziellen Website zur Verf\u00fcgung gestellt werden. Dar\u00fcber hinaus beantwortete das BMBF im April 2024 einen umfangreichen Fragenkatalog, den Wikimedia Deutschland e.V. an das Ministerium adressierte. Hierzu gab es auch einen Austauschtermin am 15. April 2024, an dem einzelne Expert*innen sowie Mitarbeiterinnen von Wikimedia Deutschland e. V. teilnahmen.<\/p>\n<p>Auch die SPRIN-D beantwortete im Oktober 2024 Fragen, die Wikimedia Deutschland e. V. von den externen Expert*innen gesammelt hatte und beteiligte sich an einem Austauschtermin im selben Monat. Dar\u00fcber hinaus fanden die kleine Anfrage der CDU-CSU-Bundestagsfraktion vom 12.06.2024 (<a href=\"https:\/\/dserver.bundestag.de\/btd\/20\/117\/2011771.pdf\" target=\"_blank\" rel=\"noopener\">Drucksache 20\/11771<\/a>) und die mediale Berichterstattung zu <i>Mein Bildungsraum<\/i> Eingang in die Analyse.<\/p>\n<p>W\u00e4hrend Wikimedia Deutschland die mangelnde Au\u00dfenkommunikation des BMBF bez\u00fcglich <em>Mein Bildungsraum<\/em> lange kritisiert hat, deuten die stattgefundenen Austauschgespr\u00e4che auf eine Ver\u00e4nderung der Kommunikationsstrategie auf Seiten des Ministeriums hin, die wir begr\u00fc\u00dfen.<\/p>\n\t\t\t\t<\/div>\n\t\t\t<\/details>\n\t\t<\/li>\n\t\t\t\t\t\t<li>\n\t\t\t<details>\n\t\t\t\t<summary class=\" lg:text-xl py-6 cursor-pointer border-b border-neutral-200 pr-10\">\n\t\t\t\t\tWas bedeuten die \u00c4nderungen an Mein Bildungsraum f\u00fcr die Gemeinwohl-Analyse?\t\t\t\t<\/summary>\n\t\t\t\t<div class=\"my-5 accordion-content\">\n\t\t\t\t\t<p>Wie hier dargestellt wurde, gab es im Zeitverlauf gro\u00dfe \u00c4nderungen in der Konzeption und Ausgestaltung bei <i>Mein Bildungsraum<\/i>. Die \u00dcbergabe von <i>Mein Bildungsraum<\/i> an die SPRIN-D und die Analyse der Expert*innen haben sich zeitlich \u00fcberschnitten. Das weitere Vorgehen der SPRIN-D wurde nach der Durchf\u00fchrung der Analyse bekannt. Daher beziehen sich einige Analysen und Kritikpunkte, die die verschiedenen Expert*innen benennen, auf Komponenten, die aktuell nicht priorisiert werden.<\/p>\n<p>Bei einer Weiterentwicklung von <i>Mein Bildungsraum <\/i>\u00fcber die Komponenten, die die SPRIN-D in naher Zukunft vorantreiben wird hinaus, behalten diese Analysen und Kritikpunkte aber ihre G\u00fcltigkeit. Sie lassen sich au\u00dferdem auf vergleichbare Vorhaben, wie bspw. das <a href=\"https:\/\/fwu.de\/projekte\/ais\/\" target=\"_blank\" rel=\"noopener\">Projekt Adaptives Intelligentes System<\/a> des Medieninstituts der L\u00e4nder FWU \u00fcbertragen. Die Ergebnisse der Analyse sind nicht nur eine Bestandsaufnahme von <i>Mein Bildungsraum<\/i>. Sie sind vor allem als Empfehlungen f\u00fcr weitere Projekte dieser Art nutzbar.<\/p>\n\t\t\t\t<\/div>\n\t\t\t<\/details>\n\t\t<\/li>\n\t\t\t\t\t\t<li>\n\t\t\t<details>\n\t\t\t\t<summary class=\" lg:text-xl py-6 cursor-pointer border-b border-neutral-200 pr-10\">\n\t\t\t\t\tWie begleitet Wikimedia Deutschland e. V. auf das Vorhaben? \t\t\t\t<\/summary>\n\t\t\t\t<div class=\"my-5 accordion-content\">\n\t\t\t\t\t<p>Wikimedia Deutschland e.V. begleitet das Vorhaben von Anfang an. So wurde im Sommer 2022 der Politikbrief \u201e<a href=\"https:\/\/www.wikimedia.de\/wp-content\/uploads\/2023\/03\/Politikbrief_Sommer_2022_Wikimedia_Deutschland_e._V.pdf\" target=\"_blank\" rel=\"noopener\">Offenheit. Werte. Standards. Was die Nationale Bildungsplattform jetzt ber\u00fccksichtigen muss<\/a>\u201d und im November 2022 die <a href=\"https:\/\/www.wikimedia.de\/wikimedia-studie-nationale-bildungsplattform\/\" target=\"_blank\" rel=\"noopener\">Konzeptstudie \u201eWerte und Strukturen der Nationalen Bildungsplattform\u201d<\/a> ver\u00f6ffentlicht und im Rahmen einer <a href=\"https:\/\/blog.wikimedia.de\/2022\/11\/16\/neustart-oder-reform-die-nationale-bildungsplattform-auf-dem-prufstand\/\" target=\"_blank\" rel=\"noopener\">Paneldiskussion am 8. November <\/a>2022 diskutiert. Eine weitere Veranstaltung unter dem Titel \u201eBeteiligungsstrukturen und Governance: Wie demokratisch legitimiert sind \u00f6ffentlich finanzierte Projekte wie die Nationale Bildungsplattform?\u201d fand am 3. Juli 2023 statt. Auch mit verschiedenen <a href=\"https:\/\/www.wikimedia.de\/?s=konzeptstudie\" target=\"_blank\" rel=\"noopener\">Pressemitteilungen<\/a> und <a href=\"https:\/\/www.wikimedia.de\/?s=konzeptstudie\" target=\"_blank\" rel=\"noopener\">Blogbeitr\u00e4gen<\/a> \u00e4u\u00dferte sich Wikimedia Deutschland e. V. immer wieder zum jeweils aktuellen Stand von <i>Mein Bildungsraum<\/i>.<\/p>\n<p>Mit dieser Website m\u00f6chte Wikimedia Deutschland e. V. weiterhin allen Interessierten Informationen zum Projekt zur Verf\u00fcgung stellen, die Entwicklung des Vorhabens aus einer kritisch-konstruktiven Au\u00dfenperspektive beleuchten und Empfehlungen f\u00fcr \u00e4hnliche Vorhaben zur Verf\u00fcgung stellen, um deren Gemeinwohlorientierung zu st\u00e4rken.<\/p>\n\t\t\t\t<\/div>\n\t\t\t<\/details>\n\t\t<\/li>\n\t\t\t\t\t\t<li>\n\t\t\t<details>\n\t\t\t\t<summary class=\" lg:text-xl py-6 cursor-pointer border-b border-neutral-200 pr-10\">\n\t\t\t\t\tWarum begleitet Wikimedia Deutschland e. V. das Projekt?\t\t\t\t<\/summary>\n\t\t\t\t<div class=\"my-5 accordion-content\">\n\t\t\t\t\t<p>Der Verein engagiert sich im digital- und bildungspolitischen Bereich f\u00fcr Rahmenbedingungen, die den freien Zugang zu Wissen und Daten m\u00f6glich machen und m\u00f6chte erreichen, dass die Prinzipien offener Bildung rechtlich und strukturell im Bildungssystem verankert werden und damit die Bildungschancen f\u00fcr alle verbessert werden. Bei <i>Mein Bildungsraum<\/i> handelt es sich um ein millionenschweres Infrastrukturprojekt, das eine neue grundlegende Bildungstechnologie schaffen sollte und dem \u2013 vor allem zu Beginn \u2013 ein erhebliches Ver\u00e4nderungspotenzial f\u00fcr die Bildung in Deutschland zugeschrieben wurde. Eine genaue Beobachtung und Begleitung des Vorhabens aus zivilgesellschaftlicher Sicht ist deshalb wichtig und Wikimedia Deutschland e. V. aus diesem Grund ein Anliegen.<\/p>\n\t\t\t\t<\/div>\n\t\t\t<\/details>\n\t\t<\/li>\n\t\t\t<\/ul>\n<\/div>\n<\/div><\/div>","protected":false},"excerpt":{"rendered":"","protected":false},"author":1,"featured_media":0,"parent":0,"menu_order":0,"comment_status":"closed","ping_status":"closed","template":"","meta":{"_acf_changed":false,"footnotes":""},"class_list":["post-140","page","type-page","status-publish","hentry"],"acf":[],"_links":{"self":[{"href":"https:\/\/www.wikimedia.de\/bildungsraum\/wp-json\/wp\/v2\/pages\/140","targetHints":{"allow":["GET"]}}],"collection":[{"href":"https:\/\/www.wikimedia.de\/bildungsraum\/wp-json\/wp\/v2\/pages"}],"about":[{"href":"https:\/\/www.wikimedia.de\/bildungsraum\/wp-json\/wp\/v2\/types\/page"}],"author":[{"embeddable":true,"href":"https:\/\/www.wikimedia.de\/bildungsraum\/wp-json\/wp\/v2\/users\/1"}],"replies":[{"embeddable":true,"href":"https:\/\/www.wikimedia.de\/bildungsraum\/wp-json\/wp\/v2\/comments?post=140"}],"version-history":[{"count":5,"href":"https:\/\/www.wikimedia.de\/bildungsraum\/wp-json\/wp\/v2\/pages\/140\/revisions"}],"predecessor-version":[{"id":1121,"href":"https:\/\/www.wikimedia.de\/bildungsraum\/wp-json\/wp\/v2\/pages\/140\/revisions\/1121"}],"wp:attachment":[{"href":"https:\/\/www.wikimedia.de\/bildungsraum\/wp-json\/wp\/v2\/media?parent=140"}],"curies":[{"name":"wp","href":"https:\/\/api.w.org\/{rel}","templated":true}]}}