{"id":144,"date":"2024-02-20T15:29:36","date_gmt":"2024-02-20T14:29:36","guid":{"rendered":"https:\/\/www.wikimedia.de\/bildungsraum\/?page_id=144"},"modified":"2024-11-13T10:53:07","modified_gmt":"2024-11-13T09:53:07","slug":"analyse-mein-bildungsraum","status":"publish","type":"page","link":"https:\/\/www.wikimedia.de\/bildungsraum\/analyse-mein-bildungsraum\/","title":{"rendered":"Analyse"},"content":{"rendered":"<div class='outer-container'><div class='default'><div class=\"bb-spacer-block h-5 lg:h-10 \">\n\t\n<\/div>\n\n<\/div><\/div>\n\n\n\n<div class='outer-container'><div class='default'>\n\n<div class=\"wp-block-group is-layout-constrained wp-block-group-is-layout-constrained\">\n\n<div class=\"wp-block-columns is-layout-flex wp-container-core-columns-is-layout-9d6595d7 wp-block-columns-is-layout-flex\">\n\n<div class=\"wp-block-column is-layout-flow wp-block-column-is-layout-flow\" style=\"flex-basis:100%\">\n\n<div data-anchor-title=\"\" class=\"bb-headline-block\">\n\t<div class=\"anchor-offset\" id=\"\"><\/div>\n\t\t\t<h2 class=\"default \">\n\t\t\t<span class=\"\">\n\t\t\t\tAnalyse hinsichtlich der Gemeinwohlorientierung \t\t\t<\/span>\n\t\t<\/h2>\n\t<\/div>\n\n\n\n\n<div class=\"bb-paragraph-block font-inherit  text-base lg:text-xl\">\n\t<p>Als Ausgangspunkt f\u00fcr die Bewertung der Gemeinwohlorientierung von <em>Mein Bildungsraum<\/em> wurden die <a href=\"https:\/\/www.wikimedia.de\/gemeinwohl-in-der-digitalpolitik\/\" target=\"_blank\" rel=\"noopener\">acht Anforderungen an das Gemeinwohl<\/a> von Wikimedia Deutschland e. V. herangezogen. F\u00fcr die Analyse hat das Projektteam Interviews mit <a href=\"https:\/\/www.wikimedia.de\/bildungsraum\/experten_expertinnen\/\">acht Expert*innen<\/a> aus Zivilgesellschaft, Wissenschaft und Medien gef\u00fchrt. Dabei hat sich jede*r Expert*in einer der acht Anforderungen an das Gemeinwohl angenommen und diese bezogen auf <em>Mein Bildungsraum<\/em> eingeordnet. Auf Grundlage der Interviews wurden die hier ver\u00f6ffentlichten Analysetexte erstellt. Die Erkenntnisse der Analysen beziehen sich auf das Vorhaben <em>Mein Bildungsraum. <\/em>Sie sind aber durchaus auf vergleichbare digitale Bildungsinfrastrukturprojekte \u00fcbertragbar.<\/p>\n<\/div>\n<\/div>\n\n<\/div>\n\n<\/div>\n\n<\/div><\/div>\n\n\n\n\n\n<div class=\"wp-block-group full has-white-background-color has-background is-layout-constrained wp-block-group-is-layout-constrained\"><div class=\"bb-spacer-block h-5 lg:h-10 \">\n\t\n<\/div>\n\n\n\n\n\n<div class=\"bb-blockquote-block relative gap-5 md:grid md:grid-cols-4 mb-10\">\n      <div>\n    <div class=\"aspect-h-1 aspect-w-1 mb-2\">\n      <img loading=\"lazy\" decoding=\"async\" width=\"300\" height=\"300\" src=\"https:\/\/www.wikimedia.de\/bildungsraum\/wp-content\/uploads\/sites\/33\/2024\/11\/Heike-Gleibs_neu-300x300.png\" class=\"bg-primary-100 rounded-2xl\" alt=\"\" srcset=\"https:\/\/www.wikimedia.de\/bildungsraum\/wp-content\/uploads\/sites\/33\/2024\/11\/Heike-Gleibs_neu-300x300.png 300w, https:\/\/www.wikimedia.de\/bildungsraum\/wp-content\/uploads\/sites\/33\/2024\/11\/Heike-Gleibs_neu-150x150.png 150w, https:\/\/www.wikimedia.de\/bildungsraum\/wp-content\/uploads\/sites\/33\/2024\/11\/Heike-Gleibs_neu.png 600w\" sizes=\"auto, (max-width: 300px) 100vw, 300px\" \/>    <\/div>\n  <\/div>\n    <div class=\"col-span-3 flex gap-3\">\n    <div class=\"w-16\">\n      <span class='bb-icon icon-xxl'><?xml version=\"1.0\" encoding=\"utf-8\"?>\n<svg width=\"24\" height=\"24\" fill=\"none\" viewBox=\"0 0 24 24\" xmlns=\"http:\/\/www.w3.org\/2000\/svg\" role=\"presentation\" aria-hidden=\"true\">\n  <path d=\"M4.32086 19L6.97937 8.25806L7.75859 11.8871C6.68908 11.8871 5.78762 11.5323 5.05424 10.8226C4.35141 10.1129 4 9.16129 4 7.96774C4 6.77419 4.35141 5.82258 5.05424 5.1129C5.78762 4.37097 6.6738 4 7.71276 4C8.78228 4 9.66845 4.37097 10.3713 5.1129C11.0741 5.85484 11.4255 6.80645 11.4255 7.96774C11.4255 8.32258 11.395 8.69355 11.3338 9.08064C11.3033 9.43548 11.2116 9.85484 11.0588 10.3387C10.9366 10.7903 10.7227 11.3871 10.4171 12.129L8.03361 19H4.32086ZM14.0382 19L16.6967 8.25806L17.4759 11.8871C16.4064 11.8871 15.505 11.5323 14.7716 10.8226C14.0688 10.1129 13.7173 9.16129 13.7173 7.96774C13.7173 6.77419 14.0688 5.82258 14.7716 5.1129C15.505 4.37097 16.3911 4 17.4301 4C18.4996 4 19.3858 4.37097 20.0886 5.1129C20.7914 5.85484 21.1429 6.80645 21.1429 7.96774C21.1429 8.32258 21.1123 8.69355 21.0512 9.08064C21.0206 9.43548 20.929 9.85484 20.7762 10.3387C20.6539 10.7903 20.44 11.3871 20.1345 12.129L17.751 19H14.0382Z\" fill=\"currentColor\"\/>\n<\/svg><\/span>    <\/div>\n    <div>\n    <blockquote class=\"text-2xl lg:text-3xl leading-tight font-normal\">\n    Mit der Analyse wollen wir die St\u00e4rken und Herausforderungen digitaler Projekte aufzeigen. So k\u00f6nnen wir als zivilgesellschaftlicher Akteur staatliche Projekte kritisch begleiten. Wir wollen damit auch zum zuk\u00fcnftigen Diskurs \u00fcber \u00e4hnliche Projekte beitragen.    <\/blockquote>\n    <cite class=\"mt-5 font-bold block\">Heike Gleibs<\/cite>\n          Teamleitung Bildungspolitik und digitales Kulturgut, Wikimedia Deutschland e. V.      <\/div>\n  <\/div>\n<\/div>\n\n\n\n<div class=\"bb-spacer-block h-5 lg:h-10 \">\n\t\n<\/div>\n\n<\/div>\n\n\n\n\n\n<div class='outer-container'><div class='default'>\n\n<div class=\"wp-block-group is-layout-constrained wp-block-group-is-layout-constrained\">\n\n<div class=\"wp-block-columns is-layout-flex wp-container-core-columns-is-layout-9d6595d7 wp-block-columns-is-layout-flex\">\n\n<div class=\"wp-block-column is-layout-flow wp-block-column-is-layout-flow\" style=\"flex-basis:100%\">\n\n<div data-anchor-title=\"\" class=\"bb-headline-block\">\n\t<div class=\"anchor-offset\" id=\"\"><\/div>\n\t\t\t<h3 class=\"default \">\n\t\t\t<span class=\"\">\n\t\t\t\tHerausforderungen bei der Analyse eines volatilen Projekts\t\t\t<\/span>\n\t\t<\/h3>\n\t<\/div>\n\n\n\n\n<div class=\"bb-paragraph-block font-inherit  text-base lg:text-xl\">\n\t<p>Das digitale Bildungsinfrastrukturvorhaben <em>Mein Bildungsraum<\/em> startete mit der Ausschreibung im April 2021 unter dem Titel <em>Nationale Bildungsplattform<\/em>. Seitdem hat sich das Projekt in seiner Ausrichtung und Umsetzung stark ver\u00e4ndert und weicht inzwischen (November 2024) deutlich von dem urspr\u00fcnglichen Vorhaben ab. Die hier ver\u00f6ffentlichte Analyse war zun\u00e4chst begleitend zur geplanten Ver\u00f6ffentlichung eines ersten Prototypen (<em>Minimal Viable Product<\/em>) von <em>Mein Bildungsraum<\/em> im Oktober 2023 geplant. Diese Ver\u00f6ffentlichung eines Prototypen fand allerdings nie statt. Stattdessen wurde eine Closed Beta-Phase zun\u00e4chst f\u00fcr interne Stakeholder und im Laufe des Fr\u00fchjahrs 2024 auch f\u00fcr interessierte externe Gruppen durchgef\u00fchrt.<\/p>\n<\/div>\n\n\n\n\n\n\n<div data-anchor-title=\"\" class=\"bb-headline-block\">\n\t<div class=\"anchor-offset\" id=\"\"><\/div>\n\t\t\t<h3 class=\"default \">\n\t\t\t<span class=\"\">\n\t\t\t\tDie Ausgestaltung von Mein Bildungsraum ist heute eine deutlich andere als vor einem halben Jahr\t\t\t<\/span>\n\t\t<\/h3>\n\t<\/div>\n\n\n\n\n<div class=\"bb-paragraph-block font-inherit  text-base lg:text-xl\">\n\t<p>Im Mai 2024, als unsere Expert*innen mit ihren Analysen starteten, stand die Open Beta-Phase vermeintlich kurz bevor. Doch im Juli teilten das Bundesministerium f\u00fcr Bildung und Forschung (BMBF) und die Agentur f\u00fcr Sprunginnovationen (SPRIN-D) der \u00d6ffentlichkeit \u00fcberraschend mit, dass die SPRIN-D drei der f\u00fcnf Komponenten \u00fcbernehmen und bis 2027 zur Marktreife bringen w\u00fcrde. Dadurch ver\u00e4nderte sich der Analyserahmen erneut drastisch. Die vorliegenden Analysen m\u00fcssen demnach auf Grundlage der sich st\u00e4ndig ver\u00e4nderten Gegebenheiten betrachtet werden. Entsprechende redaktionelle Anmerkungen wurden vorgenommen.<\/p>\n<\/div>\n<\/div>\n\n<\/div>\n\n<\/div>\n\n<\/div><\/div>\n\n\n\n<div class='outer-container'><div class='default'>\n\n<div class=\"wp-block-group has-background is-layout-constrained wp-block-group-is-layout-constrained\" style=\"background-color:#e7e1f2a6\"><div class=\"bb-paragraph-block font-inherit text-primary-800 text-base lg:text-xl\">\n\t<p>Die angewendeten Anforderungen an das Gemeinwohl im digitalen Raum hat Wikimedia Deutschland e. V. mit Perspektiven aus Verwaltung, Verb\u00e4nden, Wissenschaft, Politik und Wirtschaft entwickelt.<\/p>\n<\/div>\n\n\n\n\n<div id=\"block_df4994f89a3b38f61157435aa8f65c84\" class=\"bb-button-block flex lg:justify-start\">\n  <a class=\"btn btn-base btn-outline btn-primary arrow-right\" href=\"https:\/\/www.wikimedia.de\/bildungsraum\/gemeinwohl-anforderungen\/\" target=\"\">\n  <span class='bb-icon icon-base'><?xml version=\"1.0\" encoding=\"utf-8\"?>\n<svg width=\"20\" height=\"20\" viewBox=\"0 0 20 20\" xmlns=\"http:\/\/www.w3.org\/2000\/svg\" role=\"presentation\" aria-hidden=\"true\">\n  <path d=\"M17 9.96296L12.1601 17H10.3128L14.4877 10.7407H2V9.22222H14.4877L10.3128 3H12.1601L17 9.96296Z\" fill=\"currentColor\"\/>\n<\/svg><\/span>  Gemeinwohl-Anforderungen   <\/a>\n<\/div>\n\n\n\n\n<div class=\"bb-spacer-block h-3 lg:h-6 \">\n\t\n<\/div>\n\n\n\n\n\n<div class=\"bb-spacer-block h-3 lg:h-6 \">\n\t\n<\/div>\n\n\n\n\n\n<div class=\"bb-paragraph-block font-inherit text-primary-800 text-base lg:text-xl\">\n\t<p>Detaillierte Informationen zu den Materialien und Informationen, die f\u00fcr die Analyse herangezogen wurden, sowie zu den Ver\u00e4nderungen, die sich im Verlauf der Entwicklung von <em>Mein Bildungsraum<\/em> ergeben haben, finden Sie hier.<\/p>\n<\/div>\n\n\n\n\n<div id=\"block_a2897453529552931f5d1e78952d3db7\" class=\"bb-button-block flex lg:justify-start\">\n  <a class=\"btn btn-base btn-outline btn-primary arrow-right\" href=\"https:\/\/www.wikimedia.de\/bildungsraum\/hintergrund\/\" target=\"\">\n  <span class='bb-icon icon-base'><?xml version=\"1.0\" encoding=\"utf-8\"?>\n<svg width=\"20\" height=\"20\" viewBox=\"0 0 20 20\" xmlns=\"http:\/\/www.w3.org\/2000\/svg\" role=\"presentation\" aria-hidden=\"true\">\n  <path d=\"M17 9.96296L12.1601 17H10.3128L14.4877 10.7407H2V9.22222H14.4877L10.3128 3H12.1601L17 9.96296Z\" fill=\"currentColor\"\/>\n<\/svg><\/span>  Hintergrund des Projekts  <\/a>\n<\/div>\n<\/div>\n\n<\/div><\/div>\n\n\n\n<div class='outer-container'><div class='default'><div class=\"bb-spacer-block h-5 lg:h-10 \">\n\t\n<\/div>\n\n<\/div><\/div>\n\n\n\n<div class='outer-container'><div class='default'>\n\n<div data-anchor-title=\"\" class=\"bb-headline-block\">\n\t<div class=\"anchor-offset\" id=\"\"><\/div>\n\t\t\t<h2 class=\"h4 \">\n\t\t\t<span class=\"\">\n\t\t\t\tZu den einzelnen Analysen:\t\t\t<\/span>\n\t\t<\/h2>\n\t<\/div>\n<\/div><\/div>\n\n\n\n<div class='outer-container'><div class='default'><div class=\"bb-spacer-block h-3 lg:h-6 \">\n\t\n<\/div>\n\n<\/div><\/div>\n\n\n\n<div class='outer-container'><div class='col-span-12'><div class=\"block-nbp-indicators-swiper\">\n        <div class=\"mb-12 lg:mb-24\">\n        <div class=\"grid grid-cols-4 gap-4\">\n                                    <div class=\"bg-primary h-full w-full rounded-xl p-4 text-white\">\n    <a href=\"https:\/\/www.wikimedia.de\/bildungsraum\/indicators\/transparenz-2\/\">\n        <span class=\"bg-secondary text-secondary-900 p-1 px-3 text-center text-2xl font-bold font-alt rounded-lg\">\n            1        <\/span>\n        <div class=\"aspect-h-1 aspect-w-1\">\n            <img loading=\"lazy\" decoding=\"async\" width=\"300\" height=\"300\" src=\"https:\/\/www.wikimedia.de\/bildungsraum\/wp-content\/uploads\/sites\/33\/2024\/10\/Transpranz-300x300.png\" class=\"object-cover h-full w-full wp-post-image\" alt=\"\" srcset=\"https:\/\/www.wikimedia.de\/bildungsraum\/wp-content\/uploads\/sites\/33\/2024\/10\/Transpranz-300x300.png 300w, https:\/\/www.wikimedia.de\/bildungsraum\/wp-content\/uploads\/sites\/33\/2024\/10\/Transpranz-150x150.png 150w, https:\/\/www.wikimedia.de\/bildungsraum\/wp-content\/uploads\/sites\/33\/2024\/10\/Transpranz.png 560w\" sizes=\"auto, (max-width: 300px) 100vw, 300px\" \/>        <\/div>\n        <h3 class=\"hyphens-auto\">Transparenz<\/h3>\n    <\/a>\n<\/div>                                    <div class=\"bg-primary h-full w-full rounded-xl p-4 text-white\">\n    <a href=\"https:\/\/www.wikimedia.de\/bildungsraum\/indicators\/beteiligung\/\">\n        <span class=\"bg-secondary text-secondary-900 p-1 px-3 text-center text-2xl font-bold font-alt rounded-lg\">\n            2        <\/span>\n        <div class=\"aspect-h-1 aspect-w-1\">\n            <img loading=\"lazy\" decoding=\"async\" width=\"300\" height=\"300\" src=\"https:\/\/www.wikimedia.de\/bildungsraum\/wp-content\/uploads\/sites\/33\/2024\/10\/Beteiligung-300x300.png\" class=\"object-cover h-full w-full wp-post-image\" alt=\"\" srcset=\"https:\/\/www.wikimedia.de\/bildungsraum\/wp-content\/uploads\/sites\/33\/2024\/10\/Beteiligung-300x300.png 300w, https:\/\/www.wikimedia.de\/bildungsraum\/wp-content\/uploads\/sites\/33\/2024\/10\/Beteiligung-150x150.png 150w, https:\/\/www.wikimedia.de\/bildungsraum\/wp-content\/uploads\/sites\/33\/2024\/10\/Beteiligung.png 560w\" sizes=\"auto, (max-width: 300px) 100vw, 300px\" \/>        <\/div>\n        <h3 class=\"hyphens-auto\">Beteiligung<\/h3>\n    <\/a>\n<\/div>                                    <div class=\"bg-primary h-full w-full rounded-xl p-4 text-white\">\n    <a href=\"https:\/\/www.wikimedia.de\/bildungsraum\/indicators\/keine-negativen-externalitaeten\/\">\n        <span class=\"bg-secondary text-secondary-900 p-1 px-3 text-center text-2xl font-bold font-alt rounded-lg\">\n            3        <\/span>\n        <div class=\"aspect-h-1 aspect-w-1\">\n            <img loading=\"lazy\" decoding=\"async\" width=\"300\" height=\"300\" src=\"https:\/\/www.wikimedia.de\/bildungsraum\/wp-content\/uploads\/sites\/33\/2024\/10\/Gemeinschadenvermeidung-300x300.png\" class=\"object-cover h-full w-full wp-post-image\" alt=\"\" srcset=\"https:\/\/www.wikimedia.de\/bildungsraum\/wp-content\/uploads\/sites\/33\/2024\/10\/Gemeinschadenvermeidung-300x300.png 300w, https:\/\/www.wikimedia.de\/bildungsraum\/wp-content\/uploads\/sites\/33\/2024\/10\/Gemeinschadenvermeidung-150x150.png 150w, https:\/\/www.wikimedia.de\/bildungsraum\/wp-content\/uploads\/sites\/33\/2024\/10\/Gemeinschadenvermeidung.png 560w\" sizes=\"auto, (max-width: 300px) 100vw, 300px\" \/>        <\/div>\n        <h3 class=\"hyphens-auto\">Keine negativen Externalit\u00e4ten<\/h3>\n    <\/a>\n<\/div>                                    <div class=\"bg-primary h-full w-full rounded-xl p-4 text-white\">\n    <a href=\"https:\/\/www.wikimedia.de\/bildungsraum\/indicators\/grundrechte\/\">\n        <span class=\"bg-secondary text-secondary-900 p-1 px-3 text-center text-2xl font-bold font-alt rounded-lg\">\n            4        <\/span>\n        <div class=\"aspect-h-1 aspect-w-1\">\n            <img loading=\"lazy\" decoding=\"async\" width=\"300\" height=\"300\" src=\"https:\/\/www.wikimedia.de\/bildungsraum\/wp-content\/uploads\/sites\/33\/2024\/10\/Grundrechte-1-300x300.png\" class=\"object-cover h-full w-full wp-post-image\" alt=\"\" srcset=\"https:\/\/www.wikimedia.de\/bildungsraum\/wp-content\/uploads\/sites\/33\/2024\/10\/Grundrechte-1-300x300.png 300w, https:\/\/www.wikimedia.de\/bildungsraum\/wp-content\/uploads\/sites\/33\/2024\/10\/Grundrechte-1-150x150.png 150w, https:\/\/www.wikimedia.de\/bildungsraum\/wp-content\/uploads\/sites\/33\/2024\/10\/Grundrechte-1.png 560w\" sizes=\"auto, (max-width: 300px) 100vw, 300px\" \/>        <\/div>\n        <h3 class=\"hyphens-auto\">Grundrechte<\/h3>\n    <\/a>\n<\/div>                                    <div class=\"bg-primary h-full w-full rounded-xl p-4 text-white\">\n    <a href=\"https:\/\/www.wikimedia.de\/bildungsraum\/indicators\/weniger-ungleichheit\/\">\n        <span class=\"bg-secondary text-secondary-900 p-1 px-3 text-center text-2xl font-bold font-alt rounded-lg\">\n            5        <\/span>\n        <div class=\"aspect-h-1 aspect-w-1\">\n            <img loading=\"lazy\" decoding=\"async\" width=\"300\" height=\"300\" src=\"https:\/\/www.wikimedia.de\/bildungsraum\/wp-content\/uploads\/sites\/33\/2024\/10\/Ungleichheit-verringern-300x300.png\" class=\"object-cover h-full w-full wp-post-image\" alt=\"\" srcset=\"https:\/\/www.wikimedia.de\/bildungsraum\/wp-content\/uploads\/sites\/33\/2024\/10\/Ungleichheit-verringern-300x300.png 300w, https:\/\/www.wikimedia.de\/bildungsraum\/wp-content\/uploads\/sites\/33\/2024\/10\/Ungleichheit-verringern-150x150.png 150w, https:\/\/www.wikimedia.de\/bildungsraum\/wp-content\/uploads\/sites\/33\/2024\/10\/Ungleichheit-verringern.png 560w\" sizes=\"auto, (max-width: 300px) 100vw, 300px\" \/>        <\/div>\n        <h3 class=\"hyphens-auto\">Weniger Ungleichheit<\/h3>\n    <\/a>\n<\/div>                                    <div class=\"bg-primary h-full w-full rounded-xl p-4 text-white\">\n    <a href=\"https:\/\/www.wikimedia.de\/bildungsraum\/indicators\/offenheit\/\">\n        <span class=\"bg-secondary text-secondary-900 p-1 px-3 text-center text-2xl font-bold font-alt rounded-lg\">\n            6        <\/span>\n        <div class=\"aspect-h-1 aspect-w-1\">\n            <img loading=\"lazy\" decoding=\"async\" width=\"300\" height=\"300\" src=\"https:\/\/www.wikimedia.de\/bildungsraum\/wp-content\/uploads\/sites\/33\/2024\/10\/Offenheit-300x300.png\" class=\"object-cover h-full w-full wp-post-image\" alt=\"\" srcset=\"https:\/\/www.wikimedia.de\/bildungsraum\/wp-content\/uploads\/sites\/33\/2024\/10\/Offenheit-300x300.png 300w, https:\/\/www.wikimedia.de\/bildungsraum\/wp-content\/uploads\/sites\/33\/2024\/10\/Offenheit-150x150.png 150w, https:\/\/www.wikimedia.de\/bildungsraum\/wp-content\/uploads\/sites\/33\/2024\/10\/Offenheit.png 560w\" sizes=\"auto, (max-width: 300px) 100vw, 300px\" \/>        <\/div>\n        <h3 class=\"hyphens-auto\">Offenheit<\/h3>\n    <\/a>\n<\/div>                                    <div class=\"bg-primary h-full w-full rounded-xl p-4 text-white\">\n    <a href=\"https:\/\/www.wikimedia.de\/bildungsraum\/indicators\/zugang\/\">\n        <span class=\"bg-secondary text-secondary-900 p-1 px-3 text-center text-2xl font-bold font-alt rounded-lg\">\n            7        <\/span>\n        <div class=\"aspect-h-1 aspect-w-1\">\n            <img loading=\"lazy\" decoding=\"async\" width=\"300\" height=\"300\" src=\"https:\/\/www.wikimedia.de\/bildungsraum\/wp-content\/uploads\/sites\/33\/2024\/10\/Zugang-300x300.png\" class=\"object-cover h-full w-full wp-post-image\" alt=\"\" srcset=\"https:\/\/www.wikimedia.de\/bildungsraum\/wp-content\/uploads\/sites\/33\/2024\/10\/Zugang-300x300.png 300w, https:\/\/www.wikimedia.de\/bildungsraum\/wp-content\/uploads\/sites\/33\/2024\/10\/Zugang-150x150.png 150w, https:\/\/www.wikimedia.de\/bildungsraum\/wp-content\/uploads\/sites\/33\/2024\/10\/Zugang.png 560w\" sizes=\"auto, (max-width: 300px) 100vw, 300px\" \/>        <\/div>\n        <h3 class=\"hyphens-auto\">Zugang<\/h3>\n    <\/a>\n<\/div>                                    <div class=\"bg-primary h-full w-full rounded-xl p-4 text-white\">\n    <a href=\"https:\/\/www.wikimedia.de\/bildungsraum\/indicators\/gemeinschaftliches-verwalten-und-erneuern\/\">\n        <span class=\"bg-secondary text-secondary-900 p-1 px-3 text-center text-2xl font-bold font-alt rounded-lg\">\n            8        <\/span>\n        <div class=\"aspect-h-1 aspect-w-1\">\n            <img loading=\"lazy\" decoding=\"async\" width=\"300\" height=\"300\" src=\"https:\/\/www.wikimedia.de\/bildungsraum\/wp-content\/uploads\/sites\/33\/2024\/10\/Dynamsche-ANpassung-300x300.png\" class=\"object-cover h-full w-full wp-post-image\" alt=\"\" srcset=\"https:\/\/www.wikimedia.de\/bildungsraum\/wp-content\/uploads\/sites\/33\/2024\/10\/Dynamsche-ANpassung-300x300.png 300w, https:\/\/www.wikimedia.de\/bildungsraum\/wp-content\/uploads\/sites\/33\/2024\/10\/Dynamsche-ANpassung-150x150.png 150w, https:\/\/www.wikimedia.de\/bildungsraum\/wp-content\/uploads\/sites\/33\/2024\/10\/Dynamsche-ANpassung.png 560w\" sizes=\"auto, (max-width: 300px) 100vw, 300px\" \/>        <\/div>\n        <h3 class=\"hyphens-auto\">Gemeinschaftliches Verwalten und Erneuern<\/h3>\n    <\/a>\n<\/div>                    <\/div>\n    <\/div>\n    <\/div>\n<\/div><\/div>","protected":false},"excerpt":{"rendered":"","protected":false},"author":1,"featured_media":0,"parent":0,"menu_order":0,"comment_status":"closed","ping_status":"closed","template":"","meta":{"_acf_changed":false,"footnotes":""},"class_list":["post-144","page","type-page","status-publish","hentry"],"acf":[],"_links":{"self":[{"href":"https:\/\/www.wikimedia.de\/bildungsraum\/wp-json\/wp\/v2\/pages\/144","targetHints":{"allow":["GET"]}}],"collection":[{"href":"https:\/\/www.wikimedia.de\/bildungsraum\/wp-json\/wp\/v2\/pages"}],"about":[{"href":"https:\/\/www.wikimedia.de\/bildungsraum\/wp-json\/wp\/v2\/types\/page"}],"author":[{"embeddable":true,"href":"https:\/\/www.wikimedia.de\/bildungsraum\/wp-json\/wp\/v2\/users\/1"}],"replies":[{"embeddable":true,"href":"https:\/\/www.wikimedia.de\/bildungsraum\/wp-json\/wp\/v2\/comments?post=144"}],"version-history":[{"count":5,"href":"https:\/\/www.wikimedia.de\/bildungsraum\/wp-json\/wp\/v2\/pages\/144\/revisions"}],"predecessor-version":[{"id":1122,"href":"https:\/\/www.wikimedia.de\/bildungsraum\/wp-json\/wp\/v2\/pages\/144\/revisions\/1122"}],"wp:attachment":[{"href":"https:\/\/www.wikimedia.de\/bildungsraum\/wp-json\/wp\/v2\/media?parent=144"}],"curies":[{"name":"wp","href":"https:\/\/api.w.org\/{rel}","templated":true}]}}