{"id":5,"date":"2023-11-23T13:37:26","date_gmt":"2023-11-23T12:37:26","guid":{"rendered":"https:\/\/www.wikimedia.de\/bildungsraum\/?page_id=5"},"modified":"2024-11-15T09:22:34","modified_gmt":"2024-11-15T08:22:34","slug":"home","status":"publish","type":"page","link":"https:\/\/www.wikimedia.de\/bildungsraum\/","title":{"rendered":"Wie kommt das Gemeinwohl in den Bildungsraum?"},"content":{"rendered":"<div class='outer-container'><div class='default'><div class=\"bb-spacer-block h-5 lg:h-10 \">\n\t\n<\/div>\n\n<\/div><\/div>\n\n\n\n<div class='outer-container'><div class='default'>\n\n<div class=\"wp-block-group is-layout-constrained wp-block-group-is-layout-constrained\">\n\n<div class=\"wp-block-columns is-layout-flex wp-container-core-columns-is-layout-9d6595d7 wp-block-columns-is-layout-flex\">\n\n<div class=\"wp-block-column is-layout-flow wp-block-column-is-layout-flow\" style=\"flex-basis:66.66%\">\n\n<div data-anchor-title=\"\" class=\"bb-headline-block\">\n\t<div class=\"anchor-offset\" id=\"\"><\/div>\n\t\t\t<h2 class=\"default \">\n\t\t\t<span class=\"\">\n\t\t\t\tMein Bildungsraum als Analyseprojekt\t\t\t<\/span>\n\t\t<\/h2>\n\t<\/div>\n\n\n\n\n<div class=\"bb-paragraph-block font-inherit  text-base lg:text-xl\">\n\t<p>Mein Bildungsraum ist eines der gr\u00f6\u00dften digitalen Bildungsinfrastrukturprojekte in Deutschland und eines der 18 Leuchtturmprojekte der Digitalstrategie der Bundesregierung. Wikimedia Deutschland e. V. hat das Projekt von Anfang an kritisch-konstruktiv begleitet.<\/p>\n<p>Nach der Ver\u00f6ffentlichung der <a href=\"https:\/\/commons.wikimedia.org\/wiki\/File:Konzeptstudie_Werte_und_Strukuren_der_Nationalen_Bildungsplattform.pdf\" target=\"_blank\" rel=\"noopener\">Konzeptstudie 2022<\/a> wird zwei Jahre sp\u00e4ter eine neue Analyse des Vorhabens vorgelegt. Daf\u00fcr haben acht Expert*innen aus Wissenschaft, Bildungspraxis und Zivilgesellschaft das Projekt anhand von <a href=\"https:\/\/www.wikimedia.de\/bildungsraum\/gemeinwohl-anforderungen\/\">acht Anforderungen an das Gemeinwohl<\/a> analysiert und eingeordnet. Das Ergebnis sehen Sie hier.<\/p>\n<\/div>\n\n\n\n\n\n\n<div data-anchor-title=\"\" class=\"bb-headline-block\">\n\t<div class=\"anchor-offset\" id=\"\"><\/div>\n\t\t\t<h2 class=\"default \">\n\t\t\t<span class=\"\">\n\t\t\t\t Gemeinwohlorientierung als Leitprinzip\t\t\t<\/span>\n\t\t<\/h2>\n\t<\/div>\n\n\n\n\n<div class=\"bb-paragraph-block font-inherit  text-base lg:text-xl\">\n\t<p>Wikimedia Deutschland e. V. setzt sich daf\u00fcr ein, dass Gemeinwohlorientierung zum Leitprinzip einer zeitgem\u00e4\u00dfen Bildung in der Digitalit\u00e4t wird. Daf\u00fcr braucht es unabh\u00e4ngige \u00f6ffentliche digitale Infrastrukturen, den freien Zugang zu Bildungsmaterialien, -anwendungen und -produkten sowie offene p\u00e4dagogische Praktiken, die Partizipation und Autonomie f\u00f6rdern.<\/p>\n<\/div>\n<\/div>\n\n\n\n\n\n\n\n<div class=\"wp-block-column is-layout-flow wp-block-column-is-layout-flow\" style=\"flex-basis:33.33%\">\n<div class=\"bb-image-block my-4\">\n            <figure class=\"portrait flex justify-center max-h-screen relative overflow-hidden   no_caption\" role=\"group\">\n        <img loading=\"lazy\" decoding=\"async\" width=\"655\" height=\"558\" src=\"https:\/\/www.wikimedia.de\/bildungsraum\/wp-content\/uploads\/sites\/33\/2024\/11\/home_illu.svg\" class=\"h-full w-auto\" alt=\"\" sizes=\"auto,  \" \/>            <\/figure>\n    <\/div><\/div>\n\n<\/div>\n\n<\/div>\n\n<\/div><\/div>\n\n\n\n<div class='outer-container'><div class='default'>\n\n<div class=\"wp-block-group is-layout-constrained wp-block-group-is-layout-constrained\"><div class=\"bb-spacer-block h-5 lg:h-10 \">\n\t\n<\/div>\n\n\n\n\n\n<div class=\"bb-blockquote-block relative gap-5 md:grid md:grid-cols-4 mb-10\">\n      <div>\n    <div class=\"aspect-h-1 aspect-w-1 mb-2\">\n      <img loading=\"lazy\" decoding=\"async\" width=\"300\" height=\"300\" src=\"https:\/\/www.wikimedia.de\/bildungsraum\/wp-content\/uploads\/sites\/33\/2024\/11\/Christian-Humborg-300x300.png\" class=\"bg-primary-100 rounded-2xl\" alt=\"\" srcset=\"https:\/\/www.wikimedia.de\/bildungsraum\/wp-content\/uploads\/sites\/33\/2024\/11\/Christian-Humborg-300x300.png 300w, https:\/\/www.wikimedia.de\/bildungsraum\/wp-content\/uploads\/sites\/33\/2024\/11\/Christian-Humborg-150x150.png 150w, https:\/\/www.wikimedia.de\/bildungsraum\/wp-content\/uploads\/sites\/33\/2024\/11\/Christian-Humborg.png 600w\" sizes=\"auto, (max-width: 300px) 100vw, 300px\" \/>    <\/div>\n  <\/div>\n    <div class=\"col-span-3 flex gap-3\">\n    <div class=\"w-16\">\n      <span class='bb-icon icon-xxl'><?xml version=\"1.0\" encoding=\"utf-8\"?>\n<svg width=\"24\" height=\"24\" fill=\"none\" viewBox=\"0 0 24 24\" xmlns=\"http:\/\/www.w3.org\/2000\/svg\" role=\"presentation\" aria-hidden=\"true\">\n  <path d=\"M4.32086 19L6.97937 8.25806L7.75859 11.8871C6.68908 11.8871 5.78762 11.5323 5.05424 10.8226C4.35141 10.1129 4 9.16129 4 7.96774C4 6.77419 4.35141 5.82258 5.05424 5.1129C5.78762 4.37097 6.6738 4 7.71276 4C8.78228 4 9.66845 4.37097 10.3713 5.1129C11.0741 5.85484 11.4255 6.80645 11.4255 7.96774C11.4255 8.32258 11.395 8.69355 11.3338 9.08064C11.3033 9.43548 11.2116 9.85484 11.0588 10.3387C10.9366 10.7903 10.7227 11.3871 10.4171 12.129L8.03361 19H4.32086ZM14.0382 19L16.6967 8.25806L17.4759 11.8871C16.4064 11.8871 15.505 11.5323 14.7716 10.8226C14.0688 10.1129 13.7173 9.16129 13.7173 7.96774C13.7173 6.77419 14.0688 5.82258 14.7716 5.1129C15.505 4.37097 16.3911 4 17.4301 4C18.4996 4 19.3858 4.37097 20.0886 5.1129C20.7914 5.85484 21.1429 6.80645 21.1429 7.96774C21.1429 8.32258 21.1123 8.69355 21.0512 9.08064C21.0206 9.43548 20.929 9.85484 20.7762 10.3387C20.6539 10.7903 20.44 11.3871 20.1345 12.129L17.751 19H14.0382Z\" fill=\"currentColor\"\/>\n<\/svg><\/span>    <\/div>\n    <div>\n    <blockquote class=\"text-2xl lg:text-3xl leading-tight font-normal\">\n    Die Bereitstellung unabh\u00e4ngiger digitaler Infrastrukturen f\u00fcr den Bildungsbereich ist Aufgabe des Staates. Mein Bildungsraum war ein Versuch, dieser Aufgabe nachzukommen \u2013 ist jedoch an vielen Stellen gescheitert. Diese Analyse dient auch als Hilfestellung f\u00fcr zuk\u00fcnftige Vorhaben. Lasst uns nicht dieselben Fehler wiederholen.     <\/blockquote>\n    <cite class=\"mt-5 font-bold block\">Dr. Christian Humborg<\/cite>\n          Gesch\u00e4ftsf\u00fchrender Vorstand Wikimedia Deutschland e. V.       <\/div>\n  <\/div>\n<\/div><\/div>\n\n<\/div><\/div>\n\n\n\n<div class='outer-container'><div class='default'>\n\n<div class=\"wp-block-columns is-layout-flex wp-container-core-columns-is-layout-9d6595d7 wp-block-columns-is-layout-flex\">\n\n<div class=\"wp-block-column is-layout-flow wp-block-column-is-layout-flow\" style=\"flex-basis:66.66%\">\n<section id=\"youtube_light_embed-block_10ccc5a8e68a31d881630d9b6bd79c9c\" class=\"acf-block-youtube_light_embed \">\n        <div class=\"ytle-player \" data-id=\"-MzRiCwLgFQ\" data-list=\"\" data-start=\"\">\n    <div class=\"ytle-privacy-disclaimer\">\n\t\t\t<div>\n\t\t\t\t<svg width=\"16\" height=\"16\" fill=\"none\" viewBox=\"0 0 16 16\" xmlns=\"http:\/\/www.w3.org\/2000\/svg\">\n\t\t\t\t\t<path fill-rule=\"evenodd\" clip-rule=\"evenodd\" d=\"M16 8C16 10.1217 15.1571 12.1566 13.6569 13.6569C12.1566 15.1571 10.1217 16 8 16C5.87827 16 3.84344 15.1571 2.34315 13.6569C0.842855 12.1566 0 10.1217 0 8C0 5.87827 0.842855 3.84344 2.34315 2.34315C3.84344 0.842855 5.87827 0 8 0C10.1217 0 12.1566 0.842855 13.6569 2.34315C15.1571 3.84344 16 5.87827 16 8ZM9 4C9 4.26522 8.89464 4.51957 8.70711 4.70711C8.51957 4.89464 8.26522 5 8 5C7.73478 5 7.48043 4.89464 7.29289 4.70711C7.10536 4.51957 7 4.26522 7 4C7 3.73478 7.10536 3.48043 7.29289 3.29289C7.48043 3.10536 7.73478 3 8 3C8.26522 3 8.51957 3.10536 8.70711 3.29289C8.89464 3.48043 9 3.73478 9 4ZM7 7C6.73478 7 6.48043 7.10536 6.29289 7.29289C6.10536 7.48043 6 7.73478 6 8C6 8.26522 6.10536 8.51957 6.29289 8.70711C6.48043 8.89464 6.73478 9 7 9V12C7 12.2652 7.10536 12.5196 7.29289 12.7071C7.48043 12.8946 7.73478 13 8 13H9C9.26522 13 9.51957 12.8946 9.70711 12.7071C9.89464 12.5196 10 12.2652 10 12C10 11.7348 9.89464 11.4804 9.70711 11.2929C9.51957 11.1054 9.26522 11 9 11V8C9 7.73478 8.89464 7.48043 8.70711 7.29289C8.51957 7.10536 8.26522 7 8 7H7Z\" fill=\"white\"\/>\n\t\t\t\t<\/svg>\n\t\t\t\t<div>Mit dem Abspielen des Videos erkl\u00e4ren Sie sich damit einverstanden, dass YouTube und Google Ihre Daten speichern und verarbeiten d\u00fcrfen. Bitte beachten Sie die <a href=\"https:\/\/www.google.com\/policies\/privacy\/\">Datenschutzerkl\u00e4rung<\/a> von Google.<\/div>\n\t\t\t\t<div class=\"ytle-buttons\">\n\t\t\t\t\t<button class=\"ytle-deny\">Ablehnen<\/button>\n\t\t\t\t\t<button class=\"ytle-accept\">Akzeptieren &#038; Abspielen<\/button>\n\t\t\t\t<\/div>\n\t\t\t<\/div>\n\t\t<\/div>\n<\/div>\n    <\/section>\n<\/div>\n\n\n\n\n\n\n\n<div class=\"wp-block-column is-layout-flow wp-block-column-is-layout-flow\" style=\"flex-basis:33.33%\">\n\n<div data-anchor-title=\"\" class=\"bb-headline-block\">\n\t<div class=\"anchor-offset\" id=\"\"><\/div>\n\t\t\t<h2 class=\"default \">\n\t\t\t<span class=\"\">\n\t\t\t\tVideo der Online-Veranstaltung zum Start der Website\t\t\t<\/span>\n\t\t<\/h2>\n\t<\/div>\n\n\n\n\n<div class=\"bb-paragraph-block font-inherit  text-base lg:text-xl\">\n\t<p>Mit einer Diskussion zum Thema Beteiligung in bildungspolitischen Vorhaben.<\/p>\n<\/div>\n<\/div>\n\n<\/div>\n\n<\/div><\/div>\n\n\n\n<div class='outer-container'><div class='default'><div class=\"bb-spacer-block h-5 lg:h-10 \">\n\t\n<\/div>\n\n<\/div><\/div>\n\n\n\n<div class='outer-container'><div class='default'>\n\n<div class=\"wp-block-group is-layout-constrained wp-block-group-is-layout-constrained\">\n\n<div class=\"wp-block-columns is-layout-flex wp-container-core-columns-is-layout-9d6595d7 wp-block-columns-is-layout-flex\">\n\n<div class=\"wp-block-column is-layout-flow wp-block-column-is-layout-flow\">\n\n<div data-anchor-title=\"\" class=\"bb-headline-block\">\n\t<div class=\"anchor-offset\" id=\"\"><\/div>\n\t\t\t<h2 class=\"default \">\n\t\t\t<span class=\"\">\n\t\t\t\t \u00dcber das Projekt\t\t\t<\/span>\n\t\t<\/h2>\n\t<\/div>\n\n\n\n\n<div class=\"bb-paragraph-block font-inherit  text-base lg:text-xl\">\n\t<p>Die Website <em>Gemeinwohl im Bildungsraum<\/em> f\u00fchrt bisherige Vorarbeiten und Aktivit\u00e4ten von Wikimedia Deutschland in den Bereichen Bildung in der Digitalit\u00e4t und Gemeinwohlorientierung zusammen. Ziel ist die systematische Bewertung \u00f6ffentlicher digitaler Bildungsprojekte anhand festgelegter Kriterien.<\/p>\n<p>Das Konstrukt der Gemeinwohlorientierung eignet sich als Analyserahmen, da es verschiedene zentrale Aspekte umfasst, die im Kontext staatlicher Bildungs- und Digitalvorhaben zu ber\u00fccksichtigen sind: Nicht nur Fragen der Offenheit und Zug\u00e4nglichkeit werden adressiert, sondern auch Themen wie die Nachhaltigkeit von Produkten oder der Schutz von Grundrechten. Das Ergebnis ist eine umfassende und tiefgehende Analyse von Vorhaben.<\/p>\n<p><em>Mein Bildungsraum<\/em> wurde als beispielhaftes Bildungsinfrastrukturprojekt f\u00fcr diese Analyse ausgew\u00e4hlt. Viele der hier dargestellten Kritikpunkte, aber auch Empfehlungen lassen sich auf andere staatliche Bildungs- und Digitalprojekte \u00fcbertragen. Die Analyse von <em>Mein Bildungsraum<\/em> soll daher auch als Blaupause f\u00fcr weitere Analysen dienen.<\/p>\n<\/div>\n<\/div>\n\n<\/div>\n\n<\/div>\n\n<\/div><\/div>\n\n\n\n<div class='outer-container'><div class='default'>\n\n<div class=\"wp-block-group has-primary-light-background-color has-background is-layout-constrained wp-block-group-is-layout-constrained\">\n\n<div class=\"wp-block-columns is-layout-flex wp-container-core-columns-is-layout-9d6595d7 wp-block-columns-is-layout-flex\">\n\n<div class=\"wp-block-column is-layout-flow wp-block-column-is-layout-flow\" style=\"flex-basis:100%\"><div class=\"bb-spacer-block h-5 lg:h-10 \">\n\t\n<\/div>\n\n\n\n\n\n<div class=\"bb-paragraph-block font-inherit  text-base lg:text-xl\">\n\t<p>Lesen Sie hier wie unsere Expert*innen <em>Mein Bildungsraum<\/em> bez\u00fcglich des Gemeinwohls bewertet haben.<\/p>\n<\/div>\n\n\n\n\n<div id=\"block_65490a766859c07a060719b98ff71237\" class=\"bb-button-block flex lg:justify-start\">\n  <a class=\"btn btn-base btn-outline btn-primary arrow-right\" href=\"https:\/\/www.wikimedia.de\/bildungsraum\/analyse-mein-bildungsraum\/\" target=\"\">\n  <span class='bb-icon icon-base'><?xml version=\"1.0\" encoding=\"utf-8\"?>\n<svg width=\"20\" height=\"20\" viewBox=\"0 0 20 20\" xmlns=\"http:\/\/www.w3.org\/2000\/svg\" role=\"presentation\" aria-hidden=\"true\">\n  <path d=\"M17 9.96296L12.1601 17H10.3128L14.4877 10.7407H2V9.22222H14.4877L10.3128 3H12.1601L17 9.96296Z\" fill=\"currentColor\"\/>\n<\/svg><\/span>  Direkt zur Analyse  <\/a>\n<\/div>\n\n\n\n\n<div class=\"bb-spacer-block h-5 lg:h-10 \">\n\t\n<\/div>\n\n\n\n\n\n<div class=\"bb-paragraph-block font-inherit  text-base lg:text-xl\">\n\t<p>Wenn Sie mehr \u00fcber die Genese von <em>Mein Bildungsraum<\/em> erfahren m\u00f6chten und sich daf\u00fcr interessieren, wie Wikimedia Deutschland e. V. die Rolle des bildungsdigitalen Korrektivs in diesem Prozess eingenommen hat, lesen Sie hier weiter.<\/p>\n<\/div>\n\n\n\n\n<div id=\"block_66196676219f055362fdf452ac5f2503\" class=\"bb-button-block flex lg:justify-start\">\n  <a class=\"btn btn-base btn-outline btn-primary arrow-right\" href=\"https:\/\/www.wikimedia.de\/bildungsraum\/hintergrund\/\" target=\"\">\n  <span class='bb-icon icon-base'><?xml version=\"1.0\" encoding=\"utf-8\"?>\n<svg width=\"20\" height=\"20\" viewBox=\"0 0 20 20\" xmlns=\"http:\/\/www.w3.org\/2000\/svg\" role=\"presentation\" aria-hidden=\"true\">\n  <path d=\"M17 9.96296L12.1601 17H10.3128L14.4877 10.7407H2V9.22222H14.4877L10.3128 3H12.1601L17 9.96296Z\" fill=\"currentColor\"\/>\n<\/svg><\/span>  Hintergrund des Projekts  <\/a>\n<\/div>\n\n\n\n\n<div class=\"bb-spacer-block h-5 lg:h-10 \">\n\t\n<\/div>\n\n<\/div>\n\n<\/div>\n\n<\/div>\n\n<\/div><\/div>\n\n\n\n<div class='outer-container'><div class='default'><div class=\"bb-spacer-block h-5 lg:h-10 \">\n\t\n<\/div>\n\n<\/div><\/div>\n\n\n\n<div class='outer-container'><div class='col-span-12'>\n\n<div class=\"wp-block-group col-12 is-layout-constrained wp-block-group-is-layout-constrained\">\n\n<div data-anchor-title=\"\" class=\"bb-headline-block\">\n\t<div class=\"anchor-offset\" id=\"\"><\/div>\n\t\t\t<h2 class=\"default \">\n\t\t\t<span class=\"\">\n\t\t\t\tDas Projektteam\t\t\t<\/span>\n\t\t<\/h2>\n\t<\/div>\n\n\n\n\n\n\n<div class=\"wp-block-columns is-layout-flex wp-container-core-columns-is-layout-9d6595d7 wp-block-columns-is-layout-flex\">\n\n<div class=\"wp-block-column is-layout-flow wp-block-column-is-layout-flow\">\n<div class=\"bb-image-block my-4\">\n            <figure class=\"portrait flex justify-center max-h-screen relative overflow-hidden  rounded-2xl  no_caption\" role=\"group\">\n        <img loading=\"lazy\" decoding=\"async\" width=\"600\" height=\"600\" src=\"https:\/\/www.wikimedia.de\/bildungsraum\/wp-content\/uploads\/sites\/33\/2024\/11\/Caroline_Boos_wikimedia-2.png\" class=\"h-full w-auto\" alt=\"\" sizes=\"auto,  \" srcset=\"https:\/\/www.wikimedia.de\/bildungsraum\/wp-content\/uploads\/sites\/33\/2024\/11\/Caroline_Boos_wikimedia-2.png 600w, https:\/\/www.wikimedia.de\/bildungsraum\/wp-content\/uploads\/sites\/33\/2024\/11\/Caroline_Boos_wikimedia-2-300x300.png 300w, https:\/\/www.wikimedia.de\/bildungsraum\/wp-content\/uploads\/sites\/33\/2024\/11\/Caroline_Boos_wikimedia-2-150x150.png 150w\" \/>            <\/figure>\n    <\/div>\n\n\n\n<div class=\"bb-paragraph-block font-inherit  text-base\">\n\t<p>Caroline Boos,<br \/>\nManagerin Bildungspolitik<\/p>\n<p><a href=\"mailto:caroline.boos@wikimedia.de\">caroline.boos@wikimedia.de<\/a><\/p>\n<\/div>\n<\/div>\n\n\n\n\n\n\n\n<div class=\"wp-block-column is-layout-flow wp-block-column-is-layout-flow\">\n<div class=\"bb-image-block my-4\">\n            <figure class=\"portrait flex justify-center max-h-screen relative overflow-hidden  rounded-2xl  no_caption\" role=\"group\">\n        <img loading=\"lazy\" decoding=\"async\" width=\"600\" height=\"600\" src=\"https:\/\/www.wikimedia.de\/bildungsraum\/wp-content\/uploads\/sites\/33\/2024\/11\/Anne-Sophie-Waag-2.png\" class=\"h-full w-auto\" alt=\"\" sizes=\"auto,  \" srcset=\"https:\/\/www.wikimedia.de\/bildungsraum\/wp-content\/uploads\/sites\/33\/2024\/11\/Anne-Sophie-Waag-2.png 600w, https:\/\/www.wikimedia.de\/bildungsraum\/wp-content\/uploads\/sites\/33\/2024\/11\/Anne-Sophie-Waag-2-300x300.png 300w, https:\/\/www.wikimedia.de\/bildungsraum\/wp-content\/uploads\/sites\/33\/2024\/11\/Anne-Sophie-Waag-2-150x150.png 150w\" \/>            <\/figure>\n    <\/div>\n\n\n\n<div class=\"bb-paragraph-block font-inherit  text-base\">\n\t<p>Dr. Anne-Sophie Waag,<br \/>\nReferentin Bildungspolitik<\/p>\n<p><a href=\"mailto:annesophie.waag@wikimedia.de\">annesophie.waag@wikimedia.de<\/a><\/p>\n<\/div>\n<\/div>\n\n\n\n\n\n\n\n<div class=\"wp-block-column is-layout-flow wp-block-column-is-layout-flow\">\n<div class=\"bb-image-block my-4\">\n            <figure class=\"portrait flex justify-center max-h-screen relative overflow-hidden  rounded-2xl  no_caption\" role=\"group\">\n        <img loading=\"lazy\" decoding=\"async\" width=\"600\" height=\"600\" src=\"https:\/\/www.wikimedia.de\/bildungsraum\/wp-content\/uploads\/sites\/33\/2024\/11\/Franziska-Kelch-2.png\" class=\"h-full w-auto\" alt=\"\" sizes=\"auto,  \" srcset=\"https:\/\/www.wikimedia.de\/bildungsraum\/wp-content\/uploads\/sites\/33\/2024\/11\/Franziska-Kelch-2.png 600w, https:\/\/www.wikimedia.de\/bildungsraum\/wp-content\/uploads\/sites\/33\/2024\/11\/Franziska-Kelch-2-300x300.png 300w, https:\/\/www.wikimedia.de\/bildungsraum\/wp-content\/uploads\/sites\/33\/2024\/11\/Franziska-Kelch-2-150x150.png 150w\" \/>            <\/figure>\n    <\/div>\n\n\n\n<div class=\"bb-paragraph-block font-inherit  text-base\">\n\t<p>Franziska Kelch,<br \/>\nKommunikationsmanagerin Politik und Pressesprecherin<\/p>\n<p><a href=\"mailto:franziska.kelch@wikimedia.de\">franziska.kelch@wikimedia.de<\/a><\/p>\n<\/div>\n<\/div>\n\n\n\n\n\n\n\n<div class=\"wp-block-column is-layout-flow wp-block-column-is-layout-flow\"><\/div>\n\n<\/div>\n\n<\/div>\n\n<\/div><\/div>\n\n\n\n<div class='outer-container'><div class='default'><div class=\"bb-spacer-block h-5 lg:h-10 \">\n\t\n<\/div>\n\n<\/div><\/div>","protected":false},"excerpt":{"rendered":"","protected":false},"author":1,"featured_media":0,"parent":0,"menu_order":0,"comment_status":"closed","ping_status":"closed","template":"","meta":{"_acf_changed":false,"footnotes":""},"class_list":["post-5","page","type-page","status-publish","hentry"],"acf":[],"_links":{"self":[{"href":"https:\/\/www.wikimedia.de\/bildungsraum\/wp-json\/wp\/v2\/pages\/5","targetHints":{"allow":["GET"]}}],"collection":[{"href":"https:\/\/www.wikimedia.de\/bildungsraum\/wp-json\/wp\/v2\/pages"}],"about":[{"href":"https:\/\/www.wikimedia.de\/bildungsraum\/wp-json\/wp\/v2\/types\/page"}],"author":[{"embeddable":true,"href":"https:\/\/www.wikimedia.de\/bildungsraum\/wp-json\/wp\/v2\/users\/1"}],"replies":[{"embeddable":true,"href":"https:\/\/www.wikimedia.de\/bildungsraum\/wp-json\/wp\/v2\/comments?post=5"}],"version-history":[{"count":4,"href":"https:\/\/www.wikimedia.de\/bildungsraum\/wp-json\/wp\/v2\/pages\/5\/revisions"}],"predecessor-version":[{"id":1128,"href":"https:\/\/www.wikimedia.de\/bildungsraum\/wp-json\/wp\/v2\/pages\/5\/revisions\/1128"}],"wp:attachment":[{"href":"https:\/\/www.wikimedia.de\/bildungsraum\/wp-json\/wp\/v2\/media?parent=5"}],"curies":[{"name":"wp","href":"https:\/\/api.w.org\/{rel}","templated":true}]}}