{"id":669,"date":"2024-11-06T11:15:14","date_gmt":"2024-11-06T10:15:14","guid":{"rendered":"https:\/\/www.wikimedia.de\/bildungsraum\/?page_id=669"},"modified":"2024-11-14T15:17:01","modified_gmt":"2024-11-14T14:17:01","slug":"executive-summary","status":"publish","type":"page","link":"https:\/\/www.wikimedia.de\/bildungsraum\/executive-summary\/","title":{"rendered":"Executive Summary"},"content":{"rendered":"<div class='outer-container'><div class='default'>\n\n<div class=\"wp-block-columns is-layout-flex wp-container-core-columns-is-layout-9d6595d7 wp-block-columns-is-layout-flex\">\n\n<div class=\"wp-block-column is-layout-flow wp-block-column-is-layout-flow\">\n\n<div data-anchor-title=\"\" class=\"bb-headline-block\">\n\t<div class=\"anchor-offset\" id=\"\"><\/div>\n\t\t\t<h2 class=\"default \">\n\t\t\t<span class=\"\">\n\t\t\t\tBildung in der Digitalit\u00e4t und Gemeinwohlorientierung \t\t\t<\/span>\n\t\t<\/h2>\n\t<\/div>\n\n\n\n\n<div class=\"bb-paragraph-block font-inherit  text-base lg:text-xl\">\n\t<p>Die Website Gemeinwohl im Bildungsraum f\u00fchrt bisherige Vorarbeiten und Aktivit\u00e4ten von Wikimedia Deutschland e. V. in den Bereichen Bildung in der Digitalit\u00e4t und Gemeinwohlorientierung zusammen. Ziel ist die systematische Bewertung von staatlichen, digitalen Bildungsprojekten anhand festgelegter Kriterien.<\/p>\n<\/div>\n\n\n\n\n\n\n<div data-anchor-title=\"\" class=\"bb-headline-block\">\n\t<div class=\"anchor-offset\" id=\"\"><\/div>\n\t\t\t<h3 class=\"default \">\n\t\t\t<span class=\"\">\n\t\t\t\tGemeinwohlanforderungen als Analyserahmen\t\t\t<\/span>\n\t\t<\/h3>\n\t<\/div>\n\n\n\n\n<div class=\"bb-paragraph-block font-inherit  text-base lg:text-xl\">\n\t<p><i>Mein Bildungsraum<\/i> wurde als beispielhaftes Bildungsinfrastrukturprojekt f\u00fcr diese Analyse ausgew\u00e4hlt. Das Konstrukt der Gemeinwohlorientierung eignet sich als Analyserahmen, da es verschiedene zentrale Aspekte inkludiert, die im Kontext staatlicher Bildungs- und Digitalvorhaben zu ber\u00fccksichtigen sind: Es werden nicht nur Fragen von Offenheit und Zugang adressiert, sondern auch Themen wie die Produktnachhaltigkeit oder der Schutz von Grundrechten. Damit ergibt sich eine sowohl umfassende als auch tiefgehende Analyse von Vorhaben.<\/p>\n<\/div>\n\n\n\n\n\n\n<div data-anchor-title=\"\" class=\"bb-headline-block\">\n\t<div class=\"anchor-offset\" id=\"\"><\/div>\n\t\t\t<h3 class=\"default \">\n\t\t\t<span class=\"\">\n\t\t\t\tAcht Expert*innen f\u00fcr acht Anforderungen\t\t\t<\/span>\n\t\t<\/h3>\n\t<\/div>\n\n\n\n\n<div class=\"bb-paragraph-block font-inherit  text-base lg:text-xl\">\n\t<p>F\u00fcr die Analyse der Gemeinwohlorientierung von <i>Mein Bildungsraum<\/i> hat Wikimedia Deutschland e. V. Interviews mit acht Expert*innen f\u00fcr je eine der acht Anforderungen an das Gemeinwohl durchgef\u00fchrt. Auf Basis der Interviews wurden die Ergebnisse hier zusammengef\u00fchrt.<\/p>\n<\/div>\n\n\n\n\n\n\n<div data-anchor-title=\"\" class=\"bb-headline-block\">\n\t<div class=\"anchor-offset\" id=\"\"><\/div>\n\t\t\t<h3 class=\"default \">\n\t\t\t<span class=\"\">\n\t\t\t\tAnalyse von Mein Bildungsraum als Blaupause\t\t\t<\/span>\n\t\t<\/h3>\n\t<\/div>\n\n\n\n\n<div class=\"bb-paragraph-block font-inherit  text-base lg:text-xl\">\n\t<p>Viele der dargestellten Kritikpunkte, aber auch Empfehlungen lassen sich auf andere staatliche Bildungs- und Digitalprojekte \u00fcbertragen. Die Analyse von <i>Mein Bildungsraum<\/i> soll daher auch als Blauspause f\u00fcr weitere Analysen dienen.<\/p>\n<\/div>\n<\/div>\n\n<\/div>\n\n<\/div><\/div>\n\n\n\n<div class='outer-container'><div class='default'><div class=\"bb-spacer-block h-5 lg:h-10 \">\n\t\n<\/div>\n\n<\/div><\/div>\n\n\n\n<div class='outer-container'><div class='default'>\n\n<div data-anchor-title=\"\" class=\"bb-headline-block\">\n\t<div class=\"anchor-offset\" id=\"\"><\/div>\n\t\t\t<h2 class=\"default \">\n\t\t\t<span class=\"\">\n\t\t\t\tZusammenfassung der zentralen Aussagen:\t\t\t<\/span>\n\t\t<\/h2>\n\t<\/div>\n<\/div><\/div>\n\n\n\n<div class='outer-container'><div class='default'><div class=\"bb-accordion-block mb-10\">\n\t<ul>\n\t\t\t\t\t\t<li>\n\t\t\t<details>\n\t\t\t\t<summary class=\" lg:text-xl py-6 cursor-pointer border-b border-neutral-200 pr-10\">\n\t\t\t\t\tTransparenz\t\t\t\t<\/summary>\n\t\t\t\t<div class=\"my-5 accordion-content\">\n\t\t\t\t\t<p>Die Informationsbeschaffung war f\u00fcr Journalist*innen sehr schwierig, wodurch die Transparenz der Prozesse und Entscheidungen von <i>Mein Bildungsraum<\/i> litt.<\/p>\n\t\t\t\t<\/div>\n\t\t\t<\/details>\n\t\t<\/li>\n\t\t\t\t\t\t<li>\n\t\t\t<details>\n\t\t\t\t<summary class=\" lg:text-xl py-6 cursor-pointer border-b border-neutral-200 pr-10\">\n\t\t\t\t\tBeteiligung\t\t\t\t<\/summary>\n\t\t\t\t<div class=\"my-5 accordion-content\">\n\t\t\t\t\t<p>Zwar erfolgte eine Beteiligung projektnaher Gruppen, allerdings wurden kaum externe Stakeholder wie Lehrkr\u00e4fte, Sch\u00fcler*innen, Selbstvertretungen oder Anbietende bestehender Lernmanagementsysteme miteinbezogen.<\/p>\n\t\t\t\t<\/div>\n\t\t\t<\/details>\n\t\t<\/li>\n\t\t\t\t\t\t<li>\n\t\t\t<details>\n\t\t\t\t<summary class=\" lg:text-xl py-6 cursor-pointer border-b border-neutral-200 pr-10\">\n\t\t\t\t\tKeine negativen Externalit\u00e4ten\t\t\t\t<\/summary>\n\t\t\t\t<div class=\"my-5 accordion-content\">\n\t\t\t\t\t<p>Bislang liegt keine Nachhaltigkeitsstrategie vor, daher muss der Aspekt der Vermeidung negativer Externalit\u00e4ten weiter beobachtet werden.<\/p>\n\t\t\t\t<\/div>\n\t\t\t<\/details>\n\t\t<\/li>\n\t\t\t\t\t\t<li>\n\t\t\t<details>\n\t\t\t\t<summary class=\" lg:text-xl py-6 cursor-pointer border-b border-neutral-200 pr-10\">\n\t\t\t\t\tGrundrechte\t\t\t\t<\/summary>\n\t\t\t\t<div class=\"my-5 accordion-content\">\n\t\t\t\t\t<p>Zur Wahrung der Grundrechte im digitalen Raum sind transparente Richtlinien zur Datenverwendung und Authentifizierungsmechanismen unumg\u00e4nglich \u2013 bis ein erster Prototyp \u00f6ffentlich zug\u00e4nglich ist, bleibt die Umsetzung dessen abzuwarten.<\/p>\n\t\t\t\t<\/div>\n\t\t\t<\/details>\n\t\t<\/li>\n\t\t\t\t\t\t<li>\n\t\t\t<details>\n\t\t\t\t<summary class=\" lg:text-xl py-6 cursor-pointer border-b border-neutral-200 pr-10\">\n\t\t\t\t\tWeniger Ungleichheit \t\t\t\t<\/summary>\n\t\t\t\t<div class=\"my-5 accordion-content\">\n\t\t\t\t\t<p>Digitale Vorhaben wie <i>Mein Bildungsraum<\/i> sollen dazu beitragen, Ungleichheiten zu verringern. Daf\u00fcr muss zwingend gekl\u00e4rt werden, wer welche Nutzungs- oder Betriebskosten tr\u00e4gt, wie Lernende unterst\u00fctzt werden und welche Konsequenzen eine Nicht-Nutzung der Infrastruktur bedeutet.<\/p>\n\t\t\t\t<\/div>\n\t\t\t<\/details>\n\t\t<\/li>\n\t\t\t\t\t\t<li>\n\t\t\t<details>\n\t\t\t\t<summary class=\" lg:text-xl py-6 cursor-pointer border-b border-neutral-200 pr-10\">\n\t\t\t\t\tOffenheit \t\t\t\t<\/summary>\n\t\t\t\t<div class=\"my-5 accordion-content\">\n\t\t\t\t\t<p>Der Code einzelner Komponenten von <i>Mein Bildungsraum<\/i> wurde unter einer offenen Lizenz ver\u00f6ffentlicht \u2013 auch wenn man sich f\u00fcr die weniger gemeinwohlorientierte und daf\u00fcr wirtschaftsfreundlichere MIT-Lizenz entschieden hat. In welcher Form eine Einbindung der Software-Community in die Weiterentwicklung der einzelnen Komponenten stattfinden soll, ist noch nicht entschieden.<\/p>\n\t\t\t\t<\/div>\n\t\t\t<\/details>\n\t\t<\/li>\n\t\t\t\t\t\t<li>\n\t\t\t<details>\n\t\t\t\t<summary class=\" lg:text-xl py-6 cursor-pointer border-b border-neutral-200 pr-10\">\n\t\t\t\t\tZugang \t\t\t\t<\/summary>\n\t\t\t\t<div class=\"my-5 accordion-content\">\n\t\t\t\t\t<p>Der Zugang f\u00fcr Menschen mit Behinderungen zu <i>Mein Bildungsraum<\/i> wurde bislang nur f\u00fcr die eigene Website und App mitgedacht \u2013 f\u00fcr die anzubindenden Plattformen und Lerninhalte gab es bislang keine einheitlichen Regelungen zur Sicherstellung der Barrierefreiheit.<\/p>\n\t\t\t\t<\/div>\n\t\t\t<\/details>\n\t\t<\/li>\n\t\t\t\t\t\t<li>\n\t\t\t<details>\n\t\t\t\t<summary class=\" lg:text-xl py-6 cursor-pointer border-b border-neutral-200 pr-10\">\n\t\t\t\t\tGemeinschaftliches Verwalten und Erneuern \t\t\t\t<\/summary>\n\t\t\t\t<div class=\"my-5 accordion-content\">\n\t\t\t\t\t<p>Die Weiterentwicklung des Vorhabens steht noch aus \u2013 allerdings kann hier die klare Empfehlung gegeben werden: K\u00fcnftige und diverse Nutzende m\u00fcssen so fr\u00fch wie m\u00f6glich eingebunden werden und gemeinsam mit den Produktentwickler*innen die Weiterentwicklung des Produktes gestalten.<\/p>\n\t\t\t\t<\/div>\n\t\t\t<\/details>\n\t\t<\/li>\n\t\t\t<\/ul>\n<\/div>\n<\/div><\/div>\n\n\n\n<div class='outer-container'><div class='default'>\n\n<div class=\"wp-block-group has-primary-light-background-color has-background is-layout-constrained wp-block-group-is-layout-constrained\"><div id=\"block_af90aa55b13f66233a8a8235cef770be\" class=\"bb-button-block flex lg:justify-start\">\n  <a class=\"btn btn-base btn-outline btn-primary arrow-right\" href=\"https:\/\/www.wikimedia.de\/bildungsraum\/analyse-mein-bildungsraum\/\" target=\"\">\n  <span class='bb-icon icon-base'><?xml version=\"1.0\" encoding=\"utf-8\"?>\n<svg width=\"20\" height=\"20\" viewBox=\"0 0 20 20\" xmlns=\"http:\/\/www.w3.org\/2000\/svg\" role=\"presentation\" aria-hidden=\"true\">\n  <path d=\"M17 9.96296L12.1601 17H10.3128L14.4877 10.7407H2V9.22222H14.4877L10.3128 3H12.1601L17 9.96296Z\" fill=\"currentColor\"\/>\n<\/svg><\/span>  Direkt zu den Analysen  <\/a>\n<\/div>\n<\/div>\n\n<\/div><\/div>","protected":false},"excerpt":{"rendered":"","protected":false},"author":4627,"featured_media":0,"parent":0,"menu_order":0,"comment_status":"closed","ping_status":"closed","template":"","meta":{"_acf_changed":false,"footnotes":""},"class_list":["post-669","page","type-page","status-publish","hentry"],"acf":[],"_links":{"self":[{"href":"https:\/\/www.wikimedia.de\/bildungsraum\/wp-json\/wp\/v2\/pages\/669","targetHints":{"allow":["GET"]}}],"collection":[{"href":"https:\/\/www.wikimedia.de\/bildungsraum\/wp-json\/wp\/v2\/pages"}],"about":[{"href":"https:\/\/www.wikimedia.de\/bildungsraum\/wp-json\/wp\/v2\/types\/page"}],"author":[{"embeddable":true,"href":"https:\/\/www.wikimedia.de\/bildungsraum\/wp-json\/wp\/v2\/users\/4627"}],"replies":[{"embeddable":true,"href":"https:\/\/www.wikimedia.de\/bildungsraum\/wp-json\/wp\/v2\/comments?post=669"}],"version-history":[{"count":5,"href":"https:\/\/www.wikimedia.de\/bildungsraum\/wp-json\/wp\/v2\/pages\/669\/revisions"}],"predecessor-version":[{"id":1123,"href":"https:\/\/www.wikimedia.de\/bildungsraum\/wp-json\/wp\/v2\/pages\/669\/revisions\/1123"}],"wp:attachment":[{"href":"https:\/\/www.wikimedia.de\/bildungsraum\/wp-json\/wp\/v2\/media?parent=669"}],"curies":[{"name":"wp","href":"https:\/\/api.w.org\/{rel}","templated":true}]}}