  {"id":56104,"date":"2024-04-16T13:34:37","date_gmt":"2024-04-16T13:34:35","guid":{"rendered":"https:\/\/www.wikimedia.de\/mv\/?page_id=56104"},"modified":"2026-04-13T03:50:42","modified_gmt":"2026-04-13T03:50:42","slug":"kandidaturformular","status":"publish","type":"page","link":"https:\/\/www.wikimedia.de\/mv\/kandidaturaufruf\/kandidaturformular\/","title":{"rendered":"Kandidaturformular"},"content":{"rendered":"<div class='outer-container'><div class='default'>\n\n<div class=\"wp-block-group has-green-50-background-color has-background is-layout-constrained wp-block-group-is-layout-constrained\">\n\n<iframe aria-label='Kandidatur 31. Mitgliederversammlung' frameborder=\"0\" allow=\"camera;\" style=\"height:1550px;width:99%;border:none;\" src='https:\/\/forms.zohopublic.eu\/wmde\/form\/Kandidatur31MV\/formperma\/IO8q6x0tH41CNfW_PtmTFDCgXrx7vauoKcjH88DZHf0?zf_enablecamera=true'><\/iframe>\n\n<\/div>\n\n<\/div><\/div>","protected":false},"excerpt":{"rendered":"<p>Du m\u00f6chtest f\u00fcr ein Amt im 10. Pr\u00e4sidium von Wikimedia Deutschland oder als Kassenpr\u00fcfer*in kandidieren? Dann f\u00fclle bitte bis zum 11. Mai 2026 das folgende Formular aus. F\u00fcr Fragen wende dich gern an kandidatur@wikimedia.de.<\/p>\n","protected":false},"author":4523,"featured_media":58712,"parent":2627,"menu_order":0,"comment_status":"closed","ping_status":"closed","template":"","meta":{"_acf_changed":false,"footnotes":""},"class_list":["post-56104","page","type-page","status-publish","has-post-thumbnail","hentry"],"acf":[],"_links":{"self":[{"href":"https:\/\/www.wikimedia.de\/mv\/wp-json\/wp\/v2\/pages\/56104","targetHints":{"allow":["GET"]}}],"collection":[{"href":"https:\/\/www.wikimedia.de\/mv\/wp-json\/wp\/v2\/pages"}],"about":[{"href":"https:\/\/www.wikimedia.de\/mv\/wp-json\/wp\/v2\/types\/page"}],"author":[{"embeddable":true,"href":"https:\/\/www.wikimedia.de\/mv\/wp-json\/wp\/v2\/users\/4523"}],"replies":[{"embeddable":true,"href":"https:\/\/www.wikimedia.de\/mv\/wp-json\/wp\/v2\/comments?post=56104"}],"version-history":[{"count":5,"href":"https:\/\/www.wikimedia.de\/mv\/wp-json\/wp\/v2\/pages\/56104\/revisions"}],"predecessor-version":[{"id":58794,"href":"https:\/\/www.wikimedia.de\/mv\/wp-json\/wp\/v2\/pages\/56104\/revisions\/58794"}],"up":[{"embeddable":true,"href":"https:\/\/www.wikimedia.de\/mv\/wp-json\/wp\/v2\/pages\/2627"}],"wp:featuredmedia":[{"embeddable":true,"href":"https:\/\/www.wikimedia.de\/mv\/wp-json\/wp\/v2\/media\/58712"}],"wp:attachment":[{"href":"https:\/\/www.wikimedia.de\/mv\/wp-json\/wp\/v2\/media?parent=56104"}],"curies":[{"name":"wp","href":"https:\/\/api.w.org\/{rel}","templated":true}]}}