  {"id":961,"date":"2021-07-26T10:58:37","date_gmt":"2021-07-26T08:58:34","guid":{"rendered":"https:\/\/www.wikimedia.de\/mitgliederversammlung-2021\/?page_id=961"},"modified":"2026-04-15T14:19:15","modified_gmt":"2026-04-15T14:19:15","slug":"startseite","status":"publish","type":"page","link":"https:\/\/www.wikimedia.de\/mv\/","title":{"rendered":"Herzlich willkommen im Bereich der Mitgliederversammlung"},"content":{"rendered":"<div class='outer-container'><div class='default'>\n\n<div data-anchor-title=\"\" class=\"relative bb-headline-block \">\n    <div class=\"anchor-offset\" id=\"\"><\/div>\n        <h2 class=\"default \">\n        <span class=\"\">\n            Liebes Vereinsmitglied,        <\/span>\n    <\/h2>\n    <\/div>\n<\/div><\/div>\n\n\n\n<div class='outer-container'><div class='default'><div class=\"bb-spacer-block h-2 lg:h-4 \">\n\t\n<\/div>\n\n<\/div><\/div>\n\n\n\n<div class='outer-container'><div class='default'><div class=\"bb-paragraph-block font-inherit  text-xl\">\n    <p>am Samstag, den 6. Juni 2026 findet in Berlin und online die 31. Mitgliederversammlung von Wikimedia Deutschland statt. Alle Informationen zur Versammlung, die Tagesordnung und das Anmeldeformular sind ab sofort im Mitgliederbereich verf\u00fcgbar.<\/p>\n<p>Auf der Mitgliederversammlung werden das Pr\u00e4sidium und zwei Kassenpr\u00fcfer*innen neu gew\u00e4hlt. Kandidaturen f\u00fcr diese \u00c4mter k\u00f6nnen ab sofort bis Montag, 11. Mai 2026 eingereicht werden.<\/p>\n<p>Herzliche Gr\u00fc\u00dfe vom Team der Mitgliederversammlung 2026<\/p>\n<\/div>\n<\/div><\/div>\n\n\n\n<div class='outer-container'><div class='default'><div id=\"block_921a78db0a0f3ada6cb73cd08d8b7806\" class=\"bb-button-block flex lg:justify-start\">\n  <a class=\"btn btn-lg btn-default btn-primary arrow-right \" href=\"https:\/\/www.wikimedia.de\/mv\/kandidaturaufruf\/\" target=\"\">\n    <span class='bb-icon icon-lg'><?xml version=\"1.0\" encoding=\"utf-8\"?>\n<svg width=\"20\" height=\"20\" viewBox=\"0 0 20 20\" xmlns=\"http:\/\/www.w3.org\/2000\/svg\" role=\"presentation\" aria-hidden=\"true\">\n  <path d=\"M17 9.96296L12.1601 17H10.3128L14.4877 10.7407H2V9.22222H14.4877L10.3128 3H12.1601L17 9.96296Z\" fill=\"currentColor\"\/>\n<\/svg><\/span>    Zum Kandidaturaufruf  <\/a>\n<\/div>\n<\/div><\/div>\n\n\n\n<div class='outer-container'><div class='default'><div class=\"bb-spacer-block h-10 lg:h-20 \">\n\t\n<\/div>\n\n<\/div><\/div>\n\n\n\n<div class='outer-container'><div class='default'>\n\n<div data-anchor-title=\"\" class=\"relative bb-headline-block \">\n    <div class=\"anchor-offset\" id=\"\"><\/div>\n        <h2 class=\"default \">\n        <span class=\"\">\n            Registrierung und Login        <\/span>\n    <\/h2>\n    <\/div>\n<\/div><\/div>\n\n\n\n<div class='outer-container'><div class='default'><div class=\"bb-spacer-block h-2 lg:h-4 \">\n\t\n<\/div>\n\n<\/div><\/div>\n\n\n\n<div class='outer-container'><div class='default'><div class=\"bb-paragraph-block font-inherit  text-xl\">\n    <p>Vor dem ersten Besuch des Mitgliederbereichs ist eine einmalige Registrierung erforderlich. Dazu wird die Mitgliedsnummer ben\u00f6tigt. Diese ist unter anderem in der offiziellen Einladung zur Mitgliederversammlung vom 16. April 2026 zu finden.<\/p>\n<p>Bei Fragen oder Problemen ist das Team der Mitgliederversammlung per E-Mail unter mv@wikimedia.de erreichbar.<\/p>\n<\/div>\n<\/div><\/div>\n\n\n\n<div class='outer-container'><div class='default'><div class=\"bb-spacer-block h-3 lg:h-6 \">\n\t\n<\/div>\n\n<\/div><\/div>\n\n\n\n<div class='outer-container'><div class='default'>\n\n<div class=\"wp-block-columns is-layout-flex wp-container-core-columns-is-layout-9d6595d7 wp-block-columns-is-layout-flex\">\n\n<div class=\"wp-block-column is-layout-flow wp-block-column-is-layout-flow\">\n\n<div class=\"wp-block-group has-white-background-color has-background is-layout-constrained wp-block-group-is-layout-constrained\">\n\n<div data-anchor-title=\"\" class=\"relative bb-headline-block \">\n    <div class=\"anchor-offset\" id=\"\"><\/div>\n        <h3 class=\"default \">\n        <span class=\"\">\n            Registrierung        <\/span>\n    <\/h3>\n    <\/div>\n\n\n\n\n<div class=\"bb-paragraph-block font-inherit  text-xl\">\n    <p>Vor dem ersten Besuch des Mitgliederbereichs ist eine einmalige Registrierung n\u00f6tig.<\/p>\n<\/div>\n\n\n\n\n<div id=\"block_4d26e9449569369675a49f788daf10a8\" class=\"bb-button-block flex lg:justify-start\">\n  <a class=\"btn btn-base btn-default btn-primary none \" href=\"https:\/\/www.wikimedia.de\/mv\/registrierung\/\" target=\"\">\n        Jetzt registrieren  <\/a>\n<\/div>\n<\/div>\n\n<\/div>\n\n\n\n\n\n\n\n<div class=\"wp-block-column is-layout-flow wp-block-column-is-layout-flow\">\n\n<div class=\"wp-block-group has-white-background-color has-background is-layout-constrained wp-block-group-is-layout-constrained\">\n\n<div data-anchor-title=\"\" class=\"relative bb-headline-block \">\n    <div class=\"anchor-offset\" id=\"\"><\/div>\n        <h3 class=\"default \">\n        <span class=\"\">\n            Login        <\/span>\n    <\/h3>\n    <\/div>\n\n\n\n\n<div class=\"bb-paragraph-block font-inherit  text-xl\">\n    <p>Bereits registriert? Hier geht es zum Login in den Mitgliederbereich.<\/p>\n<\/div>\n\n\n\n\n<div id=\"block_1b7a7504ef2d538ea5c956a7c2b5f745\" class=\"bb-button-block flex lg:justify-start\">\n  <a class=\"btn btn-base btn-default btn-primary none \" href=\"https:\/\/www.wikimedia.de\/mv\/login\/\" target=\"\">\n        Zum Login  <\/a>\n<\/div>\n<\/div>\n\n<\/div>\n\n<\/div>\n\n<\/div><\/div>\n\n\n\n<div class='outer-container'><div class='default'><div class=\"bb-spacer-block h-5 lg:h-10 \">\n\t\n<\/div>\n\n<\/div><\/div>\n\n\n\n<div class='outer-container'><div class='default'><div class=\"bb-spacer-block h-5 lg:h-10 \">\n\t\n<\/div>\n\n<\/div><\/div>\n\n\n\n<div class='outer-container'><div class='default'>\n\n<div data-anchor-title=\"\" class=\"relative bb-headline-block \">\n    <div class=\"anchor-offset\" id=\"\"><\/div>\n        <h2 class=\"default \">\n        <span class=\"\">\n            Fragen zur Mitgliedschaft        <\/span>\n    <\/h2>\n    <\/div>\n<\/div><\/div>\n\n\n\n<div class='outer-container'><div class='default'><div class=\"bb-paragraph-block font-inherit  text-xl\">\n    <p>Bei allgemeinen Fragen zur Mitgliedschaft oder \u00c4nderungen von Adresse, Kontodaten, Mitgliedsbeitrag oder Mitgliedsstatus ist das Team Mitglieder von Wikimedia Deutschland per E-Mail an <a href=\"mailto:mitglieder@wikimedia.de\">mitglieder@wikimedia.de<\/a> oder \u00fcber das Kontaktformular erreichbar.<\/p>\n<\/div>\n<\/div><\/div>\n\n\n\n<div class='outer-container'><div class='default'><div class=\"bb-spacer-block h-5 lg:h-10 \">\n\t\n<\/div>\n\n<\/div><\/div>\n\n\n\n<div class='outer-container'><div class='default'>\n\n<div data-anchor-title=\"\" class=\"relative bb-headline-block \">\n    <div class=\"anchor-offset\" id=\"\"><\/div>\n        <h2 class=\"default \">\n        <span class=\"\">\n            Kontaktformular        <\/span>\n    <\/h2>\n    <\/div>\n<\/div><\/div>\n\n\n\n<div class='outer-container'><div class='default'><div class=\"wpforms-container wpforms-block wpforms-block-d1339624-b14b-481f-9214-ef490e75136d wpforms-render-modern\" id=\"wpforms-55902\"><form id=\"wpforms-form-55902\" class=\"wpforms-validate wpforms-form wpforms-ajax-form\" data-formid=\"55902\" method=\"post\" enctype=\"multipart\/form-data\" action=\"\/mv\/wp-json\/wp\/v2\/pages\/961\" data-token=\"0c65d1bdec9de70d49a87be7646206d6\" data-token-time=\"1776366104\"><noscript class=\"wpforms-error-noscript\">Bitte aktiviere JavaScript in deinem Browser, um dieses Formular fertigzustellen.<\/noscript><div id=\"wpforms-error-noscript\" style=\"display: none;\">Bitte aktiviere JavaScript in deinem Browser, um dieses Formular fertigzustellen.<\/div><div class=\"wpforms-field-container\"><div id=\"wpforms-55902-field_2-container\" class=\"wpforms-field wpforms-field-name\" data-field-id=\"2\"><label class=\"wpforms-field-label\" for=\"wpforms-55902-field_2\">Vorname <span class=\"wpforms-required-label\" aria-hidden=\"true\">*<\/span><\/label><input type=\"text\" id=\"wpforms-55902-field_2\" class=\"wpforms-field-medium wpforms-field-required\" name=\"wpforms[fields][2]\" aria-errormessage=\"wpforms-55902-field_2-error\" required><\/div><div id=\"wpforms-55902-field_6-container\" class=\"wpforms-field wpforms-field-name\" data-field-id=\"6\"><label class=\"wpforms-field-label\" for=\"wpforms-55902-field_6\">Nachname <span class=\"wpforms-required-label\" aria-hidden=\"true\">*<\/span><\/label><input type=\"text\" id=\"wpforms-55902-field_6\" class=\"wpforms-field-medium wpforms-field-required\" name=\"wpforms[fields][6]\" aria-errormessage=\"wpforms-55902-field_6-error\" required><\/div><div id=\"wpforms-55902-field_1-container\" class=\"wpforms-field wpforms-field-email\" data-field-id=\"1\"><label class=\"wpforms-field-label\" for=\"wpforms-55902-field_1\">E-Mail <span class=\"wpforms-required-label\" aria-hidden=\"true\">*<\/span><\/label><input type=\"email\" id=\"wpforms-55902-field_1\" class=\"wpforms-field-medium wpforms-field-required\" name=\"wpforms[fields][1]\" spellcheck=\"false\" aria-errormessage=\"wpforms-55902-field_1-error\" required><\/div><div id=\"wpforms-55902-field_3-container\" class=\"wpforms-field wpforms-field-text\" data-field-id=\"3\"><label class=\"wpforms-field-label\" for=\"wpforms-55902-field_3\">Meine Mitgliedsnummer<\/label><input type=\"text\" id=\"wpforms-55902-field_3\" class=\"wpforms-field-medium\" name=\"wpforms[fields][3]\" placeholder=\"(wenn vorliegend, bitte angeben)\" aria-errormessage=\"wpforms-55902-field_3-error\" ><\/div><div id=\"wpforms-55902-field_4-container\" class=\"wpforms-field wpforms-field-textarea\" data-field-id=\"4\"><label class=\"wpforms-field-label\" for=\"wpforms-55902-field_4\">Mein Anliegen<\/label><textarea id=\"wpforms-55902-field_4\" class=\"wpforms-field-medium\" name=\"wpforms[fields][4]\" aria-errormessage=\"wpforms-55902-field_4-error\" ><\/textarea><\/div><div id=\"wpforms-55902-field_5-container\" class=\"wpforms-field wpforms-field-html\" data-field-id=\"5\"><div id=\"wpforms-55902-field_5\" aria-errormessage=\"wpforms-55902-field_5-error\">Hinweis zur Datenverwendung: \r\n\r\nDie E-Mail-Adresse wird allein zum Zweck der Bearbeitung der Anfrage genutzt. Weitere Informationen unter https:\/\/www.wikimedia.de\/datenschutz\/.<\/div><\/div><\/div><!-- .wpforms-field-container --><div class=\"wpforms-submit-container\" ><input type=\"hidden\" name=\"wpforms[id]\" value=\"55902\"><input type=\"hidden\" name=\"page_title\" value=\"\"><input type=\"hidden\" name=\"page_url\" value=\"https:\/\/www.wikimedia.de\/mv\/wp-json\/wp\/v2\/pages\/961\"><input type=\"hidden\" name=\"url_referer\" value=\"\"><button type=\"submit\" name=\"wpforms[submit]\" id=\"wpforms-submit-55902\" class=\"wpforms-submit\" data-alt-text=\"Senden\u2026\" data-submit-text=\"Absenden\" aria-live=\"assertive\" value=\"wpforms-submit\">Absenden<\/button><img loading=\"lazy\" decoding=\"async\" src=\"https:\/\/www.wikimedia.de\/mv\/wp-content\/plugins\/wpforms\/assets\/images\/submit-spin.svg\" class=\"wpforms-submit-spinner\" style=\"display: none;\" width=\"26\" height=\"26\" alt=\"Wird geladen\"><\/div><\/form><\/div>  <!-- .wpforms-container --><\/div><\/div>","protected":false},"excerpt":{"rendered":"","protected":false},"author":2,"featured_media":58712,"parent":0,"menu_order":0,"comment_status":"closed","ping_status":"closed","template":"","meta":{"_acf_changed":false,"footnotes":""},"class_list":["post-961","page","type-page","status-publish","has-post-thumbnail","hentry"],"acf":[],"_links":{"self":[{"href":"https:\/\/www.wikimedia.de\/mv\/wp-json\/wp\/v2\/pages\/961","targetHints":{"allow":["GET"]}}],"collection":[{"href":"https:\/\/www.wikimedia.de\/mv\/wp-json\/wp\/v2\/pages"}],"about":[{"href":"https:\/\/www.wikimedia.de\/mv\/wp-json\/wp\/v2\/types\/page"}],"author":[{"embeddable":true,"href":"https:\/\/www.wikimedia.de\/mv\/wp-json\/wp\/v2\/users\/2"}],"replies":[{"embeddable":true,"href":"https:\/\/www.wikimedia.de\/mv\/wp-json\/wp\/v2\/comments?post=961"}],"version-history":[{"count":5,"href":"https:\/\/www.wikimedia.de\/mv\/wp-json\/wp\/v2\/pages\/961\/revisions"}],"predecessor-version":[{"id":58899,"href":"https:\/\/www.wikimedia.de\/mv\/wp-json\/wp\/v2\/pages\/961\/revisions\/58899"}],"wp:featuredmedia":[{"embeddable":true,"href":"https:\/\/www.wikimedia.de\/mv\/wp-json\/wp\/v2\/media\/58712"}],"wp:attachment":[{"href":"https:\/\/www.wikimedia.de\/mv\/wp-json\/wp\/v2\/media?parent=961"}],"curies":[{"name":"wp","href":"https:\/\/api.w.org\/{rel}","templated":true}]}}