  {"id":98,"date":"2021-06-29T11:56:37","date_gmt":"2021-06-29T09:56:51","guid":{"rendered":"https:\/\/www.wikimedia.de\/mitgliederversammlung-2021\/register-2\/"},"modified":"2026-04-13T09:40:31","modified_gmt":"2026-04-13T09:40:31","slug":"registrierung","status":"publish","type":"page","link":"https:\/\/www.wikimedia.de\/mv\/registrierung\/","title":{"rendered":"Registrierung f\u00fcr den Mitgliederbereich"},"content":{"rendered":"<div class='outer-container'><div class='default'><div class=\"bb-spacer-block h-5 lg:h-10 \">\n\t\n<\/div>\n\n<\/div><\/div>\n\n\n\n<div class='outer-container'><div class='default'>\n<div class=\"um um-register um-55609\">\n\t<div class=\"um-form\" data-mode=\"register\">\n\t\t<form method=\"post\" action=\"\">\n\t\t\t<div class=\"um-row _um_row_1 \" style=\"margin: 0 0 30px 0;\"><div class=\"um-col-1\"><div  id=\"um_field_55609_user_email\" class=\"um-field um-field-text  um-field-user_email um-field-text um-field-type_text\" data-key=\"user_email\"><div class=\"um-field-label\"><label for=\"user_email-55609\">E-Mail-Adresse<span class=\"um-req\" title=\"Erforderlich\">*<\/span><\/label><span class=\"um-tip um-tip-w\" title=\"Bitte nutzen Sie die E-Mail-Adresse, mit der Sie bei Wikimedia Deutschland als Mitglied gemeldet sind. Unter anderem wurde Ihnen an diese Adresse die Einladung zur Mitgliederversammlung geschickt. Wenn Sie Ihre E-Mail-Adresse nicht mehr wissen, schreiben Sie uns an mv@wikimedia.de.\"><i class=\"um-icon-help-circled\"><\/i><\/span><div class=\"um-clear\"><\/div><\/div><div class=\"um-field-area\"><input  autocomplete=\"off\" class=\"um-form-field valid \" type=\"text\" name=\"user_email-55609\" id=\"user_email-55609\" value=\"\" placeholder=\"\" data-validate=\"unique_email\" data-key=\"user_email\"  aria-invalid=\"false\" \/>\n\n\t\t\t\t\t\t<\/div><\/div><div  id=\"um_field_55609_member_id\" class=\"um-field um-field-text  um-field-member_id um-field-text um-field-type_text\" data-key=\"member_id\"><div class=\"um-field-label\"><label for=\"member_id-55609\">Mitgliedsnummer<span class=\"um-req\" title=\"Erforderlich\">*<\/span><\/label><span class=\"um-tip um-tip-w\" title=\"Die Mitgliedsnummer ist in der aktuellen Einladung zu finden, die wir Ihnen per E-Mail zugeschickt haben.\u00a0 Wenn Sie Ihre Mitgliedsnummer nicht finden, schreiben Sie uns an mv@wikimedia.de.\"><i class=\"um-icon-help-circled\"><\/i><\/span><div class=\"um-clear\"><\/div><\/div><div class=\"um-field-area\"><input  autocomplete=\"off\" class=\"um-form-field valid \" type=\"text\" name=\"member_id-55609\" id=\"member_id-55609\" value=\"\" placeholder=\"\" data-validate=\"\" data-key=\"member_id\"  aria-invalid=\"false\" \/>\n\n\t\t\t\t\t\t<\/div><\/div><div  id=\"um_field_55609_user_login\" class=\"um-field um-field-text  um-field-user_login um-field-text um-field-type_text\" data-key=\"user_login\"><div class=\"um-field-label\"><label for=\"user_login-55609\">Nutzendennamen<span class=\"um-req\" title=\"Erforderlich\">*<\/span><\/label><span class=\"um-tip um-tip-w\" title=\"Bitte w\u00e4hlen Sie einen Nutzendennamen f\u00fcr Ihren Account. Mit diesem werden Sie im Mitgliederbereich sichtbar, wenn Sie sich z.B. im Chat beteiligen. Um den Austausch pers\u00f6nlicher zu gestalten, freuen wir uns, wenn Sie Ihren Klarnamen daf\u00fcr nutzen. Sie k\u00f6nnen jederzeit auch ein Pseudonym w\u00e4hlen.\"><i class=\"um-icon-help-circled\"><\/i><\/span><div class=\"um-clear\"><\/div><\/div><div class=\"um-field-area\"><input  autocomplete=\"off\" class=\"um-form-field valid \" type=\"text\" name=\"user_login-55609\" id=\"user_login-55609\" value=\"\" placeholder=\"\" data-validate=\"unique_username\" data-key=\"user_login\"  aria-invalid=\"false\" \/>\n\n\t\t\t\t\t\t<\/div><\/div><div  id=\"um_field_55609_user_password\" class=\"um-field um-field-password  um-field-user_password um-field-password um-field-type_password\" data-key=\"user_password\"><div class=\"um-field-label\"><label for=\"user_password-55609\">Passwort<span class=\"um-req\" title=\"Erforderlich\">*<\/span><\/label><span class=\"um-tip um-tip-w\" title=\"Das Passwort muss mindestens 8 Zeichen enthalten, davon einen Gro\u00dfbuchstaben, einen Kleinbuchstaben und eine Zahl.\"><i class=\"um-icon-help-circled\"><\/i><\/span><div class=\"um-clear\"><\/div><\/div><div class=\"um-field-area\"><input class=\"um-form-field valid \" type=\"password\" name=\"user_password-55609\" id=\"user_password-55609\" value=\"\" placeholder=\"\" data-validate=\"\" data-key=\"user_password\"  aria-invalid=\"false\" \/>\n\n\t\t\t\t\t\t\t<\/div><\/div><div  id=\"um_field_55609_confirm_user_password\" class=\"um-field um-field-password  um-field-user_password um-field-password um-field-type_password\" data-key=\"confirm_user_password\"><div class=\"um-field-label\"><label for=\"confirm_user_password-55609\">Passwort best\u00e4tigen<span class=\"um-req\" title=\"Erforderlich\">*<\/span><\/label><div class=\"um-clear\"><\/div><\/div><div class=\"um-field-area\"><input class=\"um-form-field valid \" type=\"password\" name=\"confirm_user_password-55609\" id=\"confirm_user_password-55609\" value=\"\" placeholder=\"Passwort best\u00e4tigen\" data-validate=\"\" data-key=\"confirm_user_password\"  aria-invalid=\"false\" \/><\/div><\/div><\/div><\/div>\t<input type=\"hidden\" name=\"form_id\" id=\"form_id_55609\" value=\"55609\" \/>\n\t\t<p class=\"um_request_name\">\n\t\t<label for=\"um_request_55609\">Only fill in if you are not human<\/label>\n\t\t<input type=\"hidden\" name=\"um_request\" id=\"um_request_55609\" class=\"input\" value=\"\" size=\"25\" autocomplete=\"off\" \/>\n\t<\/p>\n\t<input type=\"hidden\" id=\"_wpnonce\" name=\"_wpnonce\" value=\"546b4ec6f2\" \/><input type=\"hidden\" name=\"_wp_http_referer\" value=\"\/mv\/wp-json\/wp\/v2\/pages\/98\" \/>\n\t<div class=\"um-col-alt\">\n\n\t\t\n\t\t\t<div class=\"um-left um-half\">\n\t\t\t\t<input type=\"submit\" value=\"Registrieren\" class=\"um-button\" id=\"um-submit-btn\" \/>\n\t\t\t<\/div>\n\t\t\t<div class=\"um-right um-half\">\n\t\t\t\t<a href=\"https:\/\/www.wikimedia.de\/mv\/login\/\" class=\"um-button um-alt\">\n\t\t\t\t\tEinloggen\t\t\t\t<\/a>\n\t\t\t<\/div>\n\n\t\t\n\t\t<div class=\"um-clear\"><\/div>\n\n\t<\/div>\n\n\t\t\t<\/form>\n\t<\/div>\n<\/div>\n<style>\n\t\t\t.um-55609.um {\n\t\t\tmax-width: 1200px;\n\t\t}\n\t\t<\/style>\n\n<\/div><\/div>","protected":false},"excerpt":{"rendered":"<p>Bevor Sie im Mitgliederbereich starten k\u00f6nnen, ist eine einmalige Registrierung notwendig.<\/p>\n","protected":false},"author":2,"featured_media":58713,"parent":0,"menu_order":2,"comment_status":"closed","ping_status":"closed","template":"","meta":{"_acf_changed":false,"footnotes":""},"class_list":["post-98","page","type-page","status-publish","has-post-thumbnail","hentry"],"acf":[],"_links":{"self":[{"href":"https:\/\/www.wikimedia.de\/mv\/wp-json\/wp\/v2\/pages\/98","targetHints":{"allow":["GET"]}}],"collection":[{"href":"https:\/\/www.wikimedia.de\/mv\/wp-json\/wp\/v2\/pages"}],"about":[{"href":"https:\/\/www.wikimedia.de\/mv\/wp-json\/wp\/v2\/types\/page"}],"author":[{"embeddable":true,"href":"https:\/\/www.wikimedia.de\/mv\/wp-json\/wp\/v2\/users\/2"}],"replies":[{"embeddable":true,"href":"https:\/\/www.wikimedia.de\/mv\/wp-json\/wp\/v2\/comments?post=98"}],"version-history":[{"count":5,"href":"https:\/\/www.wikimedia.de\/mv\/wp-json\/wp\/v2\/pages\/98\/revisions"}],"predecessor-version":[{"id":58150,"href":"https:\/\/www.wikimedia.de\/mv\/wp-json\/wp\/v2\/pages\/98\/revisions\/58150"}],"wp:featuredmedia":[{"embeddable":true,"href":"https:\/\/www.wikimedia.de\/mv\/wp-json\/wp\/v2\/media\/58713"}],"wp:attachment":[{"href":"https:\/\/www.wikimedia.de\/mv\/wp-json\/wp\/v2\/media?parent=98"}],"curies":[{"name":"wp","href":"https:\/\/api.w.org\/{rel}","templated":true}]}}