{"id":42111,"date":"2020-02-21T11:22:45","date_gmt":"2020-02-21T10:22:45","guid":{"rendered":"https:\/\/stage.wikimedia.de\/?page_id=42111"},"modified":"2020-07-30T09:49:53","modified_gmt":"2020-07-30T07:49:53","slug":"presse-2","status":"publish","type":"page","link":"https:\/\/www.wikimedia.de\/oeffentliches-gut\/oeffentliches-gut\/presse-2\/","title":{"rendered":"Presse"},"content":{"rendered":"\n<h3 class=\"wp-block-heading\">F\u00fcr Fragen rund um die Kampagne \u201e\u00d6ffentliches Geld \u2013 \u00d6ffentliches Gut!\u201c stehen wir Ihnen gerne zur Verf\u00fcgung. <\/h3>\n\n\n\n<div style=\"height:100px\" aria-hidden=\"true\" class=\"wp-block-spacer is-style-spacer-small\"><\/div>\n\n\n\n<p>Unsere Pressestelle erreichen Sie per E-Mail an <a href=\"mailto:presse@wikimedia.de\">presse@wikimedia.de<\/a> oder telefonisch unter +49 (0)30 219 158 26-0. Bei allgemeinen Fragen zur Kampagne k\u00f6nnen Sie sich an <a href=\"mailto:politik@wikimedia.de\">politik@wikimedia.de<\/a> wenden. <\/p>\n\n\n\n<p><strong>Bildmaterial rund um die Kampagne finden Sie auch in der entsprechenden <a href=\"https:\/\/commons.wikimedia.org\/wiki\/Category:%C3%96G%C3%96G\" target=\"_blank\" rel=\"noreferrer noopener\">Kategorie<\/a> auf Wikimedia Commons.<\/strong><\/p>\n\n\n\n<div style=\"height:100px\" aria-hidden=\"true\" class=\"wp-block-spacer is-style-spacer-medium\"><\/div>\n\n\n\n<div class=\"wp-block-columns is-layout-flex wp-container-core-columns-is-layout-9d6595d7 wp-block-columns-is-layout-flex\">\n<div class=\"wp-block-column is-layout-flow wp-block-column-is-layout-flow\">\n<h2 class=\"wp-block-heading\">Pressemitteilungen<\/h2>\n\n\n\n<div style=\"height:100px\" aria-hidden=\"true\" class=\"wp-block-spacer is-style-spacer-small\"><\/div>\n\n\n\n<p><strong>Berlin, 07.07.2020:<\/strong> \u00d6ffentliches Geld \u2013 \u00d6ffentliches Gut!: \u00d6ffentlich-Rechtliche und Bildungssektor vereinbaren engere Zusammenarbeit<\/p>\n\n\n\n<div class=\"wp-block-buttons is-layout-flex wp-block-buttons-is-layout-flex\">\n<div class=\"wp-block-button\"><a class=\"wp-block-button__link\" href=\"https:\/\/www.wikimedia.de\/oeffentliches-gut-site\/presse\/oeffentlich-rechtliche-und-bildungssektor-vereinbaren-engere-zusammenarbeit\/\" target=\"_blank\" rel=\"noreferrer noopener\">Zur Pressemitteilung<\/a><\/div>\n<\/div>\n\n\n\n<p><\/p>\n\n\n\n<p><\/p>\n\n\n\n<p><\/p>\n\n\n\n<p><strong>Berlin, 03.03.2020:<\/strong> \u00d6ffentliches Geld \u2013 \u00d6ffentliches Gut!: Neue Kampagne f\u00fcr mehr Nutzungsfreiheit bei \u00f6ffentlich-rechtlichen Bildungsinhalten<\/p>\n\n\n\n<div class=\"wp-block-button\"><a class=\"wp-block-button__link\" href=\"https:\/\/www.wikimedia.de\/oeffentliches-gut-site\/presse\/oeffentliches-geld-oeffentliches-gut-neue-kampagne-fuer-mehr-nutzungsfreiheit-bei-oeffentlich-rechtlichen-bildungsinhalten\/\">Zur Pressemitteilung<\/a><\/div>\n\n\n\n<div style=\"height:100px\" aria-hidden=\"true\" class=\"wp-block-spacer is-style-spacer-medium\"><\/div>\n\n\n\n<p><strong>Berlin, 18.03.2020:<\/strong> \u00d6ffentliches Geld \u2013 \u00d6ffentliches Gut!: Warum digitale Bildungsinhalte gerade jetzt frei zug\u00e4nglich sein sollten<\/p>\n\n\n\n<div class=\"wp-block-button\"><a class=\"wp-block-button__link\" href=\"https:\/\/www.wikimedia.de\/oeffentliches-gut-site\/presse\/oeffentliches-geld-oeffentliches-gut-warum-digitale-bildungsinhalte-gerade-jetzt-frei-zugaenglich-sein-sollten\/\">Zur Pressemitteilung<\/a><\/div>\n\n\n\n<div style=\"height:100px\" aria-hidden=\"true\" class=\"wp-block-spacer is-style-spacer-medium\"><\/div>\n\n\n\n<p><strong>Berlin, 25.03.2020:<\/strong> Covid-19: Wikimedia Deutschland dankt den Wikipedia-Freiwilligen f\u00fcr ihren Einsatz gegen Desinformation <\/p>\n\n\n\n<div class=\"wp-block-button\"><a class=\"wp-block-button__link\" href=\"https:\/\/www.wikimedia.de\/oeffentliches-gut-site\/presse\/covid-19-wikimedia-deutschland-dankt-den-wikipedia-freiwilligen-fuer-ihren-einsatz-gegen-desinformation\/\">Zur Pressemitteilung<\/a><\/div>\n\n\n\n<div style=\"height:100px\" aria-hidden=\"true\" class=\"wp-block-spacer is-style-spacer-medium\"><\/div>\n\n\n\n<p><strong>Berlin, 12.05.2020:<\/strong> Lehrerverb\u00e4nde und Wikimedia wollen Corona-Soforthilfe des \u00f6ffentlich-rechtlichen Rundfunks dauerhaft nutzbar machen<\/p>\n\n\n\n<div class=\"wp-block-buttons alignleft is-layout-flex wp-block-buttons-is-layout-flex\">\n<div class=\"wp-block-button\"><a class=\"wp-block-button__link\" href=\"https:\/\/www.wikimedia.de\/oeffentliches-gut-site\/presse\/lehrerverbaende-und-wikimedia-wollen-corona-soforthilfe-des-oeffentlich-rechtlichen-rundfunks-dauerhaft-nutzbar-machen\/\" target=\"_blank\" rel=\"noreferrer noopener\">Zur Pressemitteilung<\/a><\/div>\n<\/div>\n<\/div>\n\n\n\n<div class=\"wp-block-column is-layout-flow wp-block-column-is-layout-flow\">\n<h2 class=\"wp-block-heading\">Offener Brief<\/h2>\n\n\n\n<div style=\"height:100px\" aria-hidden=\"true\" class=\"wp-block-spacer is-style-spacer-small\"><\/div>\n\n\n\n<p>Hier finden Sie den offenen Kampagnen-Brief. <\/p>\n\n\n\n<div class=\"wp-block-button\"><a class=\"wp-block-button__link\" href=\"https:\/\/www.wikimedia.de\/oeffentliches-gut-site\/oeffentliches-gut\/offener-brief\/\">Zum offenen Brief<\/a><\/div>\n<\/div>\n<\/div>\n\n\n\n<div style=\"height:100px\" aria-hidden=\"true\" class=\"wp-block-spacer is-style-spacer-medium\"><\/div>\n\n\n\n<h2 class=\"wp-block-heading\">Fragen und Antworten rund um die Kampagne<\/h2>\n\n\n\n<div style=\"height:100px\" aria-hidden=\"true\" class=\"wp-block-spacer is-style-spacer-small\"><\/div>\n\n\n\n<div class=\"wp-block-columns is-layout-flex wp-container-core-columns-is-layout-9d6595d7 wp-block-columns-is-layout-flex\">\n<div class=\"wp-block-column is-layout-flow wp-block-column-is-layout-flow\"><ul class=\"accordion acf-block-accordion\" data-accordion data-multi-expand=\"true\" data-allow-all-closed=\"true\">\n      <li class=\"accordion-item\" data-accordion-item>\n      <a href=\"#\" class=\"accordion-title\">Wie viel w\u00fcrde es den \u00d6RR kosten, diese Forderungen umzusetzen?<\/a>\n      <div class=\"accordion-content\" data-tab-content >\n        <p><span style=\"font-weight: 400\">Entscheidend f\u00fcr die Kosten ist, ob ein Beitrag online verf\u00fcgbar sein soll oder nicht. Gerade kurz nach der ersten Ver\u00f6ffentlichung sind diese Kosten besonders hoch. Die technischen und lizenzrechtlichen Zusatzkosten mit Blick auf zus\u00e4tzliche Verweildauer nach drei oder f\u00fcnf Jahren sind \u00fcberschaubar. Manche Inhalte werden auch \u201ein-house\u201c produziert, hier sind bereits jetzt alle Rechte erworben. Grunds\u00e4tzlich sollten Rechte f\u00fcr Bildungsinhalte so eingekauft werden, dass die Inhalte dauerhaft online bleiben k\u00f6nnen. Im Einzelfall kann davon abgewichen werden.<\/span><\/p>\n     <\/div>\n    <\/li>\n      <li class=\"accordion-item\" data-accordion-item>\n      <a href=\"#\" class=\"accordion-title\">Nutzen Lehrkr\u00e4fte Inhalte des \u00d6RR nicht ohnehin schon?<\/a>\n      <div class=\"accordion-content\" data-tab-content >\n        <p><span style=\"font-weight: 400\">Ja, zum Gl\u00fcck. Gutes Material bereichert gut geplanten Unterricht, und dagegen hat auch niemand was. Lehrerinnen und Lehrer sollten aber nicht dazu gezwungen sein, gegen Nutzungs- und Urheberrecht zu versto\u00dfen, um die guten Inhalte des \u00d6RR zu streamen, herunterladen oder f\u00fcr ihren Unterricht anpassen zu d\u00fcrfen. Dritte sind dann auch eher motiviert, auf Grundlage der Inhalte Unterrichtsentw\u00fcrfe zu erstellen und zu teilen.<\/span><\/p>\n     <\/div>\n    <\/li>\n      <li class=\"accordion-item\" data-accordion-item>\n      <a href=\"#\" class=\"accordion-title\">D\u00fcrfen die \u00d6RR das \u00fcberhaupt?<\/a>\n      <div class=\"accordion-content\" data-tab-content >\n        <p><span style=\"font-weight: 400\">Sofern mit den Lizenzinhaberinnen und -inhabern der Inhalte entsprechende Vereinbarungen getroffen werden, d\u00fcrfen die Inhalte des \u00d6RR im Rahmen von zeit- und kulturgeschichtlichen Archiven auch dauerhaft online stehen. Dies steht auch nicht im Widerspruch zum Wettbewerb mit den privaten Anbietern. Ein entsprechendes Gutachten wurde von Wikimedia Deutschland in Auftrag gegeben, die Ergebnisse sind hier online: <\/span><a href=\"https:\/\/commons.wikimedia.org\/wiki\/File:Handreichung_Gutachten_Beihilfe.pdf\"><span style=\"font-weight: 400\">https:\/\/commons.wikimedia.org\/wiki\/File:Handreichung_Gutachten_Beihilfe.pdf<\/span><\/a><\/p>\n     <\/div>\n    <\/li>\n      <li class=\"accordion-item\" data-accordion-item>\n      <a href=\"#\" class=\"accordion-title\">Geht das lizenzrechtlich \u00fcberhaupt?<\/a>\n      <div class=\"accordion-content\" data-tab-content >\n        <p><span style=\"font-weight: 400\">Sofern mit den Lizenzinhabern und -inhaberinnen der Inhalte entsprechende Vereinbarungen getroffen werden, d\u00fcrfen die Inhalte des \u00d6RR auch dauerhaft online stehen. Viele Inhalte werden auch von fest angestellten Mitarbeitenden der Redaktionen erstellt. Hier ist die Lizenzierung und angemessene Verg\u00fctung bereits sichergestellt. Nicht alle Inhalte, die zum Beispiel in Co-Produktion oder von Externen erstellt werden, m\u00fcssen frei lizenziert werden. Manchmal sind aber auch schon Teile von Sendungen, wie Schaubilder, Tabellen, Portr\u00e4tfotos, Interviewsequenzen etc. f\u00fcr Nachnutzung im Bildungskontext interessant, auch wenn zum Beispiel die Musik im Intro einer freien Lizenzierung entgegensteht. Diese Bestandteile k\u00f6nnen auch einzeln lizenziert und ausgespielt werden, mit gutem Beispiel geht hier die Redaktion von Terra X voran: <\/span><a href=\"https:\/\/www.zdf.de\/dokumentation\/terra-x\/terra-x-creative-commons-cc-100.html\"><span style=\"font-weight: 400\">https:\/\/www.zdf.de\/dokumentation\/terra-x\/terra-x-creative-commons-cc-100.html<\/span><\/a><\/p>\n     <\/div>\n    <\/li>\n      <li class=\"accordion-item\" data-accordion-item>\n      <a href=\"#\" class=\"accordion-title\">Geht das nicht auf Kosten der Urheberinnen und Urheber?<\/a>\n      <div class=\"accordion-content\" data-tab-content >\n        <p><span style=\"font-weight: 400\">ZDF-Fernsehratsmitglied Leonard Dobusch fordert einen \u201eCC-Bonus\u201c f\u00fcr Produzenten, die auf Wiederholungshonorare verzichten, indem sie ihre Inhalte unter einer freien Lizenz dauerhaft zur Verf\u00fcgung stellen. Die Arbeitsgemeinschaft Dokumentarfilm e.V. \/ AG DOK hat hier noch weitergehende Vorschl\u00e4ge und fordert <\/span><a href=\"https:\/\/www.agdok.de\/de_DE\/docs-als-oeffentliches-kulturgut\"><span style=\"font-weight: 400\">Dokumentationen als \u00f6ffentliches Kulturgut<\/span><\/a><span style=\"font-weight: 400\">. Hier m\u00fcssen entsprechende Mittel bereitgestellt werden. Den Kreativen sollen weder ihre Werke noch ihre Lebensgrundlage genommen werden. Daher fordern wir: Freie Lizenzen da, wo es m\u00f6glich ist \u2013 zum Beispiel bei von fest angestellten Redakteuren im Rahmen ihres Dienstverh\u00e4ltnisses erstellte Inhalte und eben da, wo Dritte, die Erstellerinnen und Ersteller der Inhalte, angemessen verg\u00fctet werden.<\/span><\/p>\n     <\/div>\n    <\/li>\n  <\/ul>\n<\/div>\n\n\n\n<div class=\"wp-block-column is-layout-flow wp-block-column-is-layout-flow\"><ul class=\"accordion acf-block-accordion\" data-accordion data-multi-expand=\"true\" data-allow-all-closed=\"true\">\n      <li class=\"accordion-item\" data-accordion-item>\n      <a href=\"#\" class=\"accordion-title\">Sind \u201ePlanet Schule\u201c und andere Bildungsangebote nicht genug f\u00fcr den Unterricht?<\/a>\n      <div class=\"accordion-content\" data-tab-content >\n        <p><span style=\"font-weight: 400\">Die Inhalte sind gut, die Verf\u00fcgbarkeit geht besser. Auch die Inhalte von Planet Schule m\u00fcssen regelm\u00e4\u00dfig neu versendet werden, um sie online halten zu d\u00fcrfen. Hier gelten <\/span><a href=\"https:\/\/www.planet-schule.de\/sf\/service-fragen.php\"><span style=\"font-weight: 400\">Sonderregeln<\/span><\/a><span style=\"font-weight: 400\">. Die guten Bildungsangebote des \u00d6RR gehen au\u00dferdem \u00fcber den Schulfunk und speziell f\u00fcr den Unterricht aufbereitete Inhalte hinaus.<\/span><\/p>\n     <\/div>\n    <\/li>\n      <li class=\"accordion-item\" data-accordion-item>\n      <a href=\"#\" class=\"accordion-title\">Gibt es nicht bereits Lizenzvertr\u00e4ge der Medienzentren mit den Landesrundfunkanstalten?<\/a>\n      <div class=\"accordion-content\" data-tab-content >\n        <p><span style=\"font-weight: 400\">Ja. Lehrerinnen und Lehrer, die versuchen, gute Bewegtbild-Materialien f\u00fcr Bildungszwecke zusammenzustellen, k\u00f6nnen Material auf eigene Kosten einkaufen, selbst Videos drehen oder auf die Angebote der Medienzentren zur\u00fcckgreifen. Die Medienzentren der Bundesl\u00e4nder schlie\u00dfen dann jeweils Lizenzvertr\u00e4ge mit allen Rundfunkanstalten ab &#8211; das ist kompliziert, kostet viel Geld und geht manchmal gr\u00fcndlich schief, wenn zum Beispiel neue Lizenzvertr\u00e4ge noch von allen (16 Medienzentren \/ Landesministerien + 9 Landesrundfunkanstalten + 3 bundesweite und Auslandsprogramme) H\u00e4usern verifiziert werden m\u00fcssen und Inhalte so lange nicht verf\u00fcgbar sind (so passiert 2019).<\/span><\/p>\n     <\/div>\n    <\/li>\n      <li class=\"accordion-item\" data-accordion-item>\n      <a href=\"#\" class=\"accordion-title\">Was bedeutet OER?<\/a>\n      <div class=\"accordion-content\" data-tab-content >\n        <p><span style=\"font-weight: 400\">Unter dem Titel \u201eOpen Educational Resources\u201c (kurz: OER) erstellen, tauschen und erweitern tausende Bildungsakteure weltweit einen Online-Bildungsschatz, den Lehrerinnen und Lehrer kostenlos und jederzeit nutzen k\u00f6nnen. Wikipedia, das Bildarchiv Wikimedia Commons und viele weitere Angebote zahlen darauf ein, indem sie Inhalte unter einer freien Lizenz zur Verf\u00fcgung stellen. Wir fordern den \u00f6ffentlich-rechtlichen Rundfunk auf, diesem guten Beispiel zu folgen.<\/span><\/p>\n     <\/div>\n    <\/li>\n      <li class=\"accordion-item\" data-accordion-item>\n      <a href=\"#\" class=\"accordion-title\">Wer steht hinter der Kampagne?<\/a>\n      <div class=\"accordion-content\" data-tab-content >\n        <p><span style=\"font-weight: 400\">Die Idee zur Kampagne ist zwischen mehreren Organisationen auf einen Impuls der Wikipedia-Community hin entstanden und wird von Wikimedia Deutschland \u2013 Gesellschaft zur F\u00f6rderung Freien Wissens e. V.umgesetzt. Wikimedia Deutschland ist ein gemeinn\u00fctziger Verein mit rund\u00a0 80.000 Mitgliedern, der sich f\u00fcr die F\u00f6rderung Freien Wissens einsetzt. Seit der Gr\u00fcndung im Jahr 2004 unterst\u00fctzt der Verein verschiedene Wikimedia-Projekte \u2013 allen voran Wikipedia. Der Verein setzt sich f\u00fcr den kostenlosen Zugang zu Freiem Wissen ein und engagiert sich damit f\u00fcr ein grundlegendes Recht des Menschen auf Bildung. <\/span><\/p>\n     <\/div>\n    <\/li>\n      <li class=\"accordion-item\" data-accordion-item>\n      <a href=\"#\" class=\"accordion-title\">Wer kann unterst\u00fctzen?<\/a>\n      <div class=\"accordion-content\" data-tab-content >\n        <p><span style=\"font-weight: 400\">Auf der Kampagnenseite k\u00f6nnen Organisationen und Einzelpersonen Forderungen unterst\u00fctzen, die einen Weg aus diesem Dilemma aufzeigen: \u201e\u00d6ffentliches Geld &#8211; \u00d6ffentliches Gut!\u201d oder auch: \u201eAus \u00f6ffentlichen Geldern f\u00fcr \u00f6ffentlich-rechtlichen Rundfunk entwickelte Inhalte sollen m\u00f6glichst <\/span><b>frei<\/b><span style=\"font-weight: 400\"> und <\/span><b>dauerhaft<\/b><span style=\"font-weight: 400\"> ver\u00f6ffentlicht werden.\u201c<\/span><\/p>\n<p><span style=\"font-weight: 400\">Dazu k\u00f6nnen Sie uns auch gern mit Foto, Logo und Zitat direkt kontaktieren.<\/span><\/p>\n     <\/div>\n    <\/li>\n      <li class=\"accordion-item\" data-accordion-item>\n      <a href=\"#\" class=\"accordion-title\">\u201e\u00d6ffentliches Geld &#8211; \u00d6ffentliches Gut\u201c kommt mir bekannt vor \u2013 gab&#8217;s da nicht schon mal was?<\/a>\n      <div class=\"accordion-content\" data-tab-content >\n        <p>2018 startete die Free Software Foundation Europe (FSFE) eine \u00e4hnlich gelagerte Kampagne mit dem Slogan \u201ePublic Money &#8211; Public Code\u201c (<a class=\"Xx\" dir=\"ltr\" href=\"https:\/\/publiccode.eu\/de\/\" target=\"_blank\" rel=\"nofollow noreferrer noopener\" data-display=\"https:\/\/publiccode.eu\/de\/\" data-sanitized=\"https:\/\/www.google.com\/url?q=https:\/\/publiccode.eu\/de\/&amp;sa=D&amp;source=hangouts&amp;ust=1583587702079000&amp;usg=AFQjCNFTjjejNeBf_sJMzMubQMA0mH5HzA\">https:\/\/publiccode.eu\/de\/<\/a>), die die freie Lizenzierung von mit \u00f6ffentlichen Geldern bezahlten Computerprogrammen (bzw. deren Quellcode) fordert. Wir sind der FSFE freundschaftlich verbunden und unterst\u00fctzen deren Forderung. Mit der der \u00d6G\u00d6G-Kampagne erheben wir eine zus\u00e4tzliche Stimme, die sich besonders f\u00fcr die freie Lizenzierung von Bildungs- und Wissensinhalten und die Unterst\u00fctzung der OER-Szene einsetzt.<\/p>\n     <\/div>\n    <\/li>\n  <\/ul>\n<\/div>\n<\/div>\n","protected":false},"excerpt":{"rendered":"<p>F\u00fcr Fragen rund um die Kampagne \u201e\u00d6ffentliches Geld \u2013 \u00d6ffentliches Gut!\u201c stehen wir Ihnen gerne zur Verf\u00fcgung. Unsere Pressestelle erreichen \u2026 <a class=\"read-more\" href=\"https:\/\/www.wikimedia.de\/oeffentliches-gut\/oeffentliches-gut\/presse-2\/\"> <i class=\"fa fa-long-arrow-right\"><\/i><\/a><\/p>\n","protected":false},"author":1,"featured_media":0,"parent":42012,"menu_order":0,"comment_status":"closed","ping_status":"closed","template":"page-ogog-other.php","meta":{"_acf_changed":false,"footnotes":""},"class_list":["post-42111","page","type-page","status-publish","hentry"],"acf":[],"lang":"de","translations":{"de":42111},"pll_sync_post":[],"_links":{"self":[{"href":"https:\/\/www.wikimedia.de\/oeffentliches-gut\/wp-json\/wp\/v2\/pages\/42111","targetHints":{"allow":["GET"]}}],"collection":[{"href":"https:\/\/www.wikimedia.de\/oeffentliches-gut\/wp-json\/wp\/v2\/pages"}],"about":[{"href":"https:\/\/www.wikimedia.de\/oeffentliches-gut\/wp-json\/wp\/v2\/types\/page"}],"author":[{"embeddable":true,"href":"https:\/\/www.wikimedia.de\/oeffentliches-gut\/wp-json\/wp\/v2\/users\/1"}],"replies":[{"embeddable":true,"href":"https:\/\/www.wikimedia.de\/oeffentliches-gut\/wp-json\/wp\/v2\/comments?post=42111"}],"version-history":[{"count":0,"href":"https:\/\/www.wikimedia.de\/oeffentliches-gut\/wp-json\/wp\/v2\/pages\/42111\/revisions"}],"up":[{"embeddable":true,"href":"https:\/\/www.wikimedia.de\/oeffentliches-gut\/wp-json\/wp\/v2\/pages\/42012"}],"wp:attachment":[{"href":"https:\/\/www.wikimedia.de\/oeffentliches-gut\/wp-json\/wp\/v2\/media?parent=42111"}],"curies":[{"name":"wp","href":"https:\/\/api.w.org\/{rel}","templated":true}]}}