{"id":666,"date":"2023-04-06T12:35:38","date_gmt":"2023-04-06T10:35:38","guid":{"rendered":"https:\/\/www.wikimedia.de\/re-shape\/?page_id=666"},"modified":"2025-07-04T16:39:10","modified_gmt":"2025-07-04T14:39:10","slug":"programm","status":"publish","type":"page","link":"https:\/\/www.wikimedia.de\/reshape\/programm\/","title":{"rendered":"Programm"},"content":{"rendered":"<div class='grid grid-cols-12 container'><div class='col-span-12 lg:col-span-8 lg:col-start-3 '>\n\n<div data-anchor-title=\"Ziele\" class=\"bb-headline-block\">\n\t<div class=\"anchor-offset\" id=\"Ziele\"><\/div>\n\t\t\t<h2 class=\"default \">\n\t\t\t<span class=\"\">\n\t\t\t\tZiel des Programms\t\t\t<\/span>\n\t\t<\/h2>\n\t<\/div>\n<\/div><\/div>\n\n<div class='grid grid-cols-12 container'><div class='col-span-12 lg:col-span-8 lg:col-start-3 '><div class=\"bb-paragraph-block mb-5 font-inherit  text-xl\">\n\t<p><i>re<\/i><b><i>\u2022<\/i><\/b><i>shape<\/i> <i>\u2013 Ein Wikimedia-Programm zur F\u00f6rderung von <a href=\"https:\/\/www.wikimedia.de\/reshape\/glossary\/\">Wissensgerechtigkeit<\/a><\/i> richtet sich an Menschen, die Rassismus erfahren. Das Programm unterst\u00fctzt die gef\u00f6rderten Projekte dabei, Sichtbarkeit f\u00fcr marginalisiertes Wissen zu schaffen und zum Freien Wissen beizutragen \u2013 zum Beispiel in den Wikimedia-Projekten.<\/p>\n<p>Wir bei Wikimedia Deutschland sind \u00fcberzeugt: Der Zugang zu Wissen tr\u00e4gt zu einer weltoffenen, informierten und gerechten Gesellschaft bei \u2013 vorausgesetzt, alle Menschen haben die gleichen M\u00f6glichkeiten, Wissen zu erstellen, zu teilen und zu nutzen. Gleichzeitig wissen wir, dass die Realit\u00e4t anders aussieht. Was Eingang in Wissensbest\u00e4nde und offizielle Erz\u00e4hlungen findet, ist wesentlich durch Fragen von Macht bestimmt. Auch im Freien Wissen werden die Geschichten und Perspektiven von Menschen, die Rassismus erfahren, marginalisiert und sind daher bislang kaum sichtbar.<\/p>\n<p><em>re\u2022shape<\/em> setzt hier an: Gemeinsam mit unseren <a href=\"https:\/\/www.wikimedia.de\/reshape\/programmbeteiligte\/\">Programm- und Netzwerkpartner*innen<\/a> unterst\u00fctzen wir Einzelpersonen, Gruppen und Organisationen dabei, <a href=\"https:\/\/www.wikimedia.de\/reshape\/glossary\/\">marginalisiertes Wissen<\/a> sichtbar zu machen und selbstbestimmt mit der \u00d6ffentlichkeit zu teilen.<\/p>\n<\/div>\n<\/div><\/div>\n\n<div class='grid grid-cols-12 container'><div class='col-span-12 lg:col-span-8 lg:col-start-3 '><div class=\"bb-spacer-block h-5 lg:h-10 \">\n\t\n<\/div>\n\n<\/div><\/div>\n\n<div class='grid grid-cols-12 container'><div class='col-span-12 lg:col-span-8 lg:col-start-3 '>\n\n<div data-anchor-title=\"F\u00f6rderung\" class=\"bb-headline-block\">\n\t<div class=\"anchor-offset\" id=\"F\u00f6rderung\"><\/div>\n\t\t\t<h2 class=\"default \">\n\t\t\t<span class=\"\">\n\t\t\t\tDie F\u00f6rderung\t\t\t<\/span>\n\t\t<\/h2>\n\t<\/div>\n<\/div><\/div>\n\n<div class='grid grid-cols-12 container'><div class='col-span-12 lg:col-span-8 lg:col-start-3 '><div class=\"bb-accordion-block mb-10\">\n\t<ul>\n\t\t\t\t\t\t<li>\n\t\t\t<details>\n\t\t\t\t<summary class=\"font-alt lg:text-xl py-6 cursor-pointer border-b border-gray-200 pr-10\">\n\t\t\t\t\tAn wen richtet sich das Programm?\t\t\t\t<\/summary>\n\t\t\t\t<div class=\"my-5 accordion-content\">\n\t\t\t\t\t<p>Das Programm richtet sich an Menschen und Communitys aus Deutschland, die Rassismus erfahren. Bewerben k\u00f6nnen sich<\/p>\n<ul>\n<li>Einzelpersonen<\/li>\n<li>Projektteams mit bis zu drei Personen, die mehrheitlich aus BIPoC (Black, Indigenous, and People of Color) bestehen. Auch gr\u00f6\u00dfere Gruppen d\u00fcrfen sich bewerben, aber nur drei Personen k\u00f6nnen aktiv am Programm teilnehmen.<\/li>\n<li>Gemeinn\u00fctzige Vereine sind ebenfalls teilnahmeberechtigt, sofern sie \u00fcberwiegend von BIPoC geleitet werden. Auch hier k\u00f6nnen bis zu drei Personen am Programm teilnehmen.<\/li>\n<\/ul>\n<p>Das Mindestalter f\u00fcr die Teilnahme betr\u00e4gt 18 Jahre.<\/p>\n\t\t\t\t<\/div>\n\t\t\t<\/details>\n\t\t<\/li>\n\t\t\t\t\t\t<li>\n\t\t\t<details>\n\t\t\t\t<summary class=\"font-alt lg:text-xl py-6 cursor-pointer border-b border-gray-200 pr-10\">\n\t\t\t\t\tWas wird gef\u00f6rdert?\t\t\t\t<\/summary>\n\t\t\t\t<div class=\"my-5 accordion-content\">\n\t\t\t\t\t<p>Gef\u00f6rdert werden Projekte, die darauf zielen, marginalisiertem Wissen von Communitys, die Rassismus erfahren, mehr Raum und Sichtbarkeit zu verschaffen, indem Projektergebnisse unter einer Freien Lizenz ver\u00f6ffentlicht werden. So kann dieses Wissen auch auf Plattformen des Freien Wissens, wie der Wikipedia, genutzt werden. Damit dies selbstbestimmt passiert, setzen wir voraus, dass du einen Community-Bezug zu dem von dir geteilten Wissen hast.<\/p>\n\t\t\t\t<\/div>\n\t\t\t<\/details>\n\t\t<\/li>\n\t\t\t\t\t\t<li>\n\t\t\t<details>\n\t\t\t\t<summary class=\"font-alt lg:text-xl py-6 cursor-pointer border-b border-gray-200 pr-10\">\n\t\t\t\t\tWelche Formate sind m\u00f6glich? \t\t\t\t<\/summary>\n\t\t\t\t<div class=\"my-5 accordion-content\">\n\t\t\t\t\t<ul>\n<li>Video (Erkl\u00e4rvideos oder Social-Media-Beitr\u00e4ge)<\/li>\n<li>Audio (Podcasts oder Interviews)<\/li>\n<li>Text (Essays oder Blogbeitr\u00e4ge)<\/li>\n<li>Freie Bildungsmaterialien<\/li>\n<li>Veranstaltungen, deren Dokumentation Teil des Projektes ist (Skill-Sharing-Workshops, Podiumsdiskussionen oder Erz\u00e4hlcaf\u00e9s)<\/li>\n<\/ul>\n<p>Das Projekt kann auch ganz oder in Teilen auf die Wikipedia ausgerichtet sein, z.B. in Form von<\/p>\n<ul>\n<li>Beteiligung an inhaltlichen Diskussionen<\/li>\n<li>Bereitstellung oder Kuratierung von Fotos zur Bebilderung von Artikeln<\/li>\n<li>Organisation thematischer Edit-a-thons (kollaborative Schreibworkshops)<\/li>\n<\/ul>\n<p>F\u00fcr Projekte, bei denen direkt an Wikipedia-Artikeln gearbeitet wird \u2013 etwa durch das Erstellen oder \u00dcberarbeiten von Artikeln \u2013 gelten besondere Regeln. Diese betreffen alle, die im Rahmen eines Stipendiums oder ihrer beruflichen T\u00e4tigkeit an Wikipedia mitarbeiten.<\/p>\n<p>Hast du noch Fragen? Wir informieren dich gerne dazu im Rahmen unserer telefonischen Antragsberatung oder bei der Online-Infoveranstaltung am Dienstag, den 22. Juli, um 18.30 Uhr via Zoom.<\/p>\n\t\t\t\t<\/div>\n\t\t\t<\/details>\n\t\t<\/li>\n\t\t\t\t\t\t<li>\n\t\t\t<details>\n\t\t\t\t<summary class=\"font-alt lg:text-xl py-6 cursor-pointer border-b border-gray-200 pr-10\">\n\t\t\t\t\tWelche Rahmenbedingungen gibt es? \t\t\t\t<\/summary>\n\t\t\t\t<div class=\"my-5 accordion-content\">\n\t\t\t\t\t<p>Dein Projekt kann:<\/p>\n<ul>\n<li>ein neues Vorhaben sein,<\/li>\n<li>Teil eines bestehenden Projekts sein oder<\/li>\n<li>Inhalte eines abgeschlossenen Projektes aufbereiten.<\/li>\n<\/ul>\n<p>Dabei kann das Projekt entweder<\/p>\n<ul>\n<li>komplett in den F\u00f6rderzeitraum fallen (November 2025 \u2013 Juni 2026) oder<\/li>\n<li>\u00a0dar\u00fcber hinausgehen (also fr\u00fcher beginnen und\/oder sp\u00e4ter enden).<\/li>\n<\/ul>\n<p>Die Projektsprache kann frei gew\u00e4hlt werden, solange die Projektergebnisse ins Deutsche oder Englische \u00fcbersetzt werden.<\/p>\n<p>Eine \u00dcbersicht der Projekte, die in den vergangenen beiden Projektjahren durch<em> re\u00b7shape<\/em> gef\u00f6rdert wurden, findest du\u00a0<strong><a href=\"https:\/\/www.wikimedia.de\/reshape\/projekte\/\">hier.<\/a><\/strong><\/p>\n\t\t\t\t<\/div>\n\t\t\t<\/details>\n\t\t<\/li>\n\t\t\t<\/ul>\n<\/div>\n<\/div><\/div>\n\n<div class='grid grid-cols-12 container'><div class='col-span-12 lg:col-span-8 lg:col-start-3 '><div class=\"bb-spacer-block h-3 lg:h-6 \">\n\t\n<\/div>\n\n<\/div><\/div>\n\n<div class='grid grid-cols-12 container'><div class='col-span-12 lg:col-span-8 lg:col-start-3 '>\n\n<div data-anchor-title=\"\" class=\"bb-headline-block\">\n\t<div class=\"anchor-offset\" id=\"\"><\/div>\n\t\t\t<h3 class=\"default \">\n\t\t\t<span class=\"\">\n\t\t\t\tWie wird gef\u00f6rdert?\t\t\t<\/span>\n\t\t<\/h3>\n\t<\/div>\n<\/div><\/div>\n\n<div class='grid grid-cols-12 container'><div class='col-span-12 lg:col-span-8 lg:col-start-3 '><div class=\"bb-paragraph-block mb-5 font-inherit  text-xl\">\n\t<p>Die F\u00f6rderung orientiert sich an den Bedarfen der Gef\u00f6rderten und beinhaltet folgende Elemente:<\/p>\n<\/div>\n<\/div><\/div>\n\n<div class='grid grid-cols-12 container'><div class='col-span-12 lg:col-span-8 lg:col-start-3 '><div class=\"bb-accordion-block mb-10\">\n\t<ul>\n\t\t\t\t\t\t<li>\n\t\t\t<details>\n\t\t\t\t<summary class=\"font-alt lg:text-xl py-6 cursor-pointer border-b border-gray-200 pr-10\">\n\t\t\t\t\tFinanzielle F\u00f6rderung\t\t\t\t<\/summary>\n\t\t\t\t<div class=\"my-5 accordion-content\">\n\t\t\t\t\t<p><strong>Einzelpersonen<br \/>\n<\/strong>Wenn du als Einzelperson am Programm teilnimmst, erh\u00e4ltst du ein personengebundenes Stipendium in H\u00f6he von bis zu 5.000 \u20ac. Dieses kannst du nutzen, um dein Projektvorhaben m\u00f6glichst unabh\u00e4ngig durchzuf\u00fchren \u2013 aber auch, um deinen Lebensunterhalt w\u00e4hrend der Projektzeit abzusichern.<\/p>\n<p>Grunds\u00e4tzlich gilt: Jedem gef\u00f6rderten Projekt steht der Gesamtbetrag von 5.000 \u20ac zu. Aber nat\u00fcrlich sind die pers\u00f6nlichen Lebensumst\u00e4nde und die Bed\u00fcrfnisse der Projekte sehr unterschiedlich. Deshalb kann der Betrag auch geringer ausfallen, wenn du das m\u00f6chtest. Wir finden gemeinsam mit dir die beste L\u00f6sung f\u00fcr dich und das Projekt. Welche das ist, musst du bei der Bewerbung noch nicht wissen. Sobald der Auswahlprozess abgeschlossen ist, besprechen wir individuell, wie die finanzielle F\u00f6rderung ausgezahlt werden soll.<\/p>\n<p><strong>Informelle Gruppen<br \/>\n<\/strong>Du kannst dich auch mit bis zu zwei weiteren Personen zusammentun und ihr bewerbt euch gemeinsam mit einem Projekt. Dabei gebt ihr eine Person als Hauptkontaktperson f\u00fcr den Bewerbungsprozess an. Das F\u00f6rderprinzip ist dasselbe wie bei der Bewerbung von Einzelpersonen: Jedes Projekt kann insgesamt bis zu 5.000\u202f\u20ac erhalten \u2013 dieser Betrag wird dann zwischen euch aufgeteilt und als personengebundene Stipendien ausgezahlt. Ihr m\u00fcsst bei der Bewerbung noch nicht wissen, wie ihr die Aufteilung gestalten m\u00f6chtet. Wir sprechen mit allen Gef\u00f6rderten nach Abschluss des Auswahlprozesses dar\u00fcber, wie die finanzielle F\u00f6rderung ausgezahlt werden soll.<\/p>\n<p><strong>Gemeinn\u00fctzige Organisationen (zum Beispiel Vereine, Archive, Netzwerke)<br \/>\n<\/strong>Auch gemeinn\u00fctzige Organisationen k\u00f6nnen sich bewerben und eine F\u00f6rdersumme von bis zu 5.000 \u20ac in Form einer F\u00f6rdervereinbarung erhalten.<\/p>\n<p>Die Auszahlung erfolgt in zwei Raten per Bank\u00fcberweisung, eine zu Beginn und eine gegen Mitte der Programmlaufzeit. Bei Bedarf \u00fcbernehmen wir Reisekosten und \u00dcbernachtung f\u00fcr alle, die am Programm teilnehmen. Das gilt f\u00fcr die Auftakt-, die Zwischen- und die Abschlussveranstaltung. In begr\u00fcndeten Ausnahmef\u00e4llen \u00fcbernehmen wir auch die Reisekosten und die \u00dcbernachtung f\u00fcr eine Begleitperson. Bei Bedarf organisieren wir eine Kinderbetreuung vor Ort.<\/p>\n\t\t\t\t<\/div>\n\t\t\t<\/details>\n\t\t<\/li>\n\t\t\t\t\t\t<li>\n\t\t\t<details>\n\t\t\t\t<summary class=\"font-alt lg:text-xl py-6 cursor-pointer border-b border-gray-200 pr-10\">\n\t\t\t\t\tIdeelle F\u00f6rderung\t\t\t\t<\/summary>\n\t\t\t\t<div class=\"my-5 accordion-content\">\n\t\t\t\t\t<p>Die ideelle F\u00f6rderung besteht aus zwei Komponenten:<\/p>\n<ul>\n<li>In verschiedenen Workshops erkunden wir gemeinsam, wie du Freie Lizenzen und Plattformen des Freien Wissens \u2013 wie zum Beispiel Wikipedia \u2013 f\u00fcr dein Projekt nutzen kannst. Die Workshops bieten au\u00dferdem Raum f\u00fcr Austausch, gegenseitige Unterst\u00fctzung und Vernetzung mit anderen Projektteams. Die Teilnahme am Kick-Off, an der Zwischenveranstaltung sowie an der Abschlussveranstaltung ist verpflichtend, ebenso die Teilnahme an zwei Online-Austauschterminen (ca 90 min) zwischen den Veranstaltungen. Falls eine Teilnahme an einer der Veranstaltungen nicht m\u00f6glich ist oder du Fragen zur Barrierefreiheit hast, melde dich fr\u00fchzeitig bei uns und wir finden individuelle L\u00f6sungen.<\/li>\n<li>F\u00fcr die Begleitung und fachliche Beratung in der Auseinandersetzung mit Freiem Wissen und bei der Umsetzung der Projekte kannst du auf einen Expert*innen-Pool zugreifen. Die Personen aus diesem Netzwerk sind f\u00fcr dich ansprechbar und k\u00f6nnen zu verschiedenen Aspekten rund um Freies Wissen (z. B. Wikimedia-Projekte, Freie Lizenzen, Wissensproduktion) und zur Projektumsetzung beraten.<\/li>\n<\/ul>\n\t\t\t\t<\/div>\n\t\t\t<\/details>\n\t\t<\/li>\n\t\t\t<\/ul>\n<\/div>\n<\/div><\/div>\n\n<div class='grid grid-cols-12 container'><div class='col-span-12 lg:col-span-8 lg:col-start-3 '><div class=\"bb-spacer-block h-5 lg:h-10 \">\n\t\n<\/div>\n\n<\/div><\/div>\n\n<div class='grid grid-cols-12 container'><div class='col-span-12 lg:col-span-8 lg:col-start-3 '>\n<div class=\"wp-block-group has-fadfd-0-background-color has-background is-layout-constrained wp-block-group-is-layout-constrained\">\n\n<div data-anchor-title=\"\" class=\"bb-headline-block\">\n\t<div class=\"anchor-offset\" id=\"\"><\/div>\n\t\t\t<h2 class=\"default \">\n\t\t\t<span class=\"\">\n\t\t\t\tProgrammablauf\t\t\t<\/span>\n\t\t<\/h2>\n\t<\/div>\n\n\n<div class=\"bb-paragraph-block mb-5 font-inherit  text-xl lg:text-2xl\">\n\t<\/div>\n\n\n<div class=\"bb-accordion-block mb-10\">\n\t<ul>\n\t\t\t\t\t\t<li>\n\t\t\t<details>\n\t\t\t\t<summary class=\"font-alt lg:text-xl py-6 cursor-pointer border-b border-gray-200 pr-10\">\n\t\t\t\t\tBewerbungsphase (07. Juli bis 17. August 2025)\t\t\t\t<\/summary>\n\t\t\t\t<div class=\"my-5 accordion-content\">\n\t\t\t\t\t<p>Du kannst dich von Montag, 07. Juli bis Sonntag, 17. August 2025 (23:59 Uhr) bewerben.\u00a0<i><br \/>\n<\/i><\/p>\n<p><a href=\"https:\/\/www.wikimedia.de\/reshape\/bewerbung\/\"><strong>Zum Bewerbungsprozess<\/strong><\/a><\/p>\n\t\t\t\t<\/div>\n\t\t\t<\/details>\n\t\t<\/li>\n\t\t\t\t\t\t<li>\n\t\t\t<details>\n\t\t\t\t<summary class=\"font-alt lg:text-xl py-6 cursor-pointer border-b border-gray-200 pr-10\">\n\t\t\t\t\tAuswahl (Mitte Oktober 2025)\t\t\t\t<\/summary>\n\t\t\t\t<div class=\"my-5 accordion-content\">\n\t\t\t\t\t<p>Die Auswahl trifft eine interdisziplin\u00e4re Jury, bestehend aus:<\/p>\n<ul>\n<li>Vertreter*innen von Wikimedia Deutschland<\/li>\n<li>Vertreter*innen der neuen deutschen Organisationen e.\u202fV.<\/li>\n<li>Vertreter*innen der <a href=\"https:\/\/www.wikimedia.de\/reshape\/programmbeteiligte\/\">Netzwerkpartner*innen<\/a><\/li>\n<li>ehemaligen Gef\u00f6rderten<\/li>\n<\/ul>\n<p>Gemeinsam w\u00e4hlen sie <b>zehn Projekte<\/b> aus den eingereichten Bewerbungen aus. Die F\u00f6rderzusagen und -absagen werden <b>bis Mitte Oktober 2025 <\/b>verschickt.<\/p>\n<p>&nbsp;<\/p>\n\t\t\t\t<\/div>\n\t\t\t<\/details>\n\t\t<\/li>\n\t\t\t\t\t\t<li>\n\t\t\t<details>\n\t\t\t\t<summary class=\"font-alt lg:text-xl py-6 cursor-pointer border-b border-gray-200 pr-10\">\n\t\t\t\t\tAuftaktveranstaltung (21. bis 22. November 2025)\t\t\t\t<\/summary>\n\t\t\t\t<div class=\"my-5 accordion-content\">\n\t\t\t\t\t<p>Das Programm beginnt mit einer zweit\u00e4gigen Auftaktveranstaltung am <b>21. und 22. November 2025 <\/b>\u00a0in Berlin. Eine Abendveranstaltung am Freitag gibt Raum f\u00fcr ein erstes Kennenlernen. Anschlie\u00dfend findet am Samstag ein inhaltlicher Einstieg in Form von Workshops und einer Einf\u00fchrung in die Welt des Freien Wissens statt.<\/p>\n\t\t\t\t<\/div>\n\t\t\t<\/details>\n\t\t<\/li>\n\t\t\t\t\t\t<li>\n\t\t\t<details>\n\t\t\t\t<summary class=\"font-alt lg:text-xl py-6 cursor-pointer border-b border-gray-200 pr-10\">\n\t\t\t\t\tProjektumsetzung (Dezember 2025 bis Juni 2026)\t\t\t\t<\/summary>\n\t\t\t\t<div class=\"my-5 accordion-content\">\n\t\t\t\t\t<p>Von <b>Dezember 2025 bis Juni 2026 <\/b>arbeitest du an deinem Projekt. Zu welchem Zeitpunkt du wie intensiv arbeitest, h\u00e4ngt von deiner eigenen Projektplanung ab und wird von uns nicht vorgegeben.<\/p>\n\t\t\t\t<\/div>\n\t\t\t<\/details>\n\t\t<\/li>\n\t\t\t\t\t\t<li>\n\t\t\t<details>\n\t\t\t\t<summary class=\"font-alt lg:text-xl py-6 cursor-pointer border-b border-gray-200 pr-10\">\n\t\t\t\t\tZwischenveranstaltung (17. bis 19. April 2026)\t\t\t\t<\/summary>\n\t\t\t\t<div class=\"my-5 accordion-content\">\n\t\t\t\t\t<p>Auf einem 3-t\u00e4gigen Camp vom <b>17. bis 19. April 2026<\/b> in Brandenburg m\u00f6chten wir dir und den anderen Gef\u00f6rderten die M\u00f6glichkeit geben, \u00fcber aktuelle Projektst\u00e4nde zu sprechen, gemeinsame Ideen und L\u00f6sungen zu finden und euch in Workshops mit verschiedenen Themen rund um eure Projekte und Freies Wissen auseinanderzusetzen.<\/p>\n\t\t\t\t<\/div>\n\t\t\t<\/details>\n\t\t<\/li>\n\t\t\t\t\t\t<li>\n\t\t\t<details>\n\t\t\t\t<summary class=\"font-alt lg:text-xl py-6 cursor-pointer border-b border-gray-200 pr-10\">\n\t\t\t\t\tAbschlussveranstaltung (27. bis 28. Juni 2026)\t\t\t\t<\/summary>\n\t\t\t\t<div class=\"my-5 accordion-content\">\n\t\t\t\t\t<p>Zum Abschluss laden wir euch am <b>27. und 28. Juni 2026<\/b> noch einmal nach Berlin ein. Ihr stellt eure Projektergebnisse vor, tauscht Erfahrungen aus und feiert mit uns den Abschluss des Programmjahres.<\/p>\n\t\t\t\t<\/div>\n\t\t\t<\/details>\n\t\t<\/li>\n\t\t\t<\/ul>\n<\/div>\n<\/div>\n<\/div><\/div>\n\n<div class='grid grid-cols-12 container'><div class='col-span-12 lg:col-span-8 lg:col-start-3 '><div class=\"bb-spacer-block h-10 lg:h-20 \">\n\t\n<\/div>\n\n<\/div><\/div>","protected":false},"excerpt":{"rendered":"","protected":false},"author":267,"featured_media":0,"parent":0,"menu_order":0,"comment_status":"closed","ping_status":"closed","template":"","meta":{"_acf_changed":false,"footnotes":""},"class_list":["post-666","page","type-page","status-publish","hentry"],"acf":[],"lang":"de","translations":{"de":666,"en":1417},"pll_sync_post":[],"_links":{"self":[{"href":"https:\/\/www.wikimedia.de\/reshape\/wp-json\/wp\/v2\/pages\/666","targetHints":{"allow":["GET"]}}],"collection":[{"href":"https:\/\/www.wikimedia.de\/reshape\/wp-json\/wp\/v2\/pages"}],"about":[{"href":"https:\/\/www.wikimedia.de\/reshape\/wp-json\/wp\/v2\/types\/page"}],"author":[{"embeddable":true,"href":"https:\/\/www.wikimedia.de\/reshape\/wp-json\/wp\/v2\/users\/267"}],"replies":[{"embeddable":true,"href":"https:\/\/www.wikimedia.de\/reshape\/wp-json\/wp\/v2\/comments?post=666"}],"version-history":[{"count":5,"href":"https:\/\/www.wikimedia.de\/reshape\/wp-json\/wp\/v2\/pages\/666\/revisions"}],"predecessor-version":[{"id":2905,"href":"https:\/\/www.wikimedia.de\/reshape\/wp-json\/wp\/v2\/pages\/666\/revisions\/2905"}],"wp:attachment":[{"href":"https:\/\/www.wikimedia.de\/reshape\/wp-json\/wp\/v2\/media?parent=666"}],"curies":[{"name":"wp","href":"https:\/\/api.w.org\/{rel}","templated":true}]}}