{"id":5,"date":"2026-02-26T14:52:50","date_gmt":"2026-02-26T13:52:50","guid":{"rendered":"https:\/\/www.wikimedia.de\/wiki-wegweiser\/?page_id=5"},"modified":"2026-04-21T09:07:17","modified_gmt":"2026-04-21T07:07:17","slug":"homepage","status":"publish","type":"page","link":"https:\/\/www.wikimedia.de\/wiki-wegweiser\/","title":{"rendered":"Der WIKI-WEGWEISER"},"content":{"rendered":"<div class='outer-container'><div class='bb-container-default'>\n<div class=\"wp-block-columns is-layout-flex wp-container-core-columns-is-layout-9d6595d7 wp-block-columns-is-layout-flex\">\n<div class=\"wp-block-column is-layout-flow wp-block-column-is-layout-flow\" style=\"flex-basis:50%\">\n<div class=\"wp-block-group p-4 rounded md:rounded-lg bg-secondary text-secondary-foreground p-2\">\n    <div class=\"acf-innerblocks-container\">\n<div data-anchor-title=\"\" class=\"bb-block-heading\">\n    <div class=\"anchor-offset\" id=\"\"><\/div>\n        <h2 class=\" \">\n        <span class=\"\">\n            Der Wiki-Wegweiser        <\/span>\n    <\/h2>\n    <\/div>\n\n<div data-anchor-title=\"\" class=\"bb-block-heading\">\n    <div class=\"anchor-offset\" id=\"\"><\/div>\n        <h3 class=\" \">\n        <span class=\"\">\n            Jetzt bei Wikipedia loslegen!        <\/span>\n    <\/h3>\n    <\/div>\n\n<div class=\"bb-block-paragraph font-inherit text-black text-base lg:text-xl\">\n\t<p>Melde dich an, mach mit und entdecke, wie viel Spa\u00df es macht, Freies Wissen aktiv mitzugestalten. Der Wiki-Wegweiser begleitet dich bei deinen ersten Schritten in die Welt von Wikipedia!<\/p>\n<\/div>\n\n\n<div id=\"block_f6c1c1bff58f2e40f78d4d4d5bcb1fad\" class=\"bb-block-zoho-form\">\n    <script type=\"text\/javascript\" src=\"https:\/\/njyha-zcmp.maillist-manage.eu\/js\/optin.min.js\"\n    onload=\"setupSF('sf3zc726c0ed850fd730a13cbf0db3c8387963faaf5ebdc9cc192d8795297c0a1e8b','ZCFORMVIEW',false,'acc',false,'2')\">\n<\/script>\n<script type=\"text\/javascript\">\nfunction runOnFormSubmit_sf3zc726c0ed850fd730a13cbf0db3c8387963faaf5ebdc9cc192d8795297c0a1e8b(th) {\n    \/\/ Called by Zoho on form submit\n};\n\n\/\/ Watch for style changes on inputs to show\/hide error messages\ndocument.addEventListener('DOMContentLoaded', function() {\n    const observer = new MutationObserver(function(mutations) {\n        mutations.forEach(function(mutation) {\n            if (mutation.type === 'attributes' && mutation.attributeName === 'style') {\n                const input = mutation.target;\n                const field = input.closest('.zoho-form__field');\n                if (field) {\n                    const errorMsg = field.querySelector('.zoho-form__field-error');\n                    if (errorMsg) {\n                        \/\/ Check if input style contains red (error border)\n                        const style = input.getAttribute('style') || '';\n                        const hasError = style.toLowerCase().includes('red');\n                        errorMsg.style.display = hasError ? 'block' : 'none';\n                    }\n                }\n            }\n        });\n    });\n\n    \/\/ Observe all form inputs for style changes\n    document.querySelectorAll('.zoho-form input').forEach(function(input) {\n        observer.observe(input, { attributes: true, attributeFilter: ['style'] });\n    });\n});\n<\/script>\n\n<div id=\"sf3zc726c0ed850fd730a13cbf0db3c8387963faaf5ebdc9cc192d8795297c0a1e8b\" data-type=\"signupform\" class=\"zoho-form\">\n    <div id=\"customForm\">\n        <input type=\"hidden\" id=\"recapTheme\" value=\"2\">\n        <input type=\"hidden\" id=\"isRecapIntegDone\" value=\"false\">\n        <input type=\"hidden\" id=\"signupFormMode\" value=\"copyCode\">\n        <input type=\"hidden\" id=\"signupFormType\" value=\"QuickForm_Vertical\">\n        <input type=\"hidden\" id=\"recapModeTheme\" value=\"\">\n\n        <div name=\"SIGNUP_PAGE\" id=\"SIGNUP_PAGE\" class=\"font-sans text-base zoho-form__page\" style=\"\">\n            <div name=\"\" changeid=\"\" changename=\"\" class=\"mx-auto\">\n                <div id=\"imgBlock\" name=\"LOGO_DIV\" logo=\"true\" class=\"w-full mx-auto\" style=\"\"><\/div>\n            <\/div>\n        <div id=\"signupMainDiv\" name=\"SIGNUPFORM\" changeid=\"SIGNUPFORM\" changename=\"SIGNUPFORM\" class=\"w-full mx-auto zoho-form__main\" style=\"\">\n            <!-- Success Message -->\n            <div class=\"relative\">\n                <div id=\"Zc_SignupSuccess\" style=\"display:none;\" class=\"p-1 my-2 break-words border bg-success border-success zoho-form__success\">\n                    <span class=\"text-success\" id=\"signupSuccessMsg\">Thank you for Signing Up<\/span>\n                <\/div>\n            <\/div>\n\n            <!-- Form -->\n            <form method=\"POST\" class=\"mb-5\" id=\"zcampaignOptinForm\" action=\"https:\/\/njyha-zcmp.maillist-manage.eu\/weboptin.zc\" target=\"_zcSignup\">\n                <div id=\"SIGNUP_BODY_ALL\" name=\"SIGNUP_BODY_ALL\" class=\"border-none\">\n                    <h1 id=\"SIGNUP_HEADING\" name=\"SIGNUP_HEADING\" changeid=\"SIGNUP_MSG\" changetype=\"SIGNUP_HEADER\" class=\"zoho-form__heading\"><\/h1>\n\n                    <div id=\"SIGNUP_BODY\" name=\"SIGNUP_BODY\" class=\"p-0 text-left zoho-form__body\">\n                        <div id=\"SIGNUP_DESCRIPTION\" changeid=\"SIGNUP_MSG\" changetype=\"SIGNUP_DESCRIPTION\" class=\"leading-relaxed zoho-form__description\"><\/div>\n\n                        <div id=\"errorMsgDiv\" style=\"display:none;\" class=\"p-2 my-2 mt-5 border rounded zoho-form__error bg-error-light text-error border-error-light\">\n                            Bitte korrigieren Sie die nachstehenden markierten Felder.\n                        <\/div>\n\n                        <!-- Form Fields -->\n                        <div class=\"zoho-form__fields\">\n                            <!-- Email Field -->\n                            <div class=\"zoho-form__field\">\n                                <div name=\"SIGNUP_FORM_LABEL\" class=\"zoho-form__label\">\n                                    E-Mail <span name=\"SIGNUP_REQUIRED\" class=\"zoho-form__required\">*<\/span>\n                                <\/div>\n                                <div class=\"rounded-lg zoho-form__input-wrap zcinputbox\">\n                                    <input type=\"email\" name=\"CONTACT_EMAIL\" id=\"CONTACT_EMAIL\" changeitem=\"SIGNUP_FORM_FIELD\" class=\"box-border\" maxlength=\"100\" required>\n                                    <span class=\"hidden\" id=\"dt_CONTACT_EMAIL\">1,true,6,Kontakt-E-Mail,2<\/span>\n                                <\/div>\n                                <span class=\"zoho-form__field-error\" id=\"CONTACT_EMAIL_error\">Bitte geben Sie eine g\u00fcltige E-Mail-Adresse ein.<\/span>\n                            <\/div>\n\n                            <!-- Username Field -->\n                            <div class=\"zoho-form__field\">\n                                <div name=\"SIGNUP_FORM_LABEL\" class=\"zoho-form__label\">\n                                    Benutzername <span name=\"SIGNUP_REQUIRED\" class=\"zoho-form__required\">*<\/span>\n                                <\/div>\n                                <div class=\"rounded-lg zoho-form__input-wrap zcinputbox\">\n                                    <input type=\"text\" name=\"FIRSTNAME\" id=\"FIRSTNAME\" changeitem=\"SIGNUP_FORM_FIELD\" class=\"box-border\" maxlength=\"50\" required>\n                                    <span class=\"hidden\" id=\"dt_FIRSTNAME\">1,true,1,Vorname,2<\/span>\n                                <\/div>\n                                <span class=\"zoho-form__field-error\" id=\"FIRSTNAME_error\">Bitte geben Sie Ihren Benutzernamen ein.<\/span>\n                            <\/div>\n\n                            <!-- Captcha -->\n                            <div id=\"captchaOld\" name=\"captchaContainer\" class=\"py-2 zoho-form__captcha recaptcha\">\n                                <div id=\"captchaParent\" class=\"flex flex-wrap gap-2 p-2 mb-2 border rounded-lg border-neutral-400 bg-secondary-light\">\n                                    <svg xmlns=\"http:\/\/www.w3.org\/2000\/svg\" width=\"24\" height=\"24\" viewBox=\"0 0 24 24\"\n                                         class=\"cursor-pointer zoho-form__captcha-refresh\"\n                                         onclick=\"loadCaptcha('https:\/\/campaigns.zoho.eu\/campaigns\/CaptchaVerify.zc?mode=generate',this,'#sf3zc726c0ed850fd730a13cbf0db3c8387963faaf5ebdc9cc192d8795297c0a1e8b');\"\n                                         id=\"relCaptcha\">\n                                        <path fill=\"currentColor\" d=\"M12 20q-3.35 0-5.675-2.325T4 12t2.325-5.675T12 4q1.725 0 3.3.712T18 6.75V4h2v7h-7V9h4.2q-.8-1.4-2.187-2.2T12 6Q9.5 6 7.75 7.75T6 12t1.75 4.25T12 18q1.925 0 3.475-1.1T17.65 14h2.1q-.7 2.65-2.85 4.325T12 20\"\/>\n                                    <\/svg>\n                                    <div id=\"captchaDiv\" captcha=\"true\" name=\"\" class=\"box-border flex-1 p-5 bg-white border border-neutral-300 zoho-form__captcha-image\"><\/div>\n                                    <input type=\"text\" placeholder=\"Captcha\" id=\"captchaText\" name=\"captchaText\" changeitem=\"SIGNUP_FORM_FIELD\" class=\"box-border\" maxlength=\"100\">\n                                    <span class=\"zoho-form__required\" id=\"capRequired\"><\/span>\n                                <\/div>\n                            <\/div>\n                        <\/div>\n\n                        <div class=\"flex justify-between\">\n\n                        <!-- Submit Button -->\n                        <div class=\"p-2 text-center zoho-form__submit\">\n                            <input type=\"button\" action=\"Save\" id=\"zcWebOptin\" name=\"SIGNUP_SUBMIT_BUTTON\" changetype=\"SIGNUP_SUBMIT_BUTTON_TEXT\" class=\"cursor-pointer btn\" value=\"Jetzt anmelden\">\n                        <\/div>\n                        <div id=\"REQUIRED_FIELD_TEXT\" changetype=\"REQUIRED_FIELD_TEXT\" name=\"SIGNUP_REQUIRED\" class=\"text-sm zoho-form__required-text\">*Pflichtfelder<\/div>\n                        <\/div>\n                    <\/div>\n\n                    <!-- Hidden Fields -->\n                    <input type=\"hidden\" id=\"secretid\" value=\"6LdNeDUUAAAAAG5l7cJfv1AA5OKLslkrOa_xXxLs\">\n                    <input type=\"hidden\" id=\"fieldBorder\" value=\"rgb(255, 255, 255)\">\n                    <input type=\"hidden\" name=\"zc_trackCode\" id=\"zc_trackCode\" value=\"ZCFORMVIEW\">\n                    <input type=\"hidden\" name=\"viewFrom\" id=\"viewFrom\" value=\"URL_ACTION\">\n                    <input type=\"hidden\" id=\"submitType\" name=\"submitType\" value=\"optinCustomView\">\n                    <input type=\"hidden\" id=\"lD\" name=\"lD\" value=\"11725ed2aa3463f1\">\n                    <input type=\"hidden\" name=\"emailReportId\" id=\"emailReportId\" value=\"\">\n                    <input type=\"hidden\" name=\"zx\" id=\"cmpZuid\" value=\"14adb11792\">\n                    <input type=\"hidden\" name=\"zcvers\" value=\"2.0\">\n                    <input type=\"hidden\" name=\"oldListIds\" id=\"allCheckedListIds\" value=\"\">\n                    <input type=\"hidden\" id=\"mode\" name=\"mode\" value=\"OptinCreateView\">\n                    <input type=\"hidden\" id=\"zcld\" name=\"zcld\" value=\"11725ed2aa3463f1\">\n                    <input type=\"hidden\" id=\"zctd\" name=\"zctd\" value=\"11725ed2aa346407\">\n                    <input type=\"hidden\" id=\"document_domain\" value=\"campaigns.zoho.eu\">\n                    <input type=\"hidden\" id=\"zc_Url\" value=\"njyha-zcmp.maillist-manage.eu\">\n                    <input type=\"hidden\" id=\"new_optin_response_in\" value=\"0\">\n                    <input type=\"hidden\" id=\"duplicate_optin_response_in\" value=\"0\">\n                    <input type=\"hidden\" id=\"zc_formIx\" name=\"zc_formIx\" value=\"3zc726c0ed850fd730a13cbf0db3c8387963faaf5ebdc9cc192d8795297c0a1e8b\">\n                <\/div>\n            <\/form>\n\n            <!-- Privacy Notes -->\n            <div id=\"privacyNotes\" class=\"zoho-form__privacy\">\n                <p class=\"text-sm !leading-tight\">Indem ich meine E-Mail-Adresse eintrage, erkl\u00e4re ich mich damit einverstanden, dass Wikimedia mich aufgrund meiner Einwilligung (Art. 6 Abs. 1 lit. a) DSGVO) per E-Mail bis zum Ende des Wiki-Wegweisers kontaktiert und die hierzu erforderlichen Datenverarbeitungen vornimmt. Ich kann meine Einwilligung jederzeit mit Wirkung f\u00fcr die Zukunft gegen\u00fcber Wikimedia widerrufen. N\u00e4here Informationen zur Datenverarbeitung bei Wikimedia und zu meinen Rechten finde ich unter wikimedia.de\/datenschutz.<\/p>\n            <\/div>\n        <\/div>\n    <\/div>\n\n        <input type=\"hidden\" id=\"isCaptchaNeeded\" value=\"true\">\n        <input type=\"hidden\" id=\"superAdminCap\" value=\"0\">\n        <img decoding=\"async\" src=\"https:\/\/njyha-zcmp.maillist-manage.eu\/images\/spacer.gif\" id=\"refImage\" onload=\"referenceSetter(this)\" class=\"hidden\">\n    <\/div>\n<\/div>\n\n<!-- Overlay and Success Popup -->\n<div id=\"zcOptinOverLay\" oncontextmenu=\"return false\" style=\"display:none;\" class=\"fixed inset-0 z-50 w-full h-screen text-center bg-black bg-opacity-50 zoho-form__overlay\"><\/div>\n<div id=\"zcOptinSuccessPopup\" style=\"display:none;\" class=\"fixed top-20 left-1\/4 w-[800px] h-[40%] bg-white border border-neutral-300 shadow-xl p-8 z-[9999] zoho-form__popup\">\n    <span id=\"closeSuccess\" class=\"absolute -top-4 -right-4 z-[99999] cursor-pointer zoho-form__popup-close\">\n        <img decoding=\"async\" src=\"https:\/\/njyha-zcmp.maillist-manage.eu\/images\/videoclose.png\" alt=\"Close\">\n    <\/span>\n    <div id=\"zcOptinSuccessPanel\"><\/div>\n<\/div>\n<\/div>\n\n<\/div>\n<\/div>\n<\/div>\n\n\n\n<div class=\"wp-block-column is-layout-flow wp-block-column-is-layout-flow\" style=\"flex-basis:50%\">\n<div class=\"wp-block-group p-4 rounded md:rounded-lg bg-destructive text-destructive-foreground p-2\">\n    <div class=\"acf-innerblocks-container\">\n<div data-anchor-title=\"\" class=\"bb-block-heading\">\n    <div class=\"anchor-offset\" id=\"\"><\/div>\n        <h2 class=\" \">\n        <span class=\"\">\n            Dein Einstieg in die Wikipedia        <\/span>\n    <\/h2>\n    <\/div>\n\n<div class=\"bb-block-paragraph font-inherit text-black text-base lg:text-xl\">\n\t<p>Du liest regelm\u00e4\u00dfig in der Wikipedia und fragst dich, wie du selbst mitmachen kannst? Der Wiki-Wegweiser zeigt es dir! In nur f\u00fcnf Wochen lernst du Schritt f\u00fcr Schritt, wie Wikipedia funktioniert, wie du eigene Beitr\u00e4ge bearbeitest und Teil der Community wirst.<\/p>\n<\/div>\n\n\n<div class=\"bb-block-spacer h-5 lg:h-10 \">\n\t\n<\/div>\n\n\n\n\n<div class=\"bb-image-block\">\n\t\t<figure class=\"mb-2 portrait flex flex-col justify-center relative overflow-hidden no_caption\" role=\"group\">\n\t\t<img decoding=\"async\" width=\"1280\" height=\"1201\" src=\"https:\/\/www.wikimedia.de\/wiki-wegweiser\/wp-content\/uploads\/sites\/42\/2026\/02\/Robokatze-Illu1_Orientierung-finden-Photoroom.png\" class=\"h-full w-auto\" alt=\"\" sizes=\"auto,  \" loading=\"lazy\" srcset=\"https:\/\/www.wikimedia.de\/wiki-wegweiser\/wp-content\/uploads\/sites\/42\/2026\/02\/Robokatze-Illu1_Orientierung-finden-Photoroom.png 1280w, https:\/\/www.wikimedia.de\/wiki-wegweiser\/wp-content\/uploads\/sites\/42\/2026\/02\/Robokatze-Illu1_Orientierung-finden-Photoroom-300x281.png 300w, https:\/\/www.wikimedia.de\/wiki-wegweiser\/wp-content\/uploads\/sites\/42\/2026\/02\/Robokatze-Illu1_Orientierung-finden-Photoroom-1024x961.png 1024w, https:\/\/www.wikimedia.de\/wiki-wegweiser\/wp-content\/uploads\/sites\/42\/2026\/02\/Robokatze-Illu1_Orientierung-finden-Photoroom-768x721.png 768w\" \/>\t\t\t<\/figure>\n\t\t<\/div>\n\n<\/div>\n<\/div>\n<\/div>\n<\/div>\n<\/div><\/div>","protected":false},"excerpt":{"rendered":"","protected":false},"author":6131,"featured_media":24,"parent":0,"menu_order":0,"comment_status":"closed","ping_status":"closed","template":"","meta":{"_acf_changed":false,"footnotes":""},"class_list":["post-5","page","type-page","status-publish","has-post-thumbnail","hentry"],"acf":[],"_links":{"self":[{"href":"https:\/\/www.wikimedia.de\/wiki-wegweiser\/wp-json\/wp\/v2\/pages\/5","targetHints":{"allow":["GET"]}}],"collection":[{"href":"https:\/\/www.wikimedia.de\/wiki-wegweiser\/wp-json\/wp\/v2\/pages"}],"about":[{"href":"https:\/\/www.wikimedia.de\/wiki-wegweiser\/wp-json\/wp\/v2\/types\/page"}],"author":[{"embeddable":true,"href":"https:\/\/www.wikimedia.de\/wiki-wegweiser\/wp-json\/wp\/v2\/users\/6131"}],"replies":[{"embeddable":true,"href":"https:\/\/www.wikimedia.de\/wiki-wegweiser\/wp-json\/wp\/v2\/comments?post=5"}],"version-history":[{"count":5,"href":"https:\/\/www.wikimedia.de\/wiki-wegweiser\/wp-json\/wp\/v2\/pages\/5\/revisions"}],"predecessor-version":[{"id":104,"href":"https:\/\/www.wikimedia.de\/wiki-wegweiser\/wp-json\/wp\/v2\/pages\/5\/revisions\/104"}],"wp:featuredmedia":[{"embeddable":true,"href":"https:\/\/www.wikimedia.de\/wiki-wegweiser\/wp-json\/wp\/v2\/media\/24"}],"wp:attachment":[{"href":"https:\/\/www.wikimedia.de\/wiki-wegweiser\/wp-json\/wp\/v2\/media?parent=5"}],"curies":[{"name":"wp","href":"https:\/\/api.w.org\/{rel}","templated":true}]}}