{"id":1062,"date":"2024-06-20T18:49:11","date_gmt":"2024-06-20T16:49:11","guid":{"rendered":"https:\/\/www.wikimedia.de\/zukunftskongress\/?page_id=1062"},"modified":"2024-07-09T15:08:23","modified_gmt":"2024-07-09T13:08:23","slug":"eroeffnung-und-keynote-von-richard-socher","status":"publish","type":"page","link":"https:\/\/www.wikimedia.de\/zukunftskongress\/aufzeichnungen\/eroeffnung-und-keynote-von-richard-socher\/","title":{"rendered":"Er\u00f6ffnung und Keynote von Richard Socher"},"content":{"rendered":"<div class='grid grid-cols-12 container'><div class='col-span-12 lg:col-span-8 lg:col-start-3'>\n<div class=\"bb-image-block my-4\">\n            <figure class=\"flex flex-col relative \" role=\"group\">\n        <img loading=\"lazy\" decoding=\"async\" width=\"2560\" height=\"1440\" src=\"https:\/\/www.wikimedia.de\/zukunftskongress\/wp-content\/uploads\/2024\/06\/Wiki_04_Keynote-scaled.jpg\" class=\"w-full h-auto \" alt=\"\" sizes=\"auto,  \" srcset=\"https:\/\/www.wikimedia.de\/zukunftskongress\/wp-content\/uploads\/2024\/06\/Wiki_04_Keynote-scaled.jpg 2560w, https:\/\/www.wikimedia.de\/zukunftskongress\/wp-content\/uploads\/2024\/06\/Wiki_04_Keynote-300x169.jpg 300w, https:\/\/www.wikimedia.de\/zukunftskongress\/wp-content\/uploads\/2024\/06\/Wiki_04_Keynote-1024x576.jpg 1024w, https:\/\/www.wikimedia.de\/zukunftskongress\/wp-content\/uploads\/2024\/06\/Wiki_04_Keynote-768x432.jpg 768w, https:\/\/www.wikimedia.de\/zukunftskongress\/wp-content\/uploads\/2024\/06\/Wiki_04_Keynote-1536x864.jpg 1536w, https:\/\/www.wikimedia.de\/zukunftskongress\/wp-content\/uploads\/2024\/06\/Wiki_04_Keynote-2048x1152.jpg 2048w\" \/>                <figcaption class=\"invisible flex absolute left-0 bottom-0 right-0 text-white bg-gray-900 w-auto h-auto z-20 p-2 text-sm flex items-start gap-4 break-all \">\n            <span class='bb-icon flex-shrink-0'><?xml version=\"1.0\" encoding=\"utf-8\"?>\n<svg width=\"16\" height=\"16\" fill=\"none\" viewBox=\"0 0 16 16\" xmlns=\"http:\/\/www.w3.org\/2000\/svg\" role=\"presentation\" aria-hidden=\"true\">\n  <path fill-rule=\"evenodd\" clip-rule=\"evenodd\" d=\"M16 8C16 10.1217 15.1571 12.1566 13.6569 13.6569C12.1566 15.1571 10.1217 16 8 16C5.87827 16 3.84344 15.1571 2.34315 13.6569C0.842855 12.1566 0 10.1217 0 8C0 5.87827 0.842855 3.84344 2.34315 2.34315C3.84344 0.842855 5.87827 0 8 0C10.1217 0 12.1566 0.842855 13.6569 2.34315C15.1571 3.84344 16 5.87827 16 8ZM9 4C9 4.26522 8.89464 4.51957 8.70711 4.70711C8.51957 4.89464 8.26522 5 8 5C7.73478 5 7.48043 4.89464 7.29289 4.70711C7.10536 4.51957 7 4.26522 7 4C7 3.73478 7.10536 3.48043 7.29289 3.29289C7.48043 3.10536 7.73478 3 8 3C8.26522 3 8.51957 3.10536 8.70711 3.29289C8.89464 3.48043 9 3.73478 9 4ZM7 7C6.73478 7 6.48043 7.10536 6.29289 7.29289C6.10536 7.48043 6 7.73478 6 8C6 8.26522 6.10536 8.51957 6.29289 8.70711C6.48043 8.89464 6.73478 9 7 9V12C7 12.2652 7.10536 12.5196 7.29289 12.7071C7.48043 12.8946 7.73478 13 8 13H9C9.26522 13 9.51957 12.8946 9.70711 12.7071C9.89464 12.5196 10 12.2652 10 12C10 11.7348 9.89464 11.4804 9.70711 11.2929C9.51957 11.1054 9.26522 11 9 11V8C9 7.73478 8.89464 7.48043 8.70711 7.29289C8.51957 7.10536 8.26522 7 8 7H7Z\" fill=\"white\"\/>\n<\/svg><\/span> <div class=\"self-center\">\u00a9 Miriam Barton<\/div>\n        <\/figcaption>\n            <\/figure>\n        <\/div><\/div><\/div>\n\n<div class='grid grid-cols-12 container'><div class='col-span-12 lg:col-span-8 lg:col-start-3'><div class=\"bb-paragraph-block font-inherit  text-base lg:text-xl\">\n\t<p>In der Er\u00f6ffnungsveranstaltung des ersten Wikipedia-Zukunftskongresses ging es vor allem um eines: Um <strong>Visionen f\u00fcr die Wikipedia der Zukunft<\/strong>.<\/p>\n<p>Neben der feierlichen Einf\u00fchrung durch <strong>die Moderation Jens Ohlig und Elisabeth Mandl<\/strong> zeigt die Aufzeichnung auch die Begr\u00fc\u00dfung der\u00a0Initiator*innen <strong>Franziska Heine (Gesch\u00e4ftsf\u00fchrende Vorst\u00e4ndin von Wikimedia Deutschland), Claudia Gar\u00e1d (Gesch\u00e4ftsf\u00fchrerin von Wikimedia \u00d6sterreich) und Christian Humborg (Gesch\u00e4ftsf\u00fchrender Vorstand von Wikimedia Deutschland) <\/strong>sowie die <strong>Keynote von Silicon-Valley-Vision\u00e4r Richard Socher<\/strong> und die eingereichten <strong>Visionen zur Zukunft von Wikipedianer*innen und Menschen aus der Netzwelt<\/strong>.<\/p>\n<\/div>\n<\/div><\/div>\n\n<div class='grid grid-cols-12 container'><div class='col-span-12 lg:col-span-8 lg:col-start-3'><div class=\"bb-spacer-block h-3 lg:h-6 \">\n\t\n<\/div>\n\n<\/div><\/div>\n\n<div class='grid grid-cols-12 container'><div class='col-span-12 lg:col-span-8 lg:col-start-3'>\n\n<div data-anchor-title=\"\" class=\"bb-headline-block\">\n\t<div class=\"anchor-offset\" id=\"\"><\/div>\n\t\t\t<h2 class=\"default \">\n\t\t\t<span class=\"\">\n\t\t\t\tDie Aufzeichnung der Er\u00f6ffnungsveranstaltung\t\t\t<\/span>\n\t\t<\/h2>\n\t<\/div>\n<\/div><\/div>\n\n<div class='grid grid-cols-12 container'><div class='col-span-12 lg:col-span-8 lg:col-start-3'><figure><video preload=\"none\" poster=\"https:\/\/upload.wikimedia.org\/wikipedia\/commons\/thumb\/9\/9f\/Wikipedia-Zukunftskongress_2024_%E2%80%93_Er%C3%B6ffnung_und_Keynote.webm\/1024px--Wikipedia-Zukunftskongress_2024_%E2%80%93_Er%C3%B6ffnung_und_Keynote.webm.jpg\" controls><source src=\"https:\/\/upload.wikimedia.org\/wikipedia\/commons\/9\/9f\/Wikipedia-Zukunftskongress_2024_%E2%80%93_Er%C3%B6ffnung_und_Keynote.webm\" type=\"video\/webm\"><\/video><\/figure><\/div><\/div>\n\n<div class='grid grid-cols-12 container'><div class='col-span-12 lg:col-span-8 lg:col-start-3'><div class=\"bb-spacer-block h-3 lg:h-6 \">\n\t\n<\/div>\n\n<\/div><\/div>\n\n<div class='grid grid-cols-12 container'><div class='col-span-12 lg:col-span-8 lg:col-start-3'>\n<div class=\"wp-block-group alignwide zk-graphic-02 is-layout-constrained wp-block-group-is-layout-constrained\">\n\n<div data-anchor-title=\"\" class=\"bb-headline-block\">\n\t<div class=\"anchor-offset\" id=\"\"><\/div>\n\t\t\t<h4 class=\"default \">\n\t\t\t<span class=\"\">\n\t\t\t\tDu m\u00f6chtest dich an diesem Prozess beteiligen oder einfach informiert bleiben?\t\t\t<\/span>\n\t\t<\/h4>\n\t<\/div>\n\n\n<div id=\"block_3797508ad5f6ec2c84657d7baa279101\" class=\"bb-button-block flex lg:justify-start\">\n  <a class=\"btn btn-base btn-default btn-primary arrow-right\" href=\"https:\/\/forms.zohopublic.eu\/wmde\/form\/WikipediaZunkunftskongressAnmeldungzumdigitalenFol\/formperma\/VeocaHD-qHEnFpE5UuN8BiMHfp19hNxHu8-QhPmRNuU\" target=\"_blank\">\n  <span class='bb-icon icon-base'><?xml version=\"1.0\" encoding=\"utf-8\"?>\n<svg width=\"20\" height=\"20\" viewBox=\"0 0 20 20\" xmlns=\"http:\/\/www.w3.org\/2000\/svg\" role=\"presentation\" aria-hidden=\"true\">\n  <path d=\"M17 9.96296L12.1601 17H10.3128L14.4877 10.7407H2V9.22222H14.4877L10.3128 3H12.1601L17 9.96296Z\" fill=\"currentColor\"\/>\n<\/svg><\/span>  Dann trage dich gerne in unseren Verteiler ein.  <\/a>\n<\/div>\n<\/div>\n<\/div><\/div>","protected":false},"excerpt":{"rendered":"","protected":false},"author":3,"featured_media":0,"parent":908,"menu_order":0,"comment_status":"closed","ping_status":"closed","template":"","meta":{"_acf_changed":false,"footnotes":""},"class_list":["post-1062","page","type-page","status-publish","hentry"],"acf":[],"_links":{"self":[{"href":"https:\/\/www.wikimedia.de\/zukunftskongress\/wp-json\/wp\/v2\/pages\/1062","targetHints":{"allow":["GET"]}}],"collection":[{"href":"https:\/\/www.wikimedia.de\/zukunftskongress\/wp-json\/wp\/v2\/pages"}],"about":[{"href":"https:\/\/www.wikimedia.de\/zukunftskongress\/wp-json\/wp\/v2\/types\/page"}],"author":[{"embeddable":true,"href":"https:\/\/www.wikimedia.de\/zukunftskongress\/wp-json\/wp\/v2\/users\/3"}],"replies":[{"embeddable":true,"href":"https:\/\/www.wikimedia.de\/zukunftskongress\/wp-json\/wp\/v2\/comments?post=1062"}],"version-history":[{"count":9,"href":"https:\/\/www.wikimedia.de\/zukunftskongress\/wp-json\/wp\/v2\/pages\/1062\/revisions"}],"predecessor-version":[{"id":1200,"href":"https:\/\/www.wikimedia.de\/zukunftskongress\/wp-json\/wp\/v2\/pages\/1062\/revisions\/1200"}],"up":[{"embeddable":true,"href":"https:\/\/www.wikimedia.de\/zukunftskongress\/wp-json\/wp\/v2\/pages\/908"}],"wp:attachment":[{"href":"https:\/\/www.wikimedia.de\/zukunftskongress\/wp-json\/wp\/v2\/media?parent=1062"}],"curies":[{"name":"wp","href":"https:\/\/api.w.org\/{rel}","templated":true}]}}