{"id":109,"date":"2024-05-16T19:23:33","date_gmt":"2024-05-16T17:23:33","guid":{"rendered":"https:\/\/www.wikimedia.de\/zukunftskongress\/?page_id=109"},"modified":"2024-05-16T19:23:33","modified_gmt":"2024-05-16T17:23:33","slug":"faq","status":"publish","type":"page","link":"https:\/\/www.wikimedia.de\/zukunftskongress\/faq\/","title":{"rendered":"FAQ"},"content":{"rendered":"<div class='grid grid-cols-12 container'><div class='col-span-12 lg:col-span-8 lg:col-start-3'>\n\n<div data-anchor-title=\"\" class=\"bb-headline-block\">\n\t<div class=\"anchor-offset\" id=\"\"><\/div>\n\t\t\t<h2 class=\"default \">\n\t\t\t<span class=\"\">\n\t\t\t\tAllgemeines zur Veranstaltung\t\t\t<\/span>\n\t\t<\/h2>\n\t<\/div>\n<\/div><\/div>\n\n<div class='grid grid-cols-12 container'><div class='col-span-12 lg:col-span-8 lg:col-start-3'><div class=\"bb-accordion-block mb-10\">\n\t<ul>\n\t\t\t\t\t\t<li>\n\t\t\t<details>\n\t\t\t\t<summary class=\"font-alt lg:text-xl py-6 cursor-pointer border-b border-gray-200 pr-10\">\n\t\t\t\t\tWo findet der Wikipedia-Zukunftskongress 2024 statt?\t\t\t\t<\/summary>\n\t\t\t\t<div class=\"my-5 accordion-content\">\n\t\t\t\t\t<p>Der Wikipedia-Zukunftskongress 2024 findet in N\u00fcrnberg statt. Auch eine digitale Teilnahme an der Veranstaltung ist m\u00f6glich.<\/p>\n\t\t\t\t<\/div>\n\t\t\t<\/details>\n\t\t<\/li>\n\t\t\t\t\t\t<li>\n\t\t\t<details>\n\t\t\t\t<summary class=\"font-alt lg:text-xl py-6 cursor-pointer border-b border-gray-200 pr-10\">\n\t\t\t\t\tWann findet der Wikipedia-Zukunftskongress 2024 statt?\t\t\t\t<\/summary>\n\t\t\t\t<div class=\"my-5 accordion-content\">\n\t\t\t\t\t<p>Der Wikipedia-Zukunftskongress findet von Freitag, 7. Juni bis Sonntag, 9. Juni 2024 statt. Der Start des Programms ist f\u00fcr Freitagabend vorgesehen, das Ende f\u00fcr Sonntagmittag geplant. Weitere Informationen zum Programm gibt es auf der <a href=\"https:\/\/de.wikipedia.org\/wiki\/Wikipedia:Wikimedia_Deutschland\/Community-Portal\/Beteiligung\/Debattieren_und_analysieren\/Zukunftskongress\/Programm\">hier<\/a>.<\/p>\n\t\t\t\t<\/div>\n\t\t\t<\/details>\n\t\t<\/li>\n\t\t\t\t\t\t<li>\n\t\t\t<details>\n\t\t\t\t<summary class=\"font-alt lg:text-xl py-6 cursor-pointer border-b border-gray-200 pr-10\">\n\t\t\t\t\tGibt es WLAN?\t\t\t\t<\/summary>\n\t\t\t\t<div class=\"my-5 accordion-content\">\n\t\t\t\t\t<p>Ja. WLAN wird kostenfrei zur Verf\u00fcgung stehen.<\/p>\n\t\t\t\t<\/div>\n\t\t\t<\/details>\n\t\t<\/li>\n\t\t\t\t\t\t<li>\n\t\t\t<details>\n\t\t\t\t<summary class=\"font-alt lg:text-xl py-6 cursor-pointer border-b border-gray-200 pr-10\">\n\t\t\t\t\tIst die Veranstaltung barrierearm?\t\t\t\t<\/summary>\n\t\t\t\t<div class=\"my-5 accordion-content\">\n\t\t\t\t\t<p>Wir haben im Rahmen der Locationrecherche darauf geachtet, dass der Veranstaltungsort m\u00f6glichst barrierearm gestaltet ist. Das Korn&#8217;s ist barrierearm gestaltet. So sind alle R\u00e4umlichkeiten mittels Aufzug zu erreichen, auf der Konferenzetage befindet sich barrierefreie Toilette. In der 7. Etage werden wir einen Ruheraum einrichten, der als R\u00fcckzugsort dienen kann.<\/p>\n<p>Das Thema Barrieren umfasst nat\u00fcrlich noch weitere Bereiche als nur stufenlose Zug\u00e4nge. Wir sind bem\u00fcht, alle Teilnehmenden zu inkludieren und online wie offline eine m\u00f6glichst barrierearme Umgebung zu schaffen. Hierf\u00fcr werden wir individuelle Bedarfe (bspw. ben\u00f6tigte Audiotranskription, Geb\u00e4rdensprachdolmetschung, Transkription in leichte Sprache usw.) \u00fcber das Anmeldeformular sammeln und an die Bedarfe angepasste Konzepte und Unterst\u00fctzungsangebote in Abstimmung mit den jeweiligen Personen entwickeln.<\/p>\n\t\t\t\t<\/div>\n\t\t\t<\/details>\n\t\t<\/li>\n\t\t\t\t\t\t<li>\n\t\t\t<details>\n\t\t\t\t<summary class=\"font-alt lg:text-xl py-6 cursor-pointer border-b border-gray-200 pr-10\">\n\t\t\t\t\tGibt es eine Kinderbetreuung?\t\t\t\t<\/summary>\n\t\t\t\t<div class=\"my-5 accordion-content\">\n\t\t\t\t\t<p>Ja, wir stellen gern eine Kinderbetreuung zur Verf\u00fcgung. Ein entsprechender Bedarf kann \u00fcber das Anmeldeformular bis sp\u00e4testens 10. Mai 2024 angemeldet werden. Bitte nennt uns dort sowohl die Anzahl und das Alter der Kinder, und auch die zu betreuenden Tage. Wir melden uns dann bei euch.<\/p>\n\t\t\t\t<\/div>\n\t\t\t<\/details>\n\t\t<\/li>\n\t\t\t<\/ul>\n<\/div>\n<\/div><\/div>\n\n<div class='grid grid-cols-12 container'><div class='col-span-12 lg:col-span-8 lg:col-start-3'><div class=\"bb-spacer-block h-3 lg:h-6 \">\n\t\n<\/div>\n\n<\/div><\/div>\n\n<div class='grid grid-cols-12 container'><div class='col-span-12 lg:col-span-8 lg:col-start-3'>\n\n<div data-anchor-title=\"\" class=\"bb-headline-block\">\n\t<div class=\"anchor-offset\" id=\"\"><\/div>\n\t\t\t<h2 class=\"default \">\n\t\t\t<span class=\"\">\n\t\t\t\tVor-Ort-Teilnahme\t\t\t<\/span>\n\t\t<\/h2>\n\t<\/div>\n<\/div><\/div>\n\n<div class='grid grid-cols-12 container'><div class='col-span-12 lg:col-span-8 lg:col-start-3'><div class=\"bb-accordion-block mb-10\">\n\t<ul>\n\t\t\t\t\t\t<li>\n\t\t\t<details>\n\t\t\t\t<summary class=\"font-alt lg:text-xl py-6 cursor-pointer border-b border-gray-200 pr-10\">\n\t\t\t\t\tWas ist der Veranstaltungsort und wie komme ich dahin?\t\t\t\t<\/summary>\n\t\t\t\t<div class=\"my-5 accordion-content\">\n\t\t\t\t\t<p>Veranstaltungsort ist das Korn&#8217;s (Kornmarkt 5\u20137, 90402 N\u00fcrnberg), welches sich ca. 750 Meter vom N\u00fcrnberger Hauptbahnhof entfernt am Kornmarkt befindet. F\u00fcr den Fu\u00dfweg vom Hauptbahnhof sind etwa 11 Minuten einzuplanen. Die n\u00e4chstgelegene U-Bahnstation ist &#8221;Opernhaus&#8221;, von dort sind es etwa 250 Meter zu Fu\u00df, hierf\u00fcr sind ca. 4 Minuten einzuplanen.<\/p>\n\t\t\t\t<\/div>\n\t\t\t<\/details>\n\t\t<\/li>\n\t\t\t\t\t\t<li>\n\t\t\t<details>\n\t\t\t\t<summary class=\"font-alt lg:text-xl py-6 cursor-pointer border-b border-gray-200 pr-10\">\n\t\t\t\t\tGibt es ein Hygienekonzept f\u00fcr die Vor-Ort-Teilnahme?\t\t\t\t<\/summary>\n\t\t\t\t<div class=\"my-5 accordion-content\">\n\t\t\t\t\t<p>Ein Hygienekonzept ist zum aktuellen Zeitpunkt f\u00fcr die Veranstaltung nicht vorgesehen. Sollte aufgrund einer epidemischen oder pandemischen Situation ein Hygienekonzept bzw. Hygieneempfehlungen erforderlich sein, so basieren diese auf den zum Zeitpunkt der Veranstaltungsdurchf\u00fchrung g\u00fcltigen, lokalen Gesetzen und Verordnungen. Ein erforderliches Hygienekonzept ver\u00f6ffentlichen wir zum fr\u00fchestm\u00f6glichen Zeitpunkt vor Beginn der Veranstaltung und ist in jedem Fall einzuhalten. \u00c4nderungen bei sich versch\u00e4rfender Pandemiesituation und angepassten Regelungen seitens der zu befolgenden Rahmenbedingungen durch Gesetze und Verordnungen sind zu ber\u00fccksichtigen.<\/p>\n<p>Es ist aber, unabh\u00e4ngig von der Erfordernis eines Hygienekonzepts, unser Ziel, f\u00fcr alle Teilnehmenden eine sichere Veranstaltung auf die Beine zu stellen. Deshalb gilt:<\/p>\n<p>\u2013 Bitte testet euch vor der Anreise nach N\u00fcrnberg. Sollten hierf\u00fcr Kosten anfallen, \u00fcbernimmt Wikimedia Deutschland die entsprechenden Kosten. Die Kostenerstattung kannst du <a href=\"https:\/\/foerderung.wikimedia.de\/kostenerstattung\/\">hier<\/a> beantragen. Zudem gibt es am Info-Desk ein Kontingent von Selbsttests, die ihr gern in Anspruch nehmen k\u00f6nnt.<br \/>\n\u2013 Mit Erk\u00e4ltungssymptomen ist eine Teilnahme an der Veranstaltung nicht gestattet.<br \/>\n\u2013 Es ist uns ein besonderes Anliegen, Menschen zu sch\u00fctzen, die zu einer Risikogruppe geh\u00f6ren. Auf einer Konferenz wird es auch immer wieder Momente geben, in denen sich viele Menschen auf engem Raum aufhalten. Das Tragen von Masken kann daher ein sinnvolles Mittel der Vermeidung von Ansteckungen sein. Aus diesem Grund halten wir am Info-Desk ein Kontingent an FFP-2-Masken bereit.<br \/>\nAn mehreren Stellen in den Veranstaltungsorten stehen Desinfektionsmittelspender zur Verf\u00fcgung. Zudem wird auf regelm\u00e4\u00dfiges L\u00fcften bzw. Luftaustausch geachtet.<\/p>\n\t\t\t\t<\/div>\n\t\t\t<\/details>\n\t\t<\/li>\n\t\t\t\t\t\t<li>\n\t\t\t<details>\n\t\t\t\t<summary class=\"font-alt lg:text-xl py-6 cursor-pointer border-b border-gray-200 pr-10\">\n\t\t\t\t\tGibt es Namensschilder und falls ja, was steht auf den Schildern?\t\t\t\t<\/summary>\n\t\t\t\t<div class=\"my-5 accordion-content\">\n\t\t\t\t\t<p>F\u00fcr alle Teilnehmenden vor Ort wird es Namensschilder geben. Im Anmeldeformular f\u00fcr die Teilnahme vor Ort kann entschieden werden, was auf diesen stehen soll. Die Namensschilder sollten stets gut sichtbar getragen werden, da sie als Nachweis der Anmeldung dienen. Nur Angemeldete mit Namensschildern haben Zugang zur Veranstaltung.<\/p>\n\t\t\t\t<\/div>\n\t\t\t<\/details>\n\t\t<\/li>\n\t\t\t\t\t\t<li>\n\t\t\t<details>\n\t\t\t\t<summary class=\"font-alt lg:text-xl py-6 cursor-pointer border-b border-gray-200 pr-10\">\n\t\t\t\t\tGibt es eine M\u00f6glichkeit, Gep\u00e4ck unterzubringen?\t\t\t\t<\/summary>\n\t\t\t\t<div class=\"my-5 accordion-content\">\n\t\t\t\t\t<p>Im Korn\u2019s gibt es eine kleine Garderobe. Wir bitten daher darum, das Gep\u00e4ck m\u00f6glichst im Hotel aufbewahren zu lassen. Dieses befindet sich direkt am Hauptbahnhof, wodurch auch der Gep\u00e4cktransport zum Veranstaltungsort entfallen kann.<\/p>\n\t\t\t\t<\/div>\n\t\t\t<\/details>\n\t\t<\/li>\n\t\t\t\t\t\t<li>\n\t\t\t<details>\n\t\t\t\t<summary class=\"font-alt lg:text-xl py-6 cursor-pointer border-b border-gray-200 pr-10\">\n\t\t\t\t\tGibt es Schlie\u00dff\u00e4cher f\u00fcr den eigenen Laptop oder Fotoapparat, der nur w\u00e4hrend eines Workshops ben\u00f6tigt wird?\t\t\t\t<\/summary>\n\t\t\t\t<div class=\"my-5 accordion-content\">\n\t\t\t\t\t<p>In der Location gibt es keine Schlie\u00dff\u00e4cher.<\/p>\n\t\t\t\t<\/div>\n\t\t\t<\/details>\n\t\t<\/li>\n\t\t\t\t\t\t<li>\n\t\t\t<details>\n\t\t\t\t<summary class=\"font-alt lg:text-xl py-6 cursor-pointer border-b border-gray-200 pr-10\">\n\t\t\t\t\tWie kann ich mich abmelden, wenn ich nicht am Wikipedia-Zukunftskongress 2024 teilnehmen kann? \t\t\t\t<\/summary>\n\t\t\t\t<div class=\"my-5 accordion-content\">\n\t\t\t\t\t<p>Bitte gib immer sofort Bescheid, solltest du nicht mehr teilnehmen k\u00f6nnen. Bei Absage einer Vor-Ort-Teilnahme k\u00f6nnen wir dein Essen noch abbestellen, vermeiden die Verschwendung von Lebensmitteln oder k\u00f6nnen deinen Platz anderweitig vergeben. Schreibe dazu bitte an anmeldungen@wikimedia.de.<\/p>\n\t\t\t\t<\/div>\n\t\t\t<\/details>\n\t\t<\/li>\n\t\t\t\t\t\t<li>\n\t\t\t<details>\n\t\t\t\t<summary class=\"font-alt lg:text-xl py-6 cursor-pointer border-b border-gray-200 pr-10\">\n\t\t\t\t\tWie erfolgt die Hotelbuchung?\t\t\t\t<\/summary>\n\t\t\t\t<div class=\"my-5 accordion-content\">\n\t\t\t\t\t<p>F\u00fcr alle Vor-Ort-Teilnehmenden stellt Wikimedia Deutschland ein Hotelzimmer zur Verf\u00fcgung. Die entsprechende Buchungsbest\u00e4tigung erhalten die Vor-Ort-Teilnehmenden nach dem Ausf\u00fcllen des entsprechenden Anmeldeformulars.<\/p>\n\t\t\t\t<\/div>\n\t\t\t<\/details>\n\t\t<\/li>\n\t\t\t\t\t\t<li>\n\t\t\t<details>\n\t\t\t\t<summary class=\"font-alt lg:text-xl py-6 cursor-pointer border-b border-gray-200 pr-10\">\n\t\t\t\t\tGibt es Verpflegung?\t\t\t\t<\/summary>\n\t\t\t\t<div class=\"my-5 accordion-content\">\n\t\t\t\t\t<p>Im Veranstaltungsort ist f\u00fcr Tagungsgetr\u00e4nke, Snacks und Obst sowie mittags und abends kalte und warme Speisen gesorgt. Die Hotelbuchung \u00fcber Wikimedia Deutschland umfasst auch Fr\u00fchst\u00fcck im Hotel.<\/p>\n\t\t\t\t<\/div>\n\t\t\t<\/details>\n\t\t<\/li>\n\t\t\t\t\t\t<li>\n\t\t\t<details>\n\t\t\t\t<summary class=\"font-alt lg:text-xl py-6 cursor-pointer border-b border-gray-200 pr-10\">\n\t\t\t\t\tIch habe eine Lebensmittelunvertr\u00e4glichkeit. Wo merke ich das an?\t\t\t\t<\/summary>\n\t\t\t\t<div class=\"my-5 accordion-content\">\n\t\t\t\t\t<p>Bitte weise uns im Anmeldeformular auf eventuelle Lebensmittelunvertr\u00e4glichkeiten oder andere Einschr\u00e4nkungen bez\u00fcglich deiner Essgewohnheiten hin.<\/p>\n\t\t\t\t<\/div>\n\t\t\t<\/details>\n\t\t<\/li>\n\t\t\t\t\t\t<li>\n\t\t\t<details>\n\t\t\t\t<summary class=\"font-alt lg:text-xl py-6 cursor-pointer border-b border-gray-200 pr-10\">\n\t\t\t\t\tGibt es beim Mittagessen und Abendessen auch vegetarische oder vegane Optionen?\t\t\t\t<\/summary>\n\t\t\t\t<div class=\"my-5 accordion-content\">\n\t\t\t\t\t<p>Ja. Bitte gib im Anmeldeformular an, wenn du eine vegetarische, vegane oder pescetarische Verpflegung w\u00fcnscht, damit wir dies einplanen k\u00f6nnen. Ohne diese vorg\u00e4ngige Angabe k\u00f6nnen wir nicht versprechen, dass vegetarische und vegane Mahlzeiten in ausreichender Zahl vorr\u00e4tig sind.<\/p>\n\t\t\t\t<\/div>\n\t\t\t<\/details>\n\t\t<\/li>\n\t\t\t<\/ul>\n<\/div>\n<\/div><\/div>\n\n<div class='grid grid-cols-12 container'><div class='col-span-12 lg:col-span-8 lg:col-start-3'><div class=\"bb-spacer-block h-3 lg:h-6 \">\n\t\n<\/div>\n\n<\/div><\/div>\n\n<div class='grid grid-cols-12 container'><div class='col-span-12 lg:col-span-8 lg:col-start-3'>\n\n<div data-anchor-title=\"\" class=\"bb-headline-block\">\n\t<div class=\"anchor-offset\" id=\"\"><\/div>\n\t\t\t<h2 class=\"default \">\n\t\t\t<span class=\"\">\n\t\t\t\tOnline-Teilnahme\t\t\t<\/span>\n\t\t<\/h2>\n\t<\/div>\n<\/div><\/div>\n\n<div class='grid grid-cols-12 container'><div class='col-span-12 lg:col-span-8 lg:col-start-3'><div class=\"bb-accordion-block mb-10\">\n\t<ul>\n\t\t\t\t\t\t<li>\n\t\t\t<details>\n\t\t\t\t<summary class=\"font-alt lg:text-xl py-6 cursor-pointer border-b border-gray-200 pr-10\">\n\t\t\t\t\tWer erh\u00e4lt Zugang zur Online-Plattform des Wikipedia-Zukunftskongresses?\t\t\t\t<\/summary>\n\t\t\t\t<div class=\"my-5 accordion-content\">\n\t\t\t\t\t<p>Alle Online-Teilnehmenden des Wikipedia-Zukunftskongresses haben Zugriff zur Online-Plattform. <\/p>\n\t\t\t\t<\/div>\n\t\t\t<\/details>\n\t\t<\/li>\n\t\t\t\t\t\t<li>\n\t\t\t<details>\n\t\t\t\t<summary class=\"font-alt lg:text-xl py-6 cursor-pointer border-b border-gray-200 pr-10\">\n\t\t\t\t\tIch habe mich f\u00fcr die Online-Teilnahme f\u00fcr den Wikipedia-Zukunftskongresses angemeldet. Woher bekomme ich meinen Zugang?\t\t\t\t<\/summary>\n\t\t\t\t<div class=\"my-5 accordion-content\">\n\t\t\t\t\t<p>Wir senden dir voraussichtlich Ende Mai eine E-Mail mit einem Link und der Bitte, dein Passwort f\u00fcr die Plattform zu setzen. Ist das erledigt, kannst du auf die Plattform zugreifen. <\/p>\n\t\t\t\t<\/div>\n\t\t\t<\/details>\n\t\t<\/li>\n\t\t\t\t\t\t<li>\n\t\t\t<details>\n\t\t\t\t<summary class=\"font-alt lg:text-xl py-6 cursor-pointer border-b border-gray-200 pr-10\">\n\t\t\t\t\tKann ich mich noch f\u00fcr die Online-Teilnahme anmelden?\t\t\t\t<\/summary>\n\t\t\t\t<div class=\"my-5 accordion-content\">\n\t\t\t\t\t<p>Die Anmeldung f\u00fcr die Online-Teilnahme ist bis zum 05. Juni 2024 ge\u00f6ffnet. Verwende bitte daf\u00fcr folgendes <a href=\"https:\/\/www.wikimedia.de\/veranstaltungen\/wikipedia-zukunftskongress\/\">Anmeldeformular<\/a>. Die Online-Teilnahme ist unlimitiert.<\/p>\n\t\t\t\t<\/div>\n\t\t\t<\/details>\n\t\t<\/li>\n\t\t\t\t\t\t<li>\n\t\t\t<details>\n\t\t\t\t<summary class=\"font-alt lg:text-xl py-6 cursor-pointer border-b border-gray-200 pr-10\">\n\t\t\t\t\tIch bin bei einem der Online-Workshops dabei. Wie kann ich daran teilnehmen?\t\t\t\t<\/summary>\n\t\t\t\t<div class=\"my-5 accordion-content\">\n\t\t\t\t\t<p>Allen Teilnehmer*innen der Online-Workshops senden wir Zugangscodes f\u00fcr die entsprechenden Online-Konferenzr\u00e4ume. Damit ist der Zugang zu den Online-Workshops m\u00f6glich. Die Konferenzr\u00e4ume sind u.a. im Programm verlinkt. <\/p>\n\t\t\t\t<\/div>\n\t\t\t<\/details>\n\t\t<\/li>\n\t\t\t\t\t\t<li>\n\t\t\t<details>\n\t\t\t\t<summary class=\"font-alt lg:text-xl py-6 cursor-pointer border-b border-gray-200 pr-10\">\n\t\t\t\t\tWie kann ich mich mit der Online-Teilnahme beteiligen?\t\t\t\t<\/summary>\n\t\t\t\t<div class=\"my-5 accordion-content\">\n\t\t\t\t\t<p>Neben dem Livestream-Fenster wird es die M\u00f6glichkeit geben, Fragen direkt nach N\u00fcrnberg zu stellen. Zum Schutz aller Teilnehmenden wird diese M\u00f6glichkeit moderiert. <\/p>\n\t\t\t\t<\/div>\n\t\t\t<\/details>\n\t\t<\/li>\n\t\t\t\t\t\t<li>\n\t\t\t<details>\n\t\t\t\t<summary class=\"font-alt lg:text-xl py-6 cursor-pointer border-b border-gray-200 pr-10\">\n\t\t\t\t\tMit welchem System arbeiten wir f\u00fcr die Online-Workshops?\t\t\t\t<\/summary>\n\t\t\t\t<div class=\"my-5 accordion-content\">\n\t\t\t\t\t<p>Wir arbeiten mit BigBlueButton, einer Open-Source-Webkonferenzsystem-L\u00f6sung.<\/p>\n\t\t\t\t<\/div>\n\t\t\t<\/details>\n\t\t<\/li>\n\t\t\t<\/ul>\n<\/div>\n<\/div><\/div>\n\n<div class='grid grid-cols-12 container'><div class='col-span-12 lg:col-span-8 lg:col-start-3'><div class=\"bb-spacer-block h-3 lg:h-6 \">\n\t\n<\/div>\n\n<\/div><\/div>\n\n<div class='grid grid-cols-12 container'><div class='col-span-12 lg:col-span-8 lg:col-start-3'>\n\n<div data-anchor-title=\"\" class=\"bb-headline-block\">\n\t<div class=\"anchor-offset\" id=\"\"><\/div>\n\t\t\t<h2 class=\"default \">\n\t\t\t<span class=\"\">\n\t\t\t\tAn- und Abreise\t\t\t<\/span>\n\t\t<\/h2>\n\t<\/div>\n<\/div><\/div>\n\n<div class='grid grid-cols-12 container'><div class='col-span-12 lg:col-span-8 lg:col-start-3'><div class=\"bb-accordion-block mb-10\">\n\t<ul>\n\t\t\t\t\t\t<li>\n\t\t\t<details>\n\t\t\t\t<summary class=\"font-alt lg:text-xl py-6 cursor-pointer border-b border-gray-200 pr-10\">\n\t\t\t\t\tWie kann ich mit der Bahn anreisen?\t\t\t\t<\/summary>\n\t\t\t\t<div class=\"my-5 accordion-content\">\n\t\t\t\t\t<p>N\u00fcrnberg Hauptbahnhof ist einer der meistfrequentierten Fernbahnh\u00f6fe der Deutschen Bahn. \u00dcber die Schnellfahrstrecken N\u00fcrnberg\u2013Ingolstadt und N\u00fcrnberg\u2013Erfurt ist der Bahnhof Knotenpunkt zahlreicher Fern- und Nahverkehrsverbindungen. \u00dcber Erfurt verkehren zahlreiche Verbindungen via Berlin nach Hamburg sowie via Fulda nach Frankfurt am Main, \u00fcber M\u00fcnchen existieren zahlreiche Verbindungen in die Schweiz, nach \u00d6sterreich gibt es verschiedene Verbindungen via M\u00fcnchen oder Passau.<\/p>\n\t\t\t\t<\/div>\n\t\t\t<\/details>\n\t\t<\/li>\n\t\t\t\t\t\t<li>\n\t\t\t<details>\n\t\t\t\t<summary class=\"font-alt lg:text-xl py-6 cursor-pointer border-b border-gray-200 pr-10\">\n\t\t\t\t\tWie reise ich mit dem Auto an?\t\t\t\t<\/summary>\n\t\t\t\t<div class=\"my-5 accordion-content\">\n\t\t\t\t\t<p>Generell wird eine Anreise mit der Bahn empfohlen.<\/p>\n\t\t\t\t<\/div>\n\t\t\t<\/details>\n\t\t<\/li>\n\t\t\t\t\t\t<li>\n\t\t\t<details>\n\t\t\t\t<summary class=\"font-alt lg:text-xl py-6 cursor-pointer border-b border-gray-200 pr-10\">\n\t\t\t\t\tGibt es vor Ort Parkm\u00f6glichkeiten?\t\t\t\t<\/summary>\n\t\t\t\t<div class=\"my-5 accordion-content\">\n\t\t\t\t\t<p>Grunds\u00e4tzlich ist eine Anreise mit dem Auto nicht zu empfehlen. Der Veranstaltungsort selbst verf\u00fcgt \u00fcber keine Parkfl\u00e4chen, in der N\u00e4he des Hauptbahnhofes gibt es jedoch zahlreiche Parkh\u00e4user. Weitere Informationen hierzu kann <a href=\"https:\/\/www.parkopedia.de\/parken\/n%C3%BCrnberg\/?arriving=202404091230&amp;leaving=202404091430\">Parkopedia<\/a> liefern.<\/p>\n\t\t\t\t<\/div>\n\t\t\t<\/details>\n\t\t<\/li>\n\t\t\t\t\t\t<li>\n\t\t\t<details>\n\t\t\t\t<summary class=\"font-alt lg:text-xl py-6 cursor-pointer border-b border-gray-200 pr-10\">\n\t\t\t\t\tWie sieht die Anbindung mit Fernbussen aus?\t\t\t\t<\/summary>\n\t\t\t\t<div class=\"my-5 accordion-content\">\n\t\t\t\t\t<p><span style=\"font-weight: 400;\">Zahlreiche Fernbuslinien fahren die Stadt N\u00fcrnberg an. Es bestehen unter anderem Verbindungen von und nach Graz, Wien, Hamburg, Berlin, Dresden, Stuttgart, M\u00fcnchen, Basel, Z\u00fcrich und ins Ruhrgebiet.<\/span><\/p>\n<p><span style=\"font-weight: 400;\">Der &#8221;Zentrale Omnisbusbahnhof&#8221; befindet sich direkt etwas 200 Meter \u00f6stlich des Hauptbahnhofs in der K\u00e4te-Strobel-Stra\u00dfe.<\/span><\/p>\n\t\t\t\t<\/div>\n\t\t\t<\/details>\n\t\t<\/li>\n\t\t\t\t\t\t<li>\n\t\t\t<details>\n\t\t\t\t<summary class=\"font-alt lg:text-xl py-6 cursor-pointer border-b border-gray-200 pr-10\">\n\t\t\t\t\tGibt es einen Shuttleservice vom Hauptbahnhof bzw. dem Hotels zum Veranstaltungsort?\t\t\t\t<\/summary>\n\t\t\t\t<div class=\"my-5 accordion-content\">\n\t\t\t\t\t<p>Nein, einen Shuttleservice wird es nicht geben. Die Wege sind fu\u00dfl\u00e4ufig gut machbar.<\/p>\n\t\t\t\t<\/div>\n\t\t\t<\/details>\n\t\t<\/li>\n\t\t\t<\/ul>\n<\/div>\n<\/div><\/div>\n\n<div class='grid grid-cols-12 container'><div class='col-span-12 lg:col-span-8 lg:col-start-3'><div class=\"bb-spacer-block h-3 lg:h-6 \">\n\t\n<\/div>\n\n<\/div><\/div>\n\n<div class='grid grid-cols-12 container'><div class='col-span-12 lg:col-span-8 lg:col-start-3'>\n\n<div data-anchor-title=\"\" class=\"bb-headline-block\">\n\t<div class=\"anchor-offset\" id=\"\"><\/div>\n\t\t\t<h2 class=\"default \">\n\t\t\t<span class=\"\">\n\t\t\t\tPers\u00f6nlichkeitsrechte und Datenschutz\t\t\t<\/span>\n\t\t<\/h2>\n\t<\/div>\n<\/div><\/div>\n\n<div class='grid grid-cols-12 container'><div class='col-span-12 lg:col-span-8 lg:col-start-3'><div class=\"bb-accordion-block mb-10\">\n\t<ul>\n\t\t\t\t\t\t<li>\n\t\t\t<details>\n\t\t\t\t<summary class=\"font-alt lg:text-xl py-6 cursor-pointer border-b border-gray-200 pr-10\">\n\t\t\t\t\tWie sieht es mit den Pers\u00f6nlichkeitsrechten der Teilnehmenden bei Fotos aus?\t\t\t\t<\/summary>\n\t\t\t\t<div class=\"my-5 accordion-content\">\n\t\t\t\t\t<p><span style=\"font-weight: 400;\">Im Rahmen der Veranstaltung werden Foto-, Audio- und Videoaufnahmen erstellt. Mit dem Besuch der Veranstaltung erteilen die Teilnehmenden ihre Einwilligungen zu diesen. Die Einzelheiten dazu sind den verlinkten Datenschutzhinweisen f\u00fcr die Ver\u00f6ffentlichung und Weitergabe von Fotos und Videos zu entnehmen.<\/span><\/p>\n\t\t\t\t<\/div>\n\t\t\t<\/details>\n\t\t<\/li>\n\t\t\t\t\t\t<li>\n\t\t\t<details>\n\t\t\t\t<summary class=\"font-alt lg:text-xl py-6 cursor-pointer border-b border-gray-200 pr-10\">\n\t\t\t\t\tWie sieht es mit dem Datenschutz bei der Anmeldung aus?\t\t\t\t<\/summary>\n\t\t\t\t<div class=\"my-5 accordion-content\">\n\t\t\t\t\t<p>Wir fragen f\u00fcr die Anmeldung zum Wikipedia-Zukunftskongress 2024 im Folgenden ausschlie\u00dflich relevante Daten f\u00fcr die Anmeldung zur Veranstaltung ab. Der Zweck der Datenerhebung ist die Vorbereitung und Durchf\u00fchrung der Veranstaltung. Die Daten, die du hier angibst, sind nur den zust\u00e4ndigen Mitarbeitenden bei Wikimedia Deutschland zug\u00e4nglich und werden nach Veranstaltungsende gel\u00f6scht. Unsere Datenschutzbestimmungen findest du unter <a href=\"https:\/\/www.wikimedia.de\/datenschutz\/ wikimedia.de\/datenschutz\">hier<\/a>.<\/p>\n\t\t\t\t<\/div>\n\t\t\t<\/details>\n\t\t<\/li>\n\t\t\t<\/ul>\n<\/div>\n<\/div><\/div>\n\n<div class='grid grid-cols-12 container'><div class='col-span-12 lg:col-span-8 lg:col-start-3'><div class=\"bb-spacer-block h-3 lg:h-6 \">\n\t\n<\/div>\n\n<\/div><\/div>\n\n<div class='grid grid-cols-12 container'><div class='col-span-12 lg:col-span-8 lg:col-start-3'>\n\n<div data-anchor-title=\"\" class=\"bb-headline-block\">\n\t<div class=\"anchor-offset\" id=\"\"><\/div>\n\t\t\t<h2 class=\"default \">\n\t\t\t<span class=\"\">\n\t\t\t\tSonstiges\t\t\t<\/span>\n\t\t<\/h2>\n\t<\/div>\n<\/div><\/div>\n\n<div class='grid grid-cols-12 container'><div class='col-span-12 lg:col-span-8 lg:col-start-3'><div class=\"bb-accordion-block mb-10\">\n\t<ul>\n\t\t\t\t\t\t<li>\n\t\t\t<details>\n\t\t\t\t<summary class=\"font-alt lg:text-xl py-6 cursor-pointer border-b border-gray-200 pr-10\">\n\t\t\t\t\tWo kann ich mich melden, falls ich etwas verloren oder gefunden habe?\t\t\t\t<\/summary>\n\t\t\t\t<div class=\"my-5 accordion-content\">\n\t\t\t\t\t<p><span style=\"font-weight: 400;\">Es wird ein Fundb\u00fcro geben, voraussichtlich wieder in Form einer Kiste am Info-Desk, in der gefundene Sachen gesammelt werden.<\/span><\/p>\n<p><span style=\"font-weight: 400;\">Nach der Veranstaltung wende dich bitte an <\/span><a href=\"mailto:anmeldungen@wikimedia.de\"><span style=\"font-weight: 400;\">anmeldungen@wikimedia.de<\/span><\/a><span style=\"font-weight: 400;\">. F\u00fcr den Nachversand ins Ausland k\u00f6nnen Porto- und Zollgeb\u00fchren anfallen.<\/span><\/p>\n\t\t\t\t<\/div>\n\t\t\t<\/details>\n\t\t<\/li>\n\t\t\t\t\t\t<li>\n\t\t\t<details>\n\t\t\t\t<summary class=\"font-alt lg:text-xl py-6 cursor-pointer border-b border-gray-200 pr-10\">\n\t\t\t\t\tGibt es eine Hausordnung?\t\t\t\t<\/summary>\n\t\t\t\t<div class=\"my-5 accordion-content\">\n\t\t\t\t\t<p>Offenheit und Inklusivit\u00e4t sind Grundprinzipien des Wikiversums. Sie k\u00f6nnen nur mit einem guten gemeinsamen Umgang w\u00e4hrend der Veranstaltung erreicht werden. Das gelingt meistens sehr gut. Falls es jedoch einmal nicht klappt, sind Regeln eine gute Grundlage, um Konflikte zu l\u00f6sen. Dieser Hausordnung stimmen alle Teilnehmenden im Rahmen der Anmeldung explizit zu.<\/p>\n\t\t\t\t<\/div>\n\t\t\t<\/details>\n\t\t<\/li>\n\t\t\t\t\t\t<li>\n\t\t\t<details>\n\t\t\t\t<summary class=\"font-alt lg:text-xl py-6 cursor-pointer border-b border-gray-200 pr-10\">\n\t\t\t\t\tWas mache ich, wenn ich eine Verletzung der Hausordnung beobachte?\t\t\t\t<\/summary>\n\t\t\t\t<div class=\"my-5 accordion-content\">\n\t\t\t\t\t<p>Wir alle m\u00f6chten einen sicheren und angenehmen Besuch der Konferenz f\u00fcr alle Teilnehmenden m\u00f6glich machen. Wenn dich ein Verhalten st\u00f6rt, gib der Person direkt Feedback und fordere sie oder ihn zur Verhaltens\u00e4nderung auf, beispielsweise mit Aufforderungen wie \u201eKomm mir bitte nicht so nah!\u201c oder \u201eIch empfinde deine Haltung als konfrontativ und w\u00fcnsche mir, dass du \u2026\u201c oder \u201eWenn du mir nicht zuh\u00f6ren willst, beende ich das Gespr\u00e4ch.\u201c<\/p>\n<p>Solltest du dich bel\u00e4stigt f\u00fchlen oder mitbekommen, dass jemand anders bel\u00e4stigt wird, oder sollte sonstige Hilfe z. B. zur Durchsetzung der Hausordnung notwendig sein, wende dich an Mitarbeitende von Wikimedia Deutschland. Der Fall wird anschlie\u00dfend aufgenommen, indem m\u00f6glichst mit allen Beteiligten gesprochen wird.<\/p>\n<p>Bei unmittelbarer Gefahr rufe bitte immer den Rettungsdienst\/Feuerwehr (112), bei entsprechendem Bedarf die Polizei (110) und informiere das Orga-Team oder Mitarbeitende von Wikimedia Deutschland.<\/p>\n\t\t\t\t<\/div>\n\t\t\t<\/details>\n\t\t<\/li>\n\t\t\t<\/ul>\n<\/div>\n<\/div><\/div>","protected":false},"excerpt":{"rendered":"","protected":false},"author":3,"featured_media":0,"parent":0,"menu_order":0,"comment_status":"closed","ping_status":"closed","template":"","meta":{"_acf_changed":false,"footnotes":""},"class_list":["post-109","page","type-page","status-publish","hentry"],"acf":[],"_links":{"self":[{"href":"https:\/\/www.wikimedia.de\/zukunftskongress\/wp-json\/wp\/v2\/pages\/109","targetHints":{"allow":["GET"]}}],"collection":[{"href":"https:\/\/www.wikimedia.de\/zukunftskongress\/wp-json\/wp\/v2\/pages"}],"about":[{"href":"https:\/\/www.wikimedia.de\/zukunftskongress\/wp-json\/wp\/v2\/types\/page"}],"author":[{"embeddable":true,"href":"https:\/\/www.wikimedia.de\/zukunftskongress\/wp-json\/wp\/v2\/users\/3"}],"replies":[{"embeddable":true,"href":"https:\/\/www.wikimedia.de\/zukunftskongress\/wp-json\/wp\/v2\/comments?post=109"}],"version-history":[{"count":4,"href":"https:\/\/www.wikimedia.de\/zukunftskongress\/wp-json\/wp\/v2\/pages\/109\/revisions"}],"predecessor-version":[{"id":113,"href":"https:\/\/www.wikimedia.de\/zukunftskongress\/wp-json\/wp\/v2\/pages\/109\/revisions\/113"}],"wp:attachment":[{"href":"https:\/\/www.wikimedia.de\/zukunftskongress\/wp-json\/wp\/v2\/media?parent=109"}],"curies":[{"name":"wp","href":"https:\/\/api.w.org\/{rel}","templated":true}]}}