{"id":568,"date":"2024-05-08T10:00:35","date_gmt":"2024-05-08T08:00:35","guid":{"rendered":"https:\/\/www.wikimedia.de\/zukunftskongress\/?page_id=568"},"modified":"2024-06-21T13:00:00","modified_gmt":"2024-06-21T11:00:00","slug":"ideensammlung","status":"publish","type":"page","link":"https:\/\/www.wikimedia.de\/zukunftskongress\/dokumentation\/ideensammlung\/","title":{"rendered":"Die Ideensammlung im Board"},"content":{"rendered":"<div class='grid grid-cols-12 container'><div class='col-span-12 lg:col-span-8 lg:col-start-3'><div class=\"bb-paragraph-block font-inherit  text-base lg:text-xl\">\n\t<p>Mit dem Board speichern wir Ideen und Gedanken, die euch w\u00e4hrend des Wikipedia-Zukunftskongresses besch\u00e4ftigt haben. Die Inhalte sind nach den Leitfragen aus den Workshops sortiert: Was wollen wir behalten?, Was wollen wir \u00e4ndern?, Wie machen wir weiter?.<\/p>\n<p><strong>Wie funktioniert das Board?<\/strong><\/p>\n<p>Du kannst deine eigene Karte erstellen, sie individuell bearbeiten und verschieben. Klicke daf\u00fcr auf das Pluszeichen am Ende der Listen. Zudem kannst du einzelnen Karten ein \u201cLike\u201d geben, indem du auf das Herzsymbol klickst. Sollte deine Idee oder dein Gedanke zu keiner der Leitfragen passen, kannst du selbstverst\u00e4ndlich auch die f\u00fcnfte Liste bef\u00fcllen. Bitte beachte, dass du die Karten der anderen \u00e4ndern kannst. Wir m\u00f6chten dich aber darum bitten, mit den Inhalten der anderen Teilnehmenden sorgsam umzugehen und sie nicht zu verf\u00e4lschen.<\/p>\n<\/div>\n<\/div><\/div>\n\n<div class='grid grid-cols-12 container'><div class='col-span-12'>\n<div class=\"wp-block-group col-12 is-layout-constrained wp-block-group-is-layout-constrained\">\n<iframe src=\"https:\/\/www.taskcards.de\/#\/board\/6b7ef9c9-32ea-4017-babd-5cbc29d08284?token=81c7e5a3-44a4-4946-b846-cd4274bdcb01\" style=\"border:0px;width:100%;height:3000px\"        allowfullscreen=\"true\" webkitallowfullscreen=\"true\" mozallowfullscreen=\"true\"><\/iframe>\n<\/div>\n<\/div><\/div>","protected":false},"excerpt":{"rendered":"","protected":false},"author":3,"featured_media":0,"parent":942,"menu_order":0,"comment_status":"closed","ping_status":"closed","template":"","meta":{"_acf_changed":false,"footnotes":""},"class_list":["post-568","page","type-page","status-publish","hentry"],"acf":[],"_links":{"self":[{"href":"https:\/\/www.wikimedia.de\/zukunftskongress\/wp-json\/wp\/v2\/pages\/568","targetHints":{"allow":["GET"]}}],"collection":[{"href":"https:\/\/www.wikimedia.de\/zukunftskongress\/wp-json\/wp\/v2\/pages"}],"about":[{"href":"https:\/\/www.wikimedia.de\/zukunftskongress\/wp-json\/wp\/v2\/types\/page"}],"author":[{"embeddable":true,"href":"https:\/\/www.wikimedia.de\/zukunftskongress\/wp-json\/wp\/v2\/users\/3"}],"replies":[{"embeddable":true,"href":"https:\/\/www.wikimedia.de\/zukunftskongress\/wp-json\/wp\/v2\/comments?post=568"}],"version-history":[{"count":27,"href":"https:\/\/www.wikimedia.de\/zukunftskongress\/wp-json\/wp\/v2\/pages\/568\/revisions"}],"predecessor-version":[{"id":1021,"href":"https:\/\/www.wikimedia.de\/zukunftskongress\/wp-json\/wp\/v2\/pages\/568\/revisions\/1021"}],"up":[{"embeddable":true,"href":"https:\/\/www.wikimedia.de\/zukunftskongress\/wp-json\/wp\/v2\/pages\/942"}],"wp:attachment":[{"href":"https:\/\/www.wikimedia.de\/zukunftskongress\/wp-json\/wp\/v2\/media?parent=568"}],"curies":[{"name":"wp","href":"https:\/\/api.w.org\/{rel}","templated":true}]}}