{"id":916,"date":"2024-06-21T09:26:55","date_gmt":"2024-06-21T07:26:55","guid":{"rendered":"https:\/\/www.wikimedia.de\/zukunftskongress\/?page_id=916"},"modified":"2024-07-09T15:27:55","modified_gmt":"2024-07-09T13:27:55","slug":"was-braucht-die-welt-von-uns","status":"publish","type":"page","link":"https:\/\/www.wikimedia.de\/zukunftskongress\/aufzeichnungen\/was-braucht-die-welt-von-uns\/","title":{"rendered":"Was braucht die Welt von uns?"},"content":{"rendered":"<div class='grid grid-cols-12 container'><div class='col-span-12 lg:col-span-8 lg:col-start-3'><div class=\"bb-paragraph-block font-inherit  text-base lg:text-xl\">\n\t<p>In einer Zeit, in der die Welt vor vielf\u00e4ltigen Herausforderungen steht, ist es entscheidend zu erkunden, welche Verantwortung wir als Individuen und Gesellschaften tragen. \u201cWas braucht die Welt von uns?\u201d ist keine blo\u00dfe Frage nach Bed\u00fcrfnissen, sondern ein Aufruf zur Reflexion \u00fcber unsere Rolle im globalen Gef\u00fcge des Wissens, der Innovation und des sozialen Wandels. Durch eine Keynote und eine anschlie\u00dfende Podiumsdiskussion erforschen wir, wie wir Wissen suchen, aufnehmen und interpretieren, und wie die rasanten Fortschritte in der digitalen Welt unser Verst\u00e4ndnis von Wissen beeinflussen. Dabei ber\u00fccksichtigen wir auch die einzigartige Position von Wikipedia als eine der gr\u00f6\u00dften Wissensquellen der Menschheit. Wir wollen die Grundlagen dessen hinterfragen, was wir als Wissen betrachten, und gemeinsam zu erforschen, wie wir als globale Gemeinschaft unsere Verantwortung wahrnehmen k\u00f6nnen.<\/p>\n<\/div>\n<\/div><\/div>\n\n<div class='grid grid-cols-12 container'><div class='col-span-12 lg:col-span-8 lg:col-start-3'>\n<div class=\"wp-block-group alignwide zk-graphic-02 is-layout-constrained wp-block-group-is-layout-constrained\">\n\n<div data-anchor-title=\"\" class=\"bb-headline-block\">\n\t<div class=\"anchor-offset\" id=\"\"><\/div>\n\t\t\t<h4 class=\"default \">\n\t\t\t<span class=\"\">\n\t\t\t\tDu m\u00f6chtest dich an diesem Prozess beteiligen oder einfach informiert bleiben?\t\t\t<\/span>\n\t\t<\/h4>\n\t<\/div>\n\n\n<div id=\"block_6385ce21f2d2d840bbe2f0f36c370587\" class=\"bb-button-block flex lg:justify-start\">\n  <a class=\"btn btn-base btn-default btn-primary arrow-right\" href=\"https:\/\/forms.zohopublic.eu\/wmde\/form\/WikipediaZunkunftskongressAnmeldungzumdigitalenFol\/formperma\/VeocaHD-qHEnFpE5UuN8BiMHfp19hNxHu8-QhPmRNuU\" target=\"\">\n  <span class='bb-icon icon-base'><?xml version=\"1.0\" encoding=\"utf-8\"?>\n<svg width=\"20\" height=\"20\" viewBox=\"0 0 20 20\" xmlns=\"http:\/\/www.w3.org\/2000\/svg\" role=\"presentation\" aria-hidden=\"true\">\n  <path d=\"M17 9.96296L12.1601 17H10.3128L14.4877 10.7407H2V9.22222H14.4877L10.3128 3H12.1601L17 9.96296Z\" fill=\"currentColor\"\/>\n<\/svg><\/span>  Dann trage dich gerne in unseren Verteiler ein.  <\/a>\n<\/div>\n<\/div>\n<\/div><\/div>\n\n<div class='grid grid-cols-12 container'><div class='col-span-12 lg:col-span-8 lg:col-start-3'><div class=\"bb-spacer-block h-2 lg:h-4 \">\n\t\n<\/div>\n\n<\/div><\/div>\n\n<div class='grid grid-cols-12 container'><div class='col-span-12 lg:col-span-8 lg:col-start-3'><div class=\"bb-spacer-block h-3 lg:h-6 border-t border-gray-300\">\n\t\n<\/div>\n\n<\/div><\/div>\n\n<div class='grid grid-cols-12 container'><div class='col-span-12 lg:col-span-8 lg:col-start-3'><div class=\"bb-spacer-block h-3 lg:h-6 \">\n\t\n<\/div>\n\n<\/div><\/div>\n\n<div class='grid grid-cols-12 container'><div class='col-span-12 lg:col-span-8 lg:col-start-3'>\n\n<div data-anchor-title=\"\" class=\"bb-headline-block\">\n\t<div class=\"anchor-offset\" id=\"\"><\/div>\n\t\t\t<h3 class=\"default \">\n\t\t\t<span class=\"\">\n\t\t\t\tWas nehmen wir mit?\t\t\t<\/span>\n\t\t<\/h3>\n\t<\/div>\n<\/div><\/div>\n\n<div class='grid grid-cols-12 container'><div class='col-span-12 lg:col-span-8 lg:col-start-3'><div class=\"bb-spacer-block h-3 lg:h-6 \">\n\t\n<\/div>\n\n<\/div><\/div>\n\n<div class='grid grid-cols-12 container'><div class='col-span-12 lg:col-span-8 lg:col-start-3'>\n<div class=\"wp-block-columns is-layout-flex wp-container-core-columns-is-layout-9d6595d7 wp-block-columns-is-layout-flex\">\n<div class=\"wp-block-column is-layout-flow wp-block-column-is-layout-flow\" style=\"flex-basis:33.33%\"><div class=\"bb-paragraph-block font-inherit  text-base lg:text-xl\">\n\t<p><span style=\"font-weight: 400;\">Der Umgang mit Wissen ver\u00e4ndert sich durch mediale Bedingungen, gesellschaftliche Einfl\u00fcsse und zunehmende Komplexit\u00e4t. Chris Tedjasukmana sprach \u00fcber die Herausforderung, dass digitale Wissensproduktion zu einem \u00dcberfluss an Informationen f\u00fchren kann, was produktive Umgangsweisen und politische Potenziale erfordert. <\/span><\/p>\n<\/div>\n<\/div>\n\n\n\n<div class=\"wp-block-column is-layout-flow wp-block-column-is-layout-flow\" style=\"flex-basis:66.66%\">\n<div class=\"bb-image-block my-4\">\n            <figure class=\"flex flex-col relative \" role=\"group\">\n        <img loading=\"lazy\" decoding=\"async\" width=\"2560\" height=\"1440\" src=\"https:\/\/www.wikimedia.de\/zukunftskongress\/wp-content\/uploads\/2024\/06\/Wiki_05_-_Welt-1-scaled.jpg\" class=\"w-full h-auto \" alt=\"Graphic Recording \u2013 Was brauchst die Welt von uns?\" sizes=\"auto,  \" srcset=\"https:\/\/www.wikimedia.de\/zukunftskongress\/wp-content\/uploads\/2024\/06\/Wiki_05_-_Welt-1-scaled.jpg 2560w, https:\/\/www.wikimedia.de\/zukunftskongress\/wp-content\/uploads\/2024\/06\/Wiki_05_-_Welt-1-300x169.jpg 300w, https:\/\/www.wikimedia.de\/zukunftskongress\/wp-content\/uploads\/2024\/06\/Wiki_05_-_Welt-1-1024x576.jpg 1024w, https:\/\/www.wikimedia.de\/zukunftskongress\/wp-content\/uploads\/2024\/06\/Wiki_05_-_Welt-1-768x432.jpg 768w, https:\/\/www.wikimedia.de\/zukunftskongress\/wp-content\/uploads\/2024\/06\/Wiki_05_-_Welt-1-1536x864.jpg 1536w, https:\/\/www.wikimedia.de\/zukunftskongress\/wp-content\/uploads\/2024\/06\/Wiki_05_-_Welt-1-2048x1152.jpg 2048w\" \/>                <figcaption class=\"invisible flex absolute left-0 bottom-0 right-0 text-white bg-gray-900 w-auto h-auto z-20 p-2 text-sm flex items-start gap-4 break-all \">\n            <span class='bb-icon flex-shrink-0'><?xml version=\"1.0\" encoding=\"utf-8\"?>\n<svg width=\"16\" height=\"16\" fill=\"none\" viewBox=\"0 0 16 16\" xmlns=\"http:\/\/www.w3.org\/2000\/svg\" role=\"presentation\" aria-hidden=\"true\">\n  <path fill-rule=\"evenodd\" clip-rule=\"evenodd\" d=\"M16 8C16 10.1217 15.1571 12.1566 13.6569 13.6569C12.1566 15.1571 10.1217 16 8 16C5.87827 16 3.84344 15.1571 2.34315 13.6569C0.842855 12.1566 0 10.1217 0 8C0 5.87827 0.842855 3.84344 2.34315 2.34315C3.84344 0.842855 5.87827 0 8 0C10.1217 0 12.1566 0.842855 13.6569 2.34315C15.1571 3.84344 16 5.87827 16 8ZM9 4C9 4.26522 8.89464 4.51957 8.70711 4.70711C8.51957 4.89464 8.26522 5 8 5C7.73478 5 7.48043 4.89464 7.29289 4.70711C7.10536 4.51957 7 4.26522 7 4C7 3.73478 7.10536 3.48043 7.29289 3.29289C7.48043 3.10536 7.73478 3 8 3C8.26522 3 8.51957 3.10536 8.70711 3.29289C8.89464 3.48043 9 3.73478 9 4ZM7 7C6.73478 7 6.48043 7.10536 6.29289 7.29289C6.10536 7.48043 6 7.73478 6 8C6 8.26522 6.10536 8.51957 6.29289 8.70711C6.48043 8.89464 6.73478 9 7 9V12C7 12.2652 7.10536 12.5196 7.29289 12.7071C7.48043 12.8946 7.73478 13 8 13H9C9.26522 13 9.51957 12.8946 9.70711 12.7071C9.89464 12.5196 10 12.2652 10 12C10 11.7348 9.89464 11.4804 9.70711 11.2929C9.51957 11.1054 9.26522 11 9 11V8C9 7.73478 8.89464 7.48043 8.70711 7.29289C8.51957 7.10536 8.26522 7 8 7H7Z\" fill=\"white\"\/>\n<\/svg><\/span> <div class=\"self-center\">\u00a9 Miriam Barton<\/div>\n        <\/figcaption>\n            <\/figure>\n        <\/div><\/div>\n<\/div>\n<\/div><\/div>\n\n<div class='grid grid-cols-12 container'><div class='col-span-12 lg:col-span-8 lg:col-start-3'><div class=\"bb-paragraph-block font-inherit  text-base lg:text-xl\">\n\t<p><span style=\"font-weight: 400;\">Er betonte, dass Enzyklop\u00e4dien nie Anspruch auf Vollst\u00e4ndigkeit hatten und durch post-enzyklop\u00e4dische Wissenskulturen an Bedeutung verlieren. Wissen m\u00fcsse diversifiziert und als Verstehen von Beziehungen und Vielfalt reflektiert werden. N<\/span><span style=\"font-weight: 400;\">eue Wissenspraktiken wurden diskutiert, wie kreative Wissensnavigationen und die Notwendigkeit vertrauensw\u00fcrdiger Akteure, um die Unordentlichkeit des Wissens zu ordnen. Wikipedia m\u00fcsse sich der post-enzyklop\u00e4dischen Realit\u00e4t anpassen, indem sie ethische Potentiale anerkennt und eine offene, vielf\u00e4ltige Wissensbasis schafft. <\/span><\/p>\n<p><span style=\"font-weight: 400;\">Diskutiert wurde im anschlie\u00dfenden Panel dar\u00fcber, ob Wissen besser in gesch\u00fctzten R\u00e4umen verhandelt wird. Wikipedia wird als wertvolle, aber auch kritische Wissensquelle betrachtet, die jedoch m\u00f6glicherweise nicht alle marginalisierten Wissensformen gut abbildet. Es wurde die Frage aufgeworfen, ob Wikipedia irgendwann an Bedeutung verliert, wenn ihr Ursprung auf anderen Plattformen nicht mehr klar erkennbar ist.<\/span><\/p>\n<p><span style=\"font-weight: 400;\">Die Teilnehmenden betonten die Notwendigkeit, Wissenskanons diverser und repr\u00e4sentativer zu gestalten. Es wurde diskutiert, ob Wikipedia sich erweitern und bestimmte Wissensformen sch\u00fctzen sollte, um relevant zu bleiben.\u00a0<\/span><\/p>\n<p><span style=\"font-weight: 400;\">Der Konsens war: Wikipedia muss mit Widerspr\u00fcchlichkeiten leben und sich als dynamische, sich entwickelnde Plattform verstehen, um weiterhin einen wertvollen Beitrag zur Wissensgesellschaft zu leisten.<\/span><\/p>\n<\/div>\n<\/div><\/div>\n\n<div class='grid grid-cols-12 container'><div class='col-span-12 lg:col-span-8 lg:col-start-3'><div class=\"bb-spacer-block h-3 lg:h-6 border-t border-gray-300\">\n\t\n<\/div>\n\n<\/div><\/div>\n\n<div class='grid grid-cols-12 container'><div class='col-span-12 lg:col-span-8 lg:col-start-3'>\n\n<div data-anchor-title=\"\" class=\"bb-headline-block\">\n\t<div class=\"anchor-offset\" id=\"\"><\/div>\n\t\t\t<h3 class=\"default \">\n\t\t\t<span class=\"\">\n\t\t\t\tKeynote: Unordentliche Wissenspraktiken \u2013 Wie ver\u00e4ndert sich der Umgang mit Wissen?\t\t\t<\/span>\n\t\t<\/h3>\n\t<\/div>\n<\/div><\/div>\n\n<div class='grid grid-cols-12 container'><div class='col-span-12 lg:col-span-8 lg:col-start-3'><div class=\"bb-spacer-block h-3 lg:h-6 \">\n\t\n<\/div>\n\n<\/div><\/div>\n\n<div class='grid grid-cols-12 container'><div class='col-span-12 lg:col-span-8 lg:col-start-3'>\n<div class=\"wp-block-columns is-layout-flex wp-container-core-columns-is-layout-9d6595d7 wp-block-columns-is-layout-flex\">\n<div class=\"wp-block-column is-layout-flow wp-block-column-is-layout-flow\">\n\n<div data-anchor-title=\"\" class=\"bb-headline-block\">\n\t<div class=\"anchor-offset\" id=\"\"><\/div>\n\t\t\t<h4 class=\"default \">\n\t\t\t<span class=\"\">\n\t\t\t\tInhalt zur Keynote\t\t\t<\/span>\n\t\t<\/h4>\n\t<\/div>\n\n\n<div class=\"bb-paragraph-block font-inherit  text-base lg:text-xl\">\n\t<p>Unzuverl\u00e4ssige Plattformen und KI-Anwendungen werden zur Herausforderung f\u00fcr bestehende Wissensinstitutionen, da sie Falschinformationen verbreiten. Frisst die Wissensrevolution ihre Kinder? Oder l\u00e4sst sich gerade jetzt das geltende Wissensverst\u00e4ndnis neu denken? Die Keynote sucht nach produktiven Umgangsweisen mit unordentlichen Wissenspraktiken. Sie betont das Potenzial einer Neuorientierung in post-enzyklop\u00e4dischen Wissenskulturen, in der das bestehende Wissensverst\u00e4ndnis durch andere Wissensformen erweitert wird.<\/p>\n<\/div>\n<\/div>\n\n\n\n<div class=\"wp-block-column is-layout-flow wp-block-column-is-layout-flow\"><div class=\"bb-spacer-block h-3 lg:h-6 \">\n\t\n<\/div>\n\n\n\n<figure><video preload=\"none\" poster=\"https:\/\/upload.wikimedia.org\/wikipedia\/commons\/thumb\/7\/73\/Wikipedia-Zukunftskongress_2024_%E2%80%93_Keynote_1.webm\/1024px--Wikipedia-Zukunftskongress_2024_%E2%80%93_Keynote_1.webm.jpg\" controls><source src=\"https:\/\/upload.wikimedia.org\/wikipedia\/commons\/7\/73\/Wikipedia-Zukunftskongress_2024_%E2%80%93_Keynote_1.webm\" type=\"video\/webm\"><\/video><\/figure><\/div>\n<\/div>\n<\/div><\/div>\n\n<div class='grid grid-cols-12 container'><div class='col-span-12 lg:col-span-8 lg:col-start-3'><div class=\"bb-spacer-block h-3 lg:h-6 border-t border-gray-300\">\n\t\n<\/div>\n\n<\/div><\/div>\n\n<div class='grid grid-cols-12 container'><div class='col-span-12 lg:col-span-8 lg:col-start-3'><div class=\"bb-spacer-block h-3 lg:h-6 \">\n\t\n<\/div>\n\n<\/div><\/div>\n\n<div class='grid grid-cols-12 container'><div class='col-span-12 lg:col-span-8 lg:col-start-3'>\n\n<div data-anchor-title=\"\" class=\"bb-headline-block\">\n\t<div class=\"anchor-offset\" id=\"\"><\/div>\n\t\t\t<h3 class=\"default \">\n\t\t\t<span class=\"\">\n\t\t\t\tPodium: Informationen teilen, Wissen erschlie\u00dfen \u2013 welche Rolle spielt die Wikipedia?\t\t\t<\/span>\n\t\t<\/h3>\n\t<\/div>\n<\/div><\/div>\n\n<div class='grid grid-cols-12 container'><div class='col-span-12 lg:col-span-8 lg:col-start-3'><div class=\"bb-spacer-block h-3 lg:h-6 \">\n\t\n<\/div>\n\n<\/div><\/div>\n\n<div class='grid grid-cols-12 container'><div class='col-span-12 lg:col-span-8 lg:col-start-3'>\n<div class=\"wp-block-columns is-layout-flex wp-container-core-columns-is-layout-9d6595d7 wp-block-columns-is-layout-flex\">\n<div class=\"wp-block-column is-layout-flow wp-block-column-is-layout-flow\">\n\n<div data-anchor-title=\"\" class=\"bb-headline-block\">\n\t<div class=\"anchor-offset\" id=\"\"><\/div>\n\t\t\t<h4 class=\"default \">\n\t\t\t<span class=\"\">\n\t\t\t\tInhalt des Podiums\t\t\t<\/span>\n\t\t<\/h4>\n\t<\/div>\n\n\n<div class=\"bb-paragraph-block font-inherit  text-base lg:text-xl\">\n\t<p>Wie Menschen das Internet und digitale Anwendungen nutzen, um Informationen zu teilen und sich Wissen zu erschlie\u00dfen, ver\u00e4ndert sich rasant. Auf das Wissen der Wikipedia greifen viele nicht l\u00e4nger nur direkt zu, sondern fragen die Sprachassistenz oder den Chat-Bot ihrer Wahl.<\/p>\n<p>Was bedeutet das f\u00fcr die Wikipedia? Wie bleiben ihre Inhalte noch relevant? F\u00fcr wen sind sie \u00fcberhaupt eine wichtige Informationsquelle und f\u00fcr wen nicht? In dieser Diskussionsrunde geht es sowohl um Fragen nach Zug\u00e4nglichkeit, Barrieren und fehlenden Perspektiven auf Wikipedia, als auch um die St\u00e4rken dieser bew\u00e4hrten Form der Wissensproduktion.<\/p>\n<\/div>\n<\/div>\n\n\n\n<div class=\"wp-block-column is-layout-flow wp-block-column-is-layout-flow\"><div class=\"bb-spacer-block h-3 lg:h-6 \">\n\t\n<\/div>\n\n\n\n<figure><video preload=\"none\" poster=\"https:\/\/upload.wikimedia.org\/wikipedia\/commons\/thumb\/4\/41\/Wikipedia-Zukunftskongress_2024_%E2%80%93_Podium_Informationen_teilen%2C_Wissen_erschlie%C3%9Fen_-_welche_Rolle_spielt_die_Wikipedia%3F.webm\/1024px--Wikipedia-Zukunftskongress_2024_%E2%80%93_Podium_Informationen_teilen%2C_Wissen_erschlie%C3%9Fen_-_welche_Rolle_spielt_die_Wikipedia%3F.webm.jpg\" controls><source src=\"https:\/\/upload.wikimedia.org\/wikipedia\/commons\/4\/41\/Wikipedia-Zukunftskongress_2024_%E2%80%93_Podium_Informationen_teilen%2C_Wissen_erschlie%C3%9Fen_-_welche_Rolle_spielt_die_Wikipedia%3F.webm\" type=\"video\/webm\"><\/video><\/figure><\/div>\n<\/div>\n<\/div><\/div>\n\n<div class='grid grid-cols-12 container'><div class='col-span-12 lg:col-span-8 lg:col-start-3'>\n<div class=\"wp-block-columns is-layout-flex wp-container-core-columns-is-layout-9d6595d7 wp-block-columns-is-layout-flex\">\n<div class=\"wp-block-column is-layout-flow wp-block-column-is-layout-flow\" style=\"flex-basis:33.33%\"><\/div>\n\n\n\n<div class=\"wp-block-column is-layout-flow wp-block-column-is-layout-flow\" style=\"flex-basis:66.66%\"><\/div>\n<\/div>\n<\/div><\/div>\n\n<div class='grid grid-cols-12 container'><div class='col-span-12 lg:col-span-8 lg:col-start-3'>\n<div class=\"wp-block-columns is-layout-flex wp-container-core-columns-is-layout-9d6595d7 wp-block-columns-is-layout-flex\">\n<div class=\"wp-block-column is-layout-flow wp-block-column-is-layout-flow\" style=\"flex-basis:33.33%\"><\/div>\n\n\n\n<div class=\"wp-block-column is-layout-flow wp-block-column-is-layout-flow\" style=\"flex-basis:66.66%\"><\/div>\n<\/div>\n<\/div><\/div>","protected":false},"excerpt":{"rendered":"","protected":false},"author":3,"featured_media":0,"parent":908,"menu_order":0,"comment_status":"closed","ping_status":"closed","template":"","meta":{"_acf_changed":false,"footnotes":""},"class_list":["post-916","page","type-page","status-publish","hentry"],"acf":[],"_links":{"self":[{"href":"https:\/\/www.wikimedia.de\/zukunftskongress\/wp-json\/wp\/v2\/pages\/916","targetHints":{"allow":["GET"]}}],"collection":[{"href":"https:\/\/www.wikimedia.de\/zukunftskongress\/wp-json\/wp\/v2\/pages"}],"about":[{"href":"https:\/\/www.wikimedia.de\/zukunftskongress\/wp-json\/wp\/v2\/types\/page"}],"author":[{"embeddable":true,"href":"https:\/\/www.wikimedia.de\/zukunftskongress\/wp-json\/wp\/v2\/users\/3"}],"replies":[{"embeddable":true,"href":"https:\/\/www.wikimedia.de\/zukunftskongress\/wp-json\/wp\/v2\/comments?post=916"}],"version-history":[{"count":21,"href":"https:\/\/www.wikimedia.de\/zukunftskongress\/wp-json\/wp\/v2\/pages\/916\/revisions"}],"predecessor-version":[{"id":1214,"href":"https:\/\/www.wikimedia.de\/zukunftskongress\/wp-json\/wp\/v2\/pages\/916\/revisions\/1214"}],"up":[{"embeddable":true,"href":"https:\/\/www.wikimedia.de\/zukunftskongress\/wp-json\/wp\/v2\/pages\/908"}],"wp:attachment":[{"href":"https:\/\/www.wikimedia.de\/zukunftskongress\/wp-json\/wp\/v2\/media?parent=916"}],"curies":[{"name":"wp","href":"https:\/\/api.w.org\/{rel}","templated":true}]}}